{"id":725,"date":"2021-07-27T00:19:20","date_gmt":"2021-07-27T03:19:20","guid":{"rendered":"https:\/\/www.ufmg.br\/prorh\/?page_id=725"},"modified":"2022-01-11T15:53:36","modified_gmt":"2022-01-11T18:53:36","slug":"estrutura-2","status":"publish","type":"page","link":"https:\/\/www.ufmg.br\/prorh\/a-prorh\/estrutura-2\/","title":{"rendered":"Estrutura"},"content":{"rendered":"<p>Atualmente, a PRORH \u00e9 composta pela Comiss\u00e3o Interna de Supervis\u00e3o do PCCTAE (CIS), Comiss\u00e3o Permanente de Pessoal Docente (CPPD), pelo Departamento de Administra\u00e7\u00e3o de Pessoal (DAP), pelo Departamento de Desenvolvimento de Recursos Humanos (DRH) e pelo Departamento de Aten\u00e7\u00e3o \u00e0 Sa\u00fade do Trabalhador (DAST), que, desde 2010, \u00e9 sede da primeira unidade do Subsistema Integrado de Aten\u00e7\u00e3o \u00e0 Sa\u00fade do Servidor (SIASS).<\/p>\n<p><a href=\"https:\/\/www.ufmg.br\/prorh\/wp-content\/uploads\/2022\/01\/prorh2-e1641927196905.png\"><img loading=\"lazy\" class=\"aligncenter wp-image-2479 size-full\" src=\"https:\/\/www.ufmg.br\/prorh\/wp-content\/uploads\/2022\/01\/prorh2-e1641927196905.png\" alt=\"\" width=\"693\" height=\"162\" \/><\/a><\/p>\n<p>&nbsp;<\/p>\n<p>Clique para acessar mais informa\u00e7\u00f5es:<\/p>\n<ul>\n<li><a href=\"https:\/\/www.ufmg.br\/prorh\/a-prorh\/estrutura-2\/gabinete-prorh\/\"><strong>Gabinete PRORH<\/strong><\/a><\/li>\n<li><a href=\"https:\/\/www.ufmg.br\/prorh\/a-prorh\/estrutura-2\/cis-comissao-interna-de-supervisao-do-pcctae\/\"><strong>CIS (Comiss\u00e3o Interna de Supervis\u00e3o do PCCTAE)<\/strong><\/a><\/li>\n<li><a href=\"https:\/\/www.ufmg.br\/prorh\/a-prorh\/estrutura-2\/cppd-comissao-permanente-de-pessoal-docente\/\"><strong>CPPD (Comiss\u00e3o Permanente de Pessoal Docente)<\/strong><\/a><\/li>\n<li><a href=\"https:\/\/www.ufmg.br\/prorh\/a-prorh\/estrutura-2\/dap-departamento-de-administracao-de-pessoal\/\"><strong>DAP (Departamento de Administra\u00e7\u00e3o de Pessoal)<\/strong><\/a><\/li>\n<li><a href=\"https:\/\/www.ufmg.br\/prorh\/a-prorh\/estrutura-2\/dast-departamento-de-atencao-a-saude-do-trabalhador\/\"><strong>DAST (Departamento de Aten\u00e7\u00e3o \u00e0 Sa\u00fade do Trabalhador)<\/strong><\/a><\/li>\n<li><a href=\"https:\/\/www.ufmg.br\/prorh\/a-prorh\/estrutura-2\/drh-departamento-de-desenvolvimento-de-recursos-humanos\/\"><strong>DRH (Departamento de Desenvolvimento de Recursos Humanos)<\/strong><\/a><\/li>\n<\/ul>\n<h4><\/h4>\n<h4><\/h4>\n","protected":false},"excerpt":{"rendered":"<p>Atualmente, a PRORH \u00e9 composta pela Comiss\u00e3o Interna de Supervis\u00e3o [&hellip;]<\/p>\n","protected":false},"author":1,"featured_media":0,"parent":713,"menu_order":0,"comment_status":"closed","ping_status":"closed","template":"","meta":[],"tags":[],"_links":{"self":[{"href":"https:\/\/www.ufmg.br\/prorh\/wp-json\/wp\/v2\/pages\/725"}],"collection":[{"href":"https:\/\/www.ufmg.br\/prorh\/wp-json\/wp\/v2\/pages"}],"about":[{"href":"https:\/\/www.ufmg.br\/prorh\/wp-json\/wp\/v2\/types\/page"}],"author":[{"embeddable":true,"href":"https:\/\/www.ufmg.br\/prorh\/wp-json\/wp\/v2\/users\/1"}],"replies":[{"embeddable":true,"href":"https:\/\/www.ufmg.br\/prorh\/wp-json\/wp\/v2\/comments?post=725"}],"version-history":[{"count":37,"href":"https:\/\/www.ufmg.br\/prorh\/wp-json\/wp\/v2\/pages\/725\/revisions"}],"predecessor-version":[{"id":2480,"href":"https:\/\/www.ufmg.br\/prorh\/wp-json\/wp\/v2\/pages\/725\/revisions\/2480"}],"up":[{"embeddable":true,"href":"https:\/\/www.ufmg.br\/prorh\/wp-json\/wp\/v2\/pages\/713"}],"wp:attachment":[{"href":"https:\/\/www.ufmg.br\/prorh\/wp-json\/wp\/v2\/media?parent=725"}],"wp:term":[{"taxonomy":"post_tag","embeddable":true,"href":"https:\/\/www.ufmg.br\/prorh\/wp-json\/wp\/v2\/tags?post=725"}],"curies":[{"name":"wp","href":"https:\/\/api.w.org\/{rel}","templated":true}]}}