{"id":732,"date":"2021-07-27T00:20:08","date_gmt":"2021-07-27T03:20:08","guid":{"rendered":"https:\/\/www.ufmg.br\/prorh\/?page_id=732"},"modified":"2021-09-13T14:50:15","modified_gmt":"2021-09-13T17:50:15","slug":"contatos","status":"publish","type":"page","link":"https:\/\/www.ufmg.br\/prorh\/a-prorh\/contatos\/","title":{"rendered":"Contatos"},"content":{"rendered":"<div id=\"sp-ea-1224\" class=\"sp-ea-one sp-easy-accordion\" data-ex-icon=\"fa-minus\" data-col-icon=\"fa-plus\"  data-ea-active=\"ea-click\"  data-ea-mode=\"vertical\" data-preloader=\"\"><div class=\"ea-card  sp-ea-single\"><h3 class=\"ea-header\"><a class=\"collapsed\" data-sptoggle=\"spcollapse\" data-sptarget=#collapse12240 href=\"javascript:void(0)\" aria-expanded=\"false\"><i class=\"ea-expand-icon fa fa-plus\"><\/i> Gabinete PRORH<\/a><\/h3><div class=\"sp-collapse spcollapse spcollapse\" id=\"collapse12240\" data-parent=#sp-ea-1224><div class=\"ea-body\"><h5>Gabinete<\/h5>\n<ul>\n<li>E-mail: gab@prorh.ufmg.br<\/li>\n<li>Telefones: (31) 3409-4113<\/li>\n<\/ul>\n<h5>Divis\u00e3o de Apoio Administrativo (DAAD)<\/h5>\n<ul>\n<li>E-mail: info@prorh.ufmg.br<\/li>\n<li>Telefones: (31) 3409-4547, (31) 3409-4529, (31) 3409-3939, (31) 3409-4308<\/li>\n<\/ul>\n<h5>Divis\u00e3o de Conv\u00eanios e Programas (DCPR)<\/h5>\n<ul>\n<li>E-mail: dcpr@prorh.ufmg.br<\/li>\n<li>Telefones: (31) 3409-4527, (31) 3409-4429<\/li>\n<\/ul>\n<h5>Divis\u00e3o de Gest\u00e3o de Documentos (DGED)<\/h5>\n<ul>\n<li>E-mail: dged@prorh.ufmg.br<\/li>\n<li>Telefones: (31) 3409-4431<\/li>\n<\/ul>\n<h5>Divis\u00e3o de Tecnologia da Informa\u00e7\u00e3o e Comunica\u00e7\u00e3o (DTIC)<\/h5>\n<ul>\n<li>E-mail: dico@prorh.ufmg.br<\/li>\n<li>Telefones: (31) 3409-3937, (31) 3409-4770<\/li>\n<\/ul>\n<\/div><\/div><\/div><div class=\"ea-card  sp-ea-single\"><h3 class=\"ea-header\"><a class=\"collapsed\" data-sptoggle=\"spcollapse\" data-sptarget=#collapse12241 href=\"javascript:void(0)\" aria-expanded=\"false\"><i class=\"ea-expand-icon fa fa-plus\"><\/i> CIS-PCCTAE (Comiss\u00e3o Interna de Supervis\u00e3o do Plano de Carreira dos Cargos T\u00e9cnico-Administrativos em Educa\u00e7\u00e3o)<\/a><\/h3><div class=\"sp-collapse spcollapse spcollapse\" id=\"collapse12241\" data-parent=#sp-ea-1224><div class=\"ea-body\"><h5>Secretaria Administrativa<\/h5>\n<ul>\n<li>E-mail: cis@prorh.ufmg.br<\/li>\n<li>Telefones: (31) 3409-6485<\/li>\n<\/ul>\n<\/div><\/div><\/div><div class=\"ea-card  sp-ea-single\"><h3 class=\"ea-header\"><a class=\"collapsed\" data-sptoggle=\"spcollapse\" data-sptarget=#collapse12242 href=\"javascript:void(0)\" aria-expanded=\"false\"><i class=\"ea-expand-icon fa fa-plus\"><\/i> CPPD (Comiss\u00e3o Permanente de Pessoal Docente)<\/a><\/h3><div class=\"sp-collapse spcollapse spcollapse\" id=\"collapse12242\" data-parent=#sp-ea-1224><div class=\"ea-body\"><p><strong>Secretaria da presid\u00eancia<\/strong><\/p>\n<ul>\n<li>E-mail: cppd-pres@prorh.ufmg.br<\/li>\n<li>Telefone: (31) 3409-4114<\/li>\n<\/ul>\n<p><strong>Secretaria Administrativa<\/strong><\/p>\n<ul>\n<li>E-mail: cppd@prorh.ufmg.br<\/li>\n<li>Telefones: (31) 3409-3933, (31) 3409-4116, (31) 3409-3226, (31) 3409-4771, (31) 3409-4406, (31) 3409-4243<\/li>\n<\/ul>\n<p><strong>Suporte T\u00e9cnico - Relat\u00f3rios\u00a0 (REDOC E RECAD)<\/strong><\/p>\n<ul>\n<li>E-mail: cppd-helpdesk@prorh.ufmg.br<\/li>\n<li>Telefone: (31) 3409-4112<\/li>\n<\/ul>\n<\/div><\/div><\/div><div class=\"ea-card  sp-ea-single\"><h3 class=\"ea-header\"><a class=\"collapsed\" data-sptoggle=\"spcollapse\" data-sptarget=#collapse12243 href=\"javascript:void(0)\" aria-expanded=\"false\"><i class=\"ea-expand-icon fa fa-plus\"><\/i> DAP (Departamento de Administra\u00e7\u00e3o de Pessoal)<\/a><\/h3><div class=\"sp-collapse spcollapse spcollapse\" id=\"collapse12243\" data-parent=#sp-ea-1224><div class=\"ea-body\"><h5>Diretoria-Geral<\/h5>\n<ul>\n<li>E-mail: info@dap.ufmg.br<\/li>\n<li>Telefones: (31) 3409-4324<\/li>\n<\/ul>\n<h5>Secretaria da Diretoria (SECD)<\/h5>\n<ul>\n<li>E-mail: info@dap.ufmg.br<\/li>\n<li>Telefones: (31) 3409-4324<\/li>\n<\/ul>\n<h5>Assessoria de Assuntos Judiciais (AAJU)<\/h5>\n<ul>\n<li>E-mail: aaju@dap.ufmg.br<\/li>\n<li>Telefones: (31) 3409-4322<\/li>\n<\/ul>\n<h5>Assessoria de\u00a0Tecnologia da Informa\u00e7\u00e3o (ASSI)<\/h5>\n<ul>\n<li>E-mail: assi@dap.ufmg.br<\/li>\n<li>Telefones: (31) 3409-4323<\/li>\n<\/ul>\n<h5>Assessoria T\u00e9cnica (ASST)<\/h5>\n<ul>\n<li>E-mail: ass@dap.ufmg.br<\/li>\n<li>Telefones: (31) 3409-3906<\/li>\n<\/ul>\n<h5>Divis\u00e3o de Apoio Administrativo (DAAD)<\/h5>\n<ul>\n<li>E-mail: daa@dap.ufmg.br<\/li>\n<li>Telefones: (31) 3409-3969<\/li>\n<\/ul>\n<h5>Divis\u00e3o de Aposentadoria e Pens\u00e3o (DAPP)<\/h5>\n<ul>\n<li>E-mail: dapp@dap.ufmg.br<\/li>\n<li>Telefones: (31) 3409-4351<\/li>\n<\/ul>\n<h5>Divis\u00e3o de Arquivo (DARQ)<\/h5>\n<ul>\n<li>E-mail: darq@dap.ufmg.br<\/li>\n<li>Telefones: (31) 3409-6422<\/li>\n<\/ul>\n<h5>Divis\u00e3o de Cadastro (DCAD)<\/h5>\n<ul>\n<li>E-mail: dcad@dap.ufmg.br<\/li>\n<li>Telefones: (31) 3409-6483<\/li>\n<\/ul>\n<h5>Divis\u00e3o de Pagamento (DPAG)<\/h5>\n<ul>\n<li>E-mail: dpag@dap.ufmg.br<\/li>\n<li>Telefones: (31) 3409-4344<\/li>\n<\/ul>\n<h5>Divis\u00e3o de Reposi\u00e7\u00e3o ao Er\u00e1rio (DRE)<\/h5>\n<ul>\n<li>E-mail: dre@dap.ufmg.br<\/li>\n<li>Telefones: (31) 3409-3856<\/li>\n<\/ul>\n<\/div><\/div><\/div><div class=\"ea-card  sp-ea-single\"><h3 class=\"ea-header\"><a class=\"collapsed\" data-sptoggle=\"spcollapse\" data-sptarget=#collapse12244 href=\"javascript:void(0)\" aria-expanded=\"false\"><i class=\"ea-expand-icon fa fa-plus\"><\/i> DAST (Departamento de Aten\u00e7\u00e3o \u00e0 Sa\u00fade do Trabalhador)<\/a><\/h3><div class=\"sp-collapse spcollapse spcollapse\" id=\"collapse12244\" data-parent=#sp-ea-1224><div class=\"ea-body\"><h5>N\u00facleo Pampulha<\/h5>\n<ul>\n<li>E-mail: pampulha@dast.ufmg.br<\/li>\n<li>Telefones: (31) 3409-4315<\/li>\n<\/ul>\n<h5>N\u00facleo Pampulha (Assist\u00eancia \u00e0 Sa\u00fade\/ambul\u00e2ncia)<\/h5>\n<ul>\n<li>Telefone: (31) 3409-4499<\/li>\n<\/ul>\n<h5>N\u00facleo Centro<\/h5>\n<ul>\n<li>E-mail: centro@dast.ufmg.br<\/li>\n<li>Telefone: (31) 3307-9564<\/li>\n<\/ul>\n<h5>N\u00facleo Montes Claros - Se\u00e7\u00e3o de Sa\u00fade do Trabalhador<\/h5>\n<ul>\n<li>E-mail: saudedotrabalhador@ica.ufmg.br<\/li>\n<li>Telefones: (38) 2101-7979<\/li>\n<\/ul>\n<\/div><\/div><\/div><div class=\"ea-card  sp-ea-single\"><h3 class=\"ea-header\"><a class=\"collapsed\" data-sptoggle=\"spcollapse\" data-sptarget=#collapse12245 href=\"javascript:void(0)\" aria-expanded=\"false\"><i class=\"ea-expand-icon fa fa-plus\"><\/i> DRH (Departamento de Desenvolvimento de Recursos Humanos)<\/a><\/h3><div class=\"sp-collapse spcollapse spcollapse\" id=\"collapse12245\" data-parent=#sp-ea-1224><div class=\"ea-body\"><h5>Diretoria<\/h5>\n<ul>\n<li>E-mail: dir@drh.ufmg.br<\/li>\n<li>Telefone: (31) 3409-3940<\/li>\n<\/ul>\n<h5>Assessoria T\u00e9cnica<\/h5>\n<ul>\n<li>E-mail:\u00a0assessoria@drh.ufmg.br<\/li>\n<li>Telefone: (31) 3409-4598<\/li>\n<\/ul>\n<h5>Divis\u00e3o de Apoio Administrativo (DAA)<\/h5>\n<ul>\n<li>E-mail: daa@drh.ufmg.br<\/li>\n<li>Telefone: (31) 3409-4486\/4487\/3230\/3231<\/li>\n<\/ul>\n<h5>Divis\u00e3o de Provimento e Movimenta\u00e7\u00e3o (DPM)<\/h5>\n<ul>\n<li>E-mail: dpm@drh.ufmg.br<\/li>\n<li>Telefone: (31) 3409-3288<\/li>\n<\/ul>\n<h5>Contatos espec\u00edficos<\/h5>\n<ul>\n<li>Admiss\u00e3o e Contrata\u00e7\u00e3o de T\u00e9cnico-Administrativo em Educa\u00e7\u00e3o<\/li>\n<li>E-mail: admissaotae@drh.ufmg.br<\/li>\n<\/ul>\n<ul>\n<li>Admiss\u00e3o e Contrata\u00e7\u00e3o de Docente<\/li>\n<li>E-mail: admissaodocente@drh.ufmg.br<\/li>\n<\/ul>\n<ul>\n<li>Cess\u00e3o, Colabora\u00e7\u00e3o T\u00e9cnica, Exerc\u00edcio Provis\u00f3rio na UFMG, Movimenta\u00e7\u00e3o para compor a for\u00e7a de trabalho, Redistribui\u00e7\u00e3o, Remo\u00e7\u00e3o Judicial, Requisi\u00e7\u00e3o, outras movimenta\u00e7\u00f5es externas, retornos de movimenta\u00e7\u00e3o e Ajuda de Custo das movimenta\u00e7\u00f5es externas<\/li>\n<li>E-mail: movimentacao@drh.ufmg.br<\/li>\n<\/ul>\n<ul>\n<li>Recondu\u00e7\u00e3o e Revers\u00e3o<\/li>\n<li>E-mail: dpm@drh.ufmg.br<\/li>\n<\/ul>\n<ul>\n<li>Remo\u00e7\u00e3o<\/li>\n<li>E-mail: remocao@drh.ufmg.br<\/li>\n<\/ul>\n<h5>Divis\u00e3o de Desenvolvimento de Pessoal (DDP)<\/h5>\n<ul>\n<li>E-mail: ddp@drh.ufmg.br<\/li>\n<li>Telefone: (31) 3409-3245<\/li>\n<\/ul>\n<h5><strong>Divis\u00e3o de Acompanhamento Funcional (DAF)<\/strong><\/h5>\n<ul>\n<li>E-mail: daf@drh.ufmg.br<\/li>\n<li>Telefone: (31) 3409-4497\/3242<\/li>\n<\/ul>\n<h5><strong>Contatos espec\u00edficos<\/strong><\/h5>\n<ul>\n<li>Acompanhamento Funcional<\/li>\n<li>E-mail: acompanhamento@drh.ufmg.br<\/li>\n<li>Telefone: (31) 3409-3244\/3248\/3251\/3274\/4493\/4496<\/li>\n<\/ul>\n<ul>\n<li>Acompanhamento Introdut\u00f3rio<\/li>\n<li>E-mail: aci-pti@drh.ufmg.br<\/li>\n<li>Telefone: (31) 3409-3238\/4474<\/li>\n<\/ul>\n<ul>\n<li>Avalia\u00e7\u00e3o de Desempenho<\/li>\n<li>E-mail: avaliacao@prorh.ufmg.br<\/li>\n<li>Telefone: (31) 3409-3236<\/li>\n<\/ul>\n<ul>\n<li>Est\u00e1gio Probat\u00f3rio<\/li>\n<li>E-mail: estagioprobatorio@drh.ufmg.br<\/li>\n<li>Telefone: (31) 3409-3233\/4492<\/li>\n<\/ul>\n<\/div><\/div><\/div><\/div>\n","protected":false},"excerpt":{"rendered":"","protected":false},"author":1,"featured_media":0,"parent":713,"menu_order":0,"comment_status":"closed","ping_status":"closed","template":"page-contact.php","meta":[],"tags":[],"_links":{"self":[{"href":"https:\/\/www.ufmg.br\/prorh\/wp-json\/wp\/v2\/pages\/732"}],"collection":[{"href":"https:\/\/www.ufmg.br\/prorh\/wp-json\/wp\/v2\/pages"}],"about":[{"href":"https:\/\/www.ufmg.br\/prorh\/wp-json\/wp\/v2\/types\/page"}],"author":[{"embeddable":true,"href":"https:\/\/www.ufmg.br\/prorh\/wp-json\/wp\/v2\/users\/1"}],"replies":[{"embeddable":true,"href":"https:\/\/www.ufmg.br\/prorh\/wp-json\/wp\/v2\/comments?post=732"}],"version-history":[{"count":10,"href":"https:\/\/www.ufmg.br\/prorh\/wp-json\/wp\/v2\/pages\/732\/revisions"}],"predecessor-version":[{"id":1226,"href":"https:\/\/www.ufmg.br\/prorh\/wp-json\/wp\/v2\/pages\/732\/revisions\/1226"}],"up":[{"embeddable":true,"href":"https:\/\/www.ufmg.br\/prorh\/wp-json\/wp\/v2\/pages\/713"}],"wp:attachment":[{"href":"https:\/\/www.ufmg.br\/prorh\/wp-json\/wp\/v2\/media?parent=732"}],"wp:term":[{"taxonomy":"post_tag","embeddable":true,"href":"https:\/\/www.ufmg.br\/prorh\/wp-json\/wp\/v2\/tags?post=732"}],"curies":[{"name":"wp","href":"https:\/\/api.w.org\/{rel}","templated":true}]}}