{"id":859,"date":"2021-07-28T17:48:04","date_gmt":"2021-07-28T20:48:04","guid":{"rendered":"https:\/\/www.ufmg.br\/prorh\/?page_id=859"},"modified":"2021-11-09T17:54:36","modified_gmt":"2021-11-09T20:54:36","slug":"sistemas","status":"publish","type":"page","link":"https:\/\/www.ufmg.br\/prorh\/sistemas\/","title":{"rendered":"Sistemas"},"content":{"rendered":"<h6><a href=\"https:\/\/www.ufmg.br\/prorh\/wp-content\/uploads\/2021\/11\/14713773446_9e39c8aaff_o-1-scaled-e1636402835666.jpg\"><img loading=\"lazy\" class=\"alignnone wp-image-1995 size-full\" src=\"https:\/\/www.ufmg.br\/prorh\/wp-content\/uploads\/2021\/11\/14713773446_9e39c8aaff_o-1-scaled-e1636491272836.jpg\" alt=\"\" width=\"780\" height=\"189\" \/><\/a><\/h6>\n<h6><em>Foto: Lucas Braga\/UFMG<\/em><\/h6>\n<p>&nbsp;<\/p>\n<p>Lista dos sistemas mais utilizados e portais mais acessados para obten\u00e7\u00e3o de informa\u00e7\u00f5es relacionadas aos assuntos de Pessoal.<\/p>\n<div id=\"sp-ea-898\" class=\"sp-ea-one sp-easy-accordion\" data-ex-icon=\"fa-minus\" data-col-icon=\"fa-plus\"  data-ea-active=\"ea-click\"  data-ea-mode=\"vertical\" data-preloader=\"\"><div class=\"ea-card  sp-ea-single\"><h3 class=\"ea-header\"><a class=\"collapsed\" data-sptoggle=\"spcollapse\" data-sptarget=#collapse8980 href=\"javascript:void(0)\" aria-expanded=\"false\"><i class=\"ea-expand-icon fa fa-plus\"><\/i> ARCOS - Sistema de Afastamento<\/a><\/h3><div class=\"sp-collapse spcollapse spcollapse\" id=\"collapse8980\" data-parent=#sp-ea-898><div class=\"ea-body\"><p>Sistema de afastamento destinado a servidores docentes e t\u00e9cnicos-administrativos.<\/p>\n<div>\n<p><a title=\"https:\/\/aplicativos.ufmg.br\/afastamento\/\" href=\"https:\/\/aplicativos.ufmg.br\/afastamento\/\" target=\"_blank\" rel=\"noopener\">Acesse aqui<\/a><b><\/b><\/p>\n<div><a href=\"https:\/\/www.ufmg.br\/prorh\/wp-content\/uploads\/2023\/01\/Manual-Sistema-de-afastamento-Arcos.pdf\">Manual do Sistema<\/a><\/div>\n<\/div>\n<\/div><\/div><\/div><div class=\"ea-card  sp-ea-single\"><h3 class=\"ea-header\"><a class=\"collapsed\" data-sptoggle=\"spcollapse\" data-sptarget=#collapse8981 href=\"javascript:void(0)\" aria-expanded=\"false\"><i class=\"ea-expand-icon fa fa-plus\"><\/i> CENTRAL SIPEC<\/a><\/h3><div class=\"sp-collapse spcollapse spcollapse\" id=\"collapse8981\" data-parent=#sp-ea-898><div class=\"ea-body\"><p>Canal de atendimento para dirimir d\u00favidas e orientar servidores, aposentados, pensionistas e gestores em assuntos relativos \u00e0 gest\u00e3o de pessoas.<\/p>\n<p><a href=\"https:\/\/www.gov.br\/servidor\/pt-br\/canais_atendimento\/central-sipec\" target=\"_blank\" rel=\"noopener\">Acesse aqui<\/a><\/p>\n<\/div><\/div><\/div><div class=\"ea-card  sp-ea-single\"><h3 class=\"ea-header\"><a class=\"collapsed\" data-sptoggle=\"spcollapse\" data-sptarget=#collapse8982 href=\"javascript:void(0)\" aria-expanded=\"false\"><i class=\"ea-expand-icon fa fa-plus\"><\/i> CPS 2025 - Campanha Anual de Comprova\u00e7\u00e3o do Plano de Sa\u00fade<\/a><\/h3><div class=\"sp-collapse spcollapse spcollapse\" id=\"collapse8982\" data-parent=#sp-ea-898><div class=\"ea-body\"><p>Sistema para registro das comprova\u00e7\u00f5es de despesas com planos privados de assist\u00eancia \u00e0 sa\u00fade.<\/p>\n<p><a href=\"https:\/\/aplicativos.ufmg.br\/regularizeplanosaude\/\">Acesse aqui<\/a><\/p>\n<\/div><\/div><\/div><div class=\"ea-card  sp-ea-single\"><h3 class=\"ea-header\"><a class=\"collapsed\" data-sptoggle=\"spcollapse\" data-sptarget=#collapse8983 href=\"javascript:void(0)\" aria-expanded=\"false\"><i class=\"ea-expand-icon fa fa-plus\"><\/i> IMPRENSA NACIONAL - DOU<\/a><\/h3><div class=\"sp-collapse spcollapse spcollapse\" id=\"collapse8983\" data-parent=#sp-ea-898><div class=\"ea-body\"><p>Consulta ao Di\u00e1rio Oficial da Uni\u00e3o (DOU).<\/p>\n<p><a href=\"https:\/\/in.gov.br\/inicio\" target=\"_blank\" rel=\"noopener\">Acesse aqui<\/a><\/p>\n<\/div><\/div><\/div><div class=\"ea-card  sp-ea-single\"><h3 class=\"ea-header\"><a class=\"collapsed\" data-sptoggle=\"spcollapse\" data-sptarget=#collapse8984 href=\"javascript:void(0)\" aria-expanded=\"false\"><i class=\"ea-expand-icon fa fa-plus\"><\/i> PORTAL DO SERVIDOR<\/a><\/h3><div class=\"sp-collapse spcollapse spcollapse\" id=\"collapse8984\" data-parent=#sp-ea-898><div class=\"ea-body\"><p>Portal do Servidor P\u00fablico Federal.<\/p>\n<p><a href=\"https:\/\/www.gov.br\/servidor\/pt-br\" target=\"_blank\" rel=\"noopener\">Acesse aqui<\/a><\/p>\n<\/div><\/div><\/div><div class=\"ea-card  sp-ea-single\"><h3 class=\"ea-header\"><a class=\"collapsed\" data-sptoggle=\"spcollapse\" data-sptarget=#collapse8985 href=\"javascript:void(0)\" aria-expanded=\"false\"><i class=\"ea-expand-icon fa fa-plus\"><\/i> RELAT\u00d3RIOS DE GEST\u00c3O DOCENTE<\/a><\/h3><div class=\"sp-collapse spcollapse spcollapse\" id=\"collapse8985\" data-parent=#sp-ea-898><div class=\"ea-body\">No Content<\/div><\/div><\/div><div class=\"ea-card  sp-ea-single\"><h3 class=\"ea-header\"><a class=\"collapsed\" data-sptoggle=\"spcollapse\" data-sptarget=#collapse8986 href=\"javascript:void(0)\" aria-expanded=\"false\"><i class=\"ea-expand-icon fa fa-plus\"><\/i> SAPIENS - Sistema AGU de Intelig\u00eancia Jur\u00eddica<\/a><\/h3><div class=\"sp-collapse spcollapse spcollapse\" id=\"collapse8986\" data-parent=#sp-ea-898><div class=\"ea-body\"><p>Sistema para acesso \u00e0s demandas judiciais.<\/p>\n<p><a href=\"https:\/\/sapiens.agu.gov.br\/\" target=\"_blank\" rel=\"noopener\">Acesse aqui<\/a><\/p>\n<\/div><\/div><\/div><div class=\"ea-card  sp-ea-single\"><h3 class=\"ea-header\"><a class=\"collapsed\" data-sptoggle=\"spcollapse\" data-sptarget=#collapse8987 href=\"javascript:void(0)\" aria-expanded=\"false\"><i class=\"ea-expand-icon fa fa-plus\"><\/i> SEI - Sistema Eletr\u00f4nico de Informa\u00e7\u00f5es (SEI) da UFMG<\/a><\/h3><div class=\"sp-collapse spcollapse spcollapse\" id=\"collapse8987\" data-parent=#sp-ea-898><div class=\"ea-body\"><p>O SEI \u00e9 uma ferramenta que tem suporte \u00e0 produ\u00e7\u00e3o, edi\u00e7\u00e3o, assinatura e tr\u00e2mite de processos e documentos, proporcionando desta forma, a virtualiza\u00e7\u00e3o destes. Reduz o tempo de realiza\u00e7\u00e3o das atividades por permitir a atua\u00e7\u00e3o simult\u00e2nea de v\u00e1rias unidades em um mesmo processo, ainda que distantes fisicamente. Apresenta-se como uma solu\u00e7\u00e3o flex\u00edvel para ser adaptada \u00e0 realidade de \u00f3rg\u00e3os da Administra\u00e7\u00e3o P\u00fablica Federal, independente dos processos e fluxos de trabalho.<\/p>\n<p><a href=\"https:\/\/sei.ufmg.br\/\" target=\"_blank\" rel=\"noopener\">Acesse aqui<\/a><\/p>\n<\/div><\/div><\/div><div class=\"ea-card  sp-ea-single\"><h3 class=\"ea-header\"><a class=\"collapsed\" data-sptoggle=\"spcollapse\" data-sptarget=#collapse8988 href=\"javascript:void(0)\" aria-expanded=\"false\"><i class=\"ea-expand-icon fa fa-plus\"><\/i> SIASS - Subsistema Integrado de Aten\u00e7\u00e3o a Sa\u00fade do Servidor<\/a><\/h3><div class=\"sp-collapse spcollapse spcollapse\" id=\"collapse8988\" data-parent=#sp-ea-898><div class=\"ea-body\"><p>O Subsistema Integrado de Aten\u00e7\u00e3o \u00e0 Sa\u00fade do Servidor (SIASS) tem por objetivo coordenar e integrar a\u00e7\u00f5es e programas nas \u00e1reas de assist\u00eancia \u00e0 sa\u00fade, per\u00edcia oficial, promo\u00e7\u00e3o, preven\u00e7\u00e3o e acompanhamento da sa\u00fade dos servidores da administra\u00e7\u00e3o federal direta, aut\u00e1rquica e fundacional, de acordo com a pol\u00edtica de aten\u00e7\u00e3o \u00e0 sa\u00fade e seguran\u00e7a do trabalho do servidor p\u00fablico federal, estabelecida pelo Governo.<\/p>\n<p><a href=\"https:\/\/www2.siapenet.gov.br\/saude\/portal\/public\/index.xhtml\" target=\"_blank\" rel=\"noopener\">Acesse aqui.<\/a><\/p>\n<\/div><\/div><\/div><div class=\"ea-card  sp-ea-single\"><h3 class=\"ea-header\"><a class=\"collapsed\" data-sptoggle=\"spcollapse\" data-sptarget=#collapse8989 href=\"javascript:void(0)\" aria-expanded=\"false\"><i class=\"ea-expand-icon fa fa-plus\"><\/i> SIGEPE LEGIS<\/a><\/h3><div class=\"sp-collapse spcollapse spcollapse\" id=\"collapse8989\" data-parent=#sp-ea-898><div class=\"ea-body\"><p>Consulta \u00e0s Legisla\u00e7\u00f5es de Pessoal.<\/p>\n<p><a href=\"https:\/\/legis.sigepe.planejamento.gov.br\/legis\/pesquisa\" target=\"_blank\" rel=\"noopener\">Acesse aqui<\/a><\/p>\n<\/div><\/div><\/div><\/div>\n","protected":false},"excerpt":{"rendered":"<p>Foto: Lucas Braga\/UFMG &nbsp; Lista dos sistemas mais utilizados e [&hellip;]<\/p>\n","protected":false},"author":1,"featured_media":0,"parent":0,"menu_order":0,"comment_status":"closed","ping_status":"closed","template":"","meta":[],"tags":[],"_links":{"self":[{"href":"https:\/\/www.ufmg.br\/prorh\/wp-json\/wp\/v2\/pages\/859"}],"collection":[{"href":"https:\/\/www.ufmg.br\/prorh\/wp-json\/wp\/v2\/pages"}],"about":[{"href":"https:\/\/www.ufmg.br\/prorh\/wp-json\/wp\/v2\/types\/page"}],"author":[{"embeddable":true,"href":"https:\/\/www.ufmg.br\/prorh\/wp-json\/wp\/v2\/users\/1"}],"replies":[{"embeddable":true,"href":"https:\/\/www.ufmg.br\/prorh\/wp-json\/wp\/v2\/comments?post=859"}],"version-history":[{"count":8,"href":"https:\/\/www.ufmg.br\/prorh\/wp-json\/wp\/v2\/pages\/859\/revisions"}],"predecessor-version":[{"id":2013,"href":"https:\/\/www.ufmg.br\/prorh\/wp-json\/wp\/v2\/pages\/859\/revisions\/2013"}],"wp:attachment":[{"href":"https:\/\/www.ufmg.br\/prorh\/wp-json\/wp\/v2\/media?parent=859"}],"wp:term":[{"taxonomy":"post_tag","embeddable":true,"href":"https:\/\/www.ufmg.br\/prorh\/wp-json\/wp\/v2\/tags?post=859"}],"curies":[{"name":"wp","href":"https:\/\/api.w.org\/{rel}","templated":true}]}}