{"id":1770,"date":"2021-08-11T15:17:58","date_gmt":"2021-08-11T18:17:58","guid":{"rendered":"https:\/\/www.ufmg.br\/prpg\/?page_id=1770"},"modified":"2026-03-26T10:30:16","modified_gmt":"2026-03-26T13:30:16","slug":"reconhecimento-de-diplomas","status":"publish","type":"page","link":"https:\/\/www.ufmg.br\/prpg\/reconhecimento-de-diplomas\/","title":{"rendered":"Reconhecimento de Diplomas"},"content":{"rendered":"<p>Desde 2017, conforme determina\u00e7\u00e3o do Minist\u00e9rio da Educa\u00e7\u00e3o (MEC), a Universidade Federal de Minas Gerais (UFMG) aderiu \u00e0 Plataforma Carolina Bori, um portal do Sistema Nacional de Revalida\u00e7\u00e3o e Reconhecimento de Diplomas que unifica e padroniza os processos de revalida\u00e7\u00e3o e reconhecimento dos diplomas oriundos do exterior. Os procedimentos adotados no edital vigente est\u00e3o em conformidade com no \u00a73\u00ba do Artigo 48 da Lei n\u00ba 9.394, de 20 de dezembro de 1996, o Regimento Geral da UFMG, de 27 de novembro de 2012, a Resolu\u00e7\u00e3o CNE\/CES n\u00ba 2, de 19 de Dezembro de 2024, a Portaria Normativa n\u00ba 22, de 13 de dezembro de 2016 e a Resolu\u00e7\u00e3o Complementar UFMG n\u00ba 01, de 21 de mar\u00e7o de 2017, do Conselho de Ensino, Pesquisa e Extens\u00e3o da UFMG.<\/p>\n<h5>Clique <a href=\"https:\/\/www2.ufmg.br\/drca\/drca\/Home\/Registro-de-Diplomas\/Verificacao-Registro-Diploma\" target=\"_blank\" rel=\"noopener\">aqui<\/a> para verificar a autenticidade do certificado de apostilamento na p\u00e1gina do Departamento de Registro e Controle Acad\u00eamico (DRCA\/UFMG)<\/h5>\n<div class=\"caixa-aviso\">A UFMG <strong>apenas<\/strong> reconhece diplomas em que o curso de p\u00f3s-gradua\u00e7\u00e3o estrangeiro tenha sido realizado de forma presencial.<\/div>\n<p style=\"text-align: center; font-family: Arial, sans-serif; font-size: 22px;\"><strong>Cursos realizados na modalidade a dist\u00e2ncia e nos formatos h\u00edbridos, remotos e em regimes intensivos ou modulares n\u00e3o ser\u00e3o aceitos para reconhecimento pela UFMG.<\/strong><\/p>\n<div id=\"sp-ea-1764\" class=\"sp-ea-one sp-easy-accordion\" data-ex-icon=\"fa-minus\" data-col-icon=\"fa-plus\"  data-ea-active=\"ea-click\"  data-ea-mode=\"vertical\" data-preloader=\"\"><div class=\"ea-card  sp-ea-single\"><h3 class=\"ea-header\"><a class=\"collapsed\" data-sptoggle=\"spcollapse\" data-sptarget=\"#collapse17640\" href=\"javascript:void(0)\" aria-expanded=\"false\"><i class=\"ea-expand-icon fa fa-plus\"><\/i> NORMAS PARA RECONHECIMENTO DE T\u00cdTULOS DE P\u00d3S GRADUA\u00c7\u00c3O OBTIDOS NO EXTERIOR<\/a><\/h3><div class=\"sp-collapse spcollapse spcollapse\" id=\"collapse17640\" data-parent=\"#sp-ea-1764\"><div class=\"ea-body\"> <p><a href=\"https:\/\/www.ufmg.br\/prpg\/wp-content\/uploads\/2026\/03\/Edital-655-2026.pdf\" target=\"_blank\" rel=\"noopener\">EDITAL N\u00ba 655\/2026 - Reconhecimento de diplomas de P\u00f3s-Gradua\u00e7\u00e3o stricto sensu (mestrado e doutorado) expedidos por institui\u00e7\u00f5es estrangeiras de ensino superior<\/a><\/p>\n<p><a href=\"https:\/\/www.ufmg.br\/prpg\/wp-content\/uploads\/2026\/03\/TERMO-DE-COMPROMISSO-.pdf\">Termo de Compromisso 2026<\/a><\/p>\n<p><a href=\"https:\/\/www.ufmg.br\/prpg\/wp-content\/uploads\/2026\/03\/SEI_5056325_Portaria_2851.pdf\" target=\"_blank\" rel=\"noopener\">PORTARIA N\u00ba 2851\/2026 - Estabelece valores para cobran\u00e7a de taxa de inscri\u00e7\u00e3o para processos de reconhecimento de diplomas de P\u00f3s-Gradua\u00e7\u00e3o obtidos em institui\u00e7\u00f5es estrangeiras<\/a><\/p>\n<p><a href=\"https:\/\/www.ufmg.br\/prpg\/wp-content\/uploads\/2025\/03\/SEI_4019792_Portaria_1844.pdf\" target=\"_blank\" rel=\"noopener\">PORTARIA N\u00ba 1844\/2025 - Designa a Comiss\u00e3o Permanente de Reconhecimento de Diplomas de P\u00f3s-Gradua\u00e7\u00e3o Stricto Sensu obtidos no exterior<\/a><\/p>\n<p><a href=\"https:\/\/www.ufmg.br\/prpg\/wp-content\/uploads\/2026\/03\/SEI_4960840_Portaria_1524.pdf\" target=\"_blank\" rel=\"noopener\">PORTARIA N\u00ba 1524\/2026 - Designa a substitui\u00e7\u00e3o de um membro da Comiss\u00e3o Permanente de Reconhecimento de Diplomas de P\u00f3s-Gradua\u00e7\u00e3o stricto sensu obtidos no exterior<\/a><\/p>\n<p><a href=\"https:\/\/www.ufmg.br\/prpg\/wp-content\/uploads\/2026\/03\/SEI_5045134_Portaria_2714.pdf\" target=\"_blank\" rel=\"noopener\">PORTARIA N\u00ba 2714\/2026 - Designa a substitui\u00e7\u00e3o do Presidente da Comiss\u00e3o Permanente de Reconhecimento de Diplomas de P\u00f3s-Gradua\u00e7\u00e3o stricto sensu obtidos no exterior<\/a><\/p>\n<p><a href=\"https:\/\/www.ufmg.br\/prpg\/wp-content\/uploads\/2026\/03\/Relacao-de-Agencias-de-Acreditacao.pdf\" target=\"_blank\" rel=\"noopener\">Rela\u00e7\u00e3o de algumas agencias de acredita\u00e7\u00e3o<\/a><\/p>\n<p><a href=\"https:\/\/www.ufmg.br\/prpg\/wp-content\/uploads\/2021\/07\/Resolucao-Complementar-n\u00b0-01-2017.pdf\" target=\"_blank\" rel=\"noopener\">Resolu\u00e7\u00e3o Complementar N\u00ba 01\/2017 - Normas para reconhecimento de diplomas de p\u00f3s-gradua\u00e7\u00e3o stricto sensu obtidos no exterior<\/a><\/p>\n<p><a href=\"https:\/\/www.ufmg.br\/prpg\/wp-content\/uploads\/2021\/07\/Normas-Gerais-de-Pos-Graduacao-da-UFMG-\u2013-No-02-2017.pdf\" target=\"_blank\" rel=\"noopener\">Normas Gerais de P\u00f3s-Gradua\u00e7\u00e3o da UFMG<\/a><\/p>\n<p><a href=\"https:\/\/www.ufmg.br\/prpg\/wp-content\/uploads\/2021\/07\/Revisao-de-Decisao-Academica-ou-Administrativa-Tomada-por-Autoridade-ou-Orgao-da-UFMG.pdf\" target=\"_blank\" rel=\"noopener\">RESOLU\u00c7\u00c3O N\u00ba 13\/2010 - Revis\u00e3o de Decis\u00e3o Acad\u00eamica ou Administrativa Tomada por Autoridade ou \u00d3rg\u00e3o da UFMG<\/a><\/p>\n<p><a href=\"https:\/\/www2.ufmg.br\/sods\/Sods\/Sobre-a-UFMG\/Regimento-Geral\" target=\"_blank\" rel=\"noopener\">Regimento Geral da UFMG<\/a><\/p>\n <\/div><\/div><\/div><\/div>\n","protected":false},"excerpt":{"rendered":"<p>Desde 2017, conforme determina\u00e7\u00e3o do Minist\u00e9rio da Educa\u00e7\u00e3o (MEC), a [&hellip;]<\/p>\n","protected":false},"author":1,"featured_media":0,"parent":0,"menu_order":0,"comment_status":"closed","ping_status":"closed","template":"","meta":[],"tags":[],"_links":{"self":[{"href":"https:\/\/www.ufmg.br\/prpg\/wp-json\/wp\/v2\/pages\/1770"}],"collection":[{"href":"https:\/\/www.ufmg.br\/prpg\/wp-json\/wp\/v2\/pages"}],"about":[{"href":"https:\/\/www.ufmg.br\/prpg\/wp-json\/wp\/v2\/types\/page"}],"author":[{"embeddable":true,"href":"https:\/\/www.ufmg.br\/prpg\/wp-json\/wp\/v2\/users\/1"}],"replies":[{"embeddable":true,"href":"https:\/\/www.ufmg.br\/prpg\/wp-json\/wp\/v2\/comments?post=1770"}],"version-history":[{"count":17,"href":"https:\/\/www.ufmg.br\/prpg\/wp-json\/wp\/v2\/pages\/1770\/revisions"}],"predecessor-version":[{"id":5089,"href":"https:\/\/www.ufmg.br\/prpg\/wp-json\/wp\/v2\/pages\/1770\/revisions\/5089"}],"wp:attachment":[{"href":"https:\/\/www.ufmg.br\/prpg\/wp-json\/wp\/v2\/media?parent=1770"}],"wp:term":[{"taxonomy":"post_tag","embeddable":true,"href":"https:\/\/www.ufmg.br\/prpg\/wp-json\/wp\/v2\/tags?post=1770"}],"curies":[{"name":"wp","href":"https:\/\/api.w.org\/{rel}","templated":true}]}}