{"id":1798,"date":"2021-08-11T17:29:19","date_gmt":"2021-08-11T20:29:19","guid":{"rendered":"https:\/\/www.ufmg.br\/prpg\/?page_id=1798"},"modified":"2024-04-29T11:09:44","modified_gmt":"2024-04-29T14:09:44","slug":"consulta-diplomas","status":"publish","type":"page","link":"https:\/\/www.ufmg.br\/prpg\/consulta-diplomas\/","title":{"rendered":"Consulta de Diplomas"},"content":{"rendered":"<p>Clique aqui para verificar a tramita\u00e7\u00e3o do seu processo de expedi\u00e7\u00e3o de diplomas e certificados:<\/p>\n","protected":false},"excerpt":{"rendered":"<p>Clique aqui para verificar a tramita\u00e7\u00e3o do seu processo de [&hellip;]<\/p>\n","protected":false},"author":1,"featured_media":0,"parent":0,"menu_order":0,"comment_status":"closed","ping_status":"closed","template":"page-buscar-processos.php","meta":[],"tags":[],"_links":{"self":[{"href":"https:\/\/www.ufmg.br\/prpg\/wp-json\/wp\/v2\/pages\/1798"}],"collection":[{"href":"https:\/\/www.ufmg.br\/prpg\/wp-json\/wp\/v2\/pages"}],"about":[{"href":"https:\/\/www.ufmg.br\/prpg\/wp-json\/wp\/v2\/types\/page"}],"author":[{"embeddable":true,"href":"https:\/\/www.ufmg.br\/prpg\/wp-json\/wp\/v2\/users\/1"}],"replies":[{"embeddable":true,"href":"https:\/\/www.ufmg.br\/prpg\/wp-json\/wp\/v2\/comments?post=1798"}],"version-history":[{"count":7,"href":"https:\/\/www.ufmg.br\/prpg\/wp-json\/wp\/v2\/pages\/1798\/revisions"}],"predecessor-version":[{"id":3829,"href":"https:\/\/www.ufmg.br\/prpg\/wp-json\/wp\/v2\/pages\/1798\/revisions\/3829"}],"wp:attachment":[{"href":"https:\/\/www.ufmg.br\/prpg\/wp-json\/wp\/v2\/media?parent=1798"}],"wp:term":[{"taxonomy":"post_tag","embeddable":true,"href":"https:\/\/www.ufmg.br\/prpg\/wp-json\/wp\/v2\/tags?post=1798"}],"curies":[{"name":"wp","href":"https:\/\/api.w.org\/{rel}","templated":true}]}}