{"id":21,"date":"2021-03-16T17:03:54","date_gmt":"2021-03-16T20:03:54","guid":{"rendered":"https:\/\/www.ufmg.br\/prpg\/?page_id=21"},"modified":"2024-07-05T09:06:49","modified_gmt":"2024-07-05T12:06:49","slug":"servicos","status":"publish","type":"page","link":"https:\/\/www.ufmg.br\/prpg\/servicos\/","title":{"rendered":"Servi\u00e7os"},"content":{"rendered":"<h3><a href=\"https:\/\/www.ufmg.br\/prpg\/consulta-diplomas\/\">Consulta de Diplomas<\/a><\/h3>\n<h3><a href=\"https:\/\/www.ufmg.br\/prpg\/notorio-saber\/\">Not\u00f3rio Saber<\/a><\/h3>\n<h3><a href=\"https:\/\/www.ufmg.br\/prpg\/reconhecimento-de-diplomas\/\">Reconhecimento de Diplomas<\/a><\/h3>\n<h3><a href=\"https:\/\/aplicativos.ufmg.br\/prpg\/fomento\/\">Sistema de Fomento<\/a><\/h3>\n<h3><a href=\"https:\/\/sistemas.ufmg.br\/internacional\/home.seam\">Fomento \u00e0 Internacionaliza\u00e7\u00e3o<\/a><\/h3>\n","protected":false},"excerpt":{"rendered":"<p>Consulta de Diplomas Not\u00f3rio Saber Reconhecimento de Diplomas Sistema de [&hellip;]<\/p>\n","protected":false},"author":1,"featured_media":0,"parent":0,"menu_order":0,"comment_status":"closed","ping_status":"closed","template":"","meta":[],"tags":[],"_links":{"self":[{"href":"https:\/\/www.ufmg.br\/prpg\/wp-json\/wp\/v2\/pages\/21"}],"collection":[{"href":"https:\/\/www.ufmg.br\/prpg\/wp-json\/wp\/v2\/pages"}],"about":[{"href":"https:\/\/www.ufmg.br\/prpg\/wp-json\/wp\/v2\/types\/page"}],"author":[{"embeddable":true,"href":"https:\/\/www.ufmg.br\/prpg\/wp-json\/wp\/v2\/users\/1"}],"replies":[{"embeddable":true,"href":"https:\/\/www.ufmg.br\/prpg\/wp-json\/wp\/v2\/comments?post=21"}],"version-history":[{"count":6,"href":"https:\/\/www.ufmg.br\/prpg\/wp-json\/wp\/v2\/pages\/21\/revisions"}],"predecessor-version":[{"id":3982,"href":"https:\/\/www.ufmg.br\/prpg\/wp-json\/wp\/v2\/pages\/21\/revisions\/3982"}],"wp:attachment":[{"href":"https:\/\/www.ufmg.br\/prpg\/wp-json\/wp\/v2\/media?parent=21"}],"wp:term":[{"taxonomy":"post_tag","embeddable":true,"href":"https:\/\/www.ufmg.br\/prpg\/wp-json\/wp\/v2\/tags?post=21"}],"curies":[{"name":"wp","href":"https:\/\/api.w.org\/{rel}","templated":true}]}}