{"id":2258,"date":"2022-05-12T09:46:40","date_gmt":"2022-05-12T12:46:40","guid":{"rendered":"https:\/\/www.ufmg.br\/prpg\/?page_id=2258"},"modified":"2025-10-03T09:54:12","modified_gmt":"2025-10-03T12:54:12","slug":"plano-de-contratacoes","status":"publish","type":"page","link":"https:\/\/www.ufmg.br\/prpg\/plano-de-contratacoes\/","title":{"rendered":"Plano de Contrata\u00e7\u00f5es"},"content":{"rendered":"<h4><strong>O que \u00e9 o Plano de Contrata\u00e7\u00f5es Anual (PCA)?<\/strong><\/h4>\n<p>O Plano de Contrata\u00e7\u00f5es Anual \u00e9 um documento que consolida todas as contrata\u00e7\u00f5es que o \u00f3rg\u00e3o ou entidade pretende realizar ou prorrogar, no exerc\u00edcio subsequente. Com o levantamento pr\u00e9vio das contrata\u00e7\u00f5es que pretende contratar ou prorrogar, a gest\u00e3o passa a dispor de dados gerenciais que permitem ampliar a realiza\u00e7\u00e3o de compras compartilhadas, viabilizando novas oportunidades de ganhos de escala, al\u00e9m de sinalizar ao mercado fornecedor as suas pretens\u00f5es de modo que este se prepare adequadamente e com anteced\u00eancia para participar dos certames licitat\u00f3rios.<\/p>\n<p>Destaca-se que a partir de um calend\u00e1rio de licita\u00e7\u00f5es, constru\u00eddo a partir do Plano de Contrata\u00e7\u00f5es Anual, pode se obter maior previsibilidade na gest\u00e3o, primando-se pelo cumprimento de prazos e pela melhor aloca\u00e7\u00e3o da for\u00e7a de trabalho. A elabora\u00e7\u00e3o dos planos propicia, ainda, a maximiza\u00e7\u00e3o dos resultados institucionais, a partir da melhoria da governan\u00e7a e da gest\u00e3o das contrata\u00e7\u00f5es, al\u00e9m de maior transpar\u00eancia e controle.<\/p>\n<p>Disp\u00f5e a lei de Licita\u00e7\u00f5es e Contratos Administrativos n\u00ba 14.133, de 01 de abril de 2021, em seu Art. 12\u00b0:<\/p>\n<ul>\n<li>VII &#8211; a partir de documentos de formaliza\u00e7\u00e3o de demandas, os \u00f3rg\u00e3os respons\u00e1veis pelo planejamento de cada ente federativo poder\u00e3o, na forma de regulamento, elaborar plano de contrata\u00e7\u00f5es anual, com o objetivo de racionalizar as contrata\u00e7\u00f5es dos \u00f3rg\u00e3os e entidades sob sua compet\u00eancia, garantir o alinhamento com o seu planejamento estrat\u00e9gico e subsidiar a elabora\u00e7\u00e3o das respectivas leis or\u00e7ament\u00e1rias <a href=\"http:\/\/www.planalto.gov.br\/ccivil_03\/_ato2019-2022\/2022\/Decreto\/D10947.htm#art1\" target=\"_blank\" rel=\"noopener\">(Regulamento)<\/a><\/li>\n<li>\u00a7 1\u00ba O plano de contrata\u00e7\u00f5es anual de que trata o inciso VII do\u00a0caput\u00a0deste artigo dever\u00e1 ser divulgado e mantido \u00e0 disposi\u00e7\u00e3o do p\u00fablico em s\u00edtio eletr\u00f4nico oficial e ser\u00e1 observado pelo ente federativo na realiza\u00e7\u00e3o de licita\u00e7\u00f5es e na execu\u00e7\u00e3o dos contratos.<\/li>\n<\/ul>\n<p>Em cada setor do \u00f3rg\u00e3o, as pessoas requisitantes devem criar no Planejamento e Gerenciamento de Contrata\u00e7\u00f5es (PGC) seus Documentos de Formaliza\u00e7\u00e3o das Demandas (DFDs), submet\u00ea-los aos setores t\u00e9cnicos, quando couber, e envi\u00e1-los ao setor de contrata\u00e7\u00f5es durante os meses de janeiro a mar\u00e7o. Em abril, o setor de contrata\u00e7\u00f5es realiza o agrupamento dos itens dos DFDs em processos de contrata\u00e7\u00e3o, gerando o cronograma de execu\u00e7\u00e3o do PCA que \u00e9, ent\u00e3o, submetido \u00e0 aprova\u00e7\u00e3o da autoridade competente. Por sua vez, \u00a0a autoridade competente deve analisar o plano anual elaborado pelo setor de contrata\u00e7\u00f5es para proceder com sua aprova\u00e7\u00e3o. Ap\u00f3s a aprova\u00e7\u00e3o, o plano \u00e9 enviado automaticamente ao Portal Nacional de Contrata\u00e7\u00f5es P\u00fablicas (PNCP).<\/p>\n<h4><strong>O que \u00e9 o Sistema de Planejamento e Gerenciamento de Contrata\u00e7\u00f5es (PGC)?<\/strong><\/h4>\n<p>De acordo com a Instru\u00e7\u00e3o Normativa n\u00ba 1, de 10 de janeiro de 2019, em seu Art 3\u00ba:<\/p>\n<ul>\n<li>O Sistema PGC constitui a ferramenta informatizada, integrante da plataforma do Sistema Integrado de Administra\u00e7\u00e3o de Servi\u00e7os Gerais &#8211; SIASG, disponibilizada pela Secretaria de Gest\u00e3o do Minist\u00e9rio da Economia para elabora\u00e7\u00e3o do PAC pelas UASG dos \u00f3rg\u00e3os e entidades.<\/li>\n<\/ul>\n<p>&nbsp;<\/p>\n<p><a href=\"https:\/\/pncp.gov.br\/app\/pca\/17217985000104\/2023\/16\" target=\"_blank\" rel=\"noopener\">PCA 2023<\/a><\/p>\n<p><a href=\"https:\/\/pncp.gov.br\/app\/pca\/17217985000104\/2022\/15\" target=\"_blank\" rel=\"noopener\">PCA 2022<\/a><\/p>\n","protected":false},"excerpt":{"rendered":"<p>O que \u00e9 o Plano de Contrata\u00e7\u00f5es Anual (PCA)? O [&hellip;]<\/p>\n","protected":false},"author":1,"featured_media":0,"parent":0,"menu_order":0,"comment_status":"closed","ping_status":"closed","template":"","meta":[],"tags":[],"_links":{"self":[{"href":"https:\/\/www.ufmg.br\/prpg\/wp-json\/wp\/v2\/pages\/2258"}],"collection":[{"href":"https:\/\/www.ufmg.br\/prpg\/wp-json\/wp\/v2\/pages"}],"about":[{"href":"https:\/\/www.ufmg.br\/prpg\/wp-json\/wp\/v2\/types\/page"}],"author":[{"embeddable":true,"href":"https:\/\/www.ufmg.br\/prpg\/wp-json\/wp\/v2\/users\/1"}],"replies":[{"embeddable":true,"href":"https:\/\/www.ufmg.br\/prpg\/wp-json\/wp\/v2\/comments?post=2258"}],"version-history":[{"count":10,"href":"https:\/\/www.ufmg.br\/prpg\/wp-json\/wp\/v2\/pages\/2258\/revisions"}],"predecessor-version":[{"id":4800,"href":"https:\/\/www.ufmg.br\/prpg\/wp-json\/wp\/v2\/pages\/2258\/revisions\/4800"}],"wp:attachment":[{"href":"https:\/\/www.ufmg.br\/prpg\/wp-json\/wp\/v2\/media?parent=2258"}],"wp:term":[{"taxonomy":"post_tag","embeddable":true,"href":"https:\/\/www.ufmg.br\/prpg\/wp-json\/wp\/v2\/tags?post=2258"}],"curies":[{"name":"wp","href":"https:\/\/api.w.org\/{rel}","templated":true}]}}