{"id":2459,"date":"2022-08-24T10:43:52","date_gmt":"2022-08-24T13:43:52","guid":{"rendered":"https:\/\/www.ufmg.br\/prpg\/?page_id=2459"},"modified":"2022-08-24T10:50:12","modified_gmt":"2022-08-24T13:50:12","slug":"oficios","status":"publish","type":"page","link":"https:\/\/www.ufmg.br\/prpg\/oficios\/","title":{"rendered":"Of\u00edcios PRPG"},"content":{"rendered":"<div id=\"sp-ea-2462\" class=\"sp-ea-one sp-easy-accordion\" data-ex-icon=\"fa-minus\" data-col-icon=\"fa-plus\"  data-ea-active=\"ea-click\"  data-ea-mode=\"vertical\" data-preloader=\"\"><div class=\"ea-card ea-expand sp-ea-single\"><h3 class=\"ea-header\"><a class=\"collapsed\" data-sptoggle=\"spcollapse\" data-sptarget=\"#collapse24620\" href=\"javascript:void(0)\" aria-expanded=\"true\"><i class=\"ea-expand-icon fa fa-minus\"><\/i> 2025<\/a><\/h3><div class=\"sp-collapse spcollapse collapsed show\" id=\"collapse24620\" data-parent=\"#sp-ea-2462\"><div class=\"ea-body\"> <p><a href=\"https:\/\/www.ufmg.br\/prpg\/wp-content\/uploads\/2025\/05\/SEI_4068504_Oficio_Circular_1.pdf\" target=\"_blank\" rel=\"noopener\">OF\u00cdCIO CIRCULAR N\u00ba 1\/2025\/PRPG-GAB-UFMG \u2013 Pre\u0302mio UFMG de Teses, 2025<\/a><\/p>\n <\/div><\/div><\/div><div class=\"ea-card  sp-ea-single\"><h3 class=\"ea-header\"><a class=\"collapsed\" data-sptoggle=\"spcollapse\" data-sptarget=\"#collapse24621\" href=\"javascript:void(0)\" aria-expanded=\"false\"><i class=\"ea-expand-icon fa fa-plus\"><\/i> 2024<\/a><\/h3><div class=\"sp-collapse spcollapse \" id=\"collapse24621\" data-parent=\"#sp-ea-2462\"><div class=\"ea-body\"> <p><a href=\"https:\/\/www.ufmg.br\/prpg\/wp-content\/uploads\/2024\/04\/Ofi%CC%81cio-Circular-2-2024-PDSE.pdf\" target=\"_blank\" rel=\"noopener\">OF\u00cdCIO CIRCULAR N\u00ba 2\/2024\/PRPG-GAB-UFMG \u2013 PDSE<\/a><\/p>\n<p><a href=\"https:\/\/www.ufmg.br\/prpg\/wp-content\/uploads\/2024\/04\/Ofi\u0301cio-Circular-1-2024-Pre\u0302mio-UFMG-de-Teses-2024.pdf\" target=\"_blank\" rel=\"noopener\">OF\u00cdCIO CIRCULAR N\u00ba 1\/2024\/PRPG-GAB-UFMG \u2013 Pre\u0302mio UFMG de Teses, 2024<\/a><\/p>\n <\/div><\/div><\/div><div class=\"ea-card  sp-ea-single\"><h3 class=\"ea-header\"><a class=\"collapsed\" data-sptoggle=\"spcollapse\" data-sptarget=\"#collapse24622\" href=\"javascript:void(0)\" aria-expanded=\"false\"><i class=\"ea-expand-icon fa fa-plus\"><\/i> 2023<\/a><\/h3><div class=\"sp-collapse spcollapse \" id=\"collapse24622\" data-parent=\"#sp-ea-2462\"><div class=\"ea-body\"> <p><a href=\"https:\/\/www.ufmg.br\/prpg\/wp-content\/uploads\/2024\/04\/SEI_2177931_Oficio_Circular_1.pdf\" target=\"_blank\" rel=\"noopener\">OF\u00cdCIO CIRCULAR N\u00ba 1\/2023\/PRPG-GAB-UFMG \u2013 Pre\u0302mio UFMG de Teses, 2023<\/a><\/p>\n <\/div><\/div><\/div><div class=\"ea-card  sp-ea-single\"><h3 class=\"ea-header\"><a class=\"collapsed\" data-sptoggle=\"spcollapse\" data-sptarget=\"#collapse24623\" href=\"javascript:void(0)\" aria-expanded=\"false\"><i class=\"ea-expand-icon fa fa-plus\"><\/i> 2022<\/a><\/h3><div class=\"sp-collapse spcollapse \" id=\"collapse24623\" data-parent=\"#sp-ea-2462\"><div class=\"ea-body\"> <p><a href=\"https:\/\/www.ufmg.br\/prpg\/wp-content\/uploads\/2022\/08\/Oficio-Circular-03-2022.pdf\" target=\"_blank\" rel=\"noopener\">Oficio Circular N\u00ba 03\/2022 \u2013 ENCERRAMENTO DA CHAMADA CONJUNTA PRAE\/PRPG\/FUMP<\/a><\/p>\n<p><a href=\"https:\/\/www.ufmg.br\/prpg\/wp-content\/uploads\/2022\/08\/Ofi\u0301cio-Circular-02-2022.pdf\" target=\"_blank\" rel=\"noopener\">Ofi\u0301cio Circular N\u00ba 02\/2022 \u2013 Oferta de disciplinas e atividades acad\u00eamicas nos cursos de p\u00f3s-gradua\u00e7\u00e3o<\/a><\/p>\n<p><a href=\"https:\/\/www.ufmg.br\/prpg\/wp-content\/uploads\/2022\/08\/Ofi\u0301cio-Circular-01-2022.pdf\" target=\"_blank\" rel=\"noopener\">Ofi\u0301cio Circular N\u00ba 01\/2022 \u2013 Oferta de disciplinas do 1\u00ba per\u00edodo letivo de 2022 na p\u00f3s-gradua\u00e7\u00e3o<\/a><\/p>\n<p><a href=\"https:\/\/www.ufmg.br\/prpg\/wp-content\/uploads\/2022\/08\/Ofi\u0301cio-37-2022-PRPG-GAB.pdf\" target=\"_blank\" rel=\"noopener\">Ofi\u0301cio N\u00ba 37-2022\/PRPG GAB \u2013 Apresenta\u00e7\u00e3o Pr\u00f3-Reitora<\/a><\/p>\n <\/div><\/div><\/div><\/div>\n","protected":false},"excerpt":{"rendered":"","protected":false},"author":11,"featured_media":0,"parent":0,"menu_order":0,"comment_status":"closed","ping_status":"closed","template":"","meta":[],"tags":[],"_links":{"self":[{"href":"https:\/\/www.ufmg.br\/prpg\/wp-json\/wp\/v2\/pages\/2459"}],"collection":[{"href":"https:\/\/www.ufmg.br\/prpg\/wp-json\/wp\/v2\/pages"}],"about":[{"href":"https:\/\/www.ufmg.br\/prpg\/wp-json\/wp\/v2\/types\/page"}],"author":[{"embeddable":true,"href":"https:\/\/www.ufmg.br\/prpg\/wp-json\/wp\/v2\/users\/11"}],"replies":[{"embeddable":true,"href":"https:\/\/www.ufmg.br\/prpg\/wp-json\/wp\/v2\/comments?post=2459"}],"version-history":[{"count":3,"href":"https:\/\/www.ufmg.br\/prpg\/wp-json\/wp\/v2\/pages\/2459\/revisions"}],"predecessor-version":[{"id":2468,"href":"https:\/\/www.ufmg.br\/prpg\/wp-json\/wp\/v2\/pages\/2459\/revisions\/2468"}],"wp:attachment":[{"href":"https:\/\/www.ufmg.br\/prpg\/wp-json\/wp\/v2\/media?parent=2459"}],"wp:term":[{"taxonomy":"post_tag","embeddable":true,"href":"https:\/\/www.ufmg.br\/prpg\/wp-json\/wp\/v2\/tags?post=2459"}],"curies":[{"name":"wp","href":"https:\/\/api.w.org\/{rel}","templated":true}]}}