{"id":2528,"date":"2022-09-09T17:42:01","date_gmt":"2022-09-09T20:42:01","guid":{"rendered":"https:\/\/www.ufmg.br\/prpg\/?page_id=2528"},"modified":"2025-10-03T10:14:42","modified_gmt":"2025-10-03T13:14:42","slug":"notorio-saber","status":"publish","type":"page","link":"https:\/\/www.ufmg.br\/prpg\/notorio-saber\/","title":{"rendered":"Not\u00f3rio Saber"},"content":{"rendered":"<p style=\"font-weight: 400;\">O Conselho Universit\u00e1rio, por meio da Resolu\u00e7\u00e3o Complementar N\u00ba 01\/2020, de 28 de maio de 2020, regulamentou a concess\u00e3o do t\u00edtulo de Doutorado por Not\u00f3rio Saber a pessoas com alta qualifica\u00e7\u00e3o, cuja contribui\u00e7\u00e3o seja reconhecidamente significativa e socialmente relevante. Com esse instrumento, foram outorgados Diplomas de Doutorado por Not\u00f3rio Saber entre os anos de 2022 e 2024.<\/p>\n<p style=\"font-weight: 400;\">Posteriomente, o Conselho Universit\u00e1rio avaliou o hist\u00f3rico da mat\u00e9ria e regulamentou a concess\u00e3o do t\u00edtulo de Doutorado por Not\u00f3rio Saber pela UFMG para pessoas guardi\u00e3s de saberes tradicionais, com a <a href=\"https:\/\/www.ufmg.br\/prpg\/wp-content\/uploads\/2025\/05\/05rescomp2024-DoutorporNoto\u0301rioSaber.pdf\" target=\"_blank\" rel=\"noopener\">Resolu\u00e7\u00e3o Complementar N\u00ba 05\/2024<\/a>, de 24 de outubro de 2024.<\/p>\n<p style=\"font-weight: 400;\">De acordo com a resolu\u00e7\u00e3o, poder\u00e3o ser reconhecidos <em>&#8220;os saberes ind\u00edgenas, afro-brasileiros, quilombolas, das culturas populares e das demais popula\u00e7\u00f5es tradicionais brasileiras, de acordo com a legisla\u00e7\u00e3o vigente que versa sobre o Conselho Nacional dos Povos e Comunidades Tradicionais.\u201d<\/em><\/p>\n<h6>A lista atualizada de outorgas pode ser consultada <a href=\"https:\/\/www.ufmg.br\/prpg\/wp-content\/uploads\/2024\/04\/NotorioSaber_Cronologica_30_04_24.pdf\" target=\"_blank\" rel=\"noopener\">aqui<\/a>.<\/h6>\n<p>&nbsp;<\/p>\n<h2>Resolu\u00e7\u00e3o<\/h2>\n<p>&nbsp;<\/p>\n<p style=\"font-weight: 400;\">Para mais informa\u00e7\u00f5es, consulte o texto completo da resolu\u00e7\u00e3o dispon\u00edvel <a href=\"https:\/\/www.ufmg.br\/prpg\/wp-content\/uploads\/2025\/05\/05rescomp2024-DoutorporNoto\u0301rioSaber.pdf\" target=\"_blank\" rel=\"noopener\">aqui<\/a>.<\/p>\n<p>&nbsp;<\/p>\n<h2>Acompanhamento de Processos<\/h2>\n<p>&nbsp;<\/p>\n<p>Para saber o andamento de um processo, digite o n\u00famero do SEI de acordo com o modelo do campo de busca.<br \/>\nAten\u00e7\u00e3o: o sistema n\u00e3o retorna resultados se a busca for feita por nomes.<\/p>\n<div style=\"overflow-x: auto;\">\n<!-- HK CSV search -->\n<div class='content-container  csv-container'><div class=\"hk-csv-search-wrapper\"><form method=\"POST\" class=\"hk-csv-search-form-5131\"><input type=\"text\" placeholder=\"00000.000000\/0000-00\" name=\"hk-csv-input\" class=\"hk-csv-input\" \/><input type=\"submit\" name=\"hk-csv-button\" class=\"hk-csv-button\" value=\"Buscar\" \/><div class=\"hk-csv-search-output\"><\/div><\/form><\/div><\/div>\n<style>.hk-csv-instant-list { list-style-type: none; margin-left: 0; display: inline-block; border: 1px solid #ddd; } .hk-csv-instant-list li { padding: 4px; } .hk-csv-instant-list li:hover { background-color: #ddd; }<\/style>\n<script>\r\n\t\t(function($) {\r\n\t\t\t\r\n\t\t\t$(document).ready(function () {\r\n\t\t\t\tvar lines5131 = []; \r\n\t\t\t\tvar nothing_msg_5131 = \"N\u00e3o h\u00e1 resultados para: \";\r\n\t\t\t\t\/\/ search button\r\n\t\t\t\t$( \".hk-csv-search-form-5131\" ).submit(function( event ) {\r\n\t\t\t\t\tevent.preventDefault();\r\n                    var search = $(this).parents(\".hk-csv-search-wrapper\").find(\".hk-csv-input\").val();\r\n\t\t\t\t    if ($(this).parents(\".hk-csv-search-wrapper\").find(\".hk-csv-instantsearch\").length > 0) {\r\n\t\t\t\t\t\tsearch = $(this).parents(\".hk-csv-search-wrapper\").find(\".hk-csv-instant-list li:first a\").data(\"id\");\r\n                        if (search != \"\") {\r\n\t\t\t\t\t\t\t$(this).parents(\".hk-csv-search-wrapper\").find(\".hk-csv-instantsearch\").find(\"ul\").remove();\r\n                        }\r\n                    }\r\n                    \r\n                    doSearch5131(search);\r\n\t\t\t\t});\r\n                \r\n\t\t\t\t\r\n\t\t\t\t\r\n                \r\n                \/\/ on keyup\r\n                \/\/var timer;\r\n                $(document).on(\"keyup\", \".hk-csv-search-form-5131 .hk-csv-input\", function(event){\r\n\t\t\t\t\t\/\/timer && clearTimeout(timer);\r\n\t\t\t\t\t\/\/timer = setTimeout(instantSearch, 200);\r\n                    instantSearch5131($(this));\r\n                });\r\n\t\t\t\t\r\n                \r\n                \/\/ on list click\r\n                $(document).on(\"click\", \".hk-csv-search-form-5131 .hk-csv-instant-list li a\", function(event){\r\n\t\t\t\t\t\/\/$(\".hk-csv-search-form-5131 .hk-csv-instant-list li a\").click( function(event){\r\n\t\t\t\t\t\tevent.preventDefault();\r\n\t\t\t\t\t\tsearch = $(this).data(\"id\");\r\n\t\t\t\t\t\tif (search != \"\") {\r\n\t\t\t\t\t\t\t$(this).parents(\"ul\").remove();\r\n\t\t\t\t\t\t}\r\n\t\t\t\t\t\t\r\n\t\t\t\t\t\tdoSearch5131(search);\r\n\t\t\t\t\t});\r\n\t\t\t\t\t\r\n\t\t\t\t\t\r\n\t\t\t\t\t\/\/ do search\r\n\t\t\t\t\tfunction doSearch5131(search) {\r\n\t\t\t\t\t\tif (search != \"\") {\r\n\t\t\t\t\t\t\t$(\".hk-csv-search-form-5131 .hk-csv-search-output\").html(\"\");\r\n\t\t\t\t\t\t\tvar output = searchData5131(lines5131, search);\r\n\t\t\t\t\t\t\t\r\n\t\t\t\t\t\tif (output.length == 0) {\r\n\t\t\t\t\t\t\t$(\".hk-csv-search-form-5131 .hk-csv-search-output\").append(nothing_msg_5131 + search);\r\n\t\t\t\t\t\t}\r\n\r\n                        \/\/ output loop   \r\n                        for(i=0; i<output.length; i++){\r\n                            retline = \"{br}{table class='notorio'}{tr class='titlenotorio'}{td colspan=2 align=center}{b}{1}{\/b}{\/td}{\/tr}{tr}{td}{2}{\/td}{td}PPG respons\u00e1vel pelo encaminhamento{\/td}{\/tr}{tr}{td}{3}{\/td}{td}Recebimento do pedido{\/td}{\/tr}{tr}{td}{4}{\/td}{td}Encaminhamento \u00e0 CRNS (CPNS){\/td}{\/tr}{tr}{td}{5}{\/td}{td}Instala\u00e7\u00e3o da Comiss\u00e3o de Avalia\u00e7\u00e3o de M\u00e9rito{\/td}{\/tr}{tr}{td}{6}{\/td}{td}Envio do Parecer pela Comiss\u00e3o de Avalia\u00e7\u00e3o de M\u00e9rito{\/td}{\/tr}{tr}{td}{7}{\/td}{td}An\u00e1lise final pela CPG{\/td}{\/tr}{tr}{td}{8}{\/td}{td}Encaminhamento do CEPE{\/td}{\/tr}{tr}{td}{9}{\/td}{td}Decis\u00e3o do CEPE{\/td}{\/tr}{\/table}{\/br}\";\r\n                            for(c=0; c<output[i].length; c++) {\r\n                                retline = retline.replace(\"{\"+c+\"}\",output[i][c]);\r\n                            }\r\n                            retline = retline.replace(\/\\{\/g,\"<\");\r\n                            retline = retline.replace(\/\\}\/g,\">\");\r\n                            \/\/retline = retline.toLowerCase();\r\n                            $(\".hk-csv-search-form-5131 .hk-csv-search-output\").append(retline);\r\n                        }\r\n                    }\r\n                }\r\n                \r\n                \r\n                \/\/ instant search\r\n                function instantSearch5131(event){\r\n                    var search = $(event).parents(\".hk-csv-search-wrapper\").find(\".hk-csv-input\").val();\r\n\t\t\t\t\tvar output = searchData5131(lines5131, search);\r\n                    if (search.length < 3) {\r\n                        $(event).parents(\".hk-csv-search-wrapper\").find(\".hk-csv-instantsearch\").html(\"<ul class='hk-csv-instant-list'><li>Forts&auml;tt skriva...<\/li><\/ul>\");\r\n                    }\r\n                    else {\r\n                        $(event).parents(\".hk-csv-search-wrapper\").find(\".hk-csv-instantsearch\").html(\"<ul class='hk-csv-instant-list'>\");\r\n                        \/\/ output loop   \r\n                        for(i=0; i<output.length && i<10; i++) {\r\n                            retline = \"{0}\";\r\n                            dataid = \"{0}\";\r\n                            for(c=0; c<output[i].length; c++) {\r\n                                retline = retline.replace(\"{\"+c+\"}\",output[i][c]);\r\n                                dataid = dataid.replace(\"{\"+c+\"}\",output[i][c]);\r\n                            }\r\n                            \r\n                            $(event).parents(\".hk-csv-search-wrapper\").find(\".hk-csv-instant-list\").append(\"<li><a href='#' data-id='\"+dataid+\"'>\"+retline+\"<\/a><\/li>\");\r\n                        }\r\n\r\n\r\n                    }\r\n                }\r\n                \r\n\t\t\t\t\/\/var data = []; \/\/ array in global scope where to store your data\r\n\r\n\t\t\t\t\/\/ ajax call to get the data and store it in the var above\r\n\t\t\t\t$.ajax({\r\n\t\t\t\t\ttype: \"GET\",\r\n\t\t\t\t\turl: \"https:\/\/www.ufmg.br\/prpg\/wp-content\/uploads\/2024\/04\/notoriosaber_2024.csv\",\r\n\t\t\t\t\tdataType: \"text\",\r\n\t\t\t\t\tcontentType: \"Content-type: text\/plain; charset=iso-8859-1\",\r\n\t\t\t\t\tbeforeSend: function(jqXHR) {\r\n\t\t\t\t\t\tjqXHR.overrideMimeType(\"text\/html;charset=iso-8859-1\");\r\n\t\t\t\t\t},\r\n\t\t\t\t\tsuccess: function(data){\r\n\t\t\t\t\t\tdata = processData5131(data);\r\n\t\t\t\t\t}     \r\n\t\t\t\t});\r\n\r\n\t\t\t\t\/\/ function to process the data into an array\r\n\t\t\t\tfunction processData5131(allText) {\r\n\t\t\t\t\tlines5131 = allText.split(\/\\r\\n|\\n\/);\r\n\t\t\t\t\treturn lines5131; \/\/ Returns the data you need, to be stored in our variable \r\n\t\t\t\t}\r\n\r\n\r\n\t\t\t\t\/\/ search function \r\n\t\t\t\tfunction searchData5131(data, search){\r\n\t\t\t\t\t\/\/ Create a temp array to store the found data\r\n\t\t\t\t\tvar tempArray = [];\r\n                    if (search != \"\")  {\r\n                        \/\/ Loop through the data to see if a line has the search term we need\r\n                        for(i=0; i<data.length; i++){\r\n\t\t\t\t\t\t\tif (true) { \/\/ find exact match\r\n\t\t\t\t\t\t\t\tdata[i].split(\";\").forEach( function(item, index, arr) {\r\n\t\t\t\t\t\t\t\t\tif (item == search && (0 == -1 || 0 == index)) { \/\/ check exact name\r\n\t\t\t\t\t\t\t\t\t\ttempArray.push(arr);\r\n\t\t\t\t\t\t\t\t\t\treturn;\r\n\t\t\t\t\t\t\t\t\t}\r\n\t\t\t\t\t\t\t\t});\r\n\t\t\t\t\t\t\t}\r\n\t\t\t\t\t\t\telse if (0 != -1) {\r\n\t\t\t\t\t\t\t\tif (search !== undefined && search.toUpperCase !== undefined && $.isFunction(search.toUpperCase)) {\r\n\t\t\t\t\t\t\t\t\tsearch = search.toUpperCase();\r\n\t\t\t\t\t\t\t\t}\r\n\t\t\t\t\t\t\t\tdata[i].split(\";\").forEach( function(item, index, arr) {\r\n\t\t\t\t\t\t\t\t\tif (0 == index) { \/\/ search only in column\r\n\t\t\t\t\t\t\t\t\t\tif (item.toUpperCase().indexOf(search) >= 0) {\r\n\t\t\t\t\t\t\t\t\t\t\ttempArray.push(arr);\r\n\t\t\t\t\t\t\t\t\t\t\treturn;\r\n\t\t\t\t\t\t\t\t\t\t}\r\n\t\t\t\t\t\t\t\t\t}\r\n\t\t\t\t\t\t\t\t});\r\n\t\t\t\t\t\t\t}\r\n\t\t\t\t\t\t\telse { \/\/ find if only part of match\r\n\t\t\t\t\t\t\t\tif (search !== undefined && search.toUpperCase !== undefined && $.isFunction(search.toUpperCase)) {\r\n\t\t\t\t\t\t\t\t\tsearch = search.toUpperCase();\r\n\t\t\t\t\t\t\t\t}\r\n\t\t\t\t\t\t\t\tif (data[i].toUpperCase().indexOf(search) >= 0) {\r\n\t\t\t\t\t\t\t\t\t\/\/ Add found data to the array after split\r\n\r\n\t\t\t\t\t\t\t\t\tvar line = data[i].split(\";\"); \r\n\t\t\t\t\t\t\t\t\ttempArray.push(line);\r\n\t\t\t\t\t\t\t\t}\r\n\t\t\t\t\t\t\t}\r\n                        }\r\n                    }\r\n\t\t\t\t\t\/\/ Return the array of matched data\r\n\t\t\t\t\treturn tempArray;\r\n\t\t\t\t}\r\n\r\n\t\t\t });\r\n\r\n\t\t})(jQuery);\r\n\t\t<\/script>\r\n\t\n<!-- END HK CSV search -->\n<\/div>\n<p>&nbsp;<\/p>\n","protected":false},"excerpt":{"rendered":"<p>O Conselho Universit\u00e1rio, por meio da Resolu\u00e7\u00e3o Complementar N\u00ba 01\/2020, [&hellip;]<\/p>\n","protected":false},"author":11,"featured_media":0,"parent":0,"menu_order":0,"comment_status":"closed","ping_status":"closed","template":"","meta":[],"tags":[],"_links":{"self":[{"href":"https:\/\/www.ufmg.br\/prpg\/wp-json\/wp\/v2\/pages\/2528"}],"collection":[{"href":"https:\/\/www.ufmg.br\/prpg\/wp-json\/wp\/v2\/pages"}],"about":[{"href":"https:\/\/www.ufmg.br\/prpg\/wp-json\/wp\/v2\/types\/page"}],"author":[{"embeddable":true,"href":"https:\/\/www.ufmg.br\/prpg\/wp-json\/wp\/v2\/users\/11"}],"replies":[{"embeddable":true,"href":"https:\/\/www.ufmg.br\/prpg\/wp-json\/wp\/v2\/comments?post=2528"}],"version-history":[{"count":125,"href":"https:\/\/www.ufmg.br\/prpg\/wp-json\/wp\/v2\/pages\/2528\/revisions"}],"predecessor-version":[{"id":4802,"href":"https:\/\/www.ufmg.br\/prpg\/wp-json\/wp\/v2\/pages\/2528\/revisions\/4802"}],"wp:attachment":[{"href":"https:\/\/www.ufmg.br\/prpg\/wp-json\/wp\/v2\/media?parent=2528"}],"wp:term":[{"taxonomy":"post_tag","embeddable":true,"href":"https:\/\/www.ufmg.br\/prpg\/wp-json\/wp\/v2\/tags?post=2528"}],"curies":[{"name":"wp","href":"https:\/\/api.w.org\/{rel}","templated":true}]}}