{"id":320,"date":"2021-07-14T15:54:01","date_gmt":"2021-07-14T18:54:01","guid":{"rendered":"https:\/\/www.ufmg.br\/prpg\/?page_id=320"},"modified":"2026-02-12T11:59:42","modified_gmt":"2026-02-12T14:59:42","slug":"assessoria-academica","status":"publish","type":"page","link":"https:\/\/www.ufmg.br\/prpg\/assessoria-academica\/","title":{"rendered":"Assessoria Acad\u00eamica"},"content":{"rendered":"<p>A\u00a0<strong>Assessoria Acad\u00eamica<\/strong>\u00a0tem as seguintes atribui\u00e7\u00f5es:<\/p>\n<ul>\n<li style=\"list-style-type: none;\">\n<ul>\n<li>Cria\u00e7\u00e3o de cursos de Mestrado, Doutorado e Especializa\u00e7\u00e3o;<\/li>\n<li>Cria\u00e7\u00e3o de \u00e1reas de concentra\u00e7\u00e3o nos cursos de p\u00f3s-gradua\u00e7\u00e3o;<\/li>\n<li>Envio \u00e0 Capes dos relat\u00f3rios anuais de coleta de dados dos PPGs;<\/li>\n<li>Envio \u00e0 Capes das propostas de cria\u00e7\u00e3o de cursos de Mestrado e Doutorado \u2013 APCN;<\/li>\n<li>Modifica\u00e7\u00f5es curriculares e de regulamento;<\/li>\n<li>Abertura de vagas nos cursos de Mestrados e Doutorados;<\/li>\n<li>An\u00e1lise de editais de sele\u00e7\u00e3o de cursos de especializa\u00e7\u00e3o, mestrado e doutorado;<\/li>\n<li>Oferecimento de curso de Especializa\u00e7\u00e3o;<\/li>\n<li>Credenciamento de orientadores de tese e\/ou disserta\u00e7\u00e3o;<\/li>\n<li>An\u00e1lise de propostas de Dinter e Minter \u2013 Doutorado e Mestrado Interinstitucionais;<\/li>\n<li>Cria\u00e7\u00e3o de cursos por Associa\u00e7\u00e3o com outras Institui\u00e7\u00f5es de Ensino Superior;<\/li>\n<li>Atualiza\u00e7\u00e3o anual dos dados do corpo discente (n\u00famero de inscritos nos processos seletivos, n\u00famero de ingressantes, n\u00famero de matriculados e defesas ocorridas);<\/li>\n<li>An\u00e1lise de conv\u00eanios que dizem respeito \u00e0 P\u00f3s-Gradua\u00e7\u00e3o;<\/li>\n<li>Assessoramento aos Pr\u00f3-Reitores em todos os assuntos acad\u00eamicos;<\/li>\n<li>Atualiza\u00e7\u00e3o da legisla\u00e7\u00e3o referente \u00e0 P\u00f3s-Gradua\u00e7\u00e3o;<\/li>\n<li>Verifica\u00e7\u00e3o do Patrim\u00f4nio do Setor;<\/li>\n<li>E, ainda, manuten\u00e7\u00e3o do Sistema Acad\u00eamico da P\u00f3s-Gradua\u00e7\u00e3o com a entrada de dados referentes a:\n<ul>\n<li>Credenciamento de professores permanentes e colaboradores;<\/li>\n<li>Estrutura curricular dos programas \u2013 altera\u00e7\u00e3o, cria\u00e7\u00e3o e exclus\u00e3o de disciplinas, altera\u00e7\u00e3o do n\u00famero de cr\u00e9ditos;<\/li>\n<li>Dados de curso novo: registro, estrutura curricular, par\u00e2metros de integraliza\u00e7\u00e3o;<\/li>\n<li>Registro de vagas de cursos de especializa\u00e7\u00e3o, mestrado e doutorado;<\/li>\n<li>Atualiza\u00e7\u00e3o dos conceitos da Capes dos cursos de mestrado e doutorado.<\/li>\n<\/ul>\n<\/li>\n<\/ul>\n<\/li>\n<\/ul>\n<h4>Contatos:<\/h4>\n<ul>\n<li>E-mail:\u00a0aacad@prpg.ufmg.br<\/li>\n<li>Telefones: 3409-4536 e 3409-4042<\/li>\n<li>Sala 7017<\/li>\n<\/ul>\n<h4>Tutoriais dos processos tramitados no setor:<\/h4>\n<div id=\"sp-ea-345\" class=\"sp-ea-one sp-easy-accordion\" data-ex-icon=\"fa-minus\" data-col-icon=\"fa-plus\"  data-ea-active=\"ea-click\"  data-ea-mode=\"vertical\" data-preloader=\"\"><div class=\"ea-card  sp-ea-single\"><h3 class=\"ea-header\"><a class=\"collapsed\" data-sptoggle=\"spcollapse\" data-sptarget=\"#collapse3450\" href=\"javascript:void(0)\" aria-expanded=\"false\"><i class=\"ea-expand-icon fa fa-plus\"><\/i> Processo de Credenciamento de Docentes Stricto Sensu<\/a><\/h3><div class=\"sp-collapse spcollapse spcollapse\" id=\"collapse3450\" data-parent=\"#sp-ea-345\"><div class=\"ea-body\"> <p>A solicita\u00e7\u00e3o de Credenciamento de Docentes \u00e9 realizada via Sistema Acad\u00eamico da P\u00f3s-gradua\u00e7\u00e3o, ap\u00f3s aprova\u00e7\u00e3o pelo respectivo Colegiado de P\u00f3s-gradua\u00e7\u00e3o.<\/p>\n<p>O credenciamento de docentes externos exige a assinatura do Acordo Formal, conforme modelo abaixo, dispon\u00edvel tamb\u00e9m para assinatura via SEI como documento \"Acordo Formal de Credenciamento Docente Externo\".<\/p>\n<p><a href=\"https:\/\/www.ufmg.br\/prpg\/wp-content\/uploads\/2021\/07\/Acordo-Formal_Modelo-PRPG-FORMAL-AGREEMENT-publicado-no-site-da-PRPG.docx\" target=\"_blank\" rel=\"noopener\">Acordo Formal - Credenciamento de docente externo (pt_Br\/en_US)<\/a><\/p>\n <\/div><\/div><\/div><div class=\"ea-card  sp-ea-single\"><h3 class=\"ea-header\"><a class=\"collapsed\" data-sptoggle=\"spcollapse\" data-sptarget=\"#collapse3451\" href=\"javascript:void(0)\" aria-expanded=\"false\"><i class=\"ea-expand-icon fa fa-plus\"><\/i> Processo de Modifica\u00e7\u00e3o Curricular Stricto Sensu<\/a><\/h3><div class=\"sp-collapse spcollapse spcollapse\" id=\"collapse3451\" data-parent=\"#sp-ea-345\"><div class=\"ea-body\"> <p>O Processo de Modifica\u00e7\u00e3o Curricular trata de altera\u00e7\u00f5es na estrutura curricular do programa de P\u00f3s-Gradua\u00e7\u00e3o envolvendo a <strong>cria\u00e7\u00e3o<\/strong>, a<strong> inclus\u00e3o<\/strong>, a<strong> modifica\u00e7\u00e3o<\/strong> ou a <strong>exclus\u00e3o<\/strong> de disciplinas que ir\u00e3o compor a grade curricular do curso. A solicita\u00e7\u00e3o \u00e9 aprovada pelo Colegiado, pelo departamento respons\u00e1vel e encaminhada para aprova\u00e7\u00e3o da C\u00e2mara de P\u00f3s-gradua\u00e7\u00e3o.<\/p>\n<p>A solicita\u00e7\u00e3o \u00e9 realizada via processo SEI, conforme tutorial que segue:<\/p>\n<p><a href=\"https:\/\/www.ufmg.br\/prpg\/wp-content\/uploads\/2021\/07\/TUTORIAL-MODIFICACAO-DE-GRADE-CURRICULAR.pdf\">Tutorial de Modifica\u00e7\u00e3o Curricular Stricto Sensu<\/a><\/p>\n <\/div><\/div><\/div><div class=\"ea-card  sp-ea-single\"><h3 class=\"ea-header\"><a class=\"collapsed\" data-sptoggle=\"spcollapse\" data-sptarget=\"#collapse3452\" href=\"javascript:void(0)\" aria-expanded=\"false\"><i class=\"ea-expand-icon fa fa-plus\"><\/i> Processo de Modifica\u00e7\u00e3o de Regulamento - Stricto Sensu<\/a><\/h3><div class=\"sp-collapse spcollapse spcollapse\" id=\"collapse3452\" data-parent=\"#sp-ea-345\"><div class=\"ea-body\"> <p>O processo de Modifica\u00e7\u00e3o do Regulamento\u00a0 dos Programas Stricto Sensu \u00e9 solicitado pela Coordena\u00e7\u00e3o do Programa de P\u00f3s- Gradua\u00e7\u00e3o, analisado pela equipe da Assessoria Acad\u00eamica e, posteriormente, apreciado pela C\u00e2mara de P\u00f3s-Gradua\u00e7\u00e3o.<\/p>\n<p>A solicita\u00e7\u00e3o \u00e9 realizada via processo SEI, conforme tutorial a seguir:<\/p>\n<p><a href=\"https:\/\/www.ufmg.br\/prpg\/wp-content\/uploads\/2021\/07\/TUTORIAL-MODIFICACAO-DE-REGULAMENTO.pdf\">Tutorial_Modifica\u00e7\u00e3o de Regulamento<\/a><\/p>\n<p>Tamb\u00e9m \u00e9 poss\u00edvel acompanhar o passo a passo via Base de Conhecimento SEI associada ao processo (P\u00f3s-gradua\u00e7\u00e3o Stricto Sensu: Modifica\u00e7\u00e3o de Regulamento).<\/p>\n <\/div><\/div><\/div><div class=\"ea-card  sp-ea-single\"><h3 class=\"ea-header\"><a class=\"collapsed\" data-sptoggle=\"spcollapse\" data-sptarget=\"#collapse3453\" href=\"javascript:void(0)\" aria-expanded=\"false\"><i class=\"ea-expand-icon fa fa-plus\"><\/i> Processo de Atualiza\u00e7\u00e3o de Coordena\u00e7\u00e3o <\/a><\/h3><div class=\"sp-collapse spcollapse spcollapse\" id=\"collapse3453\" data-parent=\"#sp-ea-345\"><div class=\"ea-body\"> <p>Trata-se da comunica\u00e7\u00e3o \u00e0 Pr\u00f3-reitoria de P\u00f3s-gradua\u00e7\u00e3o da atualiza\u00e7\u00e3o da coordena\u00e7\u00e3o dos Programas de P\u00f3s-gradua\u00e7\u00e3o junto \u00e0 PRPG\/Sucupira\/DRCA\/Reposit\u00f3rio.<\/p>\n<p>Ap\u00f3s finaliza\u00e7\u00e3o do processo eleitoral no \u00e2mbito da Unidade Acad\u00eamica, a secretaria do Programa inicia o processo de Atualiza\u00e7\u00e3o de Coordena\u00e7\u00e3o via SEI, conforme tutorial que segue:<\/p>\n<p><a href=\"https:\/\/www.ufmg.br\/prpg\/wp-content\/uploads\/2021\/07\/TUTORIAL-DE-ATUALIZACAO-DE-COORDENACAO-DE-POS-GRADUACAO.pdf\">Tutorial de Atualiza\u00e7\u00e3o de Coordena\u00e7\u00e3o de P\u00f3s-gradua\u00e7\u00e3o<\/a><\/p>\n<p>Ap\u00f3s o envio do processo \u00e0 PRPG (PRPG-DAC), a solicita\u00e7\u00e3o \u00e9 analisada pela equipe da Assessoria Acad\u00eamica, que realiza a atualiza\u00e7\u00e3o da coordena\u00e7\u00e3o na Plataforma Sucupira e informa aos setores interessados.<\/p>\n <\/div><\/div><\/div><div class=\"ea-card  sp-ea-single\"><h3 class=\"ea-header\"><a class=\"collapsed\" data-sptoggle=\"spcollapse\" data-sptarget=\"#collapse3454\" href=\"javascript:void(0)\" aria-expanded=\"false\"><i class=\"ea-expand-icon fa fa-plus\"><\/i> Processo de Oferecimento dos Cursos de Especializa\u00e7\u00e3o Lato Sensu<\/a><\/h3><div class=\"sp-collapse spcollapse spcollapse\" id=\"collapse3454\" data-parent=\"#sp-ea-345\"><div class=\"ea-body\"> <p>O processo de oferecimento de Cursos de Especializa\u00e7\u00e3o, segue o disposto na Portaria n\u00ba 088, de 12 de dezembro de 2011, que prev\u00ea a oferta do Curso para uma nova turma, al\u00e9m de fornecer informa\u00e7\u00f5es importantes sobre o andamento das atividades do curso.<\/p>\n<p><a href=\"https:\/\/www.ufmg.br\/prpg\/wp-content\/uploads\/2021\/07\/Portaria-do-Reitor-088-de-12-12-2011.pdf\">Portaria n\u00ba 088, de 12 de dezembro de 2011<\/a><\/p>\n<p>A solicita\u00e7\u00e3o de oferecimento \u00e9 realizada pelas secretarias de curso por meio do Sistema Acad\u00eamico e as anu\u00eancias s\u00e3o enviadas via processo SEI, conforme tutorial que segue:<\/p>\n<p><a href=\"https:\/\/www.ufmg.br\/prpg\/wp-content\/uploads\/2021\/07\/Tutorial-Oferecimento-Lato-Sensu.pdf\" target=\"_blank\" rel=\"noopener\">Tutorial Oferecimento Lato Sensu<\/a><\/p>\n <\/div><\/div><\/div><div class=\"ea-card  sp-ea-single\"><h3 class=\"ea-header\"><a class=\"collapsed\" data-sptoggle=\"spcollapse\" data-sptarget=\"#collapse3455\" href=\"javascript:void(0)\" aria-expanded=\"false\"><i class=\"ea-expand-icon fa fa-plus\"><\/i> Processo de Reativa\u00e7\u00e3o e Registro fora do prazo de Residentes P\u00f3s-doutorais<\/a><\/h3><div class=\"sp-collapse spcollapse spcollapse\" id=\"collapse3455\" data-parent=\"#sp-ea-345\"><div class=\"ea-body\"> <p><strong>Reativa\u00e7\u00e3o de Residente P\u00f3s-doutoral<\/strong><\/p>\n<p>Trata-se da solicita\u00e7\u00e3o de reativa\u00e7\u00e3o do registro de residente p\u00f3s-doutoral exclu\u00eddo do Sistema Acad\u00eamico por expira\u00e7\u00e3o de prazo, em decorr\u00eancia do n\u00e3o lan\u00e7amento de novo per\u00edodo de resid\u00eancia ou do relat\u00f3rio final. A solicita\u00e7\u00e3o \u00e9 realizada via SEI, conforme tutorial que segue:<\/p>\n<p><a href=\"https:\/\/www.ufmg.br\/prpg\/wp-content\/uploads\/2021\/07\/TUTORIAL-REATIVACAO.pdf\">Tutorial de Reativa\u00e7\u00e3o de Residente P\u00f3s-doutoral<\/a><\/p>\n<p><strong>Registro Fora do Prazo de Residente P\u00f3s-doutoral<\/strong><\/p>\n<p>Trata-se de solicita\u00e7\u00e3o, excepcional, de registro fora do prazo de residente p\u00f3s-doutoral. Ou seja, quando foram iniciadas as atividades sem encaminhamento da documenta\u00e7\u00e3o para registro no semestre letivo de in\u00edcio das atividades do residente. A solicita\u00e7\u00e3o \u00e9 realizada via SEI, conforme tutorial que segue:<\/p>\n<p><a href=\"https:\/\/www.ufmg.br\/prpg\/wp-content\/uploads\/2021\/07\/TUTORIAL-DE-REGISTRO-FORA-DO-PRAZO.pdf\">Tutorial para Registro Fora do Prazo<\/a><\/p>\n <\/div><\/div><\/div><\/div>\n<p>&nbsp;<\/p>\n","protected":false},"excerpt":{"rendered":"<p>A\u00a0Assessoria Acad\u00eamica\u00a0tem as seguintes atribui\u00e7\u00f5es: Cria\u00e7\u00e3o de cursos de Mestrado, [&hellip;]<\/p>\n","protected":false},"author":1,"featured_media":0,"parent":0,"menu_order":0,"comment_status":"closed","ping_status":"closed","template":"page-contact.php","meta":[],"tags":[],"_links":{"self":[{"href":"https:\/\/www.ufmg.br\/prpg\/wp-json\/wp\/v2\/pages\/320"}],"collection":[{"href":"https:\/\/www.ufmg.br\/prpg\/wp-json\/wp\/v2\/pages"}],"about":[{"href":"https:\/\/www.ufmg.br\/prpg\/wp-json\/wp\/v2\/types\/page"}],"author":[{"embeddable":true,"href":"https:\/\/www.ufmg.br\/prpg\/wp-json\/wp\/v2\/users\/1"}],"replies":[{"embeddable":true,"href":"https:\/\/www.ufmg.br\/prpg\/wp-json\/wp\/v2\/comments?post=320"}],"version-history":[{"count":41,"href":"https:\/\/www.ufmg.br\/prpg\/wp-json\/wp\/v2\/pages\/320\/revisions"}],"predecessor-version":[{"id":5072,"href":"https:\/\/www.ufmg.br\/prpg\/wp-json\/wp\/v2\/pages\/320\/revisions\/5072"}],"wp:attachment":[{"href":"https:\/\/www.ufmg.br\/prpg\/wp-json\/wp\/v2\/media?parent=320"}],"wp:term":[{"taxonomy":"post_tag","embeddable":true,"href":"https:\/\/www.ufmg.br\/prpg\/wp-json\/wp\/v2\/tags?post=320"}],"curies":[{"name":"wp","href":"https:\/\/api.w.org\/{rel}","templated":true}]}}