{"id":338,"date":"2021-07-14T11:51:19","date_gmt":"2021-07-14T14:51:19","guid":{"rendered":"https:\/\/www.ufmg.br\/prpg\/?page_id=338"},"modified":"2026-04-10T08:44:22","modified_gmt":"2026-04-10T11:44:22","slug":"pos-graduacao","status":"publish","type":"page","link":"https:\/\/www.ufmg.br\/prpg\/pos-graduacao\/","title":{"rendered":"P\u00f3s-Gradua\u00e7\u00e3o"},"content":{"rendered":"<p class=\"titulo_page\">Sejam bem-vindas \u00e0 Pr\u00f3-Reitoria de P\u00f3s-Gradua\u00e7\u00e3o da UFMG.<\/p>\n<p class=\"titulo_page\">Programas de P\u00f3s-Gradua\u00e7\u00e3o qualificados s\u00e3o indicadores seguros da maioridade de uma institui\u00e7\u00e3o universit\u00e1ria. Evidenciam o investimento na pesquisa e na forma\u00e7\u00e3o de quadros, requisitos indispens\u00e1veis para a consolida\u00e7\u00e3o das \u00e1reas de conhecimento. Permitem, ainda, a expans\u00e3o de grupos de pesquisa com alto valor agregado e a articula\u00e7\u00e3o indispens\u00e1vel com o ensino de gradua\u00e7\u00e3o.<\/p>\n<div class=\"texto\">\n<p>Se o sentido da forma\u00e7\u00e3o acad\u00eamica confere ao campo da p\u00f3s-gradua\u00e7\u00e3o uma dist\u00e2ncia cr\u00edtica em rela\u00e7\u00e3o \u00e0s demandas sociais mais imediatas, tamb\u00e9m \u00e9 verdade que a sociedade pode esperar desse campo propostas inovadoras e corajosas decorrentes do compromisso com o conhecimento como fonte de desenvolvimento social. Na p\u00f3s-gradua\u00e7\u00e3o, o bin\u00f4mio excel\u00eancia acad\u00eamica e relev\u00e2ncia social, valores pelos quais a atividade da UFMG tem se pautado, encontra as condi\u00e7\u00f5es mais adequadas de articula\u00e7\u00e3o. \u00c9 justamente a dist\u00e2ncia cr\u00edtica propiciada pelos estudos mais avan\u00e7ados que permite o surgimento das solu\u00e7\u00f5es mais arrojadas.<\/p>\n<p>Presente na diversidade dos campos de conhecimento, a p\u00f3s-gradua\u00e7\u00e3o stricto sensu na UFMG vem alcan\u00e7ando, sucessivamente, patamares sempre mais elevados na avalia\u00e7\u00e3o da Coordena\u00e7\u00e3o de Aperfei\u00e7oamento de Pessoal de N\u00edvel Superior (Capes), situando-se entre uma das melhores do Brasil.<\/p>\n<p>Caracterizada por uma distribui\u00e7\u00e3o largamente equitativa de seus m\u00e9ritos e com uma crescente irradia\u00e7\u00e3o nacional, a p\u00f3s-gradua\u00e7\u00e3o na UFMG conta com dispositivos capazes de assegurar uma s\u00f3lida forma\u00e7\u00e3o especializada e, ao mesmo tempo, com mecanismos que facilitam uma constante adapta\u00e7\u00e3o \u00e0s mudan\u00e7as exigidas pelo avan\u00e7o do conhecimento. A diversidade na concep\u00e7\u00e3o dos programas, em um arco que inclui desde programas mais ortodoxamente disciplinares at\u00e9 programas claramente multidisciplinares, est\u00e1 respaldada nos valores da excel\u00eancia acad\u00eamica e da sensibilidade social, indicadores do compromisso da UFMG com o Ensino Superior P\u00fablico no Brasil.<\/p>\n<p><b>Prof\u00aa. Isabela Almeida Pordeus<\/b><br \/>\n<b>Pr\u00f3-Reitora de P\u00f3s-Gradua\u00e7\u00e3o da UFMG<\/b> (mar\u00e7o\/2026 a mar\u00e7o\/2030)<\/p>\n<p><b>Prof. Bruno Souza Leal<br \/>\nPr\u00f3-Reitor Adjunto de P\u00f3s-Gradua\u00e7\u00e3o da UFMG <\/b>(mar\u00e7o\/2026 a mar\u00e7o\/2030)<\/p>\n<\/div>\n","protected":false},"excerpt":{"rendered":"<p>Sejam bem-vindas \u00e0 Pr\u00f3-Reitoria de P\u00f3s-Gradua\u00e7\u00e3o da UFMG. Programas de [&hellip;]<\/p>\n","protected":false},"author":1,"featured_media":0,"parent":0,"menu_order":0,"comment_status":"closed","ping_status":"closed","template":"","meta":[],"tags":[],"_links":{"self":[{"href":"https:\/\/www.ufmg.br\/prpg\/wp-json\/wp\/v2\/pages\/338"}],"collection":[{"href":"https:\/\/www.ufmg.br\/prpg\/wp-json\/wp\/v2\/pages"}],"about":[{"href":"https:\/\/www.ufmg.br\/prpg\/wp-json\/wp\/v2\/types\/page"}],"author":[{"embeddable":true,"href":"https:\/\/www.ufmg.br\/prpg\/wp-json\/wp\/v2\/users\/1"}],"replies":[{"embeddable":true,"href":"https:\/\/www.ufmg.br\/prpg\/wp-json\/wp\/v2\/comments?post=338"}],"version-history":[{"count":10,"href":"https:\/\/www.ufmg.br\/prpg\/wp-json\/wp\/v2\/pages\/338\/revisions"}],"predecessor-version":[{"id":5123,"href":"https:\/\/www.ufmg.br\/prpg\/wp-json\/wp\/v2\/pages\/338\/revisions\/5123"}],"wp:attachment":[{"href":"https:\/\/www.ufmg.br\/prpg\/wp-json\/wp\/v2\/media?parent=338"}],"wp:term":[{"taxonomy":"post_tag","embeddable":true,"href":"https:\/\/www.ufmg.br\/prpg\/wp-json\/wp\/v2\/tags?post=338"}],"curies":[{"name":"wp","href":"https:\/\/api.w.org\/{rel}","templated":true}]}}