{"id":340,"date":"2021-07-20T16:47:40","date_gmt":"2021-07-20T19:47:40","guid":{"rendered":"https:\/\/www.ufmg.br\/prpg\/?page_id=340"},"modified":"2026-04-10T08:42:28","modified_gmt":"2026-04-10T11:42:28","slug":"equipe-2","status":"publish","type":"page","link":"https:\/\/www.ufmg.br\/prpg\/equipe-2\/","title":{"rendered":"Equipe"},"content":{"rendered":"<div style=\"overflow-x: auto;\">\n<table style=\"color: #000000; width: 778px; border-collapse: collapse; font-family: Arial; border: 1px solid #00BFFF; height: 952px;\">\n<thead>\n<tr style=\"vertical-align: middle; text-align: center; background-color: #f2f2f2;\">\n<th style=\"width: 130px; border: 1px solid #00BFFF; font-weight: bold;\">Setores<\/th>\n<th style=\"width: 480px; border: 1px solid #00BFFF; font-weight: bold;\">Nomes<\/th>\n<th style=\"width: 150px; border: 1px solid #00BFFF; font-weight: bold;\">Telefones<\/th>\n<\/tr>\n<\/thead>\n<tbody>\n<tr style=\"vertical-align: middle; text-align: center;\">\n<td style=\"border: 1px solid #00BFFF;\" rowspan=\"5\"><a href=\"https:\/\/www.ufmg.br\/prpg\/gabinete\/\"><strong>Gabinete<\/strong><\/a><br \/>\nSala 7032<\/td>\n<td style=\"border: 1px solid #00BFFF;\">Profa. Isabela Almeida Pordeus<br \/>\n[Pr\u00f3-Reitora]<\/td>\n<td style=\"border: 1px solid #00BFFF;\">3409 4045<\/td>\n<\/tr>\n<tr style=\"vertical-align: middle; text-align: center;\">\n<td style=\"border: 1px solid #00BFFF;\">Prof. Bruno Souza Leal<br \/>\n[Pr\u00f3-Reitor Adjunto]<\/td>\n<td style=\"border: 1px solid #00BFFF;\">3409 4039<\/td>\n<\/tr>\n<tr style=\"vertical-align: middle; text-align: center;\">\n<td style=\"border: 1px solid #00BFFF;\">Juliana Miranda Silva<br \/>\n[Chefe de Gabinete]<\/td>\n<td style=\"border: 1px solid #00BFFF;\">3409 4047<\/td>\n<\/tr>\n<tr style=\"vertical-align: middle; text-align: center;\">\n<td style=\"border: 1px solid #00BFFF;\">Marluce Maria de Menezes<br \/>\n[Recep\u00e7\u00e3o]<\/td>\n<td style=\"border: 1px solid #00BFFF;\">3409 4468<\/td>\n<\/tr>\n<tr style=\"vertical-align: middle; text-align: center;\">\n<td style=\"border: 1px solid #00BFFF;\">Ana Luisa de Vasconcelos Terto<br \/>\n[Secretaria \u2013 Not\u00f3rio Saber]<\/td>\n<td style=\"border: 1px solid #00BFFF;\">3409 6495<\/td>\n<\/tr>\n<tr style=\"vertical-align: middle; text-align: center;\">\n<td style=\"border: 1px solid #00BFFF;\" rowspan=\"2\"><a href=\"https:\/\/www.ufmg.br\/prpg\/assessoria-academica\/\"><strong>Assessoria Acad\u00eamica<\/strong><\/a><br \/>\nSala 7017<\/td>\n<td style=\"border: 1px solid #00BFFF;\">Amanda Maria Silva Nogueira<br \/>\n[Diretora]<\/td>\n<td style=\"border: 1px solid #00BFFF;\">3409 4042<\/td>\n<\/tr>\n<tr style=\"vertical-align: middle; text-align: center;\">\n<td style=\"border: 1px solid #00BFFF;\">Enio de Oliveira<br \/>\nLorena Maia<br \/>\nMelissa Cobra Torre<br \/>\nRaquel Pereira de Souza<br \/>\nSimone Orsi Guimar\u00e3es<br \/>\nThauane Paz Alves<br \/>\nVanessa Ramos Alves Neves<\/td>\n<td style=\"border: 1px solid #00BFFF;\">3409 4536<\/td>\n<\/tr>\n<tr style=\"vertical-align: middle; text-align: center;\">\n<td style=\"border: 1px solid #00BFFF;\"><a href=\"https:\/\/www.ufmg.br\/prpg\/assessoria-internacional\/\"><strong>Assessoria de Assuntos Internacionais<\/strong><\/a><br \/>\nSala 7026<\/td>\n<td style=\"border: 1px solid #00BFFF;\">Jacqueline Piedade da Silva [Chefia]<br \/>\n\u00c1guida Moreira Santos<br \/>\nVin\u00edcius do Carmo Oliveira<\/td>\n<td style=\"border: 1px solid #00BFFF;\">3409 4647<\/td>\n<\/tr>\n<tr style=\"vertical-align: middle; text-align: center;\">\n<td style=\"border: 1px solid #00BFFF;\"><a href=\"https:\/\/www.ufmg.br\/prpg\/bolsas\/\"><strong>Bolsas<\/strong><\/a><br \/>\nSala 7026<\/td>\n<td style=\"border: 1px solid #00BFFF;\">Thais Almeida Arantes Villela [Chefia]<br \/>\nKeila Cec\u00edlia de Melo<br \/>\nMarina Luiza Nobre Bueno<\/td>\n<td style=\"border: 1px solid #00BFFF;\">3409 4048<\/td>\n<\/tr>\n<tr style=\"vertical-align: middle; text-align: center;\">\n<td style=\"border: 1px solid #00BFFF;\"><a href=\"https:\/\/www.ufmg.br\/prpg\/expedicao-de-diplomas\/\"><strong>Expedi\u00e7\u00e3o de Diplomas<\/strong><\/a><br \/>\nSala 7013<\/td>\n<td style=\"border: 1px solid #00BFFF;\">Elenice Virginia Telles [Chefia]<br \/>\nJefferson de Oliveira<br \/>\nS\u00e2myla Mar\u00edlia Miranda Abreu [Estagi\u00e1ria]<\/td>\n<td style=\"border: 1px solid #00BFFF;\">3409 4041<\/td>\n<\/tr>\n<tr style=\"vertical-align: middle; text-align: center;\">\n<td style=\"border: 1px solid #00BFFF;\"><a href=\"https:\/\/www.ufmg.br\/prpg\/pessoal\/\"><strong>Pessoal<\/strong><\/a><br \/>\nSala 7005<\/td>\n<td style=\"border: 1px solid #00BFFF;\">Fl\u00e1via Gomes de Oliveira Lopes<\/td>\n<td style=\"border: 1px solid #00BFFF;\">3409 6414<\/td>\n<\/tr>\n<tr style=\"vertical-align: middle; text-align: center;\">\n<td style=\"border: 1px solid #00BFFF;\"><a href=\"https:\/\/www.ufmg.br\/prpg\/financeiro\/\"><strong>Financeiro<\/strong><\/a><br \/>\nSala 7028<\/td>\n<td style=\"border: 1px solid #00BFFF;\">Helder Ant\u00f4nio Matias [Chefia]<br \/>\nThiane Garcia<\/td>\n<td style=\"border: 1px solid #00BFFF;\">3409 4049<\/td>\n<\/tr>\n<tr style=\"vertical-align: middle; text-align: center;\">\n<td style=\"border: 1px solid #00BFFF;\" rowspan=\"5\"><a href=\"https:\/\/www.ufmg.br\/prpg\/secretaria-administrativa\/\"><strong>Secretaria Administrativa<\/strong><\/a><br \/>\nSala 7005<\/td>\n<td style=\"border: 1px solid #00BFFF;\">Tamires Regina da Silva Santos [Chefia]<\/td>\n<td style=\"border: 1px solid #00BFFF;\">3409 4044<\/td>\n<\/tr>\n<tr style=\"vertical-align: middle; text-align: center;\">\n<td style=\"border: 1px solid #00BFFF;\">Marina de Sousa Campon\u00eaz<\/td>\n<td style=\"border: 1px solid #00BFFF;\">3409 4040<\/td>\n<\/tr>\n<tr style=\"vertical-align: middle; text-align: center;\">\n<td style=\"border: 1px solid #00BFFF;\">Max Lemos Machado de Farias<\/td>\n<td style=\"border: 1px solid #00BFFF;\">3409 4046<\/td>\n<\/tr>\n<tr style=\"vertical-align: middle; text-align: center;\">\n<td style=\"border: 1px solid #00BFFF;\">Tatiele Rutiele Ribeiro Frois<\/td>\n<td style=\"border: 1px solid #00BFFF;\">3409 4040<\/td>\n<\/tr>\n<tr style=\"vertical-align: middle; text-align: center;\">\n<td style=\"border: 1px solid #00BFFF;\">Adan Vinicius da Silva Gon\u00e7alves Sim\u00f5es [Estagi\u00e1rio]<\/td>\n<td style=\"border: 1px solid #00BFFF;\">3409 6414<\/td>\n<\/tr>\n<\/tbody>\n<\/table>\n<\/div>\n","protected":false},"excerpt":{"rendered":"<p>Setores Nomes Telefones Gabinete Sala 7032 Profa. Isabela Almeida Pordeus [&hellip;]<\/p>\n","protected":false},"author":1,"featured_media":0,"parent":0,"menu_order":0,"comment_status":"closed","ping_status":"closed","template":"","meta":[],"tags":[],"_links":{"self":[{"href":"https:\/\/www.ufmg.br\/prpg\/wp-json\/wp\/v2\/pages\/340"}],"collection":[{"href":"https:\/\/www.ufmg.br\/prpg\/wp-json\/wp\/v2\/pages"}],"about":[{"href":"https:\/\/www.ufmg.br\/prpg\/wp-json\/wp\/v2\/types\/page"}],"author":[{"embeddable":true,"href":"https:\/\/www.ufmg.br\/prpg\/wp-json\/wp\/v2\/users\/1"}],"replies":[{"embeddable":true,"href":"https:\/\/www.ufmg.br\/prpg\/wp-json\/wp\/v2\/comments?post=340"}],"version-history":[{"count":119,"href":"https:\/\/www.ufmg.br\/prpg\/wp-json\/wp\/v2\/pages\/340\/revisions"}],"predecessor-version":[{"id":5122,"href":"https:\/\/www.ufmg.br\/prpg\/wp-json\/wp\/v2\/pages\/340\/revisions\/5122"}],"wp:attachment":[{"href":"https:\/\/www.ufmg.br\/prpg\/wp-json\/wp\/v2\/media?parent=340"}],"wp:term":[{"taxonomy":"post_tag","embeddable":true,"href":"https:\/\/www.ufmg.br\/prpg\/wp-json\/wp\/v2\/tags?post=340"}],"curies":[{"name":"wp","href":"https:\/\/api.w.org\/{rel}","templated":true}]}}