{"id":358,"date":"2021-07-14T17:02:50","date_gmt":"2021-07-14T20:02:50","guid":{"rendered":"https:\/\/www.ufmg.br\/prpg\/?page_id=358"},"modified":"2026-04-13T16:14:43","modified_gmt":"2026-04-13T19:14:43","slug":"membros-da-camara-de-pos-graduacao","status":"publish","type":"page","link":"https:\/\/www.ufmg.br\/prpg\/membros-da-camara-de-pos-graduacao\/","title":{"rendered":"Membros da C\u00e2mara de P\u00f3s-Gradua\u00e7\u00e3o"},"content":{"rendered":"<p style=\"color: #000000;\" align=\"justify\">A C\u00e2mara de P\u00f3s-Gradua\u00e7\u00e3o (CPG) \u00e9 definida por Resolu\u00e7\u00e3o Complementar do Conselho Universit\u00e1rio, mediante proposta do Conselho de Ensino, Pesquisa e Extens\u00e3o. \u00c9 presidida pela Pr\u00f3-Reitora de P\u00f3s-Gradua\u00e7\u00e3o e integrada por Conselheiros eleitos pelo Plen\u00e1rio dentre seus membros (Art. 18 do <a href=\"https:\/\/www2.ufmg.br\/sods\/Sods\/Sobre-a-UFMG\/Estatuto\" target=\"_blank\" rel=\"noopener\">Estatuto da UFMG<\/a>).<\/p>\n<h4 style=\"color: #000000;\" align=\"justify\">Constitui\u00e7\u00e3o da CPG<\/h4>\n<p style=\"color: #000000;\" align=\"justify\"><strong>Presidente:<\/strong> Prof\u00aa. Profa. Isabela Almeida Pordeus \u2013 Pr\u00f3-Reitora de P\u00f3s-Gradua\u00e7\u00e3o \u2013 mandato at\u00e9 03\/2030<\/p>\n<p style=\"color: #000000;\" align=\"justify\"><strong>Vice Presidente:<\/strong> Prof. Bruno Souza Leal \u2013 Pr\u00f3-Reitor Adjunto de P\u00f3s-Gradua\u00e7\u00e3o \u2013 mandato at\u00e9 03\/203o<\/p>\n<p style=\"color: #000000;\" align=\"justify\"><strong>Secretaria:\u00a0<\/strong>Juliana Miranda Silva<\/p>\n<h5 style=\"color: #000000;\" align=\"justify\"><strong>Representa\u00e7\u00e3o<\/strong><\/h5>\n<div style=\"overflow-x: auto;\">\n<table style=\"height: 1456px;\" width=\"782\">\n<tbody>\n<tr>\n<td width=\"320\"><strong>Nome<\/strong><\/td>\n<td width=\"80\"><strong>Status<\/strong><\/td>\n<td width=\"110\"><strong>T\u00e9rmino Mandato<\/strong><\/td>\n<\/tr>\n<tr>\n<td>PROFA. ADRIANA MARIA VALLAD\u00c3O NOVAIS VAN PETTEN (Representante das Coordena\u00e7\u00f5es de PPGs)<\/td>\n<td>EFETIVA<\/td>\n<td>21\/05\/2028<\/td>\n<\/tr>\n<tr>\n<td>PROFA. ADRIANA ARA\u00daJO PEREIRA BORGES (Representante das Coordena\u00e7\u00f5es de PPGs)<\/td>\n<td>SUPLENTE<\/td>\n<td>21\/05\/2028<\/td>\n<\/tr>\n<tr>\n<td>PROF. HELIO ANDERSON DUARTE (Representante das Coordena\u00e7\u00f5es de PPGs)<\/td>\n<td>EFETIVO<\/td>\n<td>20\/07\/2027<\/td>\n<\/tr>\n<tr>\n<td>PROF. RODRIGO LAMBERT OR\u00c9FICE (Representante das Coordena\u00e7\u00f5es de PPGs)<\/td>\n<td>SUPLENTE<\/td>\n<td>20\/07\/2027<\/td>\n<\/tr>\n<tr>\n<td>PROF. ROMULO MONTE ALTO (Representante das Coordena\u00e7\u00f5es de PPGs) &#8211; Titular<\/td>\n<td>EFETIVO<\/td>\n<td>20\/07\/2027<\/td>\n<\/tr>\n<tr>\n<td>PROFA. PATR\u00cdCIA COTTA MANCINI (Representante das Coordena\u00e7\u00f5es de PPGs)<\/td>\n<td>SUPLENTE<\/td>\n<td>20\/07\/2027<\/td>\n<\/tr>\n<tr>\n<td>PROF. MARCELO CAMPOS GALUPPO (Representante da Faculdade de Direito)<\/td>\n<td>EFETIVO<\/td>\n<td>24\/02\/2028<\/td>\n<\/tr>\n<tr>\n<td>PROF. LUCAS CARLOS LIMA (Representante da Faculdade de Direito)<\/td>\n<td>SUPLENTE<\/td>\n<td>24\/02\/2028<\/td>\n<\/tr>\n<tr>\n<td>PROF. FEL\u00cdCIO BRUZZI BARROS (Representante da Faculdade de Engenharia)<\/td>\n<td>EFETIVO<\/td>\n<td>28\/09\/2028<\/td>\n<\/tr>\n<tr>\n<td>PROFA. AUGUSTA CERCEAU ISAAC NETA (Representante da Faculdade de Engenharia)<\/td>\n<td>SUPLENTE<\/td>\n<td>28\/09\/2028<\/td>\n<\/tr>\n<tr>\n<td>PROFA. DANUSA DIAS SOARES (Representante da Escola de Educa\u00e7\u00e3o F\u00edsica, Fisioterapia e Terapia Ocupacional)<\/td>\n<td>EFETIVA<\/td>\n<td>04\/09\/2028<\/td>\n<\/tr>\n<tr>\n<td>PROFA. ANDRESSA DA SILVA DE MELLO (Representante da Escola de Educa\u00e7\u00e3o F\u00edsica, Fisioterapia e Terapia Ocupacional)<\/td>\n<td>SUPLENTE<\/td>\n<td>04\/09\/2028<\/td>\n<\/tr>\n<tr>\n<td>PROF. PEDRO GUATIMOSIM VIDIGAL (Representante da Faculdade de Medicina)<\/td>\n<td>EFETIVO<\/td>\n<td>29\/04\/2028<\/td>\n<\/tr>\n<tr>\n<td>PROFA. LUCIANA MACEDO DE RESENDE (Representante da Faculdade de Medicina)<\/td>\n<td>SUPLENTE<\/td>\n<td>29\/04\/2028<\/td>\n<\/tr>\n<tr>\n<td>PROFA. EDITE MARIA OLIVEIRA DA ROCHA (Representante da Escola de M\u00fasica)<\/td>\n<td>EFETIVA<\/td>\n<td>22\/06\/2028<\/td>\n<\/tr>\n<tr>\n<td>PROFA. IARA REGINA FRICKE MATTE (Representante da Escola de M\u00fasica)<\/td>\n<td>SUPLENTE<\/td>\n<td>22\/06\/2028<\/td>\n<\/tr>\n<tr>\n<td>PROFA. RAQUEL CONCEI\u00c7\u00c3O FERREIRA (Representante da Faculdade de Odontologia)<\/td>\n<td>EFETIVA<\/td>\n<td>12\/07\/2027<\/td>\n<\/tr>\n<tr>\n<td>PROF. RODRIGO RICHARD DA SILVEIRA (Representante da Faculdade de Odontologia)<\/td>\n<td>SUPLENTE<\/td>\n<td>12\/07\/2027<\/td>\n<\/tr>\n<tr>\n<td>UNIV. THAIS OLIVEIRA DE OLIVEIRA (Representante Discente)<\/td>\n<td>EFETIVA<\/td>\n<td>24\/06\/2026<\/td>\n<\/tr>\n<tr>\n<td>UNIV. GUILHERME VON RONDOW NASCIMENTO (Representante Discente)<\/td>\n<td>SUPLENTE<\/td>\n<td>24\/06\/2026<\/td>\n<\/tr>\n<tr>\n<td>UNIV. ANTONIO UG\u00c1 NETO (Representante Discente)<\/td>\n<td>EFETIVO<\/td>\n<td>24\/06\/2026<\/td>\n<\/tr>\n<tr>\n<td>UNIV. LUNARE CARDOSO AMORIM (Representante Discente)<\/td>\n<td>SUPLENTE<\/td>\n<td>24\/06\/2026<\/td>\n<\/tr>\n<\/tbody>\n<\/table>\n<div><\/div>\n<\/div>\n","protected":false},"excerpt":{"rendered":"<p>A C\u00e2mara de P\u00f3s-Gradua\u00e7\u00e3o (CPG) \u00e9 definida por Resolu\u00e7\u00e3o Complementar [&hellip;]<\/p>\n","protected":false},"author":1,"featured_media":0,"parent":0,"menu_order":0,"comment_status":"closed","ping_status":"closed","template":"","meta":[],"tags":[],"_links":{"self":[{"href":"https:\/\/www.ufmg.br\/prpg\/wp-json\/wp\/v2\/pages\/358"}],"collection":[{"href":"https:\/\/www.ufmg.br\/prpg\/wp-json\/wp\/v2\/pages"}],"about":[{"href":"https:\/\/www.ufmg.br\/prpg\/wp-json\/wp\/v2\/types\/page"}],"author":[{"embeddable":true,"href":"https:\/\/www.ufmg.br\/prpg\/wp-json\/wp\/v2\/users\/1"}],"replies":[{"embeddable":true,"href":"https:\/\/www.ufmg.br\/prpg\/wp-json\/wp\/v2\/comments?post=358"}],"version-history":[{"count":53,"href":"https:\/\/www.ufmg.br\/prpg\/wp-json\/wp\/v2\/pages\/358\/revisions"}],"predecessor-version":[{"id":5129,"href":"https:\/\/www.ufmg.br\/prpg\/wp-json\/wp\/v2\/pages\/358\/revisions\/5129"}],"wp:attachment":[{"href":"https:\/\/www.ufmg.br\/prpg\/wp-json\/wp\/v2\/media?parent=358"}],"wp:term":[{"taxonomy":"post_tag","embeddable":true,"href":"https:\/\/www.ufmg.br\/prpg\/wp-json\/wp\/v2\/tags?post=358"}],"curies":[{"name":"wp","href":"https:\/\/api.w.org\/{rel}","templated":true}]}}