{"id":370,"date":"2021-07-16T11:52:17","date_gmt":"2021-07-16T14:52:17","guid":{"rendered":"https:\/\/www.ufmg.br\/prpg\/?page_id=370"},"modified":"2024-04-30T07:37:55","modified_gmt":"2024-04-30T10:37:55","slug":"compras","status":"publish","type":"page","link":"https:\/\/www.ufmg.br\/prpg\/compras\/","title":{"rendered":"Compras"},"content":{"rendered":"<p>O Agente de Compras \u00a0\u00e9 respons\u00e1vel por acompanhar os processos de compras e contrata\u00e7\u00f5es de interesse da PRPG, atuando na interlocu\u00e7\u00e3o junto \u00e0 Central de Compras da UFMG.<\/p>\n<h4 style=\"color: #000000;\">Contatos:<\/h4>\n<ul style=\"color: #000000;\">\n<li>E-mail: compras@prpg.ufmg.br<\/li>\n<li>Telefones: 3409-6414<\/li>\n<li>Sala 7013<\/li>\n<\/ul>\n<h4>Documentos para Download<\/h4>\n<div id=\"sp-ea-456\" class=\"sp-ea-one sp-easy-accordion\" data-ex-icon=\"fa-minus\" data-col-icon=\"fa-plus\"  data-ea-active=\"ea-click\"  data-ea-mode=\"vertical\" data-preloader=\"\"><div class=\"ea-card ea-expand sp-ea-single\"><h3 class=\"ea-header\"><a class=\"collapsed\" data-sptoggle=\"spcollapse\" data-sptarget=\"#collapse4560\" href=\"javascript:void(0)\" aria-expanded=\"true\"><i class=\"ea-expand-icon fa fa-minus\"><\/i> Solicita\u00e7\u00e3o de Di\u00e1rias e Passagens<\/a><\/h3><div class=\"sp-collapse spcollapse collapsed show\" id=\"collapse4560\" data-parent=\"#sp-ea-456\"><div class=\"ea-body\"> <p><a href=\"https:\/\/www.ufmg.br\/prpg\/wp-content\/uploads\/2021\/07\/Declaracao-de-Veiculo-Proprio-Colaborador-eventual.doc\" target=\"_blank\" rel=\"noopener\">Declara\u00e7\u00e3o de Ve\u00edculo Pr\u00f3prio - Colaborador eventual<\/a><\/p>\n<p><a href=\"https:\/\/www.ufmg.br\/prpg\/wp-content\/uploads\/2021\/07\/Declaracao-de-Veiculo-Proprio-Servidor-Federal-visitante.doc\" target=\"_blank\" rel=\"noopener\">Declara\u00e7\u00e3o de Ve\u00edculo Pr\u00f3prio - Servidor Federal visitante<\/a><\/p>\n<p><a href=\"https:\/\/www.ufmg.br\/prpg\/wp-content\/uploads\/2021\/07\/Declaracao-de-Veiculo-Proprio-Servidor-UFMG.doc\" target=\"_blank\" rel=\"noopener\">Declara\u00e7\u00e3o de Ve\u00edculo Pr\u00f3prio - Servidor UFMG<\/a><\/p>\n<p><a href=\"https:\/\/www.ufmg.br\/prpg\/wp-content\/uploads\/2021\/07\/Modelo-Pedido-de-MaterialServicos-\u2013-PMS.pdf\" target=\"_blank\" rel=\"noopener\">Modelo Pedido de Material&amp;Servi\u00e7os \u2013 PMS<\/a><\/p>\n<p><a href=\"https:\/\/www.ufmg.br\/prpg\/wp-content\/uploads\/2021\/07\/Relatorio-de-Viagem.xlsx\" target=\"_blank\" rel=\"noopener\">Relat\u00f3rio de Viagem<\/a><\/p>\n <\/div><\/div><\/div><div class=\"ea-card  sp-ea-single\"><h3 class=\"ea-header\"><a class=\"collapsed\" data-sptoggle=\"spcollapse\" data-sptarget=\"#collapse4561\" href=\"javascript:void(0)\" aria-expanded=\"false\"><i class=\"ea-expand-icon fa fa-plus\"><\/i> Legisla\u00e7\u00e3o<\/a><\/h3><div class=\"sp-collapse spcollapse \" id=\"collapse4561\" data-parent=\"#sp-ea-456\"><div class=\"ea-body\"> <p><a href=\"https:\/\/www.ufmg.br\/prpg\/wp-content\/uploads\/2021\/07\/Decreto_5992_2006_ConcDiaria.pdf\" target=\"_blank\" rel=\"noopener\">Decreto 5.992 de 19\/12\/2006: Disp\u00f5e sobre a concess\u00e3o de di\u00e1rias no \u00e2mbito da administra\u00e7\u00e3o federal direta, aut\u00e1rquica e fundacional<\/a><\/p>\n<p><a href=\"https:\/\/www.ufmg.br\/prpg\/wp-content\/uploads\/2021\/07\/DECRETO-No-91.800-DE-18-DE-OUTUBRO-DE-1985.pdf\" target=\"_blank\" rel=\"noopener\">Decreto 91.800\/85: Disp\u00f5e sobre viagens ao exterior, a servi\u00e7o ou com o fim de aperfei\u00e7oamento sem nomea\u00e7\u00e3o ou designa\u00e7\u00e3o, e d\u00e1 outras provid\u00eancias<\/a><\/p>\n<p><a href=\"https:\/\/www.ufmg.br\/prpg\/wp-content\/uploads\/2021\/07\/LEI-No-8.666-DE-21-DE-JUNHO-DE-1993.pdf\" target=\"_blank\" rel=\"noopener\">Lei 8.666 de 21\/06\/1993: Regulamenta o art. 37, inciso XXI, da Constitui\u00e7\u00e3o Federal, institui normas para licita\u00e7\u00f5es e contratos da Administra\u00e7\u00e3o P\u00fablica<\/a><\/p>\n<p><a href=\"https:\/\/www.ufmg.br\/prpg\/wp-content\/uploads\/2021\/07\/Mapa-da-regiao-metropolitana-de-Belo-Horizonte.pdf\" target=\"_blank\" rel=\"noopener\">Mapa da regi\u00e3o metropolitana de Belo Horizonte<\/a><\/p>\n<p><a href=\"https:\/\/www.ufmg.br\/prpg\/wp-content\/uploads\/2021\/07\/Portaria-n.o-034-de-30-de-maio-2006.pdf\" target=\"_blank\" rel=\"noopener\">Portaria n\u00ba 034 de 30\/05\/2006 da CAPES: Regulamento do Programa de Excel\u00eancia Acad\u00eamica \u2013 PROEX<\/a><\/p>\n<p><a href=\"https:\/\/www.ufmg.br\/prpg\/wp-content\/uploads\/2021\/07\/PORTARIA-No-156-DE-28-DE-NOVEMBRO-DE-2014.pdf\" target=\"_blank\" rel=\"noopener\">Portaria n\u00ba 156 \u2013 de 28\/11\/2014: Regulamento do Programa de Apoio \u00e0 P\u00f3s-Gradua\u00e7\u00e3o (PROAP)<\/a><\/p>\n<p><a href=\"https:\/\/www.ufmg.br\/prpg\/wp-content\/uploads\/2021\/07\/PORTARIA-No-505-DE-29-DE-DEZEMBRO-DE-2009.pdf\" target=\"_blank\" rel=\"noopener\">Portaria n\u00ba 505 de 29\/12\/2009 do Minist\u00e9rio do Planejamento, Or\u00e7amento e Gest\u00e3o: procedimentos para racionaliza\u00e7\u00e3o de gastos com a emiss\u00e3o de bilhetes de passagens a\u00e9reas para viagens a servi\u00e7o<\/a><\/p>\n<p><a href=\"https:\/\/www.ufmg.br\/prpg\/wp-content\/uploads\/2021\/07\/Regimento-Geral-da-UFMG.pdf\" target=\"_blank\" rel=\"noopener\">Regimento Geral da UFMG<\/a><\/p>\n <\/div><\/div><\/div><div class=\"ea-card  sp-ea-single\"><h3 class=\"ea-header\"><a class=\"collapsed\" data-sptoggle=\"spcollapse\" data-sptarget=\"#collapse4562\" href=\"javascript:void(0)\" aria-expanded=\"false\"><i class=\"ea-expand-icon fa fa-plus\"><\/i> Instru\u00e7\u00f5es de Procedimentos para Solicita\u00e7\u00f5es<\/a><\/h3><div class=\"sp-collapse spcollapse \" id=\"collapse4562\" data-parent=\"#sp-ea-456\"><div class=\"ea-body\"> <p><a href=\"https:\/\/www.ufmg.br\/prpg\/wp-content\/uploads\/2021\/07\/Manual-de-Procedimentos-para-Solicitacao-de-Materiais-de-Importacao-para-os-Programas-de-Pos-Graduacao..doc\" target=\"_blank\" rel=\"noopener\">Manual de Procedimentos para Solicita\u00e7\u00e3o de Materiais de Importa\u00e7\u00e3o para os Programas de P\u00f3s-Gradua\u00e7\u00e3o<\/a><\/p>\n <\/div><\/div><\/div><\/div>\n","protected":false},"excerpt":{"rendered":"<p>O Agente de Compras \u00a0\u00e9 respons\u00e1vel por acompanhar os processos [&hellip;]<\/p>\n","protected":false},"author":1,"featured_media":0,"parent":0,"menu_order":0,"comment_status":"closed","ping_status":"closed","template":"","meta":[],"tags":[],"_links":{"self":[{"href":"https:\/\/www.ufmg.br\/prpg\/wp-json\/wp\/v2\/pages\/370"}],"collection":[{"href":"https:\/\/www.ufmg.br\/prpg\/wp-json\/wp\/v2\/pages"}],"about":[{"href":"https:\/\/www.ufmg.br\/prpg\/wp-json\/wp\/v2\/types\/page"}],"author":[{"embeddable":true,"href":"https:\/\/www.ufmg.br\/prpg\/wp-json\/wp\/v2\/users\/1"}],"replies":[{"embeddable":true,"href":"https:\/\/www.ufmg.br\/prpg\/wp-json\/wp\/v2\/comments?post=370"}],"version-history":[{"count":11,"href":"https:\/\/www.ufmg.br\/prpg\/wp-json\/wp\/v2\/pages\/370\/revisions"}],"predecessor-version":[{"id":3883,"href":"https:\/\/www.ufmg.br\/prpg\/wp-json\/wp\/v2\/pages\/370\/revisions\/3883"}],"wp:attachment":[{"href":"https:\/\/www.ufmg.br\/prpg\/wp-json\/wp\/v2\/media?parent=370"}],"wp:term":[{"taxonomy":"post_tag","embeddable":true,"href":"https:\/\/www.ufmg.br\/prpg\/wp-json\/wp\/v2\/tags?post=370"}],"curies":[{"name":"wp","href":"https:\/\/api.w.org\/{rel}","templated":true}]}}