{"id":372,"date":"2021-07-16T11:54:24","date_gmt":"2021-07-16T14:54:24","guid":{"rendered":"https:\/\/www.ufmg.br\/prpg\/?page_id=372"},"modified":"2025-04-09T11:13:03","modified_gmt":"2025-04-09T14:13:03","slug":"expedicao-de-diplomas","status":"publish","type":"page","link":"https:\/\/www.ufmg.br\/prpg\/expedicao-de-diplomas\/","title":{"rendered":"Expedi\u00e7\u00e3o de Diplomas"},"content":{"rendered":"<p>O\u00a0<strong>Setor de Expedi\u00e7\u00e3o de Diplomas<\/strong>\u00a0tem as seguintes atribui\u00e7\u00f5es:<\/p>\n<ul>\n<li>Analisar e expedir certificados dos Cursos de Especializa\u00e7\u00e3o;<\/li>\n<li>Analisar e expedir diplomas dos Programas de Doutorado e Mestrado;<\/li>\n<li>Analisar, expedir e registrar Certificados de P\u00f3s-Doutoral;<\/li>\n<li>Analisar e expedir diplomas de Not\u00f3rio Saber;<\/li>\n<li>Analisar e expedir diplomas de Pr\u00eamio Teses.<\/li>\n<\/ul>\n<h4>Contatos:<\/h4>\n<ul>\n<li>E-mail: sed@prpg.ufmg.br<\/li>\n<li>Telefones: 3409-4041<\/li>\n<li>Sala 7013<\/li>\n<\/ul>\n<h4>Documentos para Download<\/h4>\n<div id=\"sp-ea-471\" class=\"sp-ea-one sp-easy-accordion\" data-ex-icon=\"fa-minus\" data-col-icon=\"fa-plus\"  data-ea-active=\"ea-click\"  data-ea-mode=\"vertical\" data-preloader=\"\"><div class=\"ea-card ea-expand sp-ea-single\"><h3 class=\"ea-header\"><a class=\"collapsed\" data-sptoggle=\"spcollapse\" data-sptarget=\"#collapse4710\" href=\"javascript:void(0)\" aria-expanded=\"true\"><i class=\"ea-expand-icon fa fa-minus\"><\/i> RELA\u00c7\u00c3O DE DOCUMENTOS PARA EXPEDI\u00c7\u00c3O DE DIPLOMAS<\/a><\/h3><div class=\"sp-collapse spcollapse collapsed show\" id=\"collapse4710\" data-parent=\"#sp-ea-471\"><div class=\"ea-body\"> <p><a href=\"https:\/\/www.ufmg.br\/prpg\/wp-content\/uploads\/2025\/04\/Manual_Documentos_Expedicao_Diplomas.pdf\" target=\"_blank\" rel=\"noopener\">Manual - Documentos para Expedi\u00e7\u00e3o de Diplomas de Mestrado, Doutorado, Certificados de Especializa\u00e7\u00e3o e P\u00f3s- Doutoral<\/a><\/p>\n<p><a href=\"https:\/\/www2.ufmg.br\/drca\/drca\/Home\/Registro-de-Diplomas\/Taxas-de-Registro-de-Diplomas\" target=\"_blank\" rel=\"noopener\">Emiss\u00e3o da 2\u00aa Via de Diplomas \u2013 Instru\u00e7\u00f5es Para Pagamento da Taxa<\/a><\/p>\n <\/div><\/div><\/div><div class=\"ea-card  sp-ea-single\"><h3 class=\"ea-header\"><a class=\"collapsed\" data-sptoggle=\"spcollapse\" data-sptarget=\"#collapse4711\" href=\"javascript:void(0)\" aria-expanded=\"false\"><i class=\"ea-expand-icon fa fa-plus\"><\/i> Formul\u00e1rios<\/a><\/h3><div class=\"sp-collapse spcollapse \" id=\"collapse4711\" data-parent=\"#sp-ea-471\"><div class=\"ea-body\"> <p><a href=\"https:\/\/www.ufmg.br\/prpg\/wp-content\/uploads\/2021\/07\/Historico-Escolar-\u2013-Especializacao-anterior-a-2010.doc\" target=\"_blank\" rel=\"noopener\">Hist\u00f3rico Escolar \u2013 Especializa\u00e7\u00e3o anterior \u00e0 2010<\/a><\/p>\n<p><a href=\"https:\/\/www.ufmg.br\/prpg\/wp-content\/uploads\/2021\/07\/Portaria-011-14-\u2013-Expedicao-de-Diploma-em-Carater-de-Urgencia.pdf\" target=\"_blank\" rel=\"noopener\">Portaria 011-14 \u2013 Expedi\u00e7\u00e3o de Diploma em Car\u00e1ter de Urg\u00eancia<\/a><\/p>\n<p><a href=\"https:\/\/www.ufmg.br\/prpg\/wp-content\/uploads\/2021\/07\/REQUERIMENTO-DE-REGISTRO-DE-DIPLOMA-EM-CARATER-PRIORITARIO.pdf\" target=\"_blank\" rel=\"noopener\">Requerimento de Registro de Diploma em Car\u00e1ter Priorit\u00e1rio ( Enviar para o endere\u00e7o: sed@prpg.ufmg.br )<\/a><\/p>\n<p><a href=\"https:\/\/www.ufmg.br\/prpg\/wp-content\/uploads\/2021\/07\/Orientacoes-para-envio-de-processos-para-emissao-de-Certificados-de-Pos-Doutoral.pdf\" target=\"_blank\" rel=\"noopener\">Orienta\u00e7\u00f5es para envio de processos para emiss\u00e3o de Certificados de P\u00f3s-Doutoral<\/a><\/p>\n <\/div><\/div><\/div><\/div>\n","protected":false},"excerpt":{"rendered":"<p>O\u00a0Setor de Expedi\u00e7\u00e3o de Diplomas\u00a0tem as seguintes atribui\u00e7\u00f5es: Analisar e [&hellip;]<\/p>\n","protected":false},"author":1,"featured_media":0,"parent":0,"menu_order":0,"comment_status":"closed","ping_status":"closed","template":"","meta":[],"tags":[],"_links":{"self":[{"href":"https:\/\/www.ufmg.br\/prpg\/wp-json\/wp\/v2\/pages\/372"}],"collection":[{"href":"https:\/\/www.ufmg.br\/prpg\/wp-json\/wp\/v2\/pages"}],"about":[{"href":"https:\/\/www.ufmg.br\/prpg\/wp-json\/wp\/v2\/types\/page"}],"author":[{"embeddable":true,"href":"https:\/\/www.ufmg.br\/prpg\/wp-json\/wp\/v2\/users\/1"}],"replies":[{"embeddable":true,"href":"https:\/\/www.ufmg.br\/prpg\/wp-json\/wp\/v2\/comments?post=372"}],"version-history":[{"count":9,"href":"https:\/\/www.ufmg.br\/prpg\/wp-json\/wp\/v2\/pages\/372\/revisions"}],"predecessor-version":[{"id":4492,"href":"https:\/\/www.ufmg.br\/prpg\/wp-json\/wp\/v2\/pages\/372\/revisions\/4492"}],"wp:attachment":[{"href":"https:\/\/www.ufmg.br\/prpg\/wp-json\/wp\/v2\/media?parent=372"}],"wp:term":[{"taxonomy":"post_tag","embeddable":true,"href":"https:\/\/www.ufmg.br\/prpg\/wp-json\/wp\/v2\/tags?post=372"}],"curies":[{"name":"wp","href":"https:\/\/api.w.org\/{rel}","templated":true}]}}