{"id":374,"date":"2021-07-16T12:16:23","date_gmt":"2021-07-16T15:16:23","guid":{"rendered":"https:\/\/www.ufmg.br\/prpg\/?page_id=374"},"modified":"2025-10-03T09:32:56","modified_gmt":"2025-10-03T12:32:56","slug":"financeiro","status":"publish","type":"page","link":"https:\/\/www.ufmg.br\/prpg\/financeiro\/","title":{"rendered":"Financeiro"},"content":{"rendered":"<p>O\u00a0<strong>Setor Financeiro<\/strong>\u00a0tem as seguintes atribui\u00e7\u00f5es:<\/p>\n<ul>\n<li>Atender dilig\u00eancias internas e externas;<\/li>\n<li>Coletar e tratar dados em relat\u00f3rios or\u00e7ament\u00e1rios, financeiros e patrimoniais da PRPG;<\/li>\n<li>Dar assist\u00eancia administrativa \u00e0s atividades pertinentes a execu\u00e7\u00e3o dos recursos relativos a PRPG;<\/li>\n<li>Distribuir, controlar, acompanhar e prestar contas dos Conv\u00eanios da CAPES;<\/li>\n<li>Estudar e analisar, atualizar e adequar as normas regulamentadoras e a legisla\u00e7\u00e3o or\u00e7ament\u00e1ria, financeira e patrimonial nas ag\u00eancias de fomentos e \u00f3rg\u00e3os fiscalizados pelos governos Federal, Estadual e Municipal;<\/li>\n<li>Planejar, executar, acompanhar, controlar e avaliar as \u00e1reas financeiras e or\u00e7ament\u00e1rias da PRPG;<\/li>\n<li>Receber, orientar, atender, esclarecer e assistir \u00e0s Dire\u00e7\u00f5es das Unidades e aos Colegiados de P\u00f3s-Gradua\u00e7\u00e3o, bem como a comunidade em geral.<\/li>\n<\/ul>\n<p>&nbsp;<\/p>\n<h4>Contatos:<\/h4>\n<ul>\n<li>E-mail: financeiro@prpg.ufmg.br<\/li>\n<li>Telefones: 3409-4049<\/li>\n<li>Sala 7028<\/li>\n<\/ul>\n<p>&nbsp;<\/p>\n<h4>Transpar\u00eancia<\/h4>\n<p>Apresentamos os informes relativos \u00e0\u00a0<a href=\"https:\/\/www.ufmg.br\/prpg\/transparencia-2\/\" target=\"_blank\" rel=\"noopener\"><strong>TRANSPAR\u00caNCIA<\/strong><\/a><\/p>\n<p>&nbsp;<\/p>\n<h4>Documentos para Download<\/h4>\n<div id=\"sp-ea-474\" class=\"sp-ea-one sp-easy-accordion\" data-ex-icon=\"fa-minus\" data-col-icon=\"fa-plus\"  data-ea-active=\"ea-click\"  data-ea-mode=\"vertical\" data-preloader=\"\"><div class=\"ea-card ea-expand sp-ea-single\"><h3 class=\"ea-header\"><a class=\"collapsed\" data-sptoggle=\"spcollapse\" data-sptarget=\"#collapse4740\" href=\"javascript:void(0)\" aria-expanded=\"true\"><i class=\"ea-expand-icon fa fa-minus\"><\/i> FORMUL\u00c1RIOS DE PRESTA\u00c7\u00c3O DE CONTAS PROAP<\/a><\/h3><div class=\"sp-collapse spcollapse collapsed show\" id=\"collapse4740\" data-parent=\"#sp-ea-474\"><div class=\"ea-body\"> <p><a href=\"https:\/\/www.ufmg.br\/prpg\/wp-content\/uploads\/2021\/07\/Formulario-\u2013-Prestacao-de-contas-PROAP.xls\" target=\"_blank\" rel=\"noopener\">Formul\u00e1rio \u2013 Presta\u00e7\u00e3o de contas PROAP<\/a><\/p>\n <\/div><\/div><\/div><\/div>\n","protected":false},"excerpt":{"rendered":"<p>O\u00a0Setor Financeiro\u00a0tem as seguintes atribui\u00e7\u00f5es: Atender dilig\u00eancias internas e externas; [&hellip;]<\/p>\n","protected":false},"author":1,"featured_media":0,"parent":0,"menu_order":0,"comment_status":"closed","ping_status":"closed","template":"","meta":[],"tags":[],"_links":{"self":[{"href":"https:\/\/www.ufmg.br\/prpg\/wp-json\/wp\/v2\/pages\/374"}],"collection":[{"href":"https:\/\/www.ufmg.br\/prpg\/wp-json\/wp\/v2\/pages"}],"about":[{"href":"https:\/\/www.ufmg.br\/prpg\/wp-json\/wp\/v2\/types\/page"}],"author":[{"embeddable":true,"href":"https:\/\/www.ufmg.br\/prpg\/wp-json\/wp\/v2\/users\/1"}],"replies":[{"embeddable":true,"href":"https:\/\/www.ufmg.br\/prpg\/wp-json\/wp\/v2\/comments?post=374"}],"version-history":[{"count":13,"href":"https:\/\/www.ufmg.br\/prpg\/wp-json\/wp\/v2\/pages\/374\/revisions"}],"predecessor-version":[{"id":4799,"href":"https:\/\/www.ufmg.br\/prpg\/wp-json\/wp\/v2\/pages\/374\/revisions\/4799"}],"wp:attachment":[{"href":"https:\/\/www.ufmg.br\/prpg\/wp-json\/wp\/v2\/media?parent=374"}],"wp:term":[{"taxonomy":"post_tag","embeddable":true,"href":"https:\/\/www.ufmg.br\/prpg\/wp-json\/wp\/v2\/tags?post=374"}],"curies":[{"name":"wp","href":"https:\/\/api.w.org\/{rel}","templated":true}]}}