{"id":377,"date":"2021-07-16T12:19:27","date_gmt":"2021-07-16T15:19:27","guid":{"rendered":"https:\/\/www.ufmg.br\/prpg\/?page_id=377"},"modified":"2024-04-29T15:13:27","modified_gmt":"2024-04-29T18:13:27","slug":"gabinete","status":"publish","type":"page","link":"https:\/\/www.ufmg.br\/prpg\/gabinete\/","title":{"rendered":"Gabinete"},"content":{"rendered":"<p align=\"justify\">A<b>\u00a0Secretaria do Gabinete<\/b>\u00a0\u00e9 o elo entre o Gabinete e os Setores da Pr\u00f3-Reitoria de P\u00f3s-Gradua\u00e7\u00e3o (PRPG) e tamb\u00e9m entre os demais Setores da Comunidade Universit\u00e1ria e da Comunidade Externa. Todo documento endere\u00e7ado ao Gabinete deve ser protocolizado na Secretaria Administrativa da PRPG.<\/p>\n<p align=\"justify\">A C\u00e2mara de P\u00f3s-Gradua\u00e7\u00e3o (CPG) \u00e9 inst\u00e2ncia de decis\u00e3o da Pr\u00f3-Reitoria de P\u00f3s-Gradua\u00e7\u00e3o.<\/p>\n<p align=\"justify\">A Secretaria do Gabinete\u00a0tem as seguintes atribui\u00e7\u00f5es:<\/p>\n<ul>\n<li>Atender dilig\u00eancias internas e externas;<\/li>\n<li>Atender e prestar esclarecimentos e assist\u00eancia aos colegiados dos cursos, bem como \u00e0 comunidade em geral;<\/li>\n<li>Controlar agenda dos pr\u00f3-reitores;<\/li>\n<li>Convocar, organizar e secretariar reuni\u00f5es da C\u00e2mara de P\u00f3s-Gradua\u00e7\u00e3o \u2013 CPG;<\/li>\n<li>Despachar os processos apreciados pela CPG;<\/li>\n<li>Organizar eventos e reuni\u00f5es da Pr\u00f3-Reitoria de P\u00f3s-Gradua\u00e7\u00e3o;<\/li>\n<li>Acompanhar os processos de defesa direta de tese;<\/li>\n<li>Realizar e atender liga\u00e7\u00f5es telef\u00f4nicas para o pr\u00f3-reitor e adjunto;<\/li>\n<li>Redigir correspond\u00eancias oficiais;<\/li>\n<li>Redigir editais, portarias e resolu\u00e7\u00f5es internas da PRPG.<\/li>\n<\/ul>\n<h4>Contatos:<\/h4>\n<ul>\n<li>E-mail: info@prpg.ufmg.br<\/li>\n<li>Telefones: 3409-4047 e 3409-4468<\/li>\n<li>Sala 7032<\/li>\n<\/ul>\n","protected":false},"excerpt":{"rendered":"<p>A\u00a0Secretaria do Gabinete\u00a0\u00e9 o elo entre o Gabinete e os [&hellip;]<\/p>\n","protected":false},"author":1,"featured_media":0,"parent":0,"menu_order":0,"comment_status":"closed","ping_status":"closed","template":"","meta":[],"tags":[],"_links":{"self":[{"href":"https:\/\/www.ufmg.br\/prpg\/wp-json\/wp\/v2\/pages\/377"}],"collection":[{"href":"https:\/\/www.ufmg.br\/prpg\/wp-json\/wp\/v2\/pages"}],"about":[{"href":"https:\/\/www.ufmg.br\/prpg\/wp-json\/wp\/v2\/types\/page"}],"author":[{"embeddable":true,"href":"https:\/\/www.ufmg.br\/prpg\/wp-json\/wp\/v2\/users\/1"}],"replies":[{"embeddable":true,"href":"https:\/\/www.ufmg.br\/prpg\/wp-json\/wp\/v2\/comments?post=377"}],"version-history":[{"count":4,"href":"https:\/\/www.ufmg.br\/prpg\/wp-json\/wp\/v2\/pages\/377\/revisions"}],"predecessor-version":[{"id":3872,"href":"https:\/\/www.ufmg.br\/prpg\/wp-json\/wp\/v2\/pages\/377\/revisions\/3872"}],"wp:attachment":[{"href":"https:\/\/www.ufmg.br\/prpg\/wp-json\/wp\/v2\/media?parent=377"}],"wp:term":[{"taxonomy":"post_tag","embeddable":true,"href":"https:\/\/www.ufmg.br\/prpg\/wp-json\/wp\/v2\/tags?post=377"}],"curies":[{"name":"wp","href":"https:\/\/api.w.org\/{rel}","templated":true}]}}