{"id":638,"date":"2021-07-20T19:10:04","date_gmt":"2021-07-20T22:10:04","guid":{"rendered":"https:\/\/www.ufmg.br\/prpg\/?page_id=638"},"modified":"2024-04-29T13:03:00","modified_gmt":"2024-04-29T16:03:00","slug":"legislacao","status":"publish","type":"page","link":"https:\/\/www.ufmg.br\/prpg\/legislacao\/","title":{"rendered":"Legisla\u00e7\u00e3o"},"content":{"rendered":"<div id=\"sp-ea-493\" class=\"sp-ea-one sp-easy-accordion\" data-ex-icon=\"fa-minus\" data-col-icon=\"fa-plus\"  data-ea-active=\"ea-click\"  data-ea-mode=\"vertical\" data-preloader=\"\"><div class=\"ea-card ea-expand sp-ea-single\"><h3 class=\"ea-header\"><a class=\"collapsed\" data-sptoggle=\"spcollapse\" data-sptarget=\"#collapse4930\" href=\"javascript:void(0)\" aria-expanded=\"true\"><i class=\"ea-expand-icon fa fa-minus\"><\/i> LEGISLA\u00c7\u00c3O ESPEC\u00cdFICA \u2013 UFMG<\/a><\/h3><div class=\"sp-collapse spcollapse collapsed show\" id=\"collapse4930\" data-parent=\"#sp-ea-493\"><div class=\"ea-body\"> <p><a href=\"https:\/\/www.ufmg.br\/prpg\/wp-content\/uploads\/2024\/03\/regimentogeral.mar_.23.pdf\" target=\"_blank\" rel=\"noopener\">RESOLU\u00c7\u00c3O COMPLEMENTAR Conselho Universit\u00e1rio N\u00ba 03\/2022, DE 10 DE NOVEMBRO DE 2022 - Regimento Geral da UFMG<\/a><\/p>\n<p><a href=\"https:\/\/www.ufmg.br\/prpg\/wp-content\/uploads\/2021\/07\/Normas-Gerais-de-Pos-Graduacao-da-UFMG-\u2013-No-02-2017.pdf\" target=\"_blank\" rel=\"noopener\">RESOLU\u00c7\u00c3O COMPLEMENTAR CEPE N\u00ba 02\/2017, DE 04 DE JULHO DE 2017 - Normas Gerais de P\u00f3s-Gradua\u00e7\u00e3o da UFMG<\/a><\/p>\n<p><a href=\"https:\/\/www.ufmg.br\/prpg\/wp-content\/uploads\/2024\/03\/Poli\u0301tica-de-Ac\u0327o\u0303es-Afirmativas.pdf\" target=\"_blank\" rel=\"noopener\">RESOLU\u00c7\u00c3O CEPE N\u00ba 02\/2017, DE 04 DE ABRIL DE 2017 - Poli\u0301tica de Ac\u0327o\u0303es Afirmativas da UFMG<\/a><\/p>\n<p><a href=\"https:\/\/www.ufmg.br\/prpg\/wp-content\/uploads\/2024\/03\/08rescepe2023-diretrizes-distribuicao-bolsas-pos-graduacao.pdf\" target=\"_blank\" rel=\"noopener\">RESOLUC\u0327A\u0303O CEPE N\u00ba 08\/2023, DE 16 DE NOVEMBRO DE 2023 - Diretrizes institucionais para a distribui\u00e7\u00e3o de Bolsas na P\u00f3s-Gradua\u00e7\u00e3o<\/a><\/p>\n<p><a href=\"https:\/\/www.ufmg.br\/prpg\/wp-content\/uploads\/2021\/07\/Resolucao-07_2020-de-08-de-outubro-de-2020_Estudos-Transversais.pdf\" target=\"_blank\" rel=\"noopener\">RESOLU\u00c7\u00c3O CEPE N\u00ba 07\/2020, DE 8 DE OUTUBRO DE 2020 - Estudos Transversais<\/a><\/p>\n<p><a href=\"https:\/\/www.ufmg.br\/prpg\/wp-content\/uploads\/2021\/07\/16rescepe2019-titulacaosimultaneapos-graduacaostrictosensu.pdf\" target=\"_blank\" rel=\"noopener\">RESOLU\u00c7\u00c3O CEPE N\u00ba 16\/2019, DE 14 DE NOVEMBRO DE 2019 - Titula\u00e7\u00e3o simult\u00e2nea de mestres e doutores em parceria com institui\u00e7\u00f5es estrangeiras<\/a><\/p>\n<div class=\"page\" title=\"Page 1\">\n<div class=\"layoutArea\">\n<div class=\"column\">\n<p><a href=\"https:\/\/www.ufmg.br\/prpg\/wp-content\/uploads\/2025\/12\/SEI_4614714_Resolucao_5.pdf\" target=\"_blank\" rel=\"noopener\">RESOLUC\u0327A\u0303O N\u00ba 5, DE 02 DE OUTUBRO DE 2025: Regulamenta, no a\u0302mbito da Pro\u0301- Reitoria de Po\u0301s-Graduac\u0327a\u0303o, as Atividades Acade\u0302micas realizadas com recursos externos<\/a><\/p>\n<\/div>\n<\/div>\n<\/div>\n<p><a href=\"https:\/\/www.ufmg.br\/prpg\/wp-content\/uploads\/2021\/07\/Resolucao-02_2017-de-23-de-maio-de-2017-Residencia-Pos-Doutoral.pdf\" target=\"_blank\" rel=\"noopener\">RESOLU\u00c7\u00c3O Conselho Universit\u00e1rio N\u00ba 02\/2017,\u00a0 de 23 de maio de 2017 - Resid\u00eancia P\u00f3s-Doutoral<\/a><\/p>\n<p><a href=\"https:\/\/www.ufmg.br\/prpg\/wp-content\/uploads\/2021\/07\/Resolucao-CPG-01-2013-de-05-de-julho-de-2013-\u2013-Estabelece-diretrizes-para-a-elaboracao-de-editais-de-selecao-de-candidatos-aos-cursos-de-pos-graduacao-stricto-sensu.pdf\" target=\"_blank\" rel=\"noopener\">RESOLU\u00c7\u00c3O CPG N\u00ba 01\/2013 , de 05\/07\/2013: Estabelece diretrizes para a elabora\u00e7\u00e3o de editais de sele\u00e7\u00e3o de candidatos aos cursos de p\u00f3s-gradua\u00e7\u00e3o stricto sensu<\/a><\/p>\n<p><a href=\"https:\/\/www.ufmg.br\/prpg\/wp-content\/uploads\/2021\/07\/Resolucao-CEPE-03-de-04-12-2012-Regulamenta-acordos-de-Cooperacao-com-Instituicoes-de-Ensino-Superior-do-Exterior.pdf\" target=\"_blank\" rel=\"noopener\">RESOLU\u00c7\u00c3O CEPE N\u00ba 03\/2012, de 04\/12\/2012: Regulamenta acordos de Coopera\u00e7\u00e3o com Institui\u00e7\u00f5es de Ensino Superior do Exterior<\/a><\/p>\n<div class=\"page\" title=\"Page 1\">\n<div class=\"layoutArea\">\n<div class=\"column\"><\/div>\n<\/div>\n<\/div>\n<p><a href=\"https:\/\/www.ufmg.br\/prpg\/wp-content\/uploads\/2021\/07\/Portaria-do-Reitor-088-de-12-12-2011.pdf\" target=\"_blank\" rel=\"noopener\">PORTARIA DO REITOR N\u00ba 088\/2011, de 12\/12\/2011: Regulamenta projetos de presta\u00e7\u00e3o de servi\u00e7os referentes a cursos de Especializa\u00e7\u00e3o da UFMG<\/a><\/p>\n<p><a href=\"https:\/\/www.ufmg.br\/prpg\/wp-content\/uploads\/2021\/07\/Resolucao-CEPE-07-de-14-10-2008-Regulamenta-a-oferta-do-Mestrado-Profissional-na-UFMG.pdf\" target=\"_blank\" rel=\"noopener\">RESOLU\u00c7\u00c3O CEPE N\u00ba 07\/2008, de 14\/10\/2008: Regulamenta a oferta do Mestrado Profissional na UFMG<\/a><\/p>\n<p><a href=\"https:\/\/www.ufmg.br\/prpg\/wp-content\/uploads\/2021\/07\/Resolucao-CEPE-08-de-14-10-2008-Estabelece-criterios-para-a-realizacao-da-prova-de-lingua-estrangeira-em-Programas-de-Pos-Graduacao-stricto-sensu.pdf\" target=\"_blank\" rel=\"noopener\">RESOLU\u00c7\u00c3O CEPE N\u00ba 08\/2008, de 14\/10\/2008: Estabelece crit\u00e9rios para a realiza\u00e7\u00e3o da prova de l\u00edngua estrangeira em Programas de P\u00f3s-Gradua\u00e7\u00e3o stricto sensu<\/a><\/p>\n<p><a href=\"https:\/\/www.ufmg.br\/prpg\/wp-content\/uploads\/2021\/07\/Resolucao-Conselho-Universitario-30-de-13-12-2007-Estabelece-criterios-para-cobranca-de-taxa-de-inscricao-para-os-exames-de-selecao-de-cursos-de-pos-graduacao-stricto-sensu.pdf\" target=\"_blank\" rel=\"noopener\">RESOLU\u00c7\u00c3O Conselho Universit\u00e1rio N\u00ba 30, de 13\/12\/2007: Estabelece crit\u00e9rios para cobran\u00e7a de taxa de inscri\u00e7\u00e3o para os exames de sele\u00e7\u00e3o de cursos de p\u00f3s-gradua\u00e7\u00e3o stricto sensu<\/a><\/p>\n<p><a href=\"https:\/\/www.ufmg.br\/prpg\/wp-content\/uploads\/2021\/07\/Resolucao-CEPE-09-de-25-11-1999-Reedita-com-alteracoes-a-Resolucao-no-11-96-de-21-11-96-relativa-ao-Programa-de-Monitoria-de-Pos-Graduacao-na-UFMG.pdf\" target=\"_blank\" rel=\"noopener\">RESOLU\u00c7\u00c3O CEPE N\u00ba 09\/1999, de 25\/11\/1999: Reedita com altera\u00e7\u00f5es a Resolu\u00e7\u00e3o N\u00ba 11\/1996, de 21\/11\/1996, relativa ao Programa de Monitoria de P\u00f3s-Gradua\u00e7\u00e3o na UFMG<\/a><\/p>\n <\/div><\/div><\/div><div class=\"ea-card  sp-ea-single\"><h3 class=\"ea-header\"><a class=\"collapsed\" data-sptoggle=\"spcollapse\" data-sptarget=\"#collapse4931\" href=\"javascript:void(0)\" aria-expanded=\"false\"><i class=\"ea-expand-icon fa fa-plus\"><\/i> LEGISLA\u00c7\u00c3O ESPEC\u00cdFICA \u2013 CNE<\/a><\/h3><div class=\"sp-collapse spcollapse \" id=\"collapse4931\" data-parent=\"#sp-ea-493\"><div class=\"ea-body\"> <p><a href=\"https:\/\/www.ufmg.br\/prpg\/wp-content\/uploads\/2021\/07\/Resolucao-01-2018-da-CES-CNE.pdf\" target=\"_blank\" rel=\"noopener\">Resolu\u00e7\u00e3o 01\/2018 da CES\/CNE, de 06 de abril de 2018, que estabelece diretrizes e normas para a oferta dos cursos de p\u00f3s-gradua\u00e7\u00e3o lato sensu denominados cursos de especializa\u00e7\u00e3o, no \u00e2mbito do Sistema Federal de Educa\u00e7\u00e3o<\/a><\/p>\n<p><a href=\"https:\/\/www.ufmg.br\/prpg\/wp-content\/uploads\/2021\/07\/Resolucao-no-07-de-11-12-2017-do-CNE-CES.pdf\" target=\"_blank\" rel=\"noopener\">Resolu\u00e7\u00e3o n\u00ba 07 de 11\/12\/2017 do CNE\/CES: Estabelece normas para o funcionamento de cursos de p\u00f3s-gradua\u00e7\u00e3o Stricto Sensu<\/a><\/p>\n <\/div><\/div><\/div><div class=\"ea-card  sp-ea-single\"><h3 class=\"ea-header\"><a class=\"collapsed\" data-sptoggle=\"spcollapse\" data-sptarget=\"#collapse4932\" href=\"javascript:void(0)\" aria-expanded=\"false\"><i class=\"ea-expand-icon fa fa-plus\"><\/i> LEGISLA\u00c7\u00c3O ESPEC\u00cdFICA - SETOR COMPRAS<\/a><\/h3><div class=\"sp-collapse spcollapse \" id=\"collapse4932\" data-parent=\"#sp-ea-493\"><div class=\"ea-body\"> <p><a href=\"https:\/\/www.ufmg.br\/prpg\/wp-content\/uploads\/2021\/07\/Decreto_5992_2006_ConcDiaria.pdf\" target=\"_blank\" rel=\"noopener\">Decreto 5.992 de 19\/12\/2006: Disp\u00f5e sobre a concess\u00e3o de di\u00e1rias no \u00e2mbito da administra\u00e7\u00e3o federal direta, aut\u00e1rquica e fundacional<\/a><\/p>\n<p><a href=\"https:\/\/www.ufmg.br\/prpg\/wp-content\/uploads\/2021\/07\/DECRETO-No-91.800-DE-18-DE-OUTUBRO-DE-1985.pdf\" target=\"_blank\" rel=\"noopener\">Decreto 91.800\/85: Disp\u00f5e sobre viagens ao exterior, a servi\u00e7o ou com o fim de aperfei\u00e7oamento sem nomea\u00e7\u00e3o ou designa\u00e7\u00e3o, e d\u00e1 outras provid\u00eancias<\/a><\/p>\n<p><a href=\"https:\/\/www.ufmg.br\/prpg\/wp-content\/uploads\/2021\/07\/LEI-No-8.666-DE-21-DE-JUNHO-DE-1993.pdf\" target=\"_blank\" rel=\"noopener\">Lei 8.666 de 21\/06\/1993: Regulamenta o art. 37, inciso XXI, da Constitui\u00e7\u00e3o Federal, institui normas para licita\u00e7\u00f5es e contratos da Administra\u00e7\u00e3o P\u00fablica<\/a><\/p>\n<p><a href=\"https:\/\/www.ufmg.br\/prpg\/wp-content\/uploads\/2021\/07\/Mapa-da-regiao-metropolitana-de-Belo-Horizonte.pdf\" target=\"_blank\" rel=\"noopener\">Mapa da regi\u00e3o metropolitana de Belo Horizonte<\/a><\/p>\n<p><a href=\"https:\/\/www.ufmg.br\/prpg\/wp-content\/uploads\/2021\/07\/Portaria-n.o-034-de-30-de-maio-2006.pdf\" target=\"_blank\" rel=\"noopener\">Portaria n\u00ba 034 de 30\/05\/2006 da CAPES: Regulamento do Programa de Excel\u00eancia Acad\u00eamica \u2013 PROEX<\/a><\/p>\n<p><a href=\"https:\/\/www.ufmg.br\/prpg\/wp-content\/uploads\/2021\/07\/PORTARIA-No-156-DE-28-DE-NOVEMBRO-DE-2014.pdf\" target=\"_blank\" rel=\"noopener\">Portaria n\u00ba 156 \u2013 de 28\/11\/2014: Regulamento do Programa de Apoio \u00e0 P\u00f3s-Gradua\u00e7\u00e3o (PROAP)<\/a><\/p>\n<p><a href=\"https:\/\/www.ufmg.br\/prpg\/wp-content\/uploads\/2021\/07\/PORTARIA-No-505-DE-29-DE-DEZEMBRO-DE-2009.pdf\" target=\"_blank\" rel=\"noopener\">Portaria n\u00ba 505 de 29\/12\/2009 do Minist\u00e9rio do Planejamento, Or\u00e7amento e Gest\u00e3o: procedimentos para racionaliza\u00e7\u00e3o de gastos com a emiss\u00e3o de bilhetes de passagens a\u00e9reas para viagens a servi\u00e7o<\/a><\/p>\n <\/div><\/div><\/div><div class=\"ea-card  sp-ea-single\"><h3 class=\"ea-header\"><a class=\"collapsed\" data-sptoggle=\"spcollapse\" data-sptarget=\"#collapse4933\" href=\"javascript:void(0)\" aria-expanded=\"false\"><i class=\"ea-expand-icon fa fa-plus\"><\/i> NORMAS PARA RECONHECIMENTO DE T\u00cdTULOS DE P\u00d3S GRADUA\u00c7\u00c3O OBTIDOS NO EXTERIOR<\/a><\/h3><div class=\"sp-collapse spcollapse \" id=\"collapse4933\" data-parent=\"#sp-ea-493\"><div class=\"ea-body\"> <p><a href=\"https:\/\/www2.ufmg.br\/sods\/Sods\/Sobre-a-UFMG\/Regimento-Geral\" target=\"_blank\" rel=\"noopener\">Regimento Geral da UFMG<\/a><\/p>\n<p><a href=\"https:\/\/www.ufmg.br\/prpg\/wp-content\/uploads\/2026\/03\/Edital-655-2026.pdf\" target=\"_blank\" rel=\"noopener\">EDITAL N\u00ba 655\/2026 - Reconhecimento de diplomas de P\u00f3s-Gradua\u00e7\u00e3o stricto sensu (mestrado e doutorado) expedidos por institui\u00e7\u00f5es estrangeiras de ensino superior<\/a><\/p>\n<p><a href=\"https:\/\/www.ufmg.br\/prpg\/wp-content\/uploads\/2026\/03\/TERMO-DE-COMPROMISSO-.pdf\">Termo de Compromisso 2026<\/a><\/p>\n<p><a href=\"https:\/\/www.ufmg.br\/prpg\/wp-content\/uploads\/2026\/03\/SEI_5056325_Portaria_2851.pdf\" target=\"_blank\" rel=\"noopener\">PORTARIA N\u00ba 2851\/2026 - Estabelece valores para cobran\u00e7a de taxa de inscri\u00e7\u00e3o para processos de reconhecimento de diplomas de P\u00f3s-Gradua\u00e7\u00e3o obtidos em institui\u00e7\u00f5es estrangeiras<\/a><\/p>\n<p><a href=\"https:\/\/www.ufmg.br\/prpg\/wp-content\/uploads\/2025\/03\/SEI_4019792_Portaria_1844.pdf\" target=\"_blank\" rel=\"noopener\">PORTARIA N\u00ba 1844\/2025 - Designa a Comiss\u00e3o Permanente de Reconhecimento de Diplomas de P\u00f3s-Gradua\u00e7\u00e3o Stricto Sensu obtidos no exterior<\/a><\/p>\n<p><a href=\"https:\/\/www.ufmg.br\/prpg\/wp-content\/uploads\/2026\/03\/SEI_5045134_Portaria_2714.pdf\" target=\"_blank\" rel=\"noopener\">PORTARIA N\u00ba 2714\/2026 - Designa a substitui\u00e7\u00e3o do Presidente da Comiss\u00e3o Permanente de Reconhecimento de Diplomas de P\u00f3s-Gradua\u00e7\u00e3o stricto sensu obtidos no exterior<\/a><\/p>\n<p><a href=\"https:\/\/www.ufmg.br\/prpg\/wp-content\/uploads\/2026\/03\/SEI_4960840_Portaria_1524.pdf\" target=\"_blank\" rel=\"noopener\">PORTARIA N\u00ba 1524\/2026 - Designa a substitui\u00e7\u00e3o de um membro da Comiss\u00e3o Permanente de Reconhecimento de Diplomas de P\u00f3s-Gradua\u00e7\u00e3o stricto sensu obtidos no exterior<\/a><\/p>\n<p><a href=\"https:\/\/www.ufmg.br\/prpg\/wp-content\/uploads\/2021\/07\/Resolucao-Complementar-n\u00b0-01-2017.pdf\" target=\"_blank\" rel=\"noopener\">Resolu\u00e7\u00e3o Complementar n\u00b0 01\/2017<\/a><\/p>\n<p><a href=\"https:\/\/www.ufmg.br\/prpg\/wp-content\/uploads\/2021\/07\/Normas-Gerais-de-Pos-Graduacao-da-UFMG-\u2013-No-02-2017.pdf\" target=\"_blank\" rel=\"noopener\">Normas Gerais de P\u00f3s-Gradua\u00e7\u00e3o da UFMG \u2013 N\u00ba 02\/2017<\/a><\/p>\n<p><a href=\"https:\/\/www.ufmg.br\/prpg\/wp-content\/uploads\/2021\/07\/Revisao-de-Decisao-Academica-ou-Administrativa-Tomada-por-Autoridade-ou-Orgao-da-UFMG.pdf\" target=\"_blank\" rel=\"noopener\">Revis\u00e3o de Decis\u00e3o Acad\u00eamica ou Administrativa Tomada por Autoridade ou \u00d3rg\u00e3o da UFMG<\/a><\/p>\n <\/div><\/div><\/div><\/div>\n","protected":false},"excerpt":{"rendered":"","protected":false},"author":1,"featured_media":0,"parent":0,"menu_order":0,"comment_status":"closed","ping_status":"closed","template":"","meta":[],"tags":[],"_links":{"self":[{"href":"https:\/\/www.ufmg.br\/prpg\/wp-json\/wp\/v2\/pages\/638"}],"collection":[{"href":"https:\/\/www.ufmg.br\/prpg\/wp-json\/wp\/v2\/pages"}],"about":[{"href":"https:\/\/www.ufmg.br\/prpg\/wp-json\/wp\/v2\/types\/page"}],"author":[{"embeddable":true,"href":"https:\/\/www.ufmg.br\/prpg\/wp-json\/wp\/v2\/users\/1"}],"replies":[{"embeddable":true,"href":"https:\/\/www.ufmg.br\/prpg\/wp-json\/wp\/v2\/comments?post=638"}],"version-history":[{"count":3,"href":"https:\/\/www.ufmg.br\/prpg\/wp-json\/wp\/v2\/pages\/638\/revisions"}],"predecessor-version":[{"id":3846,"href":"https:\/\/www.ufmg.br\/prpg\/wp-json\/wp\/v2\/pages\/638\/revisions\/3846"}],"wp:attachment":[{"href":"https:\/\/www.ufmg.br\/prpg\/wp-json\/wp\/v2\/media?parent=638"}],"wp:term":[{"taxonomy":"post_tag","embeddable":true,"href":"https:\/\/www.ufmg.br\/prpg\/wp-json\/wp\/v2\/tags?post=638"}],"curies":[{"name":"wp","href":"https:\/\/api.w.org\/{rel}","templated":true}]}}