{"id":704,"date":"2021-07-22T12:22:20","date_gmt":"2021-07-22T15:22:20","guid":{"rendered":"https:\/\/www.ufmg.br\/prpg\/?page_id=704"},"modified":"2022-09-02T15:55:43","modified_gmt":"2022-09-02T18:55:43","slug":"transparencia-2","status":"publish","type":"page","link":"https:\/\/www.ufmg.br\/prpg\/transparencia-2\/","title":{"rendered":"Transpar\u00eancia"},"content":{"rendered":"<h3>Financeiro<\/h3>\n<p>&nbsp;<\/p>\n<p>No intuito\u00a0de atender \u00e0\u00a0<a href=\"https:\/\/www.comprasgovernamentais.gov.br\/index.php\/legislacao\/instrucoes-normativas\/291-instrucao-normativa-n-2-de-6-de-dezembro-de-2016\" target=\"_blank\" rel=\"noopener\">Instru\u00e7\u00e3o Normativa n\u00ba 2, de 06 de dezembro de 2016<\/a>, divulgamos a rela\u00e7\u00e3o mensal de pagamentos da unidade:<\/p>\n<div id=\"sp-ea-674\" class=\"sp-ea-one sp-easy-accordion\" data-ex-icon=\"fa-minus\" data-col-icon=\"fa-plus\"  data-ea-active=\"ea-click\"  data-ea-mode=\"vertical\" data-preloader=\"\"><div class=\"ea-card  sp-ea-single\"><h3 class=\"ea-header\"><a class=\"collapsed\" data-sptoggle=\"spcollapse\" data-sptarget=\"#collapse6740\" href=\"javascript:void(0)\" aria-expanded=\"false\"><i class=\"ea-expand-icon fa fa-plus\"><\/i> 2025<\/a><\/h3><div class=\"sp-collapse spcollapse spcollapse\" id=\"collapse6740\" data-parent=\"#sp-ea-674\"><div class=\"ea-body\"> <p><a href=\"https:\/\/www.ufmg.br\/prpg\/wp-content\/uploads\/2025\/04\/SEI_4141699_Planilha_Janeiro_2025.pdf\">Janeiro<\/a><\/p>\n<p><a href=\"https:\/\/www.ufmg.br\/prpg\/wp-content\/uploads\/2025\/04\/SEI_4141729_Planilha_Marc\u0327o_2025.pdf\">Fevereiro a Mar\u00e7o<\/a><\/p>\n<p><a href=\"https:\/\/www.ufmg.br\/prpg\/wp-content\/uploads\/2021\/07\/Abril.pdf\">Abril<\/a><\/p>\n<p><a href=\"https:\/\/www.ufmg.br\/prpg\/wp-content\/uploads\/2021\/07\/Maio.html\">Maio<\/a><\/p>\n<p><a href=\"https:\/\/www.ufmg.br\/prpg\/wp-content\/uploads\/2021\/07\/Junho.html\">Junho<\/a><\/p>\n<p><a href=\"https:\/\/www.ufmg.br\/prpg\/wp-content\/uploads\/2021\/07\/Julho.html\">Julho<\/a><\/p>\n<p><a href=\"https:\/\/www.ufmg.br\/prpg\/wp-content\/uploads\/2021\/07\/Agosto.html\">Agosto<\/a><\/p>\n <\/div><\/div><\/div><div class=\"ea-card  sp-ea-single\"><h3 class=\"ea-header\"><a class=\"collapsed\" data-sptoggle=\"spcollapse\" data-sptarget=\"#collapse6741\" href=\"javascript:void(0)\" aria-expanded=\"false\"><i class=\"ea-expand-icon fa fa-plus\"><\/i> 2024<\/a><\/h3><div class=\"sp-collapse spcollapse spcollapse\" id=\"collapse6741\" data-parent=\"#sp-ea-674\"><div class=\"ea-body\"> <p><a href=\"https:\/\/www.ufmg.br\/prpg\/wp-content\/uploads\/2021\/07\/Fornecedor-01.24.pdf\">Janeiro<\/a><\/p>\n<p><a href=\"https:\/\/www.ufmg.br\/prpg\/wp-content\/uploads\/2021\/07\/Fornecedor-02.24.pdf\">Fevereiro<\/a><\/p>\n<p><a href=\"https:\/\/www.ufmg.br\/prpg\/wp-content\/uploads\/2025\/04\/SEI_4141320_Planilha_Marc\u0327o-Dezembro_2024.pdf\">Mar\u00e7o a Dezembro<\/a><\/p>\n <\/div><\/div><\/div><div class=\"ea-card  sp-ea-single\"><h3 class=\"ea-header\"><a class=\"collapsed\" data-sptoggle=\"spcollapse\" data-sptarget=\"#collapse6742\" href=\"javascript:void(0)\" aria-expanded=\"false\"><i class=\"ea-expand-icon fa fa-plus\"><\/i> 2023<\/a><\/h3><div class=\"sp-collapse spcollapse spcollapse\" id=\"collapse6742\" data-parent=\"#sp-ea-674\"><div class=\"ea-body\"> <p><a href=\"https:\/\/www.ufmg.br\/prpg\/wp-content\/uploads\/2021\/07\/janeiro.2023.pdf\">Janeiro<\/a><\/p>\n<p><a href=\"https:\/\/www.ufmg.br\/prpg\/wp-content\/uploads\/2021\/07\/fevereiro.2023.pdf\">Fevereiro<\/a><\/p>\n<p><a href=\"https:\/\/www.ufmg.br\/prpg\/wp-content\/uploads\/2021\/07\/Marco.2023.pdf\">Mar\u00e7o<\/a><\/p>\n<p><a href=\"https:\/\/www.ufmg.br\/prpg\/wp-content\/uploads\/2021\/07\/Abril.2023.pdf\">Abril<\/a><\/p>\n<p><a href=\"https:\/\/www.ufmg.br\/prpg\/wp-content\/uploads\/2021\/07\/Maio.2023.pdf\">Maio<\/a><\/p>\n<p><a href=\"https:\/\/www.ufmg.br\/prpg\/wp-content\/uploads\/2021\/07\/Fornecedor-06.23.pdf\">Junho<\/a><\/p>\n<p><a href=\"https:\/\/www.ufmg.br\/prpg\/wp-content\/uploads\/2021\/07\/Fornecedor-07.23.pdf\">Julho<\/a><\/p>\n<p><a href=\"https:\/\/www.ufmg.br\/prpg\/wp-content\/uploads\/2021\/07\/Fornecedor-08.23.pdf\">Agosto<\/a><\/p>\n<p><a href=\"https:\/\/www.ufmg.br\/prpg\/wp-content\/uploads\/2021\/07\/Fornecedor-09.23.pdf\">Setembro<\/a><\/p>\n<p><a href=\"https:\/\/www.ufmg.br\/prpg\/wp-content\/uploads\/2021\/07\/Fornecedor-10.23.pdf\">Outubro<\/a><\/p>\n<p><a href=\"https:\/\/www.ufmg.br\/prpg\/wp-content\/uploads\/2021\/07\/Fornecedor-11.23.pdf\">Novembro<\/a><\/p>\n<p><a href=\"https:\/\/www.ufmg.br\/prpg\/wp-content\/uploads\/2021\/07\/Fornecedor-12.23.pdf\">Dezembro<\/a><\/p>\n <\/div><\/div><\/div><div class=\"ea-card  sp-ea-single\"><h3 class=\"ea-header\"><a class=\"collapsed\" data-sptoggle=\"spcollapse\" data-sptarget=\"#collapse6743\" href=\"javascript:void(0)\" aria-expanded=\"false\"><i class=\"ea-expand-icon fa fa-plus\"><\/i> 2022<\/a><\/h3><div class=\"sp-collapse spcollapse spcollapse\" id=\"collapse6743\" data-parent=\"#sp-ea-674\"><div class=\"ea-body\"> <p><a href=\"https:\/\/www.ufmg.br\/prpg\/wp-content\/uploads\/2021\/07\/janeiro.2022.pdf\">Janeiro<\/a><\/p>\n<p><a href=\"https:\/\/www.ufmg.br\/prpg\/wp-content\/uploads\/2021\/07\/fevereiro.2022.pdf\">Fevereiro<\/a><\/p>\n<p><a href=\"https:\/\/www.ufmg.br\/prpg\/wp-content\/uploads\/2021\/07\/Marco.2022.pdf\">Mar\u00e7o<\/a><\/p>\n<p><a href=\"https:\/\/www.ufmg.br\/prpg\/wp-content\/uploads\/2021\/07\/Abril.2022.pdf\">Abril<\/a><\/p>\n<p><a href=\"https:\/\/www.ufmg.br\/prpg\/wp-content\/uploads\/2021\/07\/Maio.2022.pdf\">Maio<\/a><\/p>\n<p><a href=\"https:\/\/www.ufmg.br\/prpg\/wp-content\/uploads\/2021\/07\/junho.2022.pdf\">Junho<\/a><\/p>\n<p><a href=\"https:\/\/www.ufmg.br\/prpg\/wp-content\/uploads\/2021\/07\/julho.2022.pdf\">Julho<\/a><\/p>\n<p><a href=\"https:\/\/www.ufmg.br\/prpg\/wp-content\/uploads\/2021\/07\/agosto.2022.pdf\">Agosto<\/a><\/p>\n<p><a href=\"https:\/\/www.ufmg.br\/prpg\/wp-content\/uploads\/2021\/07\/setembro.2022.pdf\">Setembro<\/a><\/p>\n<p><a href=\"https:\/\/www.ufmg.br\/prpg\/wp-content\/uploads\/2021\/07\/outubro.2022.pdf\">Outubro<\/a><\/p>\n<p><a href=\"https:\/\/www.ufmg.br\/prpg\/wp-content\/uploads\/2021\/07\/novembro.2022.pdf\">Novembro<\/a><\/p>\n<p><a href=\"https:\/\/www.ufmg.br\/prpg\/wp-content\/uploads\/2021\/07\/dezembro.2022.pdf\">Dezembro<\/a><\/p>\n <\/div><\/div><\/div><div class=\"ea-card  sp-ea-single\"><h3 class=\"ea-header\"><a class=\"collapsed\" data-sptoggle=\"spcollapse\" data-sptarget=\"#collapse6744\" href=\"javascript:void(0)\" aria-expanded=\"false\"><i class=\"ea-expand-icon fa fa-plus\"><\/i> 2021<\/a><\/h3><div class=\"sp-collapse spcollapse spcollapse\" id=\"collapse6744\" data-parent=\"#sp-ea-674\"><div class=\"ea-body\"> <p><a href=\"https:\/\/www.ufmg.br\/prpg\/wp-content\/uploads\/2021\/07\/Janeiro.2021.pdf\">Janeiro<\/a><\/p>\n<p><a href=\"https:\/\/www.ufmg.br\/prpg\/wp-content\/uploads\/2021\/07\/Fevereiro.2021.pdf\">Fevereiro<\/a><\/p>\n<p><a href=\"https:\/\/www.ufmg.br\/prpg\/wp-content\/uploads\/2021\/07\/Marco.2021.pdf\">Mar\u00e7o<\/a><\/p>\n<p><a href=\"https:\/\/www.ufmg.br\/prpg\/wp-content\/uploads\/2021\/07\/Abril.2021.pdf\">Abril<\/a><\/p>\n<p><a href=\"https:\/\/www.ufmg.br\/prpg\/wp-content\/uploads\/2021\/07\/Maio.2021.pdf\">Maio<\/a><\/p>\n<p><a href=\"https:\/\/www.ufmg.br\/prpg\/wp-content\/uploads\/2021\/07\/junho.2021.pdf\">Junho<\/a><\/p>\n<p><a href=\"https:\/\/www.ufmg.br\/prpg\/wp-content\/uploads\/2021\/07\/julho.2021.pdf\">Julho<\/a><\/p>\n<p><a href=\"https:\/\/www.ufmg.br\/prpg\/wp-content\/uploads\/2021\/07\/agosto.2021.pdf\">Agosto<\/a><\/p>\n<p><a href=\"https:\/\/www.ufmg.br\/prpg\/wp-content\/uploads\/2021\/07\/setembro.2021.pdf\">Setembro<\/a><\/p>\n<p><a href=\"https:\/\/www.ufmg.br\/prpg\/wp-content\/uploads\/2021\/07\/outubro.2021.pdf\">Outubro<\/a><\/p>\n<p><a href=\"https:\/\/www.ufmg.br\/prpg\/wp-content\/uploads\/2021\/07\/novembro.2021.pdf\">Novembro<\/a><\/p>\n<p><a href=\"https:\/\/www.ufmg.br\/prpg\/wp-content\/uploads\/2021\/07\/dezembro.2021.pdf\">Dezembro<\/a><\/p>\n <\/div><\/div><\/div><div class=\"ea-card  sp-ea-single\"><h3 class=\"ea-header\"><a class=\"collapsed\" data-sptoggle=\"spcollapse\" data-sptarget=\"#collapse6745\" href=\"javascript:void(0)\" aria-expanded=\"false\"><i class=\"ea-expand-icon fa fa-plus\"><\/i> 2020<\/a><\/h3><div class=\"sp-collapse spcollapse spcollapse\" id=\"collapse6745\" data-parent=\"#sp-ea-674\"><div class=\"ea-body\"> <p><a href=\"https:\/\/www.ufmg.br\/prpg\/wp-content\/uploads\/2021\/07\/Janeiro-1-1.pdf\">Janeiro<\/a><\/p>\n<p><a href=\"https:\/\/www.ufmg.br\/prpg\/wp-content\/uploads\/2021\/07\/Fevereiro-1-1.pdf\">Fevereiro<\/a><\/p>\n<p><a href=\"https:\/\/www.ufmg.br\/prpg\/wp-content\/uploads\/2021\/07\/Marco-1-1.pdf\">Mar\u00e7o<\/a><\/p>\n<p><a href=\"https:\/\/www.ufmg.br\/prpg\/wp-content\/uploads\/2021\/07\/Abril-1-1.pdf\">Abril<\/a><\/p>\n<p><a href=\"https:\/\/www.ufmg.br\/prpg\/wp-content\/uploads\/2021\/07\/Maio-1-1.pdf\">Maio<\/a><\/p>\n<p><a href=\"https:\/\/www.ufmg.br\/prpg\/wp-content\/uploads\/2021\/07\/Junho-1-1.pdf\">Junho<\/a><\/p>\n<p><a href=\"https:\/\/www.ufmg.br\/prpg\/wp-content\/uploads\/2021\/07\/Julho-1-1.pdf\">Julho<\/a><\/p>\n<p><a href=\"https:\/\/www.ufmg.br\/prpg\/wp-content\/uploads\/2021\/07\/Agosto-1-1.pdf\">Agosto<\/a><\/p>\n<p><a href=\"https:\/\/www.ufmg.br\/prpg\/wp-content\/uploads\/2021\/07\/Setembro-1-1.pdf\">Setembro<\/a><\/p>\n<p><a href=\"https:\/\/www.ufmg.br\/prpg\/wp-content\/uploads\/2021\/07\/Outubro-2-1.pdf\">Outubro<\/a><\/p>\n<p><a href=\"https:\/\/www.ufmg.br\/prpg\/wp-content\/uploads\/2021\/07\/Novembro-1-1.pdf\">Novembro<\/a><\/p>\n<p><a href=\"https:\/\/www.ufmg.br\/prpg\/wp-content\/uploads\/2021\/07\/Dezembro-1-1.pdf\">Dezembro<\/a><\/p>\n <\/div><\/div><\/div><div class=\"ea-card  sp-ea-single\"><h3 class=\"ea-header\"><a class=\"collapsed\" data-sptoggle=\"spcollapse\" data-sptarget=\"#collapse6746\" href=\"javascript:void(0)\" aria-expanded=\"false\"><i class=\"ea-expand-icon fa fa-plus\"><\/i> 2019<\/a><\/h3><div class=\"sp-collapse spcollapse spcollapse\" id=\"collapse6746\" data-parent=\"#sp-ea-674\"><div class=\"ea-body\"> <p><a href=\"https:\/\/www.ufmg.br\/prpg\/wp-content\/uploads\/2021\/07\/Janeiro-1.pdf\">Janeiro<\/a><\/p>\n<p><a href=\"https:\/\/www.ufmg.br\/prpg\/wp-content\/uploads\/2021\/07\/Fevereiro-1.pdf\">Fevereiro<\/a><\/p>\n<p><a href=\"https:\/\/www.ufmg.br\/prpg\/wp-content\/uploads\/2021\/07\/Marco-1.pdf\">Mar\u00e7o<\/a><\/p>\n<p><a href=\"https:\/\/www.ufmg.br\/prpg\/wp-content\/uploads\/2021\/07\/Abril-1.pdf\">Abril<\/a><\/p>\n<p><a href=\"https:\/\/www.ufmg.br\/prpg\/wp-content\/uploads\/2021\/07\/Maio-1.pdf\">Maio<\/a><\/p>\n<p><a href=\"https:\/\/www.ufmg.br\/prpg\/wp-content\/uploads\/2021\/07\/Junho-1.pdf\">Junho<\/a><\/p>\n<p><a href=\"https:\/\/www.ufmg.br\/prpg\/wp-content\/uploads\/2021\/07\/Julho-1.pdf\">Julho<\/a><\/p>\n<p><a href=\"https:\/\/www.ufmg.br\/prpg\/wp-content\/uploads\/2021\/07\/Agosto-1.pdf\">Agosto<\/a><\/p>\n<p><a href=\"https:\/\/www.ufmg.br\/prpg\/wp-content\/uploads\/2021\/07\/Setembro-1.pdf\">Setembro<\/a><\/p>\n<p><a href=\"https:\/\/www.ufmg.br\/prpg\/wp-content\/uploads\/2021\/07\/Outubro-2.pdf\">Outubro<\/a><\/p>\n<p><a href=\"https:\/\/www.ufmg.br\/prpg\/wp-content\/uploads\/2021\/07\/Novembro-1.pdf\">Novembro<\/a><\/p>\n<p><a href=\"https:\/\/www.ufmg.br\/prpg\/wp-content\/uploads\/2021\/07\/Dezembro-1.pdf\">Dezembro<\/a><\/p>\n <\/div><\/div><\/div><\/div>\n<p>&nbsp;<\/p>\n<h3>Dados Acad\u00eamicos<\/h3>\n<p>&nbsp;<\/p>\n<p>Com o fim da transpar\u00eancia ativa e para atender \u00e0 lei de acesso \u00e0 informa\u00e7\u00e3o e o princ\u00edpio constitucional de publicidade, divulgamos os dados relativos aos Programas de P\u00f3s-Gradua\u00e7\u00e3o da UFMG, S<em>tricto Sensu <\/em>e <em>Lato Sensu<\/em>:\u00a0\u00e1reas, conceitos, vagas, inscri\u00e7\u00f5es, matr\u00edculas e defesas, al\u00e9m da distribui\u00e7\u00e3o de bolsas por Programas e Ag\u00eancias de Fomento.<\/p>\n<div id=\"sp-ea-2493\" class=\"sp-ea-one sp-easy-accordion\" data-ex-icon=\"fa-minus\" data-col-icon=\"fa-plus\"  data-ea-active=\"ea-click\"  data-ea-mode=\"vertical\" data-preloader=\"\"><div class=\"ea-card  sp-ea-single\"><h3 class=\"ea-header\"><a class=\"collapsed\" data-sptoggle=\"spcollapse\" data-sptarget=\"#collapse24930\" href=\"javascript:void(0)\" aria-expanded=\"false\"><i class=\"ea-expand-icon fa fa-plus\"><\/i> Dados Acad\u00eamicos<\/a><\/h3><div class=\"sp-collapse spcollapse spcollapse\" id=\"collapse24930\" data-parent=\"#sp-ea-2493\"><div class=\"ea-body\"> <p><a href=\"https:\/\/www.ufmg.br\/prpg\/wp-content\/uploads\/2025\/08\/Dados-2024_Doutorado.pdf\" target=\"_blank\" rel=\"noopener\">Consolidado 2024 - Doutorado<\/a><\/p>\n<p><a href=\"https:\/\/www.ufmg.br\/prpg\/wp-content\/uploads\/2025\/08\/Dados-2024_Mestrado.pdf\" target=\"_blank\" rel=\"noopener\">Consolidado 2024 - Mestrado<\/a><\/p>\n<p><a href=\"https:\/\/www.ufmg.br\/prpg\/wp-content\/uploads\/2025\/08\/Dados-2024_Especializac\u0327a\u0303o.pdf\" target=\"_blank\" rel=\"noopener\">Consolidado 2024 - Especializa\u00e7\u00e3o<\/a><\/p>\n<p><a href=\"https:\/\/www.ufmg.br\/prpg\/wp-content\/uploads\/2024\/10\/Consolidado-2023-Doutorado.pdf\" target=\"_blank\" rel=\"noopener\">Consolidado 2023 - Doutorado<\/a><\/p>\n<p><a href=\"https:\/\/www.ufmg.br\/prpg\/wp-content\/uploads\/2024\/10\/Consolidado-2023-Mestrado.pdf\" target=\"_blank\" rel=\"noopener\">Consolidado 2023 - Mestrado<\/a><\/p>\n<p><a href=\"https:\/\/www.ufmg.br\/prpg\/wp-content\/uploads\/2024\/10\/Consolidado-2023-Especializac\u0327a\u0303o.pdf\" target=\"_blank\" rel=\"noopener\">Consolidado 2023 - Especializa\u00e7\u00e3o<\/a><\/p>\n<p><a href=\"https:\/\/www.ufmg.br\/prpg\/wp-content\/uploads\/2024\/04\/DME-2022-Doutorado.pdf\" target=\"_blank\" rel=\"noopener\">Consolidado 2022 - Doutorado<\/a><\/p>\n<p><a href=\"https:\/\/www.ufmg.br\/prpg\/wp-content\/uploads\/2024\/04\/DME-2022-Mestrado.pdf\" target=\"_blank\" rel=\"noopener\">Consolidado 2022 - Mestrado<\/a><\/p>\n<p><a href=\"https:\/\/www.ufmg.br\/prpg\/wp-content\/uploads\/2024\/04\/DME-2022-Especializac\u0327a\u0303o.pdf\" target=\"_blank\" rel=\"noopener\">Consolidado 2022 - Especializa\u00e7\u00e3o<\/a><\/p>\n<p><a href=\"https:\/\/www.ufmg.br\/prpg\/wp-content\/uploads\/2022\/08\/Consolidado-DME-2021.pdf\" target=\"_blank\" rel=\"noopener\">Consolidado 2021<\/a><\/p>\n<p><a href=\"https:\/\/www.ufmg.br\/prpg\/wp-content\/uploads\/2022\/08\/Consolidado-DME-2020.pdf\" target=\"_blank\" rel=\"noopener\">Consolidado 2020<\/a><\/p>\n<p><a href=\"https:\/\/www.ufmg.br\/prpg\/wp-content\/uploads\/2022\/08\/Consolidado-DME-2019.pdf\" target=\"_blank\" rel=\"noopener\">Consolidado 2019<\/a><\/p>\n <\/div><\/div><\/div><div class=\"ea-card  sp-ea-single\"><h3 class=\"ea-header\"><a class=\"collapsed\" data-sptoggle=\"spcollapse\" data-sptarget=\"#collapse24931\" href=\"javascript:void(0)\" aria-expanded=\"false\"><i class=\"ea-expand-icon fa fa-plus\"><\/i> Bolsas Institucionais<\/a><\/h3><div class=\"sp-collapse spcollapse spcollapse\" id=\"collapse24931\" data-parent=\"#sp-ea-2493\"><div class=\"ea-body\"> <p><a href=\"https:\/\/www.ufmg.br\/prpg\/wp-content\/uploads\/2024\/10\/Bolsas-UFMG-2019-2024.pdf\" target=\"_blank\" rel=\"noopener\">Bolsas UFMG: 2019-2020-2021-2022-2023-2024<\/a><\/p>\n <\/div><\/div><\/div><div class=\"ea-card  sp-ea-single\"><h3 class=\"ea-header\"><a class=\"collapsed\" data-sptoggle=\"spcollapse\" data-sptarget=\"#collapse24932\" href=\"javascript:void(0)\" aria-expanded=\"false\"><i class=\"ea-expand-icon fa fa-plus\"><\/i> Mobilidade Internacional<\/a><\/h3><div class=\"sp-collapse spcollapse spcollapse\" id=\"collapse24932\" data-parent=\"#sp-ea-2493\"><div class=\"ea-body\"> <p><a href=\"https:\/\/www.ufmg.br\/prpg\/wp-content\/uploads\/2025\/01\/Censo-2024-Fapemig.pdf\" target=\"_blank\" rel=\"noopener\">FAPEMIG Internacionaliza\u00e7\u00e3o 2024<\/a><\/p>\n<p><a href=\"https:\/\/www.ufmg.br\/prpg\/wp-content\/uploads\/2025\/01\/Censo-2024-CAPES-PrInt.pdf\" target=\"_blank\" rel=\"noopener\">CAPES PrInt 2024<\/a><\/p>\n<p><a href=\"https:\/\/www.ufmg.br\/prpg\/wp-content\/uploads\/2025\/01\/Censo-2023-CAPES-PrInt.pdf\" target=\"_blank\" rel=\"noopener\">CAPES PrInt 2023<\/a><\/p>\n<p><a href=\"https:\/\/www.ufmg.br\/prpg\/wp-content\/uploads\/2025\/01\/Censo-2022-CAPES-PrInt.pdf\" target=\"_blank\" rel=\"noopener\">CAPES PrInt 2022<\/a><\/p>\n <\/div><\/div><\/div><\/div>\n<p>&nbsp;<\/p>\n<p>&nbsp;<\/p>\n","protected":false},"excerpt":{"rendered":"<p>Financeiro &nbsp; No intuito\u00a0de atender \u00e0\u00a0Instru\u00e7\u00e3o Normativa n\u00ba 2, de [&hellip;]<\/p>\n","protected":false},"author":1,"featured_media":0,"parent":0,"menu_order":0,"comment_status":"closed","ping_status":"closed","template":"","meta":[],"tags":[],"_links":{"self":[{"href":"https:\/\/www.ufmg.br\/prpg\/wp-json\/wp\/v2\/pages\/704"}],"collection":[{"href":"https:\/\/www.ufmg.br\/prpg\/wp-json\/wp\/v2\/pages"}],"about":[{"href":"https:\/\/www.ufmg.br\/prpg\/wp-json\/wp\/v2\/types\/page"}],"author":[{"embeddable":true,"href":"https:\/\/www.ufmg.br\/prpg\/wp-json\/wp\/v2\/users\/1"}],"replies":[{"embeddable":true,"href":"https:\/\/www.ufmg.br\/prpg\/wp-json\/wp\/v2\/comments?post=704"}],"version-history":[{"count":9,"href":"https:\/\/www.ufmg.br\/prpg\/wp-json\/wp\/v2\/pages\/704\/revisions"}],"predecessor-version":[{"id":2512,"href":"https:\/\/www.ufmg.br\/prpg\/wp-json\/wp\/v2\/pages\/704\/revisions\/2512"}],"wp:attachment":[{"href":"https:\/\/www.ufmg.br\/prpg\/wp-json\/wp\/v2\/media?parent=704"}],"wp:term":[{"taxonomy":"post_tag","embeddable":true,"href":"https:\/\/www.ufmg.br\/prpg\/wp-json\/wp\/v2\/tags?post=704"}],"curies":[{"name":"wp","href":"https:\/\/api.w.org\/{rel}","templated":true}]}}