{"id":127,"date":"2018-08-24T16:29:09","date_gmt":"2018-08-24T19:29:09","guid":{"rendered":"https:\/\/www.ufmg.br\/prpq\/bioterio\/?page_id=127"},"modified":"2026-05-05T10:15:09","modified_gmt":"2026-05-05T13:15:09","slug":"comite-gestor","status":"publish","type":"page","link":"https:\/\/www.ufmg.br\/prpq\/bioterio\/comite-gestor\/","title":{"rendered":"Comit\u00ea Gestor"},"content":{"rendered":"<table style=\"border-color: #0d0c0c; width: 1242px;\" border=\"2\" cellspacing=\"0\">\n<tbody>\n<tr style=\"height: 35px; border-color: #000000;\">\n<td style=\"width: 208px; height: 35px; text-align: center;\" align=\"left\" valign=\"bottom\" bgcolor=\"#FFFFFF\"><strong><span style=\"font-family: arial, helvetica, sans-serif;\"><span style=\"color: #000000;\">Membro<\/span><\/span><\/strong><\/td>\n<td style=\"width: 208px; height: 35px; text-align: center;\" align=\"left\" valign=\"bottom\"><strong><span style=\"font-family: arial, helvetica, sans-serif;\"><span style=\"color: #000000;\">Unidade<\/span><\/span><\/strong><\/td>\n<td style=\"width: 208.906px; height: 35px; text-align: center;\" align=\"left\" valign=\"bottom\"><strong><span style=\"font-family: arial, helvetica, sans-serif;\"><span style=\"color: #000000;\">Departamento<\/span><\/span><\/strong><\/td>\n<td style=\"width: 207.094px; height: 35px; text-align: center;\" align=\"left\" valign=\"bottom\"><strong><span style=\"font-family: arial, helvetica, sans-serif;\"><span style=\"color: #000000;\">Portaria<\/span><\/span><\/strong><\/td>\n<td style=\"width: 208px; height: 35px; text-align: center;\" align=\"left\" valign=\"bottom\"><strong><span style=\"font-family: arial, helvetica, sans-serif;\"><span style=\"color: #000000;\">Mandato<\/span><\/span><\/strong><\/td>\n<\/tr>\n<tr style=\"height: 35px; border-color: #000000;\">\n<td style=\"width: 208px; height: 96px; text-align: center;\" align=\"left\" valign=\"bottom\" bgcolor=\"#FFFFFF\"><strong><span style=\"font-family: arial, helvetica, sans-serif; font-size: 12pt;\"><span style=\"color: #000000;\">Prof\u00aa. Daniele da Gl\u00f3ria de Souza<br \/>(Coordenadora do Biot\u00e9rio Central)<\/span><span style=\"color: #000000;\"><br \/><\/span><\/span><\/strong><\/td>\n<td style=\"width: 208px; height: 96px; text-align: center;\" align=\"left\" valign=\"bottom\"><span style=\"color: #000000; font-family: arial, helvetica, sans-serif;\">Instituto de Ci\u00eancias Biol\u00f3gicas <\/span><\/td>\n<td style=\"width: 208.906px; height: 96px; text-align: center;\" align=\"left\" valign=\"bottom\"><span style=\"color: #000000; font-family: arial, helvetica, sans-serif;\">Microbiologia<\/span><\/td>\n<td style=\"width: 207.094px; height: 96px; text-align: center;\" align=\"left\" valign=\"bottom\"><span style=\"font-family: arial, helvetica, sans-serif;\">N\u00ba 3653, 24\/04\/2025<\/span><\/td>\n<td style=\"width: 208px; height: 96px; text-align: center;\" align=\"left\" valign=\"bottom\"><span style=\"font-family: arial, helvetica, sans-serif;\">24\/04\/2025 a 24\/04\/2027<\/span><\/td>\n<\/tr>\n<tr style=\"height: 35px; border-color: #000000;\">\n<td style=\"width: 208px; height: 96px; text-align: center;\" align=\"left\" valign=\"bottom\" bgcolor=\"#FFFFFF\"><strong><span style=\"font-family: arial, helvetica, sans-serif; font-size: 12pt;\"><span style=\"color: #000000;\">Prof\u00aa. Vanessa Pinho da Silva<br \/>(Subcoordenadora do Biot\u00e9rio Central)<\/span><\/span><\/strong><\/td>\n<td style=\"width: 208px; height: 96px; text-align: center;\" align=\"left\" valign=\"bottom\"><span style=\"color: #000000; font-family: arial, helvetica, sans-serif;\">Instituto de Ci\u00eancias Biol\u00f3gicas<\/span><\/td>\n<td style=\"width: 208.906px; height: 96px; text-align: center;\" align=\"left\" valign=\"bottom\"><span style=\"font-family: arial, helvetica, sans-serif;\">Morfologia<\/span><\/td>\n<td style=\"width: 207.094px; height: 96px; text-align: center;\" align=\"left\" valign=\"bottom\">\n<p><span style=\"font-family: arial, helvetica, sans-serif;\">N\u00ba 4231, 08\/05\/2025<\/span><\/p>\n<\/td>\n<td style=\"width: 208px; height: 96px; text-align: center;\" align=\"left\" valign=\"bottom\"><span style=\"font-family: arial, helvetica, sans-serif;\">\u00a008\/05\/2025 a 08\/05\/2027<\/span><\/td>\n<\/tr>\n<tr style=\"height: 35px; border-color: #000000;\">\n<td style=\"width: 208px; height: 96px; text-align: center;\" align=\"left\" valign=\"bottom\"><strong><span style=\"font-family: arial, helvetica, sans-serif; font-size: 12pt;\">Prof. Samuel Penna Wanner<br \/>(Titular)<\/span><\/strong><\/td>\n<td style=\"width: 208px; height: 96px; text-align: center;\" align=\"left\" valign=\"bottom\"><span style=\"color: #000000; font-family: arial, helvetica, sans-serif;\">Escola de Educa\u00e7\u00e3o F\u00edsica, Fisioterapia e Terapia Ocupacional<\/span><\/td>\n<td style=\"width: 208.906px; height: 96px; text-align: center;\" align=\"left\" valign=\"bottom\"><span style=\"color: #000000; font-family: arial, helvetica, sans-serif;\">Educa\u00e7\u00e3o F\u00edsica<\/span><\/td>\n<td style=\"width: 207.094px; height: 96px; text-align: center;\" align=\"left\" valign=\"bottom\"><span style=\"font-weight: 400; font-family: arial, helvetica, sans-serif;\"> N\u00ba 9702, 25\/10\/24<\/span><\/td>\n<td style=\"width: 208px; height: 96px; text-align: center;\" align=\"left\" valign=\"bottom\"><span style=\"font-weight: 400; font-family: arial, helvetica, sans-serif;\"> 25\/10\/2024 a 25\/10\/2026<\/span><\/td>\n<\/tr>\n<tr style=\"height: 35px; border-color: #000000;\">\n<td style=\"width: 208px; height: 96px; text-align: center;\" align=\"left\" valign=\"bottom\"><strong><span style=\"font-family: arial, helvetica, sans-serif; font-size: 12pt;\">Prof. Dawit Albieiro Pinheiro Gon\u00e7alves<br \/>(Suplente)<\/span><\/strong><\/td>\n<td style=\"width: 208px; height: 96px; text-align: center;\" align=\"left\" valign=\"bottom\"><span style=\"color: #000000; font-family: arial, helvetica, sans-serif;\">Escola de Educa\u00e7\u00e3o F\u00edsica, Fisioterapia e Terapia Ocupacional<\/span><\/td>\n<td style=\"width: 208.906px; height: 96px; text-align: center;\" align=\"left\" valign=\"bottom\"><span style=\"color: #000000; font-family: arial, helvetica, sans-serif;\">Educa\u00e7\u00e3o F\u00edsica<\/span><\/td>\n<td style=\"width: 207.094px; height: 96px; text-align: center;\" align=\"left\" valign=\"bottom\"><span style=\"font-family: arial, helvetica, sans-serif;\"><span style=\"font-weight: 400;\">N\u00ba 9702, 25\/10\/24<\/span>\u00a0<\/span><\/td>\n<td style=\"width: 208px; height: 96px; text-align: center;\" align=\"left\" valign=\"bottom\"><span style=\"font-weight: 400; font-family: arial, helvetica, sans-serif;\"> 25\/10\/2024 a 25\/10\/2026<\/span><\/td>\n<\/tr>\n<tr style=\"height: 35px; border-color: #000000;\">\n<td style=\"width: 208px; height: 96px; text-align: center;\" align=\"left\" valign=\"bottom\"><strong><span style=\"font-family: arial, helvetica, sans-serif; font-size: 12pt;\">Prof\u00aa. Soraia Macari<br \/>(Titular)<\/span><\/strong><\/td>\n<td style=\"width: 208px; height: 96px; text-align: center;\" align=\"left\" valign=\"bottom\"><span style=\"color: #000000; font-family: arial, helvetica, sans-serif;\">Faculdade de Odontologia<\/span><\/td>\n<td style=\"width: 208.906px; height: 96px; text-align: center;\" align=\"left\" valign=\"bottom\"><span style=\"color: #000000; font-family: arial, helvetica, sans-serif;\">Odontopediatria e Ortodontia<\/span><\/td>\n<td style=\"width: 207.094px; height: 96px; text-align: center;\" align=\"left\" valign=\"bottom\"><span style=\"font-family: arial, helvetica, sans-serif;\"><span style=\"font-weight: 400;\">N\u00ba 3801, 23\/04\/26<\/span><\/span><\/td>\n<td style=\"width: 208px; height: 96px; text-align: center;\" align=\"left\" valign=\"bottom\"><span style=\"font-weight: 400; font-family: arial, helvetica, sans-serif;\"> 23\/04\/2026 a 23\/04\/2028<\/span><\/td>\n<\/tr>\n<tr style=\"height: 35px; border-color: #000000;\">\n<td style=\"width: 208px; height: 96px; text-align: center;\" align=\"left\" valign=\"bottom\"><strong><span style=\"font-family: arial, helvetica, sans-serif; font-size: 12pt;\">Prof<span style=\"color: #000000;\">\u00aa.<\/span> Ivana M\u00e1rcia Alves Diniz<br \/>(Suplente)<\/span><\/strong><\/td>\n<td style=\"width: 208px; height: 96px; text-align: center;\" align=\"left\" valign=\"bottom\"><span style=\"color: #000000; font-family: arial, helvetica, sans-serif;\">Faculdade de Odontologia<\/span><\/td>\n<td style=\"width: 208.906px; height: 96px; text-align: center;\" align=\"left\" valign=\"bottom\"><span style=\"color: #000000; font-family: arial, helvetica, sans-serif;\">Departamento de Odontologia Restauradora<\/span><\/td>\n<td style=\"width: 207.094px; height: 96px; text-align: center;\" align=\"left\" valign=\"bottom\"><span style=\"font-family: arial, helvetica, sans-serif;\"><span style=\"font-weight: 400;\">N\u00ba 3801, 23\/04\/26<\/span><\/span><\/td>\n<td style=\"width: 208px; height: 96px; text-align: center;\" align=\"left\" valign=\"bottom\"><span style=\"font-weight: 400; font-family: arial, helvetica, sans-serif;\">23\/04\/2026 a 23\/04\/2028<\/span><\/td>\n<\/tr>\n<tr style=\"height: 35px; border-color: #000000;\">\n<td style=\"width: 208px; height: 96px; text-align: center;\" align=\"left\" valign=\"bottom\"><strong><span style=\"font-family: arial, helvetica, sans-serif; font-size: 12pt;\">Prof<span style=\"color: #000000;\">\u00aa. <\/span>Simone Od\u00edlia Antunes Fernandes (Titular)<\/span><\/strong><\/td>\n<td style=\"width: 208px; height: 96px; text-align: center;\" align=\"left\" valign=\"bottom\"><span style=\"color: #000000; font-family: arial, helvetica, sans-serif;\">Faculdade de Farm\u00e1cia<\/span><\/td>\n<td style=\"width: 208.906px; height: 96px; text-align: center;\" align=\"left\" valign=\"bottom\"><span style=\"color: #000000; font-family: arial, helvetica, sans-serif;\">Produtos Farmac\u00eauticos<\/span><\/td>\n<td style=\"width: 207.094px; height: 96px; text-align: center;\" align=\"left\" valign=\"bottom\"><span style=\"font-weight: 400; font-family: arial, helvetica, sans-serif;\"> N\u00ba 27, 03\/01\/25<\/span><\/td>\n<td style=\"width: 208px; height: 96px; text-align: center;\" align=\"left\" valign=\"bottom\"><span style=\"font-weight: 400; font-family: arial, helvetica, sans-serif;\"> 03\/01\/2025 a 03\/01\/2027<\/span><\/td>\n<\/tr>\n<tr style=\"height: 35px; border-color: #000000;\">\n<td style=\"width: 208px; height: 96px; text-align: center;\" align=\"left\" valign=\"bottom\"><strong><span style=\"font-family: arial, helvetica, sans-serif; font-size: 12pt;\">Prof. M\u00e1rcio de Matos Coelho (Suplente)<\/span><\/strong><\/td>\n<td style=\"width: 208px; height: 96px; text-align: center;\" align=\"left\" valign=\"bottom\"><span style=\"color: #000000; font-family: arial, helvetica, sans-serif;\">Faculdade de Farm\u00e1cia<\/span><\/td>\n<td style=\"width: 208.906px; height: 96px; text-align: center;\" align=\"left\" valign=\"bottom\"><span style=\"color: #000000; font-family: arial, helvetica, sans-serif;\">Produtos Farmac\u00eauticos<\/span><\/td>\n<td style=\"width: 207.094px; height: 96px; text-align: center;\" align=\"left\" valign=\"bottom\"><span style=\"font-family: arial, helvetica, sans-serif;\"><span style=\"font-weight: 400;\">N\u00ba 27, 03\/01\/25<\/span>\u00a0<\/span><\/td>\n<td style=\"width: 208px; height: 96px; text-align: center;\" align=\"left\" valign=\"bottom\"><span style=\"font-weight: 400; font-family: arial, helvetica, sans-serif;\"> \u00a003\/01\/2025 a 03\/01\/2027<\/span><\/td>\n<\/tr>\n<tr style=\"height: 35px; border-color: #000000;\">\n<td style=\"width: 208px; height: 96px; text-align: center;\" align=\"left\" valign=\"bottom\"><strong><span style=\"font-family: arial, helvetica, sans-serif; font-size: 12pt;\">Prof<span style=\"color: #000000;\">\u00aa.<\/span> Daniele Cristina de Aguiar<br \/>(Titular)<\/span><\/strong><\/td>\n<td style=\"width: 208px; height: 96px; text-align: center;\" align=\"left\" valign=\"bottom\"><span style=\"color: #000000; font-family: arial, helvetica, sans-serif;\">Instituto de Ci\u00eancias Biol\u00f3gicas<\/span><\/td>\n<td style=\"width: 208.906px; height: 96px; text-align: center;\" align=\"left\" valign=\"bottom\"><span style=\"color: #000000; font-family: arial, helvetica, sans-serif;\">Farmacologia<\/span><\/td>\n<td style=\"width: 207.094px; height: 96px; text-align: center;\" align=\"left\" valign=\"bottom\"><span style=\"font-weight: 400; font-family: arial, helvetica, sans-serif;\"> N\u00ba 3791, 23\/04\/2026<\/span><\/td>\n<td style=\"width: 208px; height: 96px; text-align: center;\" align=\"left\" valign=\"bottom\"><span style=\"font-weight: 400; font-family: arial, helvetica, sans-serif;\">23\/04\/2026 a 23\/04\/2028<\/span><\/td>\n<\/tr>\n<tr style=\"height: 35px; border-color: #000000;\">\n<td style=\"width: 208px; height: 96px; text-align: center;\" align=\"left\" valign=\"bottom\"><strong><span style=\"font-family: arial, helvetica, sans-serif; font-size: 12pt;\">Prof\u00aa.\u00a0 Cibele Rocha Resende (Suplente)<\/span><\/strong><\/td>\n<td style=\"width: 208px; height: 96px; text-align: center;\" align=\"left\" valign=\"bottom\"><span style=\"color: #000000; font-family: arial, helvetica, sans-serif;\">Instituto de Ci\u00eancias Biol\u00f3gicas<\/span><\/td>\n<td style=\"width: 208.906px; height: 96px; text-align: center;\" align=\"left\" valign=\"bottom\"><span style=\"color: #000000; font-family: arial, helvetica, sans-serif;\">Fisiologia e Biof\u00edsica<\/span><\/td>\n<td style=\"width: 207.094px; height: 96px; text-align: center;\" align=\"left\" valign=\"bottom\"><span style=\"font-weight: 400; font-family: arial, helvetica, sans-serif;\">N\u00ba 3791, 23\/04\/2026<\/span><\/td>\n<td style=\"width: 208px; height: 96px; text-align: center;\" align=\"left\" valign=\"bottom\"><span style=\"font-weight: 400; font-family: arial, helvetica, sans-serif;\">23\/04\/2026 a 23\/04\/2028<\/span><\/td>\n<\/tr>\n<tr style=\"height: 35px; border-color: #000000;\">\n<td style=\"width: 208px; height: 96px; text-align: center;\" align=\"left\" valign=\"bottom\"><strong><span style=\"font-family: arial, helvetica, sans-serif; font-size: 12pt;\">Prof. Frederico Marianetti Soriani (Titular)<\/span><\/strong><\/td>\n<td style=\"width: 208px; height: 96px; text-align: center;\" align=\"left\" valign=\"bottom\"><span style=\"color: #000000; font-family: arial, helvetica, sans-serif;\">Instituto de Ci\u00eancias Biol\u00f3gicas<\/span><\/td>\n<td style=\"width: 208.906px; height: 96px; text-align: center;\" align=\"left\" valign=\"bottom\"><span style=\"color: #000000; font-family: arial, helvetica, sans-serif;\">Gen\u00e9tica, Ecologia e Evolu\u00e7\u00e3o<\/span><\/td>\n<td style=\"width: 207.094px; height: 96px; text-align: center;\" align=\"left\" valign=\"bottom\"><span style=\"font-weight: 400; font-family: arial, helvetica, sans-serif;\">N\u00ba 3791, 23\/04\/2026<\/span><\/td>\n<td style=\"width: 208px; height: 96px; text-align: center;\" align=\"left\" valign=\"bottom\"><span style=\"font-weight: 400; font-family: arial, helvetica, sans-serif;\">23\/04\/2026 a 23\/04\/2028<\/span><\/td>\n<\/tr>\n<tr style=\"height: 35px; border-color: #000000;\">\n<td style=\"width: 208px; height: 96px; text-align: center;\" align=\"left\" valign=\"bottom\"><strong><span style=\"font-family: arial, helvetica, sans-serif; font-size: 12pt;\">Prof\u00aa. Maristela de Oliveira Polentini<br \/>(Suplente)<\/span><\/strong><\/td>\n<td style=\"width: 208px; height: 96px; text-align: center;\" align=\"left\" valign=\"bottom\"><span style=\"color: #000000; font-family: arial, helvetica, sans-serif;\">Instituto de Ci\u00eancias Biol\u00f3gicas<\/span><\/td>\n<td style=\"width: 208.906px; height: 96px; text-align: center;\" align=\"left\" valign=\"bottom\"><span style=\"color: #000000; font-family: arial, helvetica, sans-serif;\">Fisiologia e Biof\u00edsica<\/span><\/td>\n<td style=\"width: 207.094px; height: 96px; text-align: center;\" align=\"left\" valign=\"bottom\"><span style=\"font-weight: 400; font-family: arial, helvetica, sans-serif;\">N\u00ba 3791, 23\/04\/2026<\/span><\/td>\n<td style=\"width: 208px; height: 96px; text-align: center;\" align=\"left\" valign=\"bottom\"><span style=\"font-weight: 400; font-family: arial, helvetica, sans-serif;\">23\/04\/2026 a 23\/04\/2028<\/span><\/td>\n<\/tr>\n<tr style=\"height: 35px; border-color: #000000;\">\n<td style=\"width: 208px; height: 96px; text-align: center;\" align=\"left\" valign=\"bottom\"><strong><span style=\"font-family: arial, helvetica, sans-serif; font-size: 12pt;\">Prof. Luiz Ronaldo Alberti<br \/>(Titular)<\/span><\/strong><\/td>\n<td style=\"width: 208px; height: 96px; text-align: center;\" align=\"left\" valign=\"bottom\"><span style=\"color: #000000; font-family: arial, helvetica, sans-serif;\">Faculdade de Medicina<\/span><\/td>\n<td style=\"width: 208.906px; height: 96px; text-align: center;\" align=\"left\" valign=\"bottom\"><span style=\"color: #000000; font-family: arial, helvetica, sans-serif;\">Cirurgia\u00a0<\/span><\/td>\n<td style=\"width: 207.094px; height: 96px; text-align: center;\" align=\"left\" valign=\"bottom\"><span style=\"font-weight: 400; font-family: arial, helvetica, sans-serif;\"> N\u00ba 3798, 23\/04\/26<\/span><\/td>\n<td style=\"width: 208px; height: 96px; text-align: center;\" align=\"left\" valign=\"bottom\"><span style=\"font-weight: 400; font-family: arial, helvetica, sans-serif;\">23\/04\/2026 a 23\/04\/2028<\/span><\/td>\n<\/tr>\n<tr style=\"height: 35px; border-color: #000000;\">\n<td style=\"width: 208px; height: 96px; text-align: center;\" align=\"left\" valign=\"bottom\"><strong><span style=\"font-family: arial, helvetica, sans-serif; font-size: 12pt;\">Prof. Marco Aur\u00e9lio Romano Silva (Suplente)<\/span><\/strong><\/td>\n<td style=\"width: 208px; height: 96px; text-align: center;\" align=\"left\" valign=\"bottom\"><span style=\"color: #000000; font-family: arial, helvetica, sans-serif;\">Faculdade de Medicina<\/span><\/td>\n<td style=\"width: 208.906px; height: 96px; text-align: center;\" align=\"left\" valign=\"bottom\"><span style=\"color: #000000; font-family: arial, helvetica, sans-serif;\">Sa\u00fade Mental<\/span><\/td>\n<td style=\"width: 207.094px; height: 96px; text-align: center;\" align=\"left\" valign=\"bottom\"><span style=\"font-weight: 400; font-family: arial, helvetica, sans-serif;\">N\u00ba 3798, 23\/04\/26<\/span><\/td>\n<td style=\"width: 208px; height: 96px; text-align: center;\" align=\"left\" valign=\"bottom\"><span style=\"font-weight: 400; font-family: arial, helvetica, sans-serif;\">23\/04\/2026 a 23\/04\/2028<\/span><\/td>\n<\/tr>\n<tr style=\"height: 35px; border-color: #000000;\">\n<td style=\"width: 208px; height: 96px; text-align: center;\" align=\"left\" valign=\"bottom\"><strong><span style=\"font-family: arial, helvetica, sans-serif; font-size: 12pt;\">Prof<span style=\"color: #000000;\">\u00aa. <\/span>Rog\u00e9ria Serakides<span style=\"color: #000000;\"><br \/><\/span>(Titular)<br \/><\/span><\/strong><\/td>\n<td style=\"width: 208px; height: 96px; text-align: center;\" align=\"left\" valign=\"bottom\"><span style=\"color: #000000; font-family: arial, helvetica, sans-serif;\">Escola de Veterin\u00e1ria<\/span><\/td>\n<td style=\"width: 208.906px; height: 96px; text-align: center;\" align=\"left\" valign=\"bottom\"><span style=\"color: #000000; font-family: arial, helvetica, sans-serif;\">Departamento de Cl\u00ednica e Cirurgia Veterin\u00e1rias<\/span><\/td>\n<td style=\"width: 207.094px; height: 96px; text-align: center;\" align=\"left\" valign=\"bottom\"><span style=\"font-family: arial, helvetica, sans-serif;\"><span style=\"font-weight: 400;\">N\u00ba 35, 03\/01\/25<\/span>\u00a0<\/span><\/td>\n<td style=\"width: 208px; height: 96px; text-align: center;\" align=\"left\" valign=\"bottom\"><span style=\"font-weight: 400; font-family: arial, helvetica, sans-serif;\"> 03\/01\/2025 a 03\/01\/2027<\/span><\/td>\n<\/tr>\n<tr style=\"height: 35px; border-color: #000000;\">\n<td style=\"width: 208px; height: 96px; text-align: center;\" align=\"left\" valign=\"bottom\"><strong><span style=\"font-family: arial, helvetica, sans-serif; font-size: 12pt;\">Prof\u00aa. D\u00e9bora Cristina Sampaio de Assis\u00a0<\/span><\/strong><br \/><strong><span style=\"font-family: arial, helvetica, sans-serif; font-size: 12pt;\">(Suplente)<br \/><\/span><\/strong><\/td>\n<td style=\"width: 208px; height: 96px; text-align: center;\" align=\"left\" valign=\"bottom\"><span style=\"color: #000000; font-family: arial, helvetica, sans-serif;\">Escola de Veterin\u00e1ria<\/span><\/td>\n<td style=\"width: 208.906px; height: 96px; text-align: center;\" align=\"left\" valign=\"bottom\"><span style=\"color: #000000; font-family: arial, helvetica, sans-serif;\">Departamento de Medicina Veterin\u00e1ria Preventiva<\/span><\/td>\n<td style=\"width: 207.094px; height: 96px; text-align: center;\" align=\"left\" valign=\"bottom\"><span style=\"font-family: arial, helvetica, sans-serif;\"><span style=\"font-weight: 400;\">N\u00ba 35, 03\/01\/25<\/span>\u00a0<\/span><\/td>\n<td style=\"width: 208px; height: 96px; text-align: center;\" align=\"left\" valign=\"bottom\"><span style=\"font-weight: 400; font-family: arial, helvetica, sans-serif;\"> 03\/01\/2025 a 03\/01\/2027<\/span><\/td>\n<\/tr>\n<\/tbody>\n<\/table>\n<p>&nbsp;<\/p>\n\n\n\n","protected":false},"excerpt":{"rendered":"<p>Membro Unidade Departamento Portaria Mandato Prof\u00aa. Daniele da Gl\u00f3ria de Souza(Coordenadora do Biot\u00e9rio Central) Instituto de Ci\u00eancias Biol\u00f3gicas Microbiologia N\u00ba 3653, 24\/04\/2025 24\/04\/2025 a 24\/04\/2027 Prof\u00aa. Vanessa Pinho da Silva(Subcoordenadora do Biot\u00e9rio Central) Instituto de Ci\u00eancias Biol\u00f3gicas Morfologia N\u00ba 4231, 08\/05\/2025 \u00a008\/05\/2025 a 08\/05\/2027 Prof. Samuel Penna Wanner(Titular) Escola de Educa\u00e7\u00e3o F\u00edsica, Fisioterapia e Terapia [&hellip;]<\/p>\n","protected":false},"author":1,"featured_media":0,"parent":0,"menu_order":0,"comment_status":"closed","ping_status":"closed","template":"","meta":{"footnotes":""},"categories":[],"class_list":["post-127","page","type-page","status-publish","hentry"],"_links":{"self":[{"href":"https:\/\/www.ufmg.br\/prpq\/bioterio\/wp-json\/wp\/v2\/pages\/127","targetHints":{"allow":["GET"]}}],"collection":[{"href":"https:\/\/www.ufmg.br\/prpq\/bioterio\/wp-json\/wp\/v2\/pages"}],"about":[{"href":"https:\/\/www.ufmg.br\/prpq\/bioterio\/wp-json\/wp\/v2\/types\/page"}],"author":[{"embeddable":true,"href":"https:\/\/www.ufmg.br\/prpq\/bioterio\/wp-json\/wp\/v2\/users\/1"}],"replies":[{"embeddable":true,"href":"https:\/\/www.ufmg.br\/prpq\/bioterio\/wp-json\/wp\/v2\/comments?post=127"}],"version-history":[{"count":22,"href":"https:\/\/www.ufmg.br\/prpq\/bioterio\/wp-json\/wp\/v2\/pages\/127\/revisions"}],"predecessor-version":[{"id":271,"href":"https:\/\/www.ufmg.br\/prpq\/bioterio\/wp-json\/wp\/v2\/pages\/127\/revisions\/271"}],"wp:attachment":[{"href":"https:\/\/www.ufmg.br\/prpq\/bioterio\/wp-json\/wp\/v2\/media?parent=127"}],"wp:term":[{"taxonomy":"category","embeddable":true,"href":"https:\/\/www.ufmg.br\/prpq\/bioterio\/wp-json\/wp\/v2\/categories?post=127"}],"curies":[{"name":"wp","href":"https:\/\/api.w.org\/{rel}","templated":true}]}}