{"id":202,"date":"2024-10-17T15:25:23","date_gmt":"2024-10-17T18:25:23","guid":{"rendered":"https:\/\/www.ufmg.br\/prpq\/bioterio\/?page_id=202"},"modified":"2026-01-26T09:42:18","modified_gmt":"2026-01-26T12:42:18","slug":"certificacao-sanitaria-2024","status":"publish","type":"page","link":"https:\/\/www.ufmg.br\/prpq\/bioterio\/certificacao-sanitaria-2024\/","title":{"rendered":"Certifica\u00e7\u00e3o Sanit\u00e1ria"},"content":{"rendered":"\n<p><strong>2024<\/strong><\/p>\n\n\n<ul>\n<li><a href=\"https:\/\/www.ufmg.br\/prpq\/bioterio\/wp-content\/uploads\/2024\/10\/Laudos-de-monitoramento-de-sa\u00fade-set-2024-compactado.pdf\">Setembro<\/a><\/li>\n<\/ul>\n<ul>\n<li><a href=\"https:\/\/www.ufmg.br\/prpq\/bioterio\/wp-content\/uploads\/2025\/04\/Monitoramento-novembro-2024-site-BC-1.pdf\">Novembro<\/a><\/li>\n<\/ul>\n\n\n<p><strong>2025<\/strong><\/p>\n\n\n\n<ul class=\"wp-block-list\">\n<li><a href=\"https:\/\/www.ufmg.br\/prpq\/bioterio\/wp-content\/uploads\/2025\/04\/Monitoramento-fevereiro-2025-site-BC-1.pdf\">Fevereiro<\/a><\/li>\n<\/ul>\n\n\n\n<ul class=\"wp-block-list\">\n<li><a href=\"https:\/\/www.ufmg.br\/prpq\/bioterio\/wp-content\/uploads\/2025\/06\/Monitoramento-Maio-2025-site-BC.pdf\">Maio<\/a><\/li>\n<\/ul>\n\n\n\n<ul class=\"wp-block-list\">\n<li><a href=\"https:\/\/www.ufmg.br\/prpq\/bioterio\/wp-content\/uploads\/2025\/09\/Monitoramento-agosto-2025-site-BC.docx.pdf\">Agosto<\/a><\/li>\n<\/ul>\n\n\n\n<ul class=\"wp-block-list\">\n<li><a href=\"https:\/\/www.ufmg.br\/prpq\/bioterio\/wp-content\/uploads\/2026\/01\/Monitoramento-sanitario-novembro-25-Site-BC.pdf\">Novembro<\/a><\/li>\n<\/ul>\n\n\n\n<ul class=\"wp-block-list\"><\/ul>\n\n\n\n<p><\/p>\n","protected":false},"excerpt":{"rendered":"<p>2024 Setembro Novembro 2025<\/p>\n","protected":false},"author":6,"featured_media":0,"parent":0,"menu_order":0,"comment_status":"closed","ping_status":"closed","template":"","meta":{"footnotes":""},"categories":[],"class_list":["post-202","page","type-page","status-publish","hentry"],"_links":{"self":[{"href":"https:\/\/www.ufmg.br\/prpq\/bioterio\/wp-json\/wp\/v2\/pages\/202","targetHints":{"allow":["GET"]}}],"collection":[{"href":"https:\/\/www.ufmg.br\/prpq\/bioterio\/wp-json\/wp\/v2\/pages"}],"about":[{"href":"https:\/\/www.ufmg.br\/prpq\/bioterio\/wp-json\/wp\/v2\/types\/page"}],"author":[{"embeddable":true,"href":"https:\/\/www.ufmg.br\/prpq\/bioterio\/wp-json\/wp\/v2\/users\/6"}],"replies":[{"embeddable":true,"href":"https:\/\/www.ufmg.br\/prpq\/bioterio\/wp-json\/wp\/v2\/comments?post=202"}],"version-history":[{"count":14,"href":"https:\/\/www.ufmg.br\/prpq\/bioterio\/wp-json\/wp\/v2\/pages\/202\/revisions"}],"predecessor-version":[{"id":266,"href":"https:\/\/www.ufmg.br\/prpq\/bioterio\/wp-json\/wp\/v2\/pages\/202\/revisions\/266"}],"wp:attachment":[{"href":"https:\/\/www.ufmg.br\/prpq\/bioterio\/wp-json\/wp\/v2\/media?parent=202"}],"wp:term":[{"taxonomy":"category","embeddable":true,"href":"https:\/\/www.ufmg.br\/prpq\/bioterio\/wp-json\/wp\/v2\/categories?post=202"}],"curies":[{"name":"wp","href":"https:\/\/api.w.org\/{rel}","templated":true}]}}