{"id":86,"date":"2018-08-24T14:10:30","date_gmt":"2018-08-24T17:10:30","guid":{"rendered":"https:\/\/www.ufmg.br\/prpq\/bioterio\/?page_id=86"},"modified":"2025-02-13T12:12:07","modified_gmt":"2025-02-13T15:12:07","slug":"solicitacoes","status":"publish","type":"page","link":"https:\/\/www.ufmg.br\/prpq\/bioterio\/solicitacoes\/","title":{"rendered":"Solicita\u00e7\u00f5es"},"content":{"rendered":"<p>O Biot\u00e9rio Central da UFMG est\u00e1 fornecendo camundongos e ratos S.P.F. (livres de pat\u00f3genos espec\u00edficos), com certifica\u00e7\u00e3o sanit\u00e1ria e gen\u00e9tica, para experimenta\u00e7\u00e3o.<\/p>\n<p>Informa\u00e7\u00f5es para a solicita\u00e7\u00e3o de animais, <a href=\"https:\/\/www.ufmg.br\/prpq\/bioterio\/wp-content\/uploads\/2025\/02\/Informativo-requisicao-animal-site-atualizado.pdf\">clique aqui<\/a>.<\/p>\n<p>Para acessar ao formul\u00e1rio de demanda programada, <a href=\"https:\/\/www.ufmg.br\/prpq\/bioterio\/wp-content\/uploads\/2025\/02\/Formulario-de-Demanda-Programada_Bioterio_Central.xlsx\">clique aqui<\/a>.<\/p>\n<p><span style=\"font-size: small;\"><a href=\"https:\/\/www.ufmg.br\/prpq\/bioterio\/wp-content\/uploads\/bioterio\/informacoes\/projeto_pesquisador_consciente_final.pdf\"><span style=\"font-family: Verdana;\">Projeto Pesquisador Consciente<\/span><\/a><\/span><\/p>\n","protected":false},"excerpt":{"rendered":"<p>O Biot\u00e9rio Central da UFMG est\u00e1 fornecendo camundongos e ratos S.P.F. (livres de pat\u00f3genos espec\u00edficos), com certifica\u00e7\u00e3o sanit\u00e1ria e gen\u00e9tica, para experimenta\u00e7\u00e3o. Informa\u00e7\u00f5es para a solicita\u00e7\u00e3o de animais, clique aqui. Para acessar ao formul\u00e1rio de demanda programada, clique aqui. Projeto Pesquisador Consciente<\/p>\n","protected":false},"author":1,"featured_media":0,"parent":0,"menu_order":0,"comment_status":"closed","ping_status":"closed","template":"","meta":{"footnotes":""},"categories":[],"class_list":["post-86","page","type-page","status-publish","hentry"],"_links":{"self":[{"href":"https:\/\/www.ufmg.br\/prpq\/bioterio\/wp-json\/wp\/v2\/pages\/86","targetHints":{"allow":["GET"]}}],"collection":[{"href":"https:\/\/www.ufmg.br\/prpq\/bioterio\/wp-json\/wp\/v2\/pages"}],"about":[{"href":"https:\/\/www.ufmg.br\/prpq\/bioterio\/wp-json\/wp\/v2\/types\/page"}],"author":[{"embeddable":true,"href":"https:\/\/www.ufmg.br\/prpq\/bioterio\/wp-json\/wp\/v2\/users\/1"}],"replies":[{"embeddable":true,"href":"https:\/\/www.ufmg.br\/prpq\/bioterio\/wp-json\/wp\/v2\/comments?post=86"}],"version-history":[{"count":9,"href":"https:\/\/www.ufmg.br\/prpq\/bioterio\/wp-json\/wp\/v2\/pages\/86\/revisions"}],"predecessor-version":[{"id":219,"href":"https:\/\/www.ufmg.br\/prpq\/bioterio\/wp-json\/wp\/v2\/pages\/86\/revisions\/219"}],"wp:attachment":[{"href":"https:\/\/www.ufmg.br\/prpq\/bioterio\/wp-json\/wp\/v2\/media?parent=86"}],"wp:term":[{"taxonomy":"category","embeddable":true,"href":"https:\/\/www.ufmg.br\/prpq\/bioterio\/wp-json\/wp\/v2\/categories?post=86"}],"curies":[{"name":"wp","href":"https:\/\/api.w.org\/{rel}","templated":true}]}}