{"id":90,"date":"2018-08-24T14:12:45","date_gmt":"2018-08-24T17:12:45","guid":{"rendered":"https:\/\/www.ufmg.br\/prpq\/bioterio\/?page_id=90"},"modified":"2018-08-24T15:28:19","modified_gmt":"2018-08-24T18:28:19","slug":"contatos","status":"publish","type":"page","link":"https:\/\/www.ufmg.br\/prpq\/bioterio\/contatos\/","title":{"rendered":"Contatos"},"content":{"rendered":"<p><strong>Telefone: <\/strong>(31) 3409-3865<\/p>\n<p>bioteriocentral@prpq.ufmg.br<\/p>\n<p><strong>Hor\u00e1rio de Funcionamento:<\/strong><br \/>\nSegunda a sexta-feira, das 8h \u00e0s 17h<\/p>\n<p><strong>E-mail para requisi\u00e7\u00e3o de animais:<\/strong><br \/>\nrequisicaoanimal@prpq.ufmg.br<\/p>\n<p>&nbsp;<\/p>\n","protected":false},"excerpt":{"rendered":"<p>Telefone: (31) 3409-3865 bioteriocentral@prpq.ufmg.br Hor\u00e1rio de Funcionamento: Segunda a sexta-feira, das 8h \u00e0s 17h E-mail para requisi\u00e7\u00e3o de animais: requisicaoanimal@prpq.ufmg.br &nbsp;<\/p>\n","protected":false},"author":1,"featured_media":0,"parent":0,"menu_order":0,"comment_status":"closed","ping_status":"closed","template":"","meta":{"footnotes":""},"categories":[],"class_list":["post-90","page","type-page","status-publish","hentry"],"_links":{"self":[{"href":"https:\/\/www.ufmg.br\/prpq\/bioterio\/wp-json\/wp\/v2\/pages\/90","targetHints":{"allow":["GET"]}}],"collection":[{"href":"https:\/\/www.ufmg.br\/prpq\/bioterio\/wp-json\/wp\/v2\/pages"}],"about":[{"href":"https:\/\/www.ufmg.br\/prpq\/bioterio\/wp-json\/wp\/v2\/types\/page"}],"author":[{"embeddable":true,"href":"https:\/\/www.ufmg.br\/prpq\/bioterio\/wp-json\/wp\/v2\/users\/1"}],"replies":[{"embeddable":true,"href":"https:\/\/www.ufmg.br\/prpq\/bioterio\/wp-json\/wp\/v2\/comments?post=90"}],"version-history":[{"count":6,"href":"https:\/\/www.ufmg.br\/prpq\/bioterio\/wp-json\/wp\/v2\/pages\/90\/revisions"}],"predecessor-version":[{"id":120,"href":"https:\/\/www.ufmg.br\/prpq\/bioterio\/wp-json\/wp\/v2\/pages\/90\/revisions\/120"}],"wp:attachment":[{"href":"https:\/\/www.ufmg.br\/prpq\/bioterio\/wp-json\/wp\/v2\/media?parent=90"}],"wp:term":[{"taxonomy":"category","embeddable":true,"href":"https:\/\/www.ufmg.br\/prpq\/bioterio\/wp-json\/wp\/v2\/categories?post=90"}],"curies":[{"name":"wp","href":"https:\/\/api.w.org\/{rel}","templated":true}]}}