{"id":34,"date":"2017-06-20T09:34:57","date_gmt":"2017-06-20T12:34:57","guid":{"rendered":"http:\/\/localhost\/lipq\/?page_id=34"},"modified":"2024-10-31T15:09:42","modified_gmt":"2024-10-31T18:09:42","slug":"resolucoes","status":"publish","type":"page","link":"https:\/\/www.ufmg.br\/prpq\/i2pq\/resolucoes\/","title":{"rendered":"Resolu\u00e7\u00f5es"},"content":{"rendered":"<ul>\n<li><a href=\"https:\/\/www.ufmg.br\/prpq\/i2pq\/wp-content\/uploads\/2024\/10\/Resolu\u00e7\u00e3o-CEPE-02-2023-publicada.pdf\" target=\"_blank\" rel=\"noopener\">Resolu\u00e7\u00e3o 02\/2023, de 20 de Abril de 2023<\/a><br \/>\nNormatiza a cria\u00e7\u00e3o e o funcionamento de Centros Institucionais de Tecnologia e Inova\u00e7\u00e3o (CTs).<\/li>\n<\/ul>\n<hr \/>\n<ul>\n<li><a href=\"https:\/\/www.ufmg.br\/prpq\/wp-content\/uploads\/2021\/08\/03resprpq2021FINAL.pdf\" target=\"_blank\" rel=\"noopener\">Resolu\u00e7\u00e3o 03\/2021, de 05 de Agosto de 2021<\/a><br \/>\nNormatiza a cria\u00e7\u00e3o dos Laborat\u00f3rios Institucionais de Pesquisa (LIPq).<\/li>\n<\/ul>\n<hr \/>\n<ul>\n<li><a href=\"https:\/\/www.ufmg.br\/prpq\/wp-content\/uploads\/2021\/02\/01resprpq2021FINAL.pdf\" target=\"_blank\" rel=\"noopener\">Resolu\u00e7\u00e3o 01\/2021, de 28 de Janeiro de 2021<\/a><br \/>\nNormatiza a cria\u00e7\u00e3o das Infraestruturas de Apoio Institucionais \u00e0 Pesquisa (AIPq).<\/li>\n<\/ul>\n<hr \/>\n<ul>\n<li><a href=\"https:\/\/www.ufmg.br\/prpq\/i2pq\/wp-content\/uploads\/2018\/02\/Resolucao01-2018.pdf\" target=\"_blank\" rel=\"noopener\">Resolu\u00e7\u00e3o 01\/2018, de 06 de Fevereiro de 2018<\/a><br \/>\nEstabelece defini\u00e7\u00f5es sobre a infraestrutura de pesquisa da UFMG.<\/li>\n<\/ul>\n<hr \/>\n<ul>\n<li><a href=\"https:\/\/www.ufmg.br\/prpq\/wp-content\/uploads\/2021\/03\/02resprpq2021FINAL.pdf\" target=\"_blank\" rel=\"noopener\">Resolu\u00e7\u00e3o 02\/2021 &#8211; REVOGADA pela Resolu\u00e7\u00e3o 02\/2023<\/a><br \/>\nNormatiza a cria\u00e7\u00e3o e o funcionamento dos Centros Institucionais de Tecnologia e Inova\u00e7\u00e3o (CT).<\/li>\n<\/ul>\n<hr \/>\n<ul>\n<li><a href=\"https:\/\/www.ufmg.br\/prpq\/i2pq\/wp-content\/uploads\/2018\/02\/Resolucao02-2018.pdf\" target=\"_blank\" rel=\"noopener\">Resolu\u00e7\u00e3o 02\/2018 &#8211; REVOGADA pela Resolu\u00e7\u00e3o 03\/2021<\/a><br \/>\nNormatiza a cria\u00e7\u00e3o dos Laborat\u00f3rios Institucionais de Pesquisa (LIPq).<\/li>\n<\/ul>\n<hr \/>\n<ul>\n<li><a href=\"https:\/\/www.ufmg.br\/prpq\/i2pq\/wp-content\/uploads\/2017\/06\/resolucao_01_2017.pdf\" target=\"_blank\" rel=\"noopener\">Resolu\u00e7\u00e3o 01\/2017 &#8211; REVOGADA pela Resolu\u00e7\u00e3o 01\/2018<\/a><br \/>\nEstabelece defini\u00e7\u00f5es sobre a infraestrutura de pesquisa da UFMG.<\/li>\n<\/ul>\n<hr \/>\n<ul>\n<li><a href=\"https:\/\/www.ufmg.br\/prpq\/i2pq\/wp-content\/uploads\/2017\/06\/resolucao_02_2017.pdf\" target=\"_blank\" rel=\"noopener\">Resolu\u00e7\u00e3o 02\/2017 &#8211; REVOGADA pela Resolu\u00e7\u00e3o 02\/2018<\/a><br \/>\nNormatiza a cria\u00e7\u00e3o dos Laborat\u00f3rios Institucionais de Pesquisa (LIPq).<\/li>\n<\/ul>\n<hr \/>\n","protected":false},"excerpt":{"rendered":"<p>Resolu\u00e7\u00e3o 02\/2023, de 20 de Abril de 2023 Normatiza a cria\u00e7\u00e3o e o funcionamento de Centros Institucionais de Tecnologia e Inova\u00e7\u00e3o (CTs). Resolu\u00e7\u00e3o 03\/2021, de 05 de Agosto de 2021 Normatiza a cria\u00e7\u00e3o dos Laborat\u00f3rios Institucionais de Pesquisa (LIPq). Resolu\u00e7\u00e3o 01\/2021, de 28 de Janeiro de 2021 Normatiza a cria\u00e7\u00e3o das Infraestruturas de Apoio Institucionais [&hellip;]<\/p>\n","protected":false},"author":1,"featured_media":0,"parent":0,"menu_order":0,"comment_status":"closed","ping_status":"closed","template":"","meta":{"footnotes":""},"categories":[],"class_list":["post-34","page","type-page","status-publish","hentry"],"_links":{"self":[{"href":"https:\/\/www.ufmg.br\/prpq\/i2pq\/wp-json\/wp\/v2\/pages\/34","targetHints":{"allow":["GET"]}}],"collection":[{"href":"https:\/\/www.ufmg.br\/prpq\/i2pq\/wp-json\/wp\/v2\/pages"}],"about":[{"href":"https:\/\/www.ufmg.br\/prpq\/i2pq\/wp-json\/wp\/v2\/types\/page"}],"author":[{"embeddable":true,"href":"https:\/\/www.ufmg.br\/prpq\/i2pq\/wp-json\/wp\/v2\/users\/1"}],"replies":[{"embeddable":true,"href":"https:\/\/www.ufmg.br\/prpq\/i2pq\/wp-json\/wp\/v2\/comments?post=34"}],"version-history":[{"count":30,"href":"https:\/\/www.ufmg.br\/prpq\/i2pq\/wp-json\/wp\/v2\/pages\/34\/revisions"}],"predecessor-version":[{"id":973,"href":"https:\/\/www.ufmg.br\/prpq\/i2pq\/wp-json\/wp\/v2\/pages\/34\/revisions\/973"}],"wp:attachment":[{"href":"https:\/\/www.ufmg.br\/prpq\/i2pq\/wp-json\/wp\/v2\/media?parent=34"}],"wp:term":[{"taxonomy":"category","embeddable":true,"href":"https:\/\/www.ufmg.br\/prpq\/i2pq\/wp-json\/wp\/v2\/categories?post=34"}],"curies":[{"name":"wp","href":"https:\/\/api.w.org\/{rel}","templated":true}]}}