{"id":381,"date":"2017-08-04T11:46:08","date_gmt":"2017-08-04T14:46:08","guid":{"rendered":"https:\/\/www.ufmg.br\/prpq\/i2pq\/?page_id=381"},"modified":"2024-05-24T16:03:36","modified_gmt":"2024-05-24T19:03:36","slug":"home","status":"publish","type":"page","link":"https:\/\/www.ufmg.br\/prpq\/i2pq\/","title":{"rendered":"I2Pq"},"content":{"rendered":"<p style=\"text-align: justify;\">Infraestruturas Institucionais de Pesquisa\u00a0<strong> (I2Pq)<\/strong> da UFMG s\u00e3o o conjunto de instala\u00e7\u00f5es f\u00edsicas e condi\u00e7\u00f5es materiais de apoio (equipamentos, instrumentos, recursos, bibliotecas, cole\u00e7\u00f5es, acervos, arquivos e base de dados, servi\u00e7os, etc.) utilizados pelos pesquisadores para a realiza\u00e7\u00e3o de atividades de pesquisa art\u00edstica, cient\u00edfica e tecnol\u00f3gica.<\/p>\n<p style=\"text-align: justify;\">Na UFMG, as\u00a0 Infraestruturas de Pesquisa\u00a0 est\u00e3o categorizadas como\u00a0<a class=\"LinkCTitulo\" href=\"https:\/\/www.ufmg.br\/prpq\/i2pq\/cipq\/\">CIPq<\/a>, <a class=\"LinkCTitulo\" href=\"https:\/\/www.ufmg.br\/prpq\/i2pq\/lipq\/\">LIPq<\/a>, <a class=\"LinkCTitulo\" href=\"https:\/\/www.ufmg.br\/prpq\/i2pq\/aipq\/\">AIPq<\/a> e <a class=\"LinkCTitulo\" href=\"https:\/\/www.ufmg.br\/prpq\/i2pq\/lgpq\/\" target=\"_blank\" rel=\"noopener\">LGPq<\/a>,\u00a0de acordo com a natureza, escopo, porte e outras caracter\u00edsticas definidas na <a href=\"https:\/\/www.ufmg.br\/prpq\/i2pq\/wp-content\/uploads\/2018\/02\/Resolucao01-2018.pdf\" target=\"_blank\" rel=\"noopener\">Resolu\u00e7\u00e3o 01\/2018<\/a>\u00a0ou como <a href=\"https:\/\/www.ufmg.br\/prpq\/i2pq\/ct\/\">CT<\/a> de acordo com a <a href=\"https:\/\/www.ufmg.br\/prpq\/wp-content\/uploads\/2021\/03\/02resprpq2021FINAL.pdf\">Resolu\u00e7\u00e3o 02\/2021<\/a>.<\/p>\n<p style=\"text-align: justify;\">No quadro abaixo s\u00e3o listadas infraestruturas cadastradas na PRPq de acordo com a categoria, divididas nos\u00a0Col\u00e9gios\u00a0de Humanidades, Natureza e Vida (<a class=\"LinkCTitulo\" href=\"http:\/\/capes.gov.br\/avaliacao\/sobre-as-areas-de-avaliacao\" target=\"_blank\" rel=\"noopener\">CAPES<\/a>), acrescida de uma categoria\u00a0Multidisciplinar que enquadra\u00a0infraestruturas que atendem a mais de um Col\u00e9gio (quadro para LGPqs atualizado em 02\/2018).<\/p>\n","protected":false},"excerpt":{"rendered":"<p>Infraestruturas Institucionais de Pesquisa\u00a0 (I2Pq) da UFMG s\u00e3o o conjunto de instala\u00e7\u00f5es f\u00edsicas e condi\u00e7\u00f5es materiais de apoio (equipamentos, instrumentos, recursos, bibliotecas, cole\u00e7\u00f5es, acervos, arquivos e base de dados, servi\u00e7os, etc.) utilizados pelos pesquisadores para a realiza\u00e7\u00e3o de atividades de pesquisa art\u00edstica, cient\u00edfica e tecnol\u00f3gica. Na UFMG, as\u00a0 Infraestruturas de Pesquisa\u00a0 est\u00e3o categorizadas como\u00a0CIPq, LIPq, [&hellip;]<\/p>\n","protected":false},"author":1,"featured_media":0,"parent":0,"menu_order":0,"comment_status":"closed","ping_status":"closed","template":"page-finep.php","meta":{"footnotes":""},"categories":[],"class_list":["post-381","page","type-page","status-publish","hentry"],"_links":{"self":[{"href":"https:\/\/www.ufmg.br\/prpq\/i2pq\/wp-json\/wp\/v2\/pages\/381","targetHints":{"allow":["GET"]}}],"collection":[{"href":"https:\/\/www.ufmg.br\/prpq\/i2pq\/wp-json\/wp\/v2\/pages"}],"about":[{"href":"https:\/\/www.ufmg.br\/prpq\/i2pq\/wp-json\/wp\/v2\/types\/page"}],"author":[{"embeddable":true,"href":"https:\/\/www.ufmg.br\/prpq\/i2pq\/wp-json\/wp\/v2\/users\/1"}],"replies":[{"embeddable":true,"href":"https:\/\/www.ufmg.br\/prpq\/i2pq\/wp-json\/wp\/v2\/comments?post=381"}],"version-history":[{"count":55,"href":"https:\/\/www.ufmg.br\/prpq\/i2pq\/wp-json\/wp\/v2\/pages\/381\/revisions"}],"predecessor-version":[{"id":963,"href":"https:\/\/www.ufmg.br\/prpq\/i2pq\/wp-json\/wp\/v2\/pages\/381\/revisions\/963"}],"wp:attachment":[{"href":"https:\/\/www.ufmg.br\/prpq\/i2pq\/wp-json\/wp\/v2\/media?parent=381"}],"wp:term":[{"taxonomy":"category","embeddable":true,"href":"https:\/\/www.ufmg.br\/prpq\/i2pq\/wp-json\/wp\/v2\/categories?post=381"}],"curies":[{"name":"wp","href":"https:\/\/api.w.org\/{rel}","templated":true}]}}