{"id":410,"date":"2017-12-19T15:24:21","date_gmt":"2017-12-19T17:24:21","guid":{"rendered":"http:\/\/127.0.0.1\/i2pq\/?page_id=410"},"modified":"2024-04-15T16:16:31","modified_gmt":"2024-04-15T19:16:31","slug":"lgpq","status":"publish","type":"page","link":"https:\/\/www.ufmg.br\/prpq\/i2pq\/lgpq\/","title":{"rendered":"LGPq"},"content":{"rendered":"<p style=\"text-align: justify;\"><strong>Laborat\u00f3rios de grupos e\/ou n\u00facleos de pesquisa (LGPq)<\/strong> s\u00e3o infraestruturas de pesquisa art\u00edstica, cient\u00edfica e\/ou tecnol\u00f3gica que contenham instrumentos de pesquisa de qualquer natureza, porte e n\u00famero,\u00a0 ou que disponibilizem t\u00e9cnicas de qualquer natureza, ou que sejam locais de reuni\u00f5es e discuss\u00f5es tem\u00e1ticas, coordenados por um ou por conjunto de docentes, podendo ou n\u00e3o apresentar servidores do corpo t\u00e9cnico da UFMG.<\/p>\n<p style=\"text-align: justify;\">Para encontrar informa\u00e7\u00f5es sobre os grupos de pesquisa da UFMG, e identificar grupos por tema de trabalho, \u201cquem \u00e9 quem\u201d, \u201conde se encontra\u201d, \u201co que est\u00e1 fazendo\u201d e \u201co que produziu recentemente\u201d, use o <a href=\"http:\/\/dgp.cnpq.br\/dgp\/faces\/consulta\/consulta_parametrizada.jsf\" target=\"_blank\" rel=\"noopener\">Diret\u00f3rio de Grupo de Pesquisa do CNPq<\/a>.<\/p>\n<h2><strong>Laborat\u00f3rios multiusu\u00e1rios<\/strong><\/h2>\n\n<table id=\"tablepress-2\" class=\"tablepress tablepress-id-2\">\n<thead>\n<tr class=\"row-1 odd\">\n\t<th class=\"column-1\">Nome<\/th><th class=\"column-2\">Coordenador(a)<\/th><th class=\"column-3\">Link<\/th>\n<\/tr>\n<\/thead>\n<tbody class=\"row-hover\">\n<tr class=\"row-2 even\">\n\t<td class=\"column-1\">CogNeuro_ UFMG<br \/>\n<\/td><td class=\"column-2\">Prof Paulo Caramelli<\/td><td class=\"column-3\"><a href=\"https:\/\/cogneuroufmg.org\">https:\/\/cogneuroufmg.org<\/a><\/td>\n<\/tr>\n<\/tbody>\n<\/table>\n<!-- #tablepress-2 from cache -->\n","protected":false},"excerpt":{"rendered":"<p>Laborat\u00f3rios de grupos e\/ou n\u00facleos de pesquisa (LGPq) s\u00e3o infraestruturas de pesquisa art\u00edstica, cient\u00edfica e\/ou tecnol\u00f3gica que contenham instrumentos de pesquisa de qualquer natureza, porte e n\u00famero,\u00a0 ou que disponibilizem t\u00e9cnicas de qualquer natureza, ou que sejam locais de reuni\u00f5es e discuss\u00f5es tem\u00e1ticas, coordenados por um ou por conjunto de docentes, podendo ou n\u00e3o apresentar [&hellip;]<\/p>\n","protected":false},"author":2,"featured_media":0,"parent":0,"menu_order":0,"comment_status":"closed","ping_status":"closed","template":"","meta":{"footnotes":""},"categories":[6],"class_list":["post-410","page","type-page","status-publish","hentry","category-lgpq"],"_links":{"self":[{"href":"https:\/\/www.ufmg.br\/prpq\/i2pq\/wp-json\/wp\/v2\/pages\/410","targetHints":{"allow":["GET"]}}],"collection":[{"href":"https:\/\/www.ufmg.br\/prpq\/i2pq\/wp-json\/wp\/v2\/pages"}],"about":[{"href":"https:\/\/www.ufmg.br\/prpq\/i2pq\/wp-json\/wp\/v2\/types\/page"}],"author":[{"embeddable":true,"href":"https:\/\/www.ufmg.br\/prpq\/i2pq\/wp-json\/wp\/v2\/users\/2"}],"replies":[{"embeddable":true,"href":"https:\/\/www.ufmg.br\/prpq\/i2pq\/wp-json\/wp\/v2\/comments?post=410"}],"version-history":[{"count":38,"href":"https:\/\/www.ufmg.br\/prpq\/i2pq\/wp-json\/wp\/v2\/pages\/410\/revisions"}],"predecessor-version":[{"id":961,"href":"https:\/\/www.ufmg.br\/prpq\/i2pq\/wp-json\/wp\/v2\/pages\/410\/revisions\/961"}],"wp:attachment":[{"href":"https:\/\/www.ufmg.br\/prpq\/i2pq\/wp-json\/wp\/v2\/media?parent=410"}],"wp:term":[{"taxonomy":"category","embeddable":true,"href":"https:\/\/www.ufmg.br\/prpq\/i2pq\/wp-json\/wp\/v2\/categories?post=410"}],"curies":[{"name":"wp","href":"https:\/\/api.w.org\/{rel}","templated":true}]}}