{"id":557,"date":"2018-01-11T15:06:02","date_gmt":"2018-01-11T17:06:02","guid":{"rendered":"https:\/\/www.ufmg.br\/prpq\/i2pq\/?page_id=557"},"modified":"2018-01-11T15:06:02","modified_gmt":"2018-01-11T17:06:02","slug":"8-o-que-e-um-lgpq","status":"publish","type":"page","link":"https:\/\/www.ufmg.br\/prpq\/i2pq\/duvidas\/faq\/8-o-que-e-um-lgpq\/","title":{"rendered":"8 &#8211; O que \u00e9 um LGPq?"},"content":{"rendered":"<p style=\"text-align: justify;\"><em>Laborat\u00f3rios de Grupos e\/ou N\u00facleos de Pesquisa e de Pesquisadores (LGPq) s\u00e3o laborat\u00f3rios, devidamente cadastrados no Diret\u00f3rio de Grupos de Pesquisa &#8211; CNPq, formados por um conjunto de indiv\u00edduos organizados hierarquicamente em torno de uma ou, eventualmente, duas lideran\u00e7as assumidas por docente de elevada experi\u00eancia e destaque no terreno cient\u00edfico ou tecnol\u00f3gico, cujo trabalho profissional e permanente se organiza em torno de linhas comuns de pesquisa e que, em algum grau, compartilha instala\u00e7\u00f5es e equipamentos. Podem apresentar quadro t\u00e9cnico, n\u00e3o tendo a Administra\u00e7\u00e3o Central ou a Unidade Acad\u00eamica\/Departamento que abriga o laborat\u00f3rio responsabilidade direta por seu financiamento ou aloca\u00e7\u00e3o de funcion\u00e1rios do quadro da UFMG.<\/em><\/p>\n","protected":false},"excerpt":{"rendered":"<p>Laborat\u00f3rios de Grupos e\/ou N\u00facleos de Pesquisa e de Pesquisadores (LGPq) s\u00e3o laborat\u00f3rios, devidamente cadastrados no Diret\u00f3rio de Grupos de Pesquisa &#8211; CNPq, formados por um conjunto de indiv\u00edduos organizados hierarquicamente em torno de uma ou, eventualmente, duas lideran\u00e7as assumidas por docente de elevada experi\u00eancia e destaque no terreno cient\u00edfico ou tecnol\u00f3gico, cujo trabalho profissional [&hellip;]<\/p>\n","protected":false},"author":2,"featured_media":0,"parent":51,"menu_order":0,"comment_status":"closed","ping_status":"closed","template":"","meta":{"footnotes":""},"categories":[],"class_list":["post-557","page","type-page","status-publish","hentry"],"_links":{"self":[{"href":"https:\/\/www.ufmg.br\/prpq\/i2pq\/wp-json\/wp\/v2\/pages\/557","targetHints":{"allow":["GET"]}}],"collection":[{"href":"https:\/\/www.ufmg.br\/prpq\/i2pq\/wp-json\/wp\/v2\/pages"}],"about":[{"href":"https:\/\/www.ufmg.br\/prpq\/i2pq\/wp-json\/wp\/v2\/types\/page"}],"author":[{"embeddable":true,"href":"https:\/\/www.ufmg.br\/prpq\/i2pq\/wp-json\/wp\/v2\/users\/2"}],"replies":[{"embeddable":true,"href":"https:\/\/www.ufmg.br\/prpq\/i2pq\/wp-json\/wp\/v2\/comments?post=557"}],"version-history":[{"count":1,"href":"https:\/\/www.ufmg.br\/prpq\/i2pq\/wp-json\/wp\/v2\/pages\/557\/revisions"}],"predecessor-version":[{"id":558,"href":"https:\/\/www.ufmg.br\/prpq\/i2pq\/wp-json\/wp\/v2\/pages\/557\/revisions\/558"}],"up":[{"embeddable":true,"href":"https:\/\/www.ufmg.br\/prpq\/i2pq\/wp-json\/wp\/v2\/pages\/51"}],"wp:attachment":[{"href":"https:\/\/www.ufmg.br\/prpq\/i2pq\/wp-json\/wp\/v2\/media?parent=557"}],"wp:term":[{"taxonomy":"category","embeddable":true,"href":"https:\/\/www.ufmg.br\/prpq\/i2pq\/wp-json\/wp\/v2\/categories?post=557"}],"curies":[{"name":"wp","href":"https:\/\/api.w.org\/{rel}","templated":true}]}}