{"id":66,"date":"2017-06-20T10:00:14","date_gmt":"2017-06-20T13:00:14","guid":{"rendered":"http:\/\/localhost\/lipq\/?page_id=66"},"modified":"2021-08-10T09:40:28","modified_gmt":"2021-08-10T12:40:28","slug":"lipq","status":"publish","type":"page","link":"https:\/\/www.ufmg.br\/prpq\/i2pq\/lipq\/","title":{"rendered":"LIPq"},"content":{"rendered":"<p style=\"text-align: justify;\"><strong>Laborat\u00f3rios Institucionais de Pesquisa (LIPq)<\/strong>\u00a0s\u00e3o infraestruturas de pesquisa art\u00edstica, cient\u00edfica e\/ou tecnol\u00f3gica compartilhadas por duas ou mais Unidades Acad\u00eamicas da UFMG, credenciadas pela Pr\u00f3-Reitoria de Pesquisa (PRPq), que seguem normas espec\u00edficas de gest\u00e3o definidas pela PRPq em <a href=\"https:\/\/www.ufmg.br\/prpq\/wp-content\/uploads\/2021\/08\/03resprpq2021FINAL.pdf\" target=\"_blank\" rel=\"noopener\">resolu\u00e7\u00e3o espec\u00edfica<\/a>. Visam atender, de forma ampla, uma comunidade de usu\u00e1rios, internos e externos \u00e0 UFMG e disp\u00f5em de equipamentos e\/ou servi\u00e7os altamente especializados de m\u00e9dia e grande complexidade, tecnicamente compat\u00edveis com padr\u00f5es internacionais de excel\u00eancia. Contam necessariamente com apoio de servidores do corpo t\u00e9cnico da UFMG e s\u00e3o financiados pela Administra\u00e7\u00e3o Central diretamente ou via Unidade Acad\u00eamica\/Departamento.<\/p>\n<p style=\"text-align: justify;\">\n","protected":false},"excerpt":{"rendered":"<p>Laborat\u00f3rios Institucionais de Pesquisa (LIPq)\u00a0s\u00e3o infraestruturas de pesquisa art\u00edstica, cient\u00edfica e\/ou tecnol\u00f3gica compartilhadas por duas ou mais Unidades Acad\u00eamicas da UFMG, credenciadas pela Pr\u00f3-Reitoria de Pesquisa (PRPq), que seguem normas espec\u00edficas de gest\u00e3o definidas pela PRPq em resolu\u00e7\u00e3o espec\u00edfica. Visam atender, de forma ampla, uma comunidade de usu\u00e1rios, internos e externos \u00e0 UFMG e disp\u00f5em [&hellip;]<\/p>\n","protected":false},"author":1,"featured_media":0,"parent":0,"menu_order":0,"comment_status":"closed","ping_status":"closed","template":"page-infra-tipo.php","meta":{"footnotes":""},"categories":[7],"class_list":["post-66","page","type-page","status-publish","hentry","category-lipq"],"_links":{"self":[{"href":"https:\/\/www.ufmg.br\/prpq\/i2pq\/wp-json\/wp\/v2\/pages\/66","targetHints":{"allow":["GET"]}}],"collection":[{"href":"https:\/\/www.ufmg.br\/prpq\/i2pq\/wp-json\/wp\/v2\/pages"}],"about":[{"href":"https:\/\/www.ufmg.br\/prpq\/i2pq\/wp-json\/wp\/v2\/types\/page"}],"author":[{"embeddable":true,"href":"https:\/\/www.ufmg.br\/prpq\/i2pq\/wp-json\/wp\/v2\/users\/1"}],"replies":[{"embeddable":true,"href":"https:\/\/www.ufmg.br\/prpq\/i2pq\/wp-json\/wp\/v2\/comments?post=66"}],"version-history":[{"count":23,"href":"https:\/\/www.ufmg.br\/prpq\/i2pq\/wp-json\/wp\/v2\/pages\/66\/revisions"}],"predecessor-version":[{"id":925,"href":"https:\/\/www.ufmg.br\/prpq\/i2pq\/wp-json\/wp\/v2\/pages\/66\/revisions\/925"}],"wp:attachment":[{"href":"https:\/\/www.ufmg.br\/prpq\/i2pq\/wp-json\/wp\/v2\/media?parent=66"}],"wp:term":[{"taxonomy":"category","embeddable":true,"href":"https:\/\/www.ufmg.br\/prpq\/i2pq\/wp-json\/wp\/v2\/categories?post=66"}],"curies":[{"name":"wp","href":"https:\/\/api.w.org\/{rel}","templated":true}]}}