{"id":67,"date":"2017-06-20T10:00:43","date_gmt":"2017-06-20T13:00:43","guid":{"rendered":"http:\/\/localhost\/lipq\/?page_id=67"},"modified":"2021-03-02T11:59:49","modified_gmt":"2021-03-02T14:59:49","slug":"cipq","status":"publish","type":"page","link":"https:\/\/www.ufmg.br\/prpq\/i2pq\/cipq\/","title":{"rendered":"CIPq"},"content":{"rendered":"<p style=\"text-align: justify;\"><strong>Centros Institucionais de Pesquisa (CIPq)<\/strong>, s\u00e3o centros voltados para o desenvolvimento de pesquisa art\u00edstica, cient\u00edfica e\/ou tecnol\u00f3gica que se caracterizam por possuir natureza multiusu\u00e1ria e multidisciplinar; com gest\u00e3o e regimento definidos, aprovados pelo Conselho Universit\u00e1rio da UFMG ou Congrega\u00e7\u00e3o; equipe t\u00e9cnico-cient\u00edfica especializada disponibilizada ou financiada pela Administra\u00e7\u00e3o Central, diretamente, ou via Unidade\/Departamento; equipamentos e\/ou servi\u00e7os altamente especializados de m\u00e9dia e grande complexidade, que sejam tecnicamente compat\u00edveis com padr\u00f5es internacionais de excel\u00eancia; pol\u00edtica definida de disponibiliza\u00e7\u00e3o de sua infraestrutura e servi\u00e7os para usu\u00e1rios internos e externos (<a href=\"https:\/\/www.ufmg.br\/prpq\/i2pq\/wp-content\/uploads\/2018\/02\/Resolucao01-2018.pdf\" target=\"_blank\" rel=\"noopener\">Resolu\u00e7\u00e3o n\u00ba 01\/2018<\/a>).<\/p>\n","protected":false},"excerpt":{"rendered":"<p>Centros Institucionais de Pesquisa (CIPq), s\u00e3o centros voltados para o desenvolvimento de pesquisa art\u00edstica, cient\u00edfica e\/ou tecnol\u00f3gica que se caracterizam por possuir natureza multiusu\u00e1ria e multidisciplinar; com gest\u00e3o e regimento definidos, aprovados pelo Conselho Universit\u00e1rio da UFMG ou Congrega\u00e7\u00e3o; equipe t\u00e9cnico-cient\u00edfica especializada disponibilizada ou financiada pela Administra\u00e7\u00e3o Central, diretamente, ou via Unidade\/Departamento; equipamentos e\/ou servi\u00e7os [&hellip;]<\/p>\n","protected":false},"author":1,"featured_media":0,"parent":0,"menu_order":0,"comment_status":"closed","ping_status":"closed","template":"page-infra-tipo.php","meta":{"footnotes":""},"categories":[5],"class_list":["post-67","page","type-page","status-publish","hentry","category-cipq"],"_links":{"self":[{"href":"https:\/\/www.ufmg.br\/prpq\/i2pq\/wp-json\/wp\/v2\/pages\/67","targetHints":{"allow":["GET"]}}],"collection":[{"href":"https:\/\/www.ufmg.br\/prpq\/i2pq\/wp-json\/wp\/v2\/pages"}],"about":[{"href":"https:\/\/www.ufmg.br\/prpq\/i2pq\/wp-json\/wp\/v2\/types\/page"}],"author":[{"embeddable":true,"href":"https:\/\/www.ufmg.br\/prpq\/i2pq\/wp-json\/wp\/v2\/users\/1"}],"replies":[{"embeddable":true,"href":"https:\/\/www.ufmg.br\/prpq\/i2pq\/wp-json\/wp\/v2\/comments?post=67"}],"version-history":[{"count":27,"href":"https:\/\/www.ufmg.br\/prpq\/i2pq\/wp-json\/wp\/v2\/pages\/67\/revisions"}],"predecessor-version":[{"id":756,"href":"https:\/\/www.ufmg.br\/prpq\/i2pq\/wp-json\/wp\/v2\/pages\/67\/revisions\/756"}],"wp:attachment":[{"href":"https:\/\/www.ufmg.br\/prpq\/i2pq\/wp-json\/wp\/v2\/media?parent=67"}],"wp:term":[{"taxonomy":"category","embeddable":true,"href":"https:\/\/www.ufmg.br\/prpq\/i2pq\/wp-json\/wp\/v2\/categories?post=67"}],"curies":[{"name":"wp","href":"https:\/\/api.w.org\/{rel}","templated":true}]}}