{"id":3530,"date":"2023-07-18T13:31:34","date_gmt":"2023-07-18T16:31:34","guid":{"rendered":"https:\/\/www.ufmg.br\/prpq\/outlab\/?page_id=3530"},"modified":"2024-08-14T10:01:59","modified_gmt":"2024-08-14T13:01:59","slug":"eventos","status":"publish","type":"page","link":"https:\/\/www.ufmg.br\/prpq\/outlab\/eventos\/","title":{"rendered":"Agenda Outlab"},"content":{"rendered":"\t\t<div data-elementor-type=\"wp-page\" data-elementor-id=\"3530\" class=\"elementor elementor-3530\" data-elementor-post-type=\"page\">\n\t\t\t\t\t\t\t\t\t<section class=\"elementor-section elementor-top-section elementor-element elementor-element-634936b elementor-section-boxed elementor-section-height-default elementor-section-height-default\" data-id=\"634936b\" data-element_type=\"section\">\n\t\t\t\t\t\t<div class=\"elementor-container elementor-column-gap-default\">\n\t\t\t\t\t<div class=\"elementor-column elementor-col-100 elementor-top-column elementor-element elementor-element-3f630b0\" data-id=\"3f630b0\" data-element_type=\"column\">\n\t\t\t<div class=\"elementor-widget-wrap elementor-element-populated\">\n\t\t\t\t\t\t\t\t\t<\/div>\n\t\t<\/div>\n\t\t\t\t\t\t\t<\/div>\n\t\t<\/section>\n\t\t\t\t<section class=\"elementor-section elementor-top-section elementor-element elementor-element-ec84d30 elementor-section-full_width elementor-section-stretched elementor-section-height-default elementor-section-height-default\" data-id=\"ec84d30\" data-element_type=\"section\" data-settings=\"{&quot;stretch_section&quot;:&quot;section-stretched&quot;}\">\n\t\t\t\t\t\t<div class=\"elementor-container elementor-column-gap-default\">\n\t\t\t\t\t<div class=\"elementor-column elementor-col-100 elementor-top-column elementor-element elementor-element-dca864c\" data-id=\"dca864c\" data-element_type=\"column\">\n\t\t\t<div class=\"elementor-widget-wrap elementor-element-populated\">\n\t\t\t\t\t\t\t\t<section class=\"elementor-section elementor-inner-section elementor-element elementor-element-1cc6776 elementor-section-boxed elementor-section-height-default elementor-section-height-default\" data-id=\"1cc6776\" data-element_type=\"section\">\n\t\t\t\t\t\t<div class=\"elementor-container elementor-column-gap-default\">\n\t\t\t\t\t<div class=\"elementor-column elementor-col-100 elementor-inner-column elementor-element elementor-element-3396c08\" data-id=\"3396c08\" data-element_type=\"column\">\n\t\t\t<div class=\"elementor-widget-wrap elementor-element-populated\">\n\t\t\t\t\t\t\t\t<div class=\"elementor-element elementor-element-a9de229 elementor-widget elementor-widget-ova_events_search_ajax\" data-id=\"a9de229\" data-element_type=\"widget\" data-widget_type=\"ova_events_search_ajax.default\">\n\t\t\t\t<div class=\"elementor-widget-container\">\n\t\t\t\n<div class=\"ovaev-wrapper-search-ajax\">\n\t<!-- Search Form -->\n\t<div class=\"ovaev-search-ajax-form search_archive_event\">\n\t\t<form action=\"https:\/\/www.ufmg.br\/prpq\/outlab\/evento\/\" method=\"POST\" name=\"search_ajax_event\" autocomplete=\"off\">\n\t\t\t<div class=\"start_date\">\n\t\t\t\t<label class=\"second_font ova-label-search\">\n\t\t\t\t\tData In\u00edcio\t\t\t\t<\/label>\n\n\t\t\t\t<input type=\"text\" \n\t\t\t\t\tid=\"ovaev_start_date_search\" \n\t\t\t\t\tclass=\"ovaev_start_date_search\" \n\t\t\t\t\tdata-lang=\"pt\" \n\t\t\t\t\tdata-date=\"d-m-Y\" \n\t\t\t\t\tdata-time=\"H:i\" \n\t\t\t\t\tdata-first-day=\"0\" \n\t\t\t\t\tplaceholder=\"Data\" \n\t\t\t\t\tname=\"ovaev_start_date_search\" \n\t\t\t\t\tvalue=\"\" \n\t\t\t\t\/>\n\t\t\t\t<i class=\"far fa-calendar-alt\"><\/i>\n\t\t\t<\/div>\n\n\t\t\t<div class=\"end_date\">\n\t\t\t\t<label class=\"second_font ova-label-search\">\n\t\t\t\t\tData Final\t\t\t\t<\/label>\n\t\t\t\t<input \n\t\t\t\t\ttype=\"text\" \n\t\t\t\t\tid=\"ovaev_end_date_search\" \n\t\t\t\t\tclass=\"ovaev_end_date_search\" \n\t\t\t\t\tdata-lang=\"pt\" \n\t\t\t\t\tdata-date=\"d-m-Y\" \n\t\t\t\t\tdata-first-day=\"0\" \n\t\t\t\t\tplaceholder=\"Data\" \n\t\t\t\t\tname=\"ovaev_end_date_search\" \n\t\t\t\t\tvalue=\"\" \n\t\t\t\t\/>\n\t\t\t\t<i class=\"far fa-calendar-alt\"><\/i>\n\t\t\t<\/div>\n\n\t\t\t<div class=\"ovaev_cat_search\">\n\t\t\t\t<label class=\"second_font ova-label-search\" for=\"ovaev_type\">\n\t\t\t\t\tCategoria\t\t\t\t<\/label>\n\t\t\t\t<select  name='ovaev_type' id='ovaev_type' class='ovaev_type'>\n\t<option value='' selected='selected'>Todas Categorias<\/option>\n\t<option class=\"level-0\" value=\"curso\">Curso<\/option>\n\t<option class=\"level-0\" value=\"evento\">Evento<\/option>\n\t<option class=\"level-1\" value=\"eventos-2023\">&nbsp;&nbsp;&nbsp;Eventos 2023<\/option>\n\t<option class=\"level-0\" value=\"antigos\">Antigos<\/option>\n<\/select>\n\t\t\t\t<i class=\"arrow_carrot-down \"><\/i>\n\t\t\t<\/div>\n\t\t<\/form>\n\t<\/div>\n\t<!-- End Search Form -->\n\n\t<!-- Events -->\n\t<div class=\"ovaev-search-ajax-container\">\n\t\t<div class=\"search-ajax-content\">\n\t\t\t<div class=\"archive_event ovaev-search-ajax-events col3\">\n\t\t\t\t\n<div class=\"ovaev-content\">\n\t<div class=\"type1\">\n\t\t<!-- Display Highlight Date 2 -->\n\t\t\n<div class=\"date-event\">\n\n\t<span class=\"date second_font\">\n\t\t01\t<\/span>\n\n\t<span class=\"month-year second_font\">\n\n\t\t<span class=\"month\">\n\t\t\tset\t\t<\/span>\n\t\t\n\t\t<span class=\"year\">\n\t\t\t2025\t\t<\/span>\n\n\t<\/span>\n\n<\/div>\n\n\n\t\t<div class=\"desc\">\n\n\t\t\t<!-- Thumbnail -->\n\t\t\t\n<div class=\"event-thumbnail\">\t\n\n\t<a href=\"https:\/\/www.ufmg.br\/prpq\/outlab\/evento\/painel-precificacao-de-projetos-e-captacao-de-recursos\/\">\n\t\t\t<\/a>\n\n<\/div>\n\t\t\t<div class=\"event_post\">\n\t\t\t\t<!-- Taxonomy Type -->\n\t\t\t\t\n<div class=\"post_cat\">\n\t<a class=\"event_type\" href=\"https:\/\/www.ufmg.br\/prpq\/outlab\/event_category\/curso\/\">Curso<\/a><\/div>\n\n\n\t\t\t\t<!-- Tille -->\n\t\t\t\t\n<h2 class=\"second_font event_title\">\n\t<a href=\"https:\/\/www.ufmg.br\/prpq\/outlab\/evento\/painel-precificacao-de-projetos-e-captacao-de-recursos\/\">\n\t\tPainel: Precifica\u00e7\u00e3o de projetos e capta\u00e7\u00e3o de recursos\t<\/a>\n<\/h2>\n\t\t\t\t<div class=\"time-event\">\n\t\t\t\t\t<!-- Date -->\n\t\t\t\t\t\n<div class=\"time equal-date\">\n\t\n\t<span class=\"icon-time\">\n\t\t<i class=\"far fa-clock icon_event\"><\/i>\n\t<\/span>\n\n\t\t\t<span class=\"time-date-child\">\n\t\t\t<span class=\"date-child\">\n\t\t\t\t14:00 - 16:00\t\t\t<\/span>\n\t\t<\/span>\n\t\n<\/div>\n\n\t\t\t\t\t<!-- Tille -->\n\t\t\t\t\t\n\t<div class=\"venue\">\n\t\t\n\t\t<i class=\"fas fa-map-marker-alt icon_event\"><\/i>\n\t\t\n\t\t<span class=\"number\">\n\t\t\tCAD3 Audit\u00f3rio B107 \t\t<\/span>\n\t\t\n\t<\/div>\n\n\t\t\t\t<\/div>\n\t\t\t\t\n\t\t\t\t<!-- Read More Button -->\n\t\t\t\t\n<div class=\"button_event\">\n\t<a class=\"view_detail second_font\" href=\"https:\/\/www.ufmg.br\/prpq\/outlab\/evento\/painel-precificacao-de-projetos-e-captacao-de-recursos\/\">\n\t\tSaiba Mais\t<\/a>\n<\/div>\t\t\t<\/div>\n\t\t<\/div>\n\t<\/div>\n<\/div>\n\n\t\t\t\t\n<div class=\"ovaev-content\">\n\t<div class=\"type1\">\n\t\t<!-- Display Highlight Date 2 -->\n\t\t\n<div class=\"date-event\">\n\n\t<span class=\"date second_font\">\n\t\t03\t<\/span>\n\n\t<span class=\"month-year second_font\">\n\n\t\t<span class=\"month\">\n\t\t\tset\t\t<\/span>\n\t\t\n\t\t<span class=\"year\">\n\t\t\t2025\t\t<\/span>\n\n\t<\/span>\n\n<\/div>\n\n\n\t\t<div class=\"desc\">\n\n\t\t\t<!-- Thumbnail -->\n\t\t\t\n<div class=\"event-thumbnail\">\t\n\n\t<a href=\"https:\/\/www.ufmg.br\/prpq\/outlab\/evento\/workshop-precificacao-de-projetos-e-captacao-de-recursos\/\">\n\t\t\t<\/a>\n\n<\/div>\n\t\t\t<div class=\"event_post\">\n\t\t\t\t<!-- Taxonomy Type -->\n\t\t\t\t\n\t\t\t\t<!-- Tille -->\n\t\t\t\t\n<h2 class=\"second_font event_title\">\n\t<a href=\"https:\/\/www.ufmg.br\/prpq\/outlab\/evento\/workshop-precificacao-de-projetos-e-captacao-de-recursos\/\">\n\t\tWorkshop: Precifica\u00e7\u00e3o de projetos e capta\u00e7\u00e3o de recursos\t<\/a>\n<\/h2>\n\t\t\t\t<div class=\"time-event\">\n\t\t\t\t\t<!-- Date -->\n\t\t\t\t\t\n<div class=\"time equal-date\">\n\t\n\t<span class=\"icon-time\">\n\t\t<i class=\"far fa-clock icon_event\"><\/i>\n\t<\/span>\n\n\t\t\t<span class=\"time-date-child\">\n\t\t\t<span class=\"date-child\">\n\t\t\t\t14:00 - 16:00\t\t\t<\/span>\n\t\t<\/span>\n\t\n<\/div>\n\n\t\t\t\t\t<!-- Tille -->\n\t\t\t\t\t\n\t<div class=\"venue\">\n\t\t\n\t\t<i class=\"fas fa-map-marker-alt icon_event\"><\/i>\n\t\t\n\t\t<span class=\"number\">\n\t\t\tHub do BH-TEC\t\t<\/span>\n\t\t\n\t<\/div>\n\n\t\t\t\t<\/div>\n\t\t\t\t\n\t\t\t\t<!-- Read More Button -->\n\t\t\t\t\n<div class=\"button_event\">\n\t<a class=\"view_detail second_font\" href=\"https:\/\/www.ufmg.br\/prpq\/outlab\/evento\/workshop-precificacao-de-projetos-e-captacao-de-recursos\/\">\n\t\tSaiba Mais\t<\/a>\n<\/div>\t\t\t<\/div>\n\t\t<\/div>\n\t<\/div>\n<\/div>\n\n\t\t\t\t\n<div class=\"ovaev-content\">\n\t<div class=\"type1\">\n\t\t<!-- Display Highlight Date 2 -->\n\t\t\n<div class=\"date-event\">\n\n\t<span class=\"date second_font\">\n\t\t10\t<\/span>\n\n\t<span class=\"month-year second_font\">\n\n\t\t<span class=\"month\">\n\t\t\tset\t\t<\/span>\n\t\t\n\t\t<span class=\"year\">\n\t\t\t2025\t\t<\/span>\n\n\t<\/span>\n\n<\/div>\n\n\n\t\t<div class=\"desc\">\n\n\t\t\t<!-- Thumbnail -->\n\t\t\t\n<div class=\"event-thumbnail\">\t\n\n\t<a href=\"https:\/\/www.ufmg.br\/prpq\/outlab\/evento\/apresentacoes-compartilhadas-precificacao-de-projetos-e-captacao-de-recursos\/\">\n\t\t\t<\/a>\n\n<\/div>\n\t\t\t<div class=\"event_post\">\n\t\t\t\t<!-- Taxonomy Type -->\n\t\t\t\t\n\t\t\t\t<!-- Tille -->\n\t\t\t\t\n<h2 class=\"second_font event_title\">\n\t<a href=\"https:\/\/www.ufmg.br\/prpq\/outlab\/evento\/apresentacoes-compartilhadas-precificacao-de-projetos-e-captacao-de-recursos\/\">\n\t\tApresenta\u00e7\u00f5es compartilhadas: Precifica\u00e7\u00e3o de projetos e capta\u00e7\u00e3o de recursos\t<\/a>\n<\/h2>\n\t\t\t\t<div class=\"time-event\">\n\t\t\t\t\t<!-- Date -->\n\t\t\t\t\t\n<div class=\"time equal-date\">\n\t\n\t<span class=\"icon-time\">\n\t\t<i class=\"far fa-clock icon_event\"><\/i>\n\t<\/span>\n\n\t\t\t<span class=\"time-date-child\">\n\t\t\t<span class=\"date-child\">\n\t\t\t\t14:00 - 16:00\t\t\t<\/span>\n\t\t<\/span>\n\t\n<\/div>\n\n\t\t\t\t\t<!-- Tille -->\n\t\t\t\t\t\n\t<div class=\"venue\">\n\t\t\n\t\t<i class=\"fas fa-map-marker-alt icon_event\"><\/i>\n\t\t\n\t\t<span class=\"number\">\n\t\t\tHUB do BH-TEC\t\t<\/span>\n\t\t\n\t<\/div>\n\n\t\t\t\t<\/div>\n\t\t\t\t\n\t\t\t\t<!-- Read More Button -->\n\t\t\t\t\n<div class=\"button_event\">\n\t<a class=\"view_detail second_font\" href=\"https:\/\/www.ufmg.br\/prpq\/outlab\/evento\/apresentacoes-compartilhadas-precificacao-de-projetos-e-captacao-de-recursos\/\">\n\t\tSaiba Mais\t<\/a>\n<\/div>\t\t\t<\/div>\n\t\t<\/div>\n\t<\/div>\n<\/div>\n\n\t\t\t\t\n<div class=\"ovaev-content\">\n\t<div class=\"type1\">\n\t\t<!-- Display Highlight Date 2 -->\n\t\t\n<div class=\"date-event\">\n\n\t<span class=\"date second_font\">\n\t\t15\t<\/span>\n\n\t<span class=\"month-year second_font\">\n\n\t\t<span class=\"month\">\n\t\t\tset\t\t<\/span>\n\t\t\n\t\t<span class=\"year\">\n\t\t\t2025\t\t<\/span>\n\n\t<\/span>\n\n<\/div>\n\n\n\t\t<div class=\"desc\">\n\n\t\t\t<!-- Thumbnail -->\n\t\t\t\n<div class=\"event-thumbnail\">\t\n\n\t<a href=\"https:\/\/www.ufmg.br\/prpq\/outlab\/evento\/painel-estrategias-de-comunicacao-e-marketing\/\">\n\t\t\t<\/a>\n\n<\/div>\n\t\t\t<div class=\"event_post\">\n\t\t\t\t<!-- Taxonomy Type -->\n\t\t\t\t\n<div class=\"post_cat\">\n\t<a class=\"event_type\" href=\"https:\/\/www.ufmg.br\/prpq\/outlab\/event_category\/curso\/\">Curso<\/a>, <a class=\"event_type\" href=\"https:\/\/www.ufmg.br\/prpq\/outlab\/event_category\/evento\/\">Evento<\/a><\/div>\n\n\n\t\t\t\t<!-- Tille -->\n\t\t\t\t\n<h2 class=\"second_font event_title\">\n\t<a href=\"https:\/\/www.ufmg.br\/prpq\/outlab\/evento\/painel-estrategias-de-comunicacao-e-marketing\/\">\n\t\tPainel: Estrat\u00e9gias de Comunica\u00e7\u00e3o e Marketing\t<\/a>\n<\/h2>\n\t\t\t\t<div class=\"time-event\">\n\t\t\t\t\t<!-- Date -->\n\t\t\t\t\t\n<div class=\"time equal-date\">\n\t\n\t<span class=\"icon-time\">\n\t\t<i class=\"far fa-clock icon_event\"><\/i>\n\t<\/span>\n\n\t\t\t<span class=\"time-date-child\">\n\t\t\t<span class=\"date-child\">\n\t\t\t\t14:00 - 16:00\t\t\t<\/span>\n\t\t<\/span>\n\t\n<\/div>\n\n\t\t\t\t\t<!-- Tille -->\n\t\t\t\t\t\n\t<div class=\"venue\">\n\t\t\n\t\t<i class=\"fas fa-map-marker-alt icon_event\"><\/i>\n\t\t\n\t\t<span class=\"number\">\n\t\t\tCAD3 Audit\u00f3rio B107\t\t<\/span>\n\t\t\n\t<\/div>\n\n\t\t\t\t<\/div>\n\t\t\t\t\n\t\t\t\t<!-- Read More Button -->\n\t\t\t\t\n<div class=\"button_event\">\n\t<a class=\"view_detail second_font\" href=\"https:\/\/www.ufmg.br\/prpq\/outlab\/evento\/painel-estrategias-de-comunicacao-e-marketing\/\">\n\t\tSaiba Mais\t<\/a>\n<\/div>\t\t\t<\/div>\n\t\t<\/div>\n\t<\/div>\n<\/div>\n\n\t\t\t\t\n<div class=\"ovaev-content\">\n\t<div class=\"type1\">\n\t\t<!-- Display Highlight Date 2 -->\n\t\t\n<div class=\"date-event\">\n\n\t<span class=\"date second_font\">\n\t\t17\t<\/span>\n\n\t<span class=\"month-year second_font\">\n\n\t\t<span class=\"month\">\n\t\t\tset\t\t<\/span>\n\t\t\n\t\t<span class=\"year\">\n\t\t\t2025\t\t<\/span>\n\n\t<\/span>\n\n<\/div>\n\n\n\t\t<div class=\"desc\">\n\n\t\t\t<!-- Thumbnail -->\n\t\t\t\n<div class=\"event-thumbnail\">\t\n\n\t<a href=\"https:\/\/www.ufmg.br\/prpq\/outlab\/evento\/workshop-estrategias-de-comunicacao\/\">\n\t\t\t<\/a>\n\n<\/div>\n\t\t\t<div class=\"event_post\">\n\t\t\t\t<!-- Taxonomy Type -->\n\t\t\t\t\n<div class=\"post_cat\">\n\t<a class=\"event_type\" href=\"https:\/\/www.ufmg.br\/prpq\/outlab\/event_category\/curso\/\">Curso<\/a>, <a class=\"event_type\" href=\"https:\/\/www.ufmg.br\/prpq\/outlab\/event_category\/evento\/\">Evento<\/a><\/div>\n\n\n\t\t\t\t<!-- Tille -->\n\t\t\t\t\n<h2 class=\"second_font event_title\">\n\t<a href=\"https:\/\/www.ufmg.br\/prpq\/outlab\/evento\/workshop-estrategias-de-comunicacao\/\">\n\t\tWorkshop: Estrat\u00e9gias de Comunica\u00e7\u00e3o\t<\/a>\n<\/h2>\n\t\t\t\t<div class=\"time-event\">\n\t\t\t\t\t<!-- Date -->\n\t\t\t\t\t\n<div class=\"time equal-date\">\n\t\n\t<span class=\"icon-time\">\n\t\t<i class=\"far fa-clock icon_event\"><\/i>\n\t<\/span>\n\n\t\t\t<span class=\"time-date-child\">\n\t\t\t<span class=\"date-child\">\n\t\t\t\t14:00 - 16:00\t\t\t<\/span>\n\t\t<\/span>\n\t\n<\/div>\n\n\t\t\t\t\t<!-- Tille -->\n\t\t\t\t\t\n\t<div class=\"venue\">\n\t\t\n\t\t<i class=\"fas fa-map-marker-alt icon_event\"><\/i>\n\t\t\n\t\t<span class=\"number\">\n\t\t\tHub do BH-TEc\t\t<\/span>\n\t\t\n\t<\/div>\n\n\t\t\t\t<\/div>\n\t\t\t\t\n\t\t\t\t<!-- Read More Button -->\n\t\t\t\t\n<div class=\"button_event\">\n\t<a class=\"view_detail second_font\" href=\"https:\/\/www.ufmg.br\/prpq\/outlab\/evento\/workshop-estrategias-de-comunicacao\/\">\n\t\tSaiba Mais\t<\/a>\n<\/div>\t\t\t<\/div>\n\t\t<\/div>\n\t<\/div>\n<\/div>\n\n\t\t\t\t\n<div class=\"ovaev-content\">\n\t<div class=\"type1\">\n\t\t<!-- Display Highlight Date 2 -->\n\t\t\n<div class=\"date-event\">\n\n\t<span class=\"date second_font\">\n\t\t24\t<\/span>\n\n\t<span class=\"month-year second_font\">\n\n\t\t<span class=\"month\">\n\t\t\tset\t\t<\/span>\n\t\t\n\t\t<span class=\"year\">\n\t\t\t2025\t\t<\/span>\n\n\t<\/span>\n\n<\/div>\n\n\n\t\t<div class=\"desc\">\n\n\t\t\t<!-- Thumbnail -->\n\t\t\t\n<div class=\"event-thumbnail\">\t\n\n\t<a href=\"https:\/\/www.ufmg.br\/prpq\/outlab\/evento\/apresentacoes-compartilhadas-estrategias-de-comunicacao\/\">\n\t\t\t<\/a>\n\n<\/div>\n\t\t\t<div class=\"event_post\">\n\t\t\t\t<!-- Taxonomy Type -->\n\t\t\t\t\n<div class=\"post_cat\">\n\t<a class=\"event_type\" href=\"https:\/\/www.ufmg.br\/prpq\/outlab\/event_category\/curso\/\">Curso<\/a>, <a class=\"event_type\" href=\"https:\/\/www.ufmg.br\/prpq\/outlab\/event_category\/evento\/\">Evento<\/a><\/div>\n\n\n\t\t\t\t<!-- Tille -->\n\t\t\t\t\n<h2 class=\"second_font event_title\">\n\t<a href=\"https:\/\/www.ufmg.br\/prpq\/outlab\/evento\/apresentacoes-compartilhadas-estrategias-de-comunicacao\/\">\n\t\tApresenta\u00e7\u00f5es compartilhadas: Estrat\u00e9gias de comunica\u00e7\u00e3o\t<\/a>\n<\/h2>\n\t\t\t\t<div class=\"time-event\">\n\t\t\t\t\t<!-- Date -->\n\t\t\t\t\t\n<div class=\"time equal-date\">\n\t\n\t<span class=\"icon-time\">\n\t\t<i class=\"far fa-clock icon_event\"><\/i>\n\t<\/span>\n\n\t\t\t<span class=\"time-date-child\">\n\t\t\t<span class=\"date-child\">\n\t\t\t\t14:00 - 16:00\t\t\t<\/span>\n\t\t<\/span>\n\t\n<\/div>\n\n\t\t\t\t\t<!-- Tille -->\n\t\t\t\t\t\n\t<div class=\"venue\">\n\t\t\n\t\t<i class=\"fas fa-map-marker-alt icon_event\"><\/i>\n\t\t\n\t\t<span class=\"number\">\n\t\t\tAudit\u00f3rio 107 CAD3\t\t<\/span>\n\t\t\n\t<\/div>\n\n\t\t\t\t<\/div>\n\t\t\t\t\n\t\t\t\t<!-- Read More Button -->\n\t\t\t\t\n<div class=\"button_event\">\n\t<a class=\"view_detail second_font\" href=\"https:\/\/www.ufmg.br\/prpq\/outlab\/evento\/apresentacoes-compartilhadas-estrategias-de-comunicacao\/\">\n\t\tSaiba Mais\t<\/a>\n<\/div>\t\t\t<\/div>\n\t\t<\/div>\n\t<\/div>\n<\/div>\n\n\t\t\t\t\n<div class=\"ovaev-content\">\n\t<div class=\"type1\">\n\t\t<!-- Display Highlight Date 2 -->\n\t\t\n<div class=\"date-event\">\n\n\t<span class=\"date second_font\">\n\t\t30\t<\/span>\n\n\t<span class=\"month-year second_font\">\n\n\t\t<span class=\"month\">\n\t\t\tset\t\t<\/span>\n\t\t\n\t\t<span class=\"year\">\n\t\t\t2025\t\t<\/span>\n\n\t<\/span>\n\n<\/div>\n\n\n\t\t<div class=\"desc\">\n\n\t\t\t<!-- Thumbnail -->\n\t\t\t\n<div class=\"event-thumbnail\">\t\n\n\t<a href=\"https:\/\/www.ufmg.br\/prpq\/outlab\/evento\/encerramento-rodada-de-negocios\/\">\n\t\t\t<\/a>\n\n<\/div>\n\t\t\t<div class=\"event_post\">\n\t\t\t\t<!-- Taxonomy Type -->\n\t\t\t\t\n\t\t\t\t<!-- Tille -->\n\t\t\t\t\n<h2 class=\"second_font event_title\">\n\t<a href=\"https:\/\/www.ufmg.br\/prpq\/outlab\/evento\/encerramento-rodada-de-negocios\/\">\n\t\tEncerramento + rodada de neg\u00f3cios\t<\/a>\n<\/h2>\n\t\t\t\t<div class=\"time-event\">\n\t\t\t\t\t<!-- Date -->\n\t\t\t\t\t\n<div class=\"time equal-date\">\n\t\n\t<span class=\"icon-time\">\n\t\t<i class=\"far fa-clock icon_event\"><\/i>\n\t<\/span>\n\n\t\t\t<span class=\"time-date-child\">\n\t\t\t<span class=\"date-child\">\n\t\t\t\t09:00 - 15:00\t\t\t<\/span>\n\t\t<\/span>\n\t\n<\/div>\n\n\t\t\t\t\t<!-- Tille -->\n\t\t\t\t\t\n\t<div class=\"venue\">\n\t\t\n\t\t<i class=\"fas fa-map-marker-alt icon_event\"><\/i>\n\t\t\n\t\t<span class=\"number\">\n\t\t\tCAD3 Audit\u00f3rio B107 \t\t<\/span>\n\t\t\n\t<\/div>\n\n\t\t\t\t<\/div>\n\t\t\t\t\n\t\t\t\t<!-- Read More Button -->\n\t\t\t\t\n<div class=\"button_event\">\n\t<a class=\"view_detail second_font\" href=\"https:\/\/www.ufmg.br\/prpq\/outlab\/evento\/encerramento-rodada-de-negocios\/\">\n\t\tSaiba Mais\t<\/a>\n<\/div>\t\t\t<\/div>\n\t\t<\/div>\n\t<\/div>\n<\/div>\n\n\t\t\t\t\t\t\t<\/div>\n\n\t\t\t<div class=\"data-events\" \n\t\t\t\tdata-layout=\"1\" \n\t\t\t\tdata-column=\"col3\" \n\t\t\t\tdata-per-page=\"15\" \n\t\t\t\tdata-order=\"ASC\" \n\t\t\t\tdata-orderby=\"ovaev_start_date_time\" \n\t\t\t\tdata-category-slug=\"all\" \n\t\t\t\tdata-time-event=\"all\">\n\t\t\t<\/div>\n\t\t<\/div>\n\n\t\t<!-- Loader -->\n\t\t<div class=\"wrap_loader\">\n\t\t\t<svg class=\"loader\" width=\"50\" height=\"50\">\n\t\t\t\t<circle cx=\"25\" cy=\"25\" r=\"10\" stroke=\"#a1a1a1\"\/>\n\t\t\t\t<circle cx=\"25\" cy=\"25\" r=\"20\" stroke=\"#a1a1a1\"\/>\n\t\t\t<\/svg>\n\t\t<\/div>\n\t<!-- End Loader -->\n\t<\/div>\n\t<!-- End Events -->\n\n\t<!-- Pagination -->\n\t<div class=\"search-ajax-pagination-wrapper\">\n\t\t<!-- End Pagination -->\n\t<\/div>\n\n<\/div>\n\n\t\t<\/div>\n\t\t\t\t<\/div>\n\t\t\t\t\t<\/div>\n\t\t<\/div>\n\t\t\t\t\t\t\t<\/div>\n\t\t<\/section>\n\t\t\t\t\t<\/div>\n\t\t<\/div>\n\t\t\t\t\t\t\t<\/div>\n\t\t<\/section>\n\t\t\t\t\t\t\t<\/div>\n\t\t","protected":false},"excerpt":{"rendered":"<p>Data In\u00edcio Data Final Categoria Todas CategoriasCursoEvento&nbsp;&nbsp;&nbsp;Eventos 2023 28 ago 2024 Evento Cerim\u00f4nia de Abertura 14:00 &#8211; a confirmar Saiba Mais 02 set 2024 Curso M\u00f3dulo 1 &#8211; Imers\u00e3o do Laborat\u00f3rio e Overview de Infraestruturas de Pesquisa, com a prof\u00aa M\u00e1rcia Rapini &#8211; online, s\u00edncrono Saiba Mais 04 set 2024 Evento Atividade presencial: Imers\u00e3o do [&hellip;]<\/p>\n","protected":false},"author":3,"featured_media":0,"parent":0,"menu_order":0,"comment_status":"closed","ping_status":"closed","template":"elementor_header_footer","meta":{"footnotes":""},"class_list":["post-3530","page","type-page","status-publish","hentry"],"_links":{"self":[{"href":"https:\/\/www.ufmg.br\/prpq\/outlab\/wp-json\/wp\/v2\/pages\/3530","targetHints":{"allow":["GET"]}}],"collection":[{"href":"https:\/\/www.ufmg.br\/prpq\/outlab\/wp-json\/wp\/v2\/pages"}],"about":[{"href":"https:\/\/www.ufmg.br\/prpq\/outlab\/wp-json\/wp\/v2\/types\/page"}],"author":[{"embeddable":true,"href":"https:\/\/www.ufmg.br\/prpq\/outlab\/wp-json\/wp\/v2\/users\/3"}],"replies":[{"embeddable":true,"href":"https:\/\/www.ufmg.br\/prpq\/outlab\/wp-json\/wp\/v2\/comments?post=3530"}],"version-history":[{"count":23,"href":"https:\/\/www.ufmg.br\/prpq\/outlab\/wp-json\/wp\/v2\/pages\/3530\/revisions"}],"predecessor-version":[{"id":7014,"href":"https:\/\/www.ufmg.br\/prpq\/outlab\/wp-json\/wp\/v2\/pages\/3530\/revisions\/7014"}],"wp:attachment":[{"href":"https:\/\/www.ufmg.br\/prpq\/outlab\/wp-json\/wp\/v2\/media?parent=3530"}],"curies":[{"name":"wp","href":"https:\/\/api.w.org\/{rel}","templated":true}]}}