{"id":4133,"date":"2023-10-08T20:00:50","date_gmt":"2023-10-08T23:00:50","guid":{"rendered":"https:\/\/www.ufmg.br\/prpq\/outlab\/?page_id=4133"},"modified":"2023-11-09T09:48:00","modified_gmt":"2023-11-09T12:48:00","slug":"laboratorio-de-analise-do-movimento-lam","status":"publish","type":"page","link":"https:\/\/www.ufmg.br\/prpq\/outlab\/laboratorio-de-analise-do-movimento-lam\/","title":{"rendered":"Laborat\u00f3rio de An\u00e1lise do Movimento &#8211; LAM"},"content":{"rendered":"<p>&nbsp;<\/p>\n<p><img loading=\"lazy\" decoding=\"async\" class=\" wp-image-4390 aligncenter\" src=\"https:\/\/www.ufmg.br\/prpq\/outlab\/wp-content\/uploads\/2023\/10\/20230921-LAM-OUTLAB-41-300x200.jpg\" alt=\"\" width=\"621\" height=\"414\" srcset=\"https:\/\/www.ufmg.br\/prpq\/outlab\/wp-content\/uploads\/2023\/10\/20230921-LAM-OUTLAB-41-300x200.jpg 300w, https:\/\/www.ufmg.br\/prpq\/outlab\/wp-content\/uploads\/2023\/10\/20230921-LAM-OUTLAB-41-768x512.jpg 768w, https:\/\/www.ufmg.br\/prpq\/outlab\/wp-content\/uploads\/2023\/10\/20230921-LAM-OUTLAB-41.jpg 1024w\" sizes=\"auto, (max-width: 621px) 100vw, 621px\" \/><\/p>\n<p>&nbsp;<\/p>\n<p><img loading=\"lazy\" decoding=\"async\" class=\" wp-image-4217 aligncenter\" src=\"https:\/\/www.ufmg.br\/prpq\/outlab\/wp-content\/uploads\/2023\/10\/6-300x169.png\" alt=\"\" width=\"389\" height=\"219\" srcset=\"https:\/\/www.ufmg.br\/prpq\/outlab\/wp-content\/uploads\/2023\/10\/6-300x169.png 300w, https:\/\/www.ufmg.br\/prpq\/outlab\/wp-content\/uploads\/2023\/10\/6-1024x576.png 1024w, https:\/\/www.ufmg.br\/prpq\/outlab\/wp-content\/uploads\/2023\/10\/6-768x432.png 768w, https:\/\/www.ufmg.br\/prpq\/outlab\/wp-content\/uploads\/2023\/10\/6-1536x864.png 1536w, https:\/\/www.ufmg.br\/prpq\/outlab\/wp-content\/uploads\/2023\/10\/6.png 1920w\" sizes=\"auto, (max-width: 389px) 100vw, 389px\" \/><\/p>\n<p>O LAM \u00e9 um laborat\u00f3rio que analisa uma enorme variedade de par\u00e2metros relacionados \u00e0 fun\u00e7\u00e3o neuromuscular, postura, equil\u00edbrio din\u00e2mico e an\u00e1lise do movimento humano. Os equipamentos s\u00e3o utilizados tanto na pesquisa quanto no ensino cl\u00ednico e tamb\u00e9m na presta\u00e7\u00e3o de servi\u00e7os \u00e0 comunidade, beneficiando desde indiv\u00edduos severamente incapacitados at\u00e9 atletas de elite.<a href=\"https:\/\/www.ufmg.br\/prpq\/outlab\/tecnologia-avancada-para-analisar-o-movimento-humano\/\"> LEIA MAIS!<\/a><\/p>\n<p><a href=\"https:\/\/www.ufmg.br\/prpq\/outlab\/galeria-de-fotos-lam\/\">Clique aqui e veja a galeria de fotos do LAM!<\/a><\/p>\n<p>&nbsp;<\/p>\n<p><img loading=\"lazy\" decoding=\"async\" class=\" wp-image-4356 aligncenter\" src=\"https:\/\/www.ufmg.br\/prpq\/outlab\/wp-content\/uploads\/2023\/10\/20230921-LAM-OUTLAB-7-300x200.jpg\" alt=\"\" width=\"514\" height=\"342\" srcset=\"https:\/\/www.ufmg.br\/prpq\/outlab\/wp-content\/uploads\/2023\/10\/20230921-LAM-OUTLAB-7-300x200.jpg 300w, https:\/\/www.ufmg.br\/prpq\/outlab\/wp-content\/uploads\/2023\/10\/20230921-LAM-OUTLAB-7-768x512.jpg 768w, https:\/\/www.ufmg.br\/prpq\/outlab\/wp-content\/uploads\/2023\/10\/20230921-LAM-OUTLAB-7.jpg 1024w\" sizes=\"auto, (max-width: 514px) 100vw, 514px\" \/><\/p>\n<p>&nbsp;<\/p>\n<p>Equipe participante do Outlab UFMG 2023:<\/p>\n<p>S\u00e9rgio Teixeira da Fonseca<br \/>\nThales Resende de Souza<br \/>\nL\u00edria Okai-Nobrega<br \/>\nVanessa Lara de Ara\u00fajo<br \/>\nPriscila Albuquerque de Ara\u00fajo<\/p>\n<p><a href=\"http:\/\/www.eeffto.ufmg.br\/eeffto\/pos_graduacao\/curso_de_especializacao_em_fisioterapia_especializacao\/laboratorios\">Clique aqui e acesse o site do LAM<\/a> e assista a <a href=\"https:\/\/www.youtube.com\/watch?v=dP7bUtB1irU\">reportagem da TV UFMG<\/a><\/p>\n<p>&nbsp;<\/p>\n<p>&nbsp;<\/p>\n<p>&nbsp;<\/p>\n","protected":false},"excerpt":{"rendered":"<p>&nbsp; &nbsp; O LAM \u00e9 um laborat\u00f3rio que analisa uma enorme variedade de par\u00e2metros relacionados \u00e0 fun\u00e7\u00e3o neuromuscular, postura, equil\u00edbrio din\u00e2mico e an\u00e1lise do movimento humano. Os equipamentos s\u00e3o utilizados tanto na pesquisa quanto no ensino cl\u00ednico e tamb\u00e9m na presta\u00e7\u00e3o de servi\u00e7os \u00e0 comunidade, beneficiando desde indiv\u00edduos severamente incapacitados at\u00e9 atletas de elite. LEIA [&hellip;]<\/p>\n","protected":false},"author":6,"featured_media":0,"parent":0,"menu_order":0,"comment_status":"closed","ping_status":"closed","template":"","meta":{"footnotes":""},"class_list":["post-4133","page","type-page","status-publish","hentry"],"_links":{"self":[{"href":"https:\/\/www.ufmg.br\/prpq\/outlab\/wp-json\/wp\/v2\/pages\/4133","targetHints":{"allow":["GET"]}}],"collection":[{"href":"https:\/\/www.ufmg.br\/prpq\/outlab\/wp-json\/wp\/v2\/pages"}],"about":[{"href":"https:\/\/www.ufmg.br\/prpq\/outlab\/wp-json\/wp\/v2\/types\/page"}],"author":[{"embeddable":true,"href":"https:\/\/www.ufmg.br\/prpq\/outlab\/wp-json\/wp\/v2\/users\/6"}],"replies":[{"embeddable":true,"href":"https:\/\/www.ufmg.br\/prpq\/outlab\/wp-json\/wp\/v2\/comments?post=4133"}],"version-history":[{"count":10,"href":"https:\/\/www.ufmg.br\/prpq\/outlab\/wp-json\/wp\/v2\/pages\/4133\/revisions"}],"predecessor-version":[{"id":5804,"href":"https:\/\/www.ufmg.br\/prpq\/outlab\/wp-json\/wp\/v2\/pages\/4133\/revisions\/5804"}],"wp:attachment":[{"href":"https:\/\/www.ufmg.br\/prpq\/outlab\/wp-json\/wp\/v2\/media?parent=4133"}],"curies":[{"name":"wp","href":"https:\/\/api.w.org\/{rel}","templated":true}]}}