{"id":4142,"date":"2023-10-08T20:22:38","date_gmt":"2023-10-08T23:22:38","guid":{"rendered":"https:\/\/www.ufmg.br\/prpq\/outlab\/?page_id=4142"},"modified":"2023-11-09T09:51:53","modified_gmt":"2023-11-09T12:51:53","slug":"centro-de-telessaude-do-hospital-das-clinicas-da-ufmg","status":"publish","type":"page","link":"https:\/\/www.ufmg.br\/prpq\/outlab\/centro-de-telessaude-do-hospital-das-clinicas-da-ufmg\/","title":{"rendered":"Centro de Telessa\u00fade do Hospital das Cl\u00ednicas da UFMG"},"content":{"rendered":"<p><img loading=\"lazy\" decoding=\"async\" class=\"wp-image-5179 aligncenter\" src=\"https:\/\/www.ufmg.br\/prpq\/outlab\/wp-content\/uploads\/2023\/10\/20231004-TELESAUDE-OUTLAB-51-300x200.jpg\" alt=\"\" width=\"593\" height=\"395\" srcset=\"https:\/\/www.ufmg.br\/prpq\/outlab\/wp-content\/uploads\/2023\/10\/20231004-TELESAUDE-OUTLAB-51-300x200.jpg 300w, https:\/\/www.ufmg.br\/prpq\/outlab\/wp-content\/uploads\/2023\/10\/20231004-TELESAUDE-OUTLAB-51-768x512.jpg 768w, https:\/\/www.ufmg.br\/prpq\/outlab\/wp-content\/uploads\/2023\/10\/20231004-TELESAUDE-OUTLAB-51.jpg 1024w\" sizes=\"auto, (max-width: 593px) 100vw, 593px\" \/><\/p>\n<p><img loading=\"lazy\" decoding=\"async\" class=\" wp-image-4215 aligncenter\" src=\"https:\/\/www.ufmg.br\/prpq\/outlab\/wp-content\/uploads\/2023\/10\/3-300x169.png\" alt=\"\" width=\"408\" height=\"230\" srcset=\"https:\/\/www.ufmg.br\/prpq\/outlab\/wp-content\/uploads\/2023\/10\/3-300x169.png 300w, https:\/\/www.ufmg.br\/prpq\/outlab\/wp-content\/uploads\/2023\/10\/3-1024x576.png 1024w, https:\/\/www.ufmg.br\/prpq\/outlab\/wp-content\/uploads\/2023\/10\/3-768x432.png 768w, https:\/\/www.ufmg.br\/prpq\/outlab\/wp-content\/uploads\/2023\/10\/3-1536x864.png 1536w, https:\/\/www.ufmg.br\/prpq\/outlab\/wp-content\/uploads\/2023\/10\/3.png 1920w\" sizes=\"auto, (max-width: 408px) 100vw, 408px\" \/><\/p>\n<p>O Centro de Telessa\u00fade, ligado ao Hospital das Cl\u00ednicas da Universidade Federal de Minas Gerais (HC-UFMG), \u00e9 formado por uma equipe de profissionais de sa\u00fade e de inform\u00e1tica e gestores em sa\u00fade, tendo como objetivo fornecer servi\u00e7os e desenvolver pesquisas no campo da telessa\u00fade, com \u00eanfase na teleassist\u00eancia. Para isso, coordena a Rede de Teleassist\u00eancia de Minas Gerais (RTMG), formada pela parceria entre sete Universidades p\u00fablicas localizadas no estado. Atua em sintonia com as pol\u00edticas p\u00fablicas nacionais, estaduais e dos munic\u00edpios mineiros, sempre com o objetivo de facilitar o acesso dos pacientes aos servi\u00e7os de sa\u00fade e dos profissionais ao conhecimento em sa\u00fade. <a href=\"https:\/\/www.ufmg.br\/prpq\/outlab\/centro-de-telessaude-alia-distancia-e-qualidade-no-atendimento\/\">LEIA MAIS!<\/a><\/p>\n<p><a href=\"https:\/\/www.ufmg.br\/prpq\/outlab\/galeria-de-fotos-telessaude\/\">Clique aqui para ver a galeria de fotos do Centro de Telessa\u00fade<\/a><\/p>\n<p style=\"text-align: center;\"><img loading=\"lazy\" decoding=\"async\" class=\"alignnone size-medium wp-image-5201\" src=\"https:\/\/www.ufmg.br\/prpq\/outlab\/wp-content\/uploads\/2023\/10\/20231004-TELESAUDE-OUTLAB-73-200x300.jpg\" alt=\"\" width=\"200\" height=\"300\" srcset=\"https:\/\/www.ufmg.br\/prpq\/outlab\/wp-content\/uploads\/2023\/10\/20231004-TELESAUDE-OUTLAB-73-200x300.jpg 200w, https:\/\/www.ufmg.br\/prpq\/outlab\/wp-content\/uploads\/2023\/10\/20231004-TELESAUDE-OUTLAB-73-683x1024.jpg 683w, https:\/\/www.ufmg.br\/prpq\/outlab\/wp-content\/uploads\/2023\/10\/20231004-TELESAUDE-OUTLAB-73-768x1152.jpg 768w, https:\/\/www.ufmg.br\/prpq\/outlab\/wp-content\/uploads\/2023\/10\/20231004-TELESAUDE-OUTLAB-73.jpg 1024w\" sizes=\"auto, (max-width: 200px) 100vw, 200px\" \/>\u00a0<img loading=\"lazy\" decoding=\"async\" class=\"alignnone size-medium wp-image-5205\" src=\"https:\/\/www.ufmg.br\/prpq\/outlab\/wp-content\/uploads\/2023\/10\/20231004-TELESAUDE-OUTLAB-77-200x300.jpg\" alt=\"\" width=\"200\" height=\"300\" srcset=\"https:\/\/www.ufmg.br\/prpq\/outlab\/wp-content\/uploads\/2023\/10\/20231004-TELESAUDE-OUTLAB-77-200x300.jpg 200w, https:\/\/www.ufmg.br\/prpq\/outlab\/wp-content\/uploads\/2023\/10\/20231004-TELESAUDE-OUTLAB-77-683x1024.jpg 683w, https:\/\/www.ufmg.br\/prpq\/outlab\/wp-content\/uploads\/2023\/10\/20231004-TELESAUDE-OUTLAB-77-768x1152.jpg 768w, https:\/\/www.ufmg.br\/prpq\/outlab\/wp-content\/uploads\/2023\/10\/20231004-TELESAUDE-OUTLAB-77.jpg 1024w\" sizes=\"auto, (max-width: 200px) 100vw, 200px\" \/><\/p>\n<p>Equipe participante no Outlab UFMG 2023:<\/p>\n<p>Isabela Nascimento Borges<br \/>\nSaulo Fernandes Saturnino<br \/>\nLelia Maria de Almeida Carvalho<\/p>\n<p><a href=\"https:\/\/telessaude.hc.ufmg.br\/\">Clique aqui para acessar a p\u00e1gina oficial do Centro de Telessa\u00fade<\/a><\/p>\n<p>&nbsp;<\/p>\n<p>&nbsp;<\/p>\n<p>&nbsp;<\/p>\n<p>&nbsp;<\/p>\n<p>&nbsp;<\/p>\n<p>&nbsp;<\/p>\n<p>&nbsp;<\/p>\n<p>&nbsp;<\/p>\n<p>&nbsp;<\/p>\n<p>&nbsp;<\/p>\n<p>&nbsp;<\/p>\n<p>&nbsp;<\/p>\n<p>&nbsp;<\/p>\n<p>&nbsp;<\/p>\n<p>&nbsp;<\/p>\n","protected":false},"excerpt":{"rendered":"<p>O Centro de Telessa\u00fade, ligado ao Hospital das Cl\u00ednicas da Universidade Federal de Minas Gerais (HC-UFMG), \u00e9 formado por uma equipe de profissionais de sa\u00fade e de inform\u00e1tica e gestores em sa\u00fade, tendo como objetivo fornecer servi\u00e7os e desenvolver pesquisas no campo da telessa\u00fade, com \u00eanfase na teleassist\u00eancia. Para isso, coordena a Rede de Teleassist\u00eancia [&hellip;]<\/p>\n","protected":false},"author":6,"featured_media":0,"parent":0,"menu_order":0,"comment_status":"closed","ping_status":"closed","template":"","meta":{"footnotes":""},"class_list":["post-4142","page","type-page","status-publish","hentry"],"_links":{"self":[{"href":"https:\/\/www.ufmg.br\/prpq\/outlab\/wp-json\/wp\/v2\/pages\/4142","targetHints":{"allow":["GET"]}}],"collection":[{"href":"https:\/\/www.ufmg.br\/prpq\/outlab\/wp-json\/wp\/v2\/pages"}],"about":[{"href":"https:\/\/www.ufmg.br\/prpq\/outlab\/wp-json\/wp\/v2\/types\/page"}],"author":[{"embeddable":true,"href":"https:\/\/www.ufmg.br\/prpq\/outlab\/wp-json\/wp\/v2\/users\/6"}],"replies":[{"embeddable":true,"href":"https:\/\/www.ufmg.br\/prpq\/outlab\/wp-json\/wp\/v2\/comments?post=4142"}],"version-history":[{"count":5,"href":"https:\/\/www.ufmg.br\/prpq\/outlab\/wp-json\/wp\/v2\/pages\/4142\/revisions"}],"predecessor-version":[{"id":5808,"href":"https:\/\/www.ufmg.br\/prpq\/outlab\/wp-json\/wp\/v2\/pages\/4142\/revisions\/5808"}],"wp:attachment":[{"href":"https:\/\/www.ufmg.br\/prpq\/outlab\/wp-json\/wp\/v2\/media?parent=4142"}],"curies":[{"name":"wp","href":"https:\/\/api.w.org\/{rel}","templated":true}]}}