{"id":4144,"date":"2023-10-08T20:22:52","date_gmt":"2023-10-08T23:22:52","guid":{"rendered":"https:\/\/www.ufmg.br\/prpq\/outlab\/?page_id=4144"},"modified":"2023-11-09T09:47:24","modified_gmt":"2023-11-09T12:47:24","slug":"instituto-acqua","status":"publish","type":"page","link":"https:\/\/www.ufmg.br\/prpq\/outlab\/instituto-acqua\/","title":{"rendered":"Instituto Acqua"},"content":{"rendered":"<p><img loading=\"lazy\" decoding=\"async\" class=\" wp-image-5409 aligncenter\" src=\"https:\/\/www.ufmg.br\/prpq\/outlab\/wp-content\/uploads\/2023\/10\/20231011-ACQUA-OUTLAB-61-300x200.jpg\" alt=\"\" width=\"533\" height=\"355\" srcset=\"https:\/\/www.ufmg.br\/prpq\/outlab\/wp-content\/uploads\/2023\/10\/20231011-ACQUA-OUTLAB-61-300x200.jpg 300w, https:\/\/www.ufmg.br\/prpq\/outlab\/wp-content\/uploads\/2023\/10\/20231011-ACQUA-OUTLAB-61-768x512.jpg 768w, https:\/\/www.ufmg.br\/prpq\/outlab\/wp-content\/uploads\/2023\/10\/20231011-ACQUA-OUTLAB-61.jpg 1024w\" sizes=\"auto, (max-width: 533px) 100vw, 533px\" \/><\/p>\n<p>&nbsp;<\/p>\n<p><img loading=\"lazy\" decoding=\"async\" class=\"size-medium wp-image-4216 aligncenter\" src=\"https:\/\/www.ufmg.br\/prpq\/outlab\/wp-content\/uploads\/2023\/10\/4-300x169.png\" alt=\"\" width=\"300\" height=\"169\" srcset=\"https:\/\/www.ufmg.br\/prpq\/outlab\/wp-content\/uploads\/2023\/10\/4-300x169.png 300w, https:\/\/www.ufmg.br\/prpq\/outlab\/wp-content\/uploads\/2023\/10\/4-1024x576.png 1024w, https:\/\/www.ufmg.br\/prpq\/outlab\/wp-content\/uploads\/2023\/10\/4-768x432.png 768w, https:\/\/www.ufmg.br\/prpq\/outlab\/wp-content\/uploads\/2023\/10\/4-1536x864.png 1536w, https:\/\/www.ufmg.br\/prpq\/outlab\/wp-content\/uploads\/2023\/10\/4.png 1920w\" sizes=\"auto, (max-width: 300px) 100vw, 300px\" \/><\/p>\n<p>O Instituto Acqua est\u00e1 inserido no Departamento de Engenharia Metal\u00fargica\/UFMG. Tem suas linhas de pesquisa identificadas com duas grandes \u00e1reas de atua\u00e7\u00e3o. A primeira consiste na avalia\u00e7\u00e3o do impacto das atividades da ind\u00fastria mineral sobre a qualidade de \u00e1gua, de solo e conserva\u00e7\u00e3o da biodiversidade. A segunda \u00e1rea de atua\u00e7\u00e3o do Instituto visa a agrega\u00e7\u00e3o de valor e de desempenho ambiental a processos e a produtos de base mineral. A atua\u00e7\u00e3o do INCT-Acqua envolve uma a\u00e7\u00e3o articulada com setores p\u00fablico, industrial e a sociedade. O Instituto atua na gera\u00e7\u00e3o e dissemina\u00e7\u00e3o de fundamentos cient\u00edficos e tecnol\u00f3gicos, que embasam a formula\u00e7\u00e3o de pol\u00edticas p\u00fablicas e o aumento da competitividade industrial, com \u00eanfase na forma\u00e7\u00e3o de recursos humanos altamente capacitados. <a href=\"https:\/\/www.ufmg.br\/prpq\/outlab\/acqua-hidrometalurgia-de-alto-desempenho\/\">LEIA MAIS!<\/a><\/p>\n<p><a href=\"https:\/\/www.ufmg.br\/prpq\/outlab\/galeria-de-fotos-instituto-acqua\/\">Clique aqui para ver a galeria de fotos do Instituto Acqua.<\/a><\/p>\n<p><img loading=\"lazy\" decoding=\"async\" class=\"wp-image-5442 aligncenter\" src=\"https:\/\/www.ufmg.br\/prpq\/outlab\/wp-content\/uploads\/2023\/10\/20231011-ACQUA-OUTLAB-94-300x200.jpg\" alt=\"\" width=\"516\" height=\"344\" srcset=\"https:\/\/www.ufmg.br\/prpq\/outlab\/wp-content\/uploads\/2023\/10\/20231011-ACQUA-OUTLAB-94-300x200.jpg 300w, https:\/\/www.ufmg.br\/prpq\/outlab\/wp-content\/uploads\/2023\/10\/20231011-ACQUA-OUTLAB-94-768x512.jpg 768w, https:\/\/www.ufmg.br\/prpq\/outlab\/wp-content\/uploads\/2023\/10\/20231011-ACQUA-OUTLAB-94.jpg 1024w\" sizes=\"auto, (max-width: 516px) 100vw, 516px\" \/><\/p>\n<p>&nbsp;<\/p>\n<p>Equipe participante no Outlab UFMG 2023:<\/p>\n<p>Claudia Lima Caldeira<br \/>\nFilipe Augusto Tironi Alves<br \/>\nHellen Aparecida Andrade<\/p>\n<p><a href=\"https:\/\/acqua-inct.org\/\">Clique aqui e entre no site oficial do INCT-ACQUA<\/a><\/p>\n<p>&nbsp;<\/p>\n<p>&nbsp;<\/p>\n<p>&nbsp;<\/p>\n<p>&nbsp;<\/p>\n<p>&nbsp;<\/p>\n<p>&nbsp;<\/p>\n<p>&nbsp;<\/p>\n<p>&nbsp;<\/p>\n","protected":false},"excerpt":{"rendered":"<p>&nbsp; O Instituto Acqua est\u00e1 inserido no Departamento de Engenharia Metal\u00fargica\/UFMG. Tem suas linhas de pesquisa identificadas com duas grandes \u00e1reas de atua\u00e7\u00e3o. A primeira consiste na avalia\u00e7\u00e3o do impacto das atividades da ind\u00fastria mineral sobre a qualidade de \u00e1gua, de solo e conserva\u00e7\u00e3o da biodiversidade. A segunda \u00e1rea de atua\u00e7\u00e3o do Instituto visa a [&hellip;]<\/p>\n","protected":false},"author":6,"featured_media":0,"parent":0,"menu_order":0,"comment_status":"closed","ping_status":"closed","template":"","meta":{"footnotes":""},"class_list":["post-4144","page","type-page","status-publish","hentry"],"_links":{"self":[{"href":"https:\/\/www.ufmg.br\/prpq\/outlab\/wp-json\/wp\/v2\/pages\/4144","targetHints":{"allow":["GET"]}}],"collection":[{"href":"https:\/\/www.ufmg.br\/prpq\/outlab\/wp-json\/wp\/v2\/pages"}],"about":[{"href":"https:\/\/www.ufmg.br\/prpq\/outlab\/wp-json\/wp\/v2\/types\/page"}],"author":[{"embeddable":true,"href":"https:\/\/www.ufmg.br\/prpq\/outlab\/wp-json\/wp\/v2\/users\/6"}],"replies":[{"embeddable":true,"href":"https:\/\/www.ufmg.br\/prpq\/outlab\/wp-json\/wp\/v2\/comments?post=4144"}],"version-history":[{"count":7,"href":"https:\/\/www.ufmg.br\/prpq\/outlab\/wp-json\/wp\/v2\/pages\/4144\/revisions"}],"predecessor-version":[{"id":5803,"href":"https:\/\/www.ufmg.br\/prpq\/outlab\/wp-json\/wp\/v2\/pages\/4144\/revisions\/5803"}],"wp:attachment":[{"href":"https:\/\/www.ufmg.br\/prpq\/outlab\/wp-json\/wp\/v2\/media?parent=4144"}],"curies":[{"name":"wp","href":"https:\/\/api.w.org\/{rel}","templated":true}]}}