{"id":4148,"date":"2023-10-08T20:23:30","date_gmt":"2023-10-08T23:23:30","guid":{"rendered":"https:\/\/www.ufmg.br\/prpq\/outlab\/?page_id=4148"},"modified":"2023-10-24T05:31:52","modified_gmt":"2023-10-24T08:31:52","slug":"laboratorio-de-bioengenharia","status":"publish","type":"page","link":"https:\/\/www.ufmg.br\/prpq\/outlab\/laboratorio-de-bioengenharia\/","title":{"rendered":"Laborat\u00f3rio de Bioengenharia &#8211; LABBIO"},"content":{"rendered":"<p><img loading=\"lazy\" decoding=\"async\" class=\" wp-image-5281 aligncenter\" src=\"https:\/\/www.ufmg.br\/prpq\/outlab\/wp-content\/uploads\/2023\/10\/20231005-LABBIO-OUTLAB-51-300x200.jpg\" alt=\"\" width=\"545\" height=\"363\" srcset=\"https:\/\/www.ufmg.br\/prpq\/outlab\/wp-content\/uploads\/2023\/10\/20231005-LABBIO-OUTLAB-51-300x200.jpg 300w, https:\/\/www.ufmg.br\/prpq\/outlab\/wp-content\/uploads\/2023\/10\/20231005-LABBIO-OUTLAB-51-768x512.jpg 768w, https:\/\/www.ufmg.br\/prpq\/outlab\/wp-content\/uploads\/2023\/10\/20231005-LABBIO-OUTLAB-51.jpg 1024w\" sizes=\"auto, (max-width: 545px) 100vw, 545px\" \/><\/p>\n<p><img loading=\"lazy\" decoding=\"async\" class=\" wp-image-4218 aligncenter\" src=\"https:\/\/www.ufmg.br\/prpq\/outlab\/wp-content\/uploads\/2023\/10\/7-300x169.png\" alt=\"\" width=\"426\" height=\"240\" srcset=\"https:\/\/www.ufmg.br\/prpq\/outlab\/wp-content\/uploads\/2023\/10\/7-300x169.png 300w, https:\/\/www.ufmg.br\/prpq\/outlab\/wp-content\/uploads\/2023\/10\/7-1024x576.png 1024w, https:\/\/www.ufmg.br\/prpq\/outlab\/wp-content\/uploads\/2023\/10\/7-768x432.png 768w, https:\/\/www.ufmg.br\/prpq\/outlab\/wp-content\/uploads\/2023\/10\/7-1536x864.png 1536w, https:\/\/www.ufmg.br\/prpq\/outlab\/wp-content\/uploads\/2023\/10\/7.png 1920w\" sizes=\"auto, (max-width: 426px) 100vw, 426px\" \/><\/p>\n<p>O Laborat\u00f3rio de Bioengenharia (Labbio) foi fundado em 1999 pelo professor Marcos Pinotti Barbosa. Ele atua nas \u00e1reas de engenharia cardiovascular, biomateriais, m\u00e9todos de terapia laser e crioterapia, engenharia de reabilita\u00e7\u00e3o, m\u00e9todos de diagn\u00f3sticos e terapias em odontologia, neurovis\u00e3o, engenharia de seguran\u00e7a, cirurgia pl\u00e1stica, cirurgia card\u00edaca, laser em odontologia, biomec\u00e2nica desportiva. As pesquisas s\u00e3o conduzidas por equipe multidisciplinar das \u00e1reas de ci\u00eancias da sa\u00fade &#8211; medicina, fisioterapia, terapia ocupacional, farm\u00e1cia, odontologia e educa\u00e7\u00e3o f\u00edsica &#8211; e das engenharias &#8211; mec\u00e2nica, el\u00e9trica, qu\u00edmica e mecatr\u00f4nica.<\/p>\n<p><a href=\"https:\/\/www.ufmg.br\/prpq\/outlab\/galeria-de-fotos-labbio\/\">Clique para ver a galeria de fotos do LABBIO.<\/a><\/p>\n<p><img loading=\"lazy\" decoding=\"async\" class=\"wp-image-5346 aligncenter\" src=\"https:\/\/www.ufmg.br\/prpq\/outlab\/wp-content\/uploads\/2023\/10\/20231005-LABBIO-OUTLAB-116-300x200.jpg\" alt=\"\" width=\"560\" height=\"373\" srcset=\"https:\/\/www.ufmg.br\/prpq\/outlab\/wp-content\/uploads\/2023\/10\/20231005-LABBIO-OUTLAB-116-300x200.jpg 300w, https:\/\/www.ufmg.br\/prpq\/outlab\/wp-content\/uploads\/2023\/10\/20231005-LABBIO-OUTLAB-116-768x512.jpg 768w, https:\/\/www.ufmg.br\/prpq\/outlab\/wp-content\/uploads\/2023\/10\/20231005-LABBIO-OUTLAB-116.jpg 1024w\" sizes=\"auto, (max-width: 560px) 100vw, 560px\" \/><\/p>\n<p>Equipe participante do Outlab UFMG 2023:<\/p>\n<p>Claysson Bruno Santos Vimieiro<br \/>\nRudolf Huebner<br \/>\nMaria Aparecida Fernandes<br \/>\nSaulo de Freitas Gon\u00e7alves<\/p>\n<p><a href=\"http:\/\/www.labbioufmg.org\/index.php\">Clique aqui e acesse o site oficial do LABBIO<\/a><\/p>\n<p>&nbsp;<\/p>\n<p>&nbsp;<\/p>\n<p>&nbsp;<\/p>\n","protected":false},"excerpt":{"rendered":"<p>O Laborat\u00f3rio de Bioengenharia (Labbio) foi fundado em 1999 pelo professor Marcos Pinotti Barbosa. Ele atua nas \u00e1reas de engenharia cardiovascular, biomateriais, m\u00e9todos de terapia laser e crioterapia, engenharia de reabilita\u00e7\u00e3o, m\u00e9todos de diagn\u00f3sticos e terapias em odontologia, neurovis\u00e3o, engenharia de seguran\u00e7a, cirurgia pl\u00e1stica, cirurgia card\u00edaca, laser em odontologia, biomec\u00e2nica desportiva. As pesquisas s\u00e3o conduzidas [&hellip;]<\/p>\n","protected":false},"author":6,"featured_media":0,"parent":0,"menu_order":0,"comment_status":"closed","ping_status":"closed","template":"","meta":{"footnotes":""},"class_list":["post-4148","page","type-page","status-publish","hentry"],"_links":{"self":[{"href":"https:\/\/www.ufmg.br\/prpq\/outlab\/wp-json\/wp\/v2\/pages\/4148","targetHints":{"allow":["GET"]}}],"collection":[{"href":"https:\/\/www.ufmg.br\/prpq\/outlab\/wp-json\/wp\/v2\/pages"}],"about":[{"href":"https:\/\/www.ufmg.br\/prpq\/outlab\/wp-json\/wp\/v2\/types\/page"}],"author":[{"embeddable":true,"href":"https:\/\/www.ufmg.br\/prpq\/outlab\/wp-json\/wp\/v2\/users\/6"}],"replies":[{"embeddable":true,"href":"https:\/\/www.ufmg.br\/prpq\/outlab\/wp-json\/wp\/v2\/comments?post=4148"}],"version-history":[{"count":6,"href":"https:\/\/www.ufmg.br\/prpq\/outlab\/wp-json\/wp\/v2\/pages\/4148\/revisions"}],"predecessor-version":[{"id":5769,"href":"https:\/\/www.ufmg.br\/prpq\/outlab\/wp-json\/wp\/v2\/pages\/4148\/revisions\/5769"}],"wp:attachment":[{"href":"https:\/\/www.ufmg.br\/prpq\/outlab\/wp-json\/wp\/v2\/media?parent=4148"}],"curies":[{"name":"wp","href":"https:\/\/api.w.org\/{rel}","templated":true}]}}