{"id":5931,"date":"2024-05-27T08:46:36","date_gmt":"2024-05-27T11:46:36","guid":{"rendered":"https:\/\/www.ufmg.br\/prpq\/outlab\/?page_id=5931"},"modified":"2024-05-27T09:16:02","modified_gmt":"2024-05-27T12:16:02","slug":"5931-2","status":"publish","type":"page","link":"https:\/\/www.ufmg.br\/prpq\/outlab\/5931-2\/","title":{"rendered":"Designer Instrucional"},"content":{"rendered":"<div><strong>O prazo para se candidatar \u00e9 at\u00e9 o dia 02 de junho de 2024!<\/strong><\/div>\n<div><\/div>\n<div class=\"vacancy_titleSubtitleText__subtitleList__vHQnx\">Cargo: Designer Instrucional<\/div>\n<div><\/div>\n<div class=\"vacancy_titleSubtitleText__subtitleList__vHQnx\">Projeto: Outlab UFMG<\/div>\n<div class=\"vacancy_titleSubtitleText__textList__RcZkE\"><\/div>\n<div class=\"vacancy_titleSubtitleText__subtitleList__vHQnx\">Sal\u00e1rio\/bolsa: R$ 3.000,00<\/div>\n<div><\/div>\n<div class=\"vacancy_titleSubtitleText__subtitleList__vHQnx\">Forma\u00e7\u00e3o: Gradua\u00e7\u00e3o completa em pedagogia ou \u00e1reas afins<\/div>\n<div><\/div>\n<div class=\"vacancy_titleSubtitleText__subtitleList__vHQnx\">Carga hor\u00e1ria: 30h\/semana (6 meses)<\/div>\n<div><\/div>\n<div class=\"vacancy_titleSubtitleText__subtitleList__vHQnx\">Local de trabalho: H\u00edbrido<\/div>\n<div><\/div>\n<div class=\"vacancy_titleSubtitleText__subtitleList__vHQnx\">Descri\u00e7\u00e3o<\/div>\n<div class=\"vacancy_titleSubtitleText__textList__RcZkE\">\n<div class=\"style_utils__markdown__zUXiu\">\n<p>O Outlab UFMG tem como foco primordial oferecer ferramentas de capacita\u00e7\u00e3o destinadas \u00e0s equipes t\u00e9cnico-cient\u00edficas dos Laborat\u00f3rios Institucionais da Universidade. Essas ferramentas visam fortalecer as compet\u00eancias essenciais para a condu\u00e7\u00e3o de pesquisas de alta qualidade e fomentar a transfer\u00eancia de conhecimento para a sociedade, por meio da intera\u00e7\u00e3o com o mercado.<\/p>\n<p>Al\u00e9m da capacita\u00e7\u00e3o t\u00e9cnica, o programa direciona seus esfor\u00e7os ao desenvolvimento ativo de habilidades empreendedoras e gerenciais, reconhecendo a import\u00e2ncia cr\u00edtica dessas aptid\u00f5es para o sucesso das equipes envolvidas.<\/p>\n<h4>Atribui\u00e7\u00f5es da vaga<\/h4>\n<p>Como Designer Instrucional no projeto de extens\u00e3o Outlab UFMG voc\u00ea ser\u00e1 respons\u00e1vel por criar e contribuir com o desenvolvimento de materiais did\u00e1ticos, planejar e gerenciar o projeto educacional para pesquisadores e t\u00e9cnicos de laborat\u00f3rios da UFMG. Todo o trabalho ser\u00e1 realizado em parceria com especialistas nos conte\u00fados previstos e com bolsistas de gradua\u00e7\u00e3o, que auxiliar\u00e3o no processo de constru\u00e7\u00e3o dos materiais e outras tarefas conforme solicitado pela coordena\u00e7\u00e3o da capacita\u00e7\u00e3o.<\/p>\n<h4>Responsabilidades:<\/h4>\n<ul>\n<li>Constru\u00e7\u00e3o do curso no Moodle;<\/li>\n<li>Realizar a revis\u00e3o pedag\u00f3gica dos conte\u00fados propostos pelo Projeto;<\/li>\n<li>Trabalhar em parceria com especialistas nos conte\u00fados previstos e bolsistas que auxiliar\u00e3o no processo de constru\u00e7\u00e3o dos materiais did\u00e1ticos;<\/li>\n<li>Prestar suporte pedag\u00f3gico durante a realiza\u00e7\u00e3o do curso.<\/li>\n<\/ul>\n<h4>Requisitos e qualifica\u00e7\u00f5es<\/h4>\n<ul>\n<li>Gradua\u00e7\u00e3o completa em pedagogia ou \u00e1reas afins;<\/li>\n<li>Experi\u00eancia em roteiriza\u00e7\u00e3o, cria\u00e7\u00e3o e edi\u00e7\u00e3o de materiais audiovisuais;<\/li>\n<li>Experi\u00eancia com Moodle.<\/li>\n<\/ul>\n<\/div>\n<\/div>\n<div class=\"vacancy_titleSubtitleText__divisor__8nNuJ\"><\/div>\n<div class=\"vacancy_titleSubtitleText__subtitleVacancy__uiiXC\">Candidate-se a esta vaga<\/div>\n<div class=\"vacancy_titleSubtitleText__textList__RcZkE\">\n<div class=\"style_utils__markdown__zUXiu\">\n<p>Para se inscrever, acesse o formul\u00e1rio dispon\u00edvel: <a href=\"https:\/\/forms.gle\/SV6zxQqZeEhzzCbz5\">https:\/\/forms.gle\/SV6zxQqZeEhzzCbz5<\/a><\/p>\n<p>O formul\u00e1rio est\u00e1 dispon\u00edvel at\u00e9 o dia 02 de junho de 2024.<\/p>\n<\/div>\n<\/div>\n","protected":false},"excerpt":{"rendered":"<p>O prazo para se candidatar \u00e9 at\u00e9 o dia 02 de junho de 2024! Cargo: Designer Instrucional Projeto: Outlab UFMG Sal\u00e1rio\/bolsa: R$ 3.000,00 Forma\u00e7\u00e3o: Gradua\u00e7\u00e3o completa em pedagogia ou \u00e1reas afins Carga hor\u00e1ria: 30h\/semana (6 meses) Local de trabalho: H\u00edbrido Descri\u00e7\u00e3o O Outlab UFMG tem como foco primordial oferecer ferramentas de capacita\u00e7\u00e3o destinadas \u00e0s equipes [&hellip;]<\/p>\n","protected":false},"author":6,"featured_media":0,"parent":0,"menu_order":0,"comment_status":"closed","ping_status":"closed","template":"","meta":{"footnotes":""},"class_list":["post-5931","page","type-page","status-publish","hentry"],"_links":{"self":[{"href":"https:\/\/www.ufmg.br\/prpq\/outlab\/wp-json\/wp\/v2\/pages\/5931","targetHints":{"allow":["GET"]}}],"collection":[{"href":"https:\/\/www.ufmg.br\/prpq\/outlab\/wp-json\/wp\/v2\/pages"}],"about":[{"href":"https:\/\/www.ufmg.br\/prpq\/outlab\/wp-json\/wp\/v2\/types\/page"}],"author":[{"embeddable":true,"href":"https:\/\/www.ufmg.br\/prpq\/outlab\/wp-json\/wp\/v2\/users\/6"}],"replies":[{"embeddable":true,"href":"https:\/\/www.ufmg.br\/prpq\/outlab\/wp-json\/wp\/v2\/comments?post=5931"}],"version-history":[{"count":5,"href":"https:\/\/www.ufmg.br\/prpq\/outlab\/wp-json\/wp\/v2\/pages\/5931\/revisions"}],"predecessor-version":[{"id":5941,"href":"https:\/\/www.ufmg.br\/prpq\/outlab\/wp-json\/wp\/v2\/pages\/5931\/revisions\/5941"}],"wp:attachment":[{"href":"https:\/\/www.ufmg.br\/prpq\/outlab\/wp-json\/wp\/v2\/media?parent=5931"}],"curies":[{"name":"wp","href":"https:\/\/api.w.org\/{rel}","templated":true}]}}