{"id":6080,"date":"2024-07-03T10:45:56","date_gmt":"2024-07-03T13:45:56","guid":{"rendered":"https:\/\/www.ufmg.br\/prpq\/outlab\/?page_id=6080"},"modified":"2024-09-05T12:26:03","modified_gmt":"2024-09-05T15:26:03","slug":"laboratorios-2024","status":"publish","type":"page","link":"https:\/\/www.ufmg.br\/prpq\/outlab\/laboratorios-2024\/","title":{"rendered":"Laborat\u00f3rios 2024"},"content":{"rendered":"\t\t<div data-elementor-type=\"wp-page\" data-elementor-id=\"6080\" class=\"elementor elementor-6080\" data-elementor-post-type=\"page\">\n\t\t\t\t\t\t\t\t\t<section class=\"elementor-section elementor-top-section elementor-element elementor-element-57205a0 elementor-section-boxed elementor-section-height-default elementor-section-height-default\" data-id=\"57205a0\" data-element_type=\"section\" data-settings=\"{&quot;background_background&quot;:&quot;classic&quot;}\" data-e-bg-lazyload=\"\">\n\t\t\t\t\t\t\t<div class=\"elementor-background-overlay\"><\/div>\n\t\t\t\t\t\t\t<div class=\"elementor-container elementor-column-gap-no\">\n\t\t\t\t\t<div class=\"elementor-column elementor-col-50 elementor-top-column elementor-element elementor-element-d7e5127\" data-id=\"d7e5127\" data-element_type=\"column\">\n\t\t\t<div class=\"elementor-widget-wrap elementor-element-populated\">\n\t\t\t\t\t\t\t\t<div class=\"elementor-element elementor-element-0355210 elementor-widget elementor-widget-tronix_about_two\" data-id=\"0355210\" data-element_type=\"widget\" data-widget_type=\"tronix_about_two.default\">\n\t\t\t\t<div class=\"elementor-widget-container\">\n\t\t\t<script>\n        jQuery(document).ready(function($) {\n            \"use strict\";\n            $(\"#video-btn-2156\").magnificPopup({\n                disableOn: 700,\n                type: \"iframe\",\n                mainClass: \"mfp-fade\",\n                removalDelay: 160,\n                preloader: false,\n                fixedContentPos: false\n            });\n        });\n        <\/script>        <div class=\"about-section-wraper\">\n            <div class=\"container-fluid\">\n                <div class=\"about_content \">\n                    <div class=\"about-item\">\n                     <span class=\"about-small-stitle\"> Programa Outlab <\/span>                     <h2 class=\"about-title\"> <h2><span style=\"color: #ffffff\">Confira abaixo os laborat\u00f3rios selecionados para a edi\u00e7\u00e3o 2024!<\/span><\/h2> <\/h2>                                         <\/div>\n                                    <\/div>\n            <\/div>\n        <\/div>\n        \t\t<\/div>\n\t\t\t\t<\/div>\n\t\t\t\t<div class=\"elementor-element elementor-element-3dc2078 elementor-view-default elementor-widget elementor-widget-icon\" data-id=\"3dc2078\" data-element_type=\"widget\" data-widget_type=\"icon.default\">\n\t\t\t\t<div class=\"elementor-widget-container\">\n\t\t\t\t\t<div class=\"elementor-icon-wrapper\">\n\t\t\t<a class=\"elementor-icon\" href=\"#laboratorios\">\n\t\t\t<i aria-hidden=\"true\" class=\"ico ico-chevron-down-circle\"><\/i>\t\t\t<\/a>\n\t\t<\/div>\n\t\t\t\t<\/div>\n\t\t\t\t<\/div>\n\t\t\t\t\t<\/div>\n\t\t<\/div>\n\t\t\t\t<div class=\"elementor-column elementor-col-50 elementor-top-column elementor-element elementor-element-d3fb0e0\" data-id=\"d3fb0e0\" data-element_type=\"column\">\n\t\t\t<div class=\"elementor-widget-wrap elementor-element-populated\">\n\t\t\t\t\t\t\t\t<div class=\"elementor-element elementor-element-ce30823 elementor-widget elementor-widget-image\" data-id=\"ce30823\" data-element_type=\"widget\" data-widget_type=\"image.default\">\n\t\t\t\t<div class=\"elementor-widget-container\">\n\t\t\t<style>\/*! elementor - v3.15.0 - 02-08-2023 *\/\n.elementor-widget-image{text-align:center}.elementor-widget-image a{display:inline-block}.elementor-widget-image a img[src$=\".svg\"]{width:48px}.elementor-widget-image img{vertical-align:middle;display:inline-block}<\/style>\t\t\t\t\t\t\t\t\t\t\t\t\t<a href=\"http:\/\/localhost\/outlab\/\">\n\t\t\t\t\t\t\t<img loading=\"lazy\" decoding=\"async\" width=\"1024\" height=\"1024\" src=\"https:\/\/www.ufmg.br\/prpq\/outlab\/wp-content\/uploads\/2023\/07\/personalizacao.svg\" class=\"attachment-large size-large wp-image-3159\" alt=\"\" srcset=\"https:\/\/www.ufmg.br\/prpq\/outlab\/wp-content\/uploads\/2023\/07\/personalizacao.svg 150w, https:\/\/www.ufmg.br\/prpq\/outlab\/wp-content\/uploads\/2023\/07\/personalizacao.svg 300w, https:\/\/www.ufmg.br\/prpq\/outlab\/wp-content\/uploads\/2023\/07\/personalizacao.svg 1024w, https:\/\/www.ufmg.br\/prpq\/outlab\/wp-content\/uploads\/2023\/07\/personalizacao.svg 1536w, https:\/\/www.ufmg.br\/prpq\/outlab\/wp-content\/uploads\/2023\/07\/personalizacao.svg 2048w, https:\/\/www.ufmg.br\/prpq\/outlab\/wp-content\/uploads\/2023\/07\/personalizacao.svg 100w\" sizes=\"auto, (max-width: 1024px) 100vw, 1024px\" \/>\t\t\t\t\t\t\t\t<\/a>\n\t\t\t\t\t\t\t\t\t\t\t\t\t\t\t<\/div>\n\t\t\t\t<\/div>\n\t\t\t\t\t<\/div>\n\t\t<\/div>\n\t\t\t\t\t\t\t<\/div>\n\t\t<\/section>\n\t\t\t\t<section class=\"elementor-section elementor-top-section elementor-element elementor-element-7839393 elementor-section-boxed elementor-section-height-default elementor-section-height-default\" data-id=\"7839393\" data-element_type=\"section\" id=\"laboratorios\">\n\t\t\t\t\t\t<div class=\"elementor-container elementor-column-gap-no\">\n\t\t\t\t\t<div class=\"elementor-column elementor-col-100 elementor-top-column elementor-element elementor-element-ce3b7a7\" data-id=\"ce3b7a7\" data-element_type=\"column\">\n\t\t\t<div class=\"elementor-widget-wrap elementor-element-populated\">\n\t\t\t\t\t\t\t\t<section class=\"elementor-section elementor-inner-section elementor-element elementor-element-04e268a elementor-section-boxed elementor-section-height-default elementor-section-height-default\" data-id=\"04e268a\" data-element_type=\"section\">\n\t\t\t\t\t\t<div class=\"elementor-container elementor-column-gap-extended\">\n\t\t\t\t\t<div class=\"elementor-column elementor-col-20 elementor-inner-column elementor-element elementor-element-76b5ec5\" data-id=\"76b5ec5\" data-element_type=\"column\">\n\t\t\t<div class=\"elementor-widget-wrap elementor-element-populated\">\n\t\t\t\t\t\t\t\t<div class=\"elementor-element elementor-element-356f8f7 elementor-widget elementor-widget-image-box\" data-id=\"356f8f7\" data-element_type=\"widget\" data-widget_type=\"image-box.default\">\n\t\t\t\t<div class=\"elementor-widget-container\">\n\t\t\t<style>\/*! elementor - v3.15.0 - 02-08-2023 *\/\n.elementor-widget-image-box .elementor-image-box-content{width:100%}@media (min-width:768px){.elementor-widget-image-box.elementor-position-left .elementor-image-box-wrapper,.elementor-widget-image-box.elementor-position-right .elementor-image-box-wrapper{display:flex}.elementor-widget-image-box.elementor-position-right .elementor-image-box-wrapper{text-align:right;flex-direction:row-reverse}.elementor-widget-image-box.elementor-position-left .elementor-image-box-wrapper{text-align:left;flex-direction:row}.elementor-widget-image-box.elementor-position-top .elementor-image-box-img{margin:auto}.elementor-widget-image-box.elementor-vertical-align-top .elementor-image-box-wrapper{align-items:flex-start}.elementor-widget-image-box.elementor-vertical-align-middle .elementor-image-box-wrapper{align-items:center}.elementor-widget-image-box.elementor-vertical-align-bottom .elementor-image-box-wrapper{align-items:flex-end}}@media (max-width:767px){.elementor-widget-image-box .elementor-image-box-img{margin-left:auto!important;margin-right:auto!important;margin-bottom:15px}}.elementor-widget-image-box .elementor-image-box-img{display:inline-block}.elementor-widget-image-box .elementor-image-box-title a{color:inherit}.elementor-widget-image-box .elementor-image-box-wrapper{text-align:center}.elementor-widget-image-box .elementor-image-box-description{margin:0}<\/style><div class=\"elementor-image-box-wrapper\"><div class=\"elementor-image-box-content\"><h3 class=\"elementor-image-box-title\"><a href=\"https:\/\/cemtec.demec.ufmg.br\">CEMTEC - Centro Multiusu\u00e1rio de Termografia Cient\u00edfica<\/a><\/h3><\/div><\/div>\t\t<\/div>\n\t\t\t\t<\/div>\n\t\t\t\t\t<\/div>\n\t\t<\/div>\n\t\t\t\t<div class=\"elementor-column elementor-col-20 elementor-inner-column elementor-element elementor-element-4cedf6a\" data-id=\"4cedf6a\" data-element_type=\"column\">\n\t\t\t<div class=\"elementor-widget-wrap elementor-element-populated\">\n\t\t\t\t\t\t\t\t<div class=\"elementor-element elementor-element-87bef85 elementor-widget elementor-widget-image-box\" data-id=\"87bef85\" data-element_type=\"widget\" data-widget_type=\"image-box.default\">\n\t\t\t\t<div class=\"elementor-widget-container\">\n\t\t\t<div class=\"elementor-image-box-wrapper\"><div class=\"elementor-image-box-content\"><h3 class=\"elementor-image-box-title\"><a href=\"https:\/\/www.crisp.ufmg.br\/sobre_crisp.html\">Centro de Estudos de Criminalidade e Seguran\u00e7a P\u00fablica (CRISP)<\/a><\/h3><\/div><\/div>\t\t<\/div>\n\t\t\t\t<\/div>\n\t\t\t\t\t<\/div>\n\t\t<\/div>\n\t\t\t\t<div class=\"elementor-column elementor-col-20 elementor-inner-column elementor-element elementor-element-63247aa\" data-id=\"63247aa\" data-element_type=\"column\">\n\t\t\t<div class=\"elementor-widget-wrap elementor-element-populated\">\n\t\t\t\t\t\t\t\t<div class=\"elementor-element elementor-element-0fff634 elementor-widget elementor-widget-image-box\" data-id=\"0fff634\" data-element_type=\"widget\" data-widget_type=\"image-box.default\">\n\t\t\t\t<div class=\"elementor-widget-container\">\n\t\t\t<div class=\"elementor-image-box-wrapper\"><div class=\"elementor-image-box-content\"><h3 class=\"elementor-image-box-title\"><a href=\"https:\/\/telessaude.hc.ufmg.br\/\">Laborat\u00f3rio de C\u00e9lulas Embrion\u00e1rias e Animais Transg\u00eanicos<\/a><\/h3><\/div><\/div>\t\t<\/div>\n\t\t\t\t<\/div>\n\t\t\t\t\t<\/div>\n\t\t<\/div>\n\t\t\t\t<div class=\"elementor-column elementor-col-20 elementor-inner-column elementor-element elementor-element-90a7b01\" data-id=\"90a7b01\" data-element_type=\"column\">\n\t\t\t<div class=\"elementor-widget-wrap elementor-element-populated\">\n\t\t\t\t\t\t\t\t<div class=\"elementor-element elementor-element-b1a9733 elementor-widget elementor-widget-image-box\" data-id=\"b1a9733\" data-element_type=\"widget\" data-widget_type=\"image-box.default\">\n\t\t\t\t<div class=\"elementor-widget-container\">\n\t\t\t<div class=\"elementor-image-box-wrapper\"><div class=\"elementor-image-box-content\"><h3 class=\"elementor-image-box-title\"><a href=\"https:\/\/orcslab.github.io\/\">Operations Research and Complex Systems Laboratory (ORCS Lab.)<\/a><\/h3><\/div><\/div>\t\t<\/div>\n\t\t\t\t<\/div>\n\t\t\t\t\t<\/div>\n\t\t<\/div>\n\t\t\t\t<div class=\"elementor-column elementor-col-20 elementor-inner-column elementor-element elementor-element-1a84c6c\" data-id=\"1a84c6c\" data-element_type=\"column\">\n\t\t\t<div class=\"elementor-widget-wrap elementor-element-populated\">\n\t\t\t\t\t\t\t\t<div class=\"elementor-element elementor-element-059147b elementor-widget elementor-widget-image-box\" data-id=\"059147b\" data-element_type=\"widget\" data-widget_type=\"image-box.default\">\n\t\t\t\t<div class=\"elementor-widget-container\">\n\t\t\t<div class=\"elementor-image-box-wrapper\"><div class=\"elementor-image-box-content\"><h3 class=\"elementor-image-box-title\"><a href=\"http:\/\/ne.qui.ufmg.br\">N\u00facleo de Extens\u00e3o e Presta\u00e7\u00e3o de Servi\u00e7os (NEPS-DQ)<\/a><\/h3><\/div><\/div>\t\t<\/div>\n\t\t\t\t<\/div>\n\t\t\t\t\t<\/div>\n\t\t<\/div>\n\t\t\t\t\t\t\t<\/div>\n\t\t<\/section>\n\t\t\t\t<section class=\"elementor-section elementor-inner-section elementor-element elementor-element-d8479ee elementor-section-boxed elementor-section-height-default elementor-section-height-default\" data-id=\"d8479ee\" data-element_type=\"section\">\n\t\t\t\t\t\t<div class=\"elementor-container elementor-column-gap-extended\">\n\t\t\t\t\t<div class=\"elementor-column elementor-col-20 elementor-inner-column elementor-element elementor-element-bc0de1c\" data-id=\"bc0de1c\" data-element_type=\"column\">\n\t\t\t<div class=\"elementor-widget-wrap elementor-element-populated\">\n\t\t\t\t\t\t\t\t<div class=\"elementor-element elementor-element-d918697 elementor-widget elementor-widget-image-box\" data-id=\"d918697\" data-element_type=\"widget\" data-widget_type=\"image-box.default\">\n\t\t\t\t<div class=\"elementor-widget-container\">\n\t\t\t<div class=\"elementor-image-box-wrapper\"><div class=\"elementor-image-box-content\"><h3 class=\"elementor-image-box-title\"><a href=\"https:\/\/sistemas.ufmg.br\/siex\/VerIdentificacao.do?id=89465&#038;tipo=PrestacaoServico\" target=\"_blank\">RotuLab-UFMG: Consultoria e Cursos em Rotulagem de Alimentos<\/a><\/h3><\/div><\/div>\t\t<\/div>\n\t\t\t\t<\/div>\n\t\t\t\t\t<\/div>\n\t\t<\/div>\n\t\t\t\t<div class=\"elementor-column elementor-col-20 elementor-inner-column elementor-element elementor-element-a3feedc\" data-id=\"a3feedc\" data-element_type=\"column\">\n\t\t\t<div class=\"elementor-widget-wrap elementor-element-populated\">\n\t\t\t\t\t\t\t\t<div class=\"elementor-element elementor-element-0c7ce06 elementor-widget elementor-widget-image-box\" data-id=\"0c7ce06\" data-element_type=\"widget\" data-widget_type=\"image-box.default\">\n\t\t\t\t<div class=\"elementor-widget-container\">\n\t\t\t<div class=\"elementor-image-box-wrapper\"><div class=\"elementor-image-box-content\"><h3 class=\"elementor-image-box-title\"><a href=\"http:\/\/www.hrtn.fundep.ufmg.br\/ensino-e-pesquisa\/projetos-de-pesquisa\/\" target=\"_blank\">Centro de Ensino e Pesquisa Hospital Risoleta Tolentino Neves<\/a><\/h3><\/div><\/div>\t\t<\/div>\n\t\t\t\t<\/div>\n\t\t\t\t\t<\/div>\n\t\t<\/div>\n\t\t\t\t<div class=\"elementor-column elementor-col-20 elementor-inner-column elementor-element elementor-element-8b806c6\" data-id=\"8b806c6\" data-element_type=\"column\">\n\t\t\t<div class=\"elementor-widget-wrap elementor-element-populated\">\n\t\t\t\t\t\t\t\t<div class=\"elementor-element elementor-element-6d1a70a elementor-widget elementor-widget-image-box\" data-id=\"6d1a70a\" data-element_type=\"widget\" data-widget_type=\"image-box.default\">\n\t\t\t\t<div class=\"elementor-widget-container\">\n\t\t\t<div class=\"elementor-image-box-wrapper\"><div class=\"elementor-image-box-content\"><h3 class=\"elementor-image-box-title\">Laborat\u00f3rio de Pesquisa de Materiais Odontol\u00f3gicos<\/h3><\/div><\/div>\t\t<\/div>\n\t\t\t\t<\/div>\n\t\t\t\t\t<\/div>\n\t\t<\/div>\n\t\t\t\t<div class=\"elementor-column elementor-col-20 elementor-inner-column elementor-element elementor-element-bb54edf\" data-id=\"bb54edf\" data-element_type=\"column\">\n\t\t\t<div class=\"elementor-widget-wrap elementor-element-populated\">\n\t\t\t\t\t\t\t\t<div class=\"elementor-element elementor-element-3b8f515 elementor-widget elementor-widget-image-box\" data-id=\"3b8f515\" data-element_type=\"widget\" data-widget_type=\"image-box.default\">\n\t\t\t\t<div class=\"elementor-widget-container\">\n\t\t\t<div class=\"elementor-image-box-wrapper\"><div class=\"elementor-image-box-content\"><h3 class=\"elementor-image-box-title\"><a href=\"https:\/\/multilabufmg.wordpress.com\/\" target=\"_blank\">Unidade Multidisciplinar de Pesquisa Animal (MULTILAB)<\/a><\/h3><\/div><\/div>\t\t<\/div>\n\t\t\t\t<\/div>\n\t\t\t\t\t<\/div>\n\t\t<\/div>\n\t\t\t\t<div class=\"elementor-column elementor-col-20 elementor-inner-column elementor-element elementor-element-c850dd7\" data-id=\"c850dd7\" data-element_type=\"column\">\n\t\t\t<div class=\"elementor-widget-wrap elementor-element-populated\">\n\t\t\t\t\t\t\t\t<div class=\"elementor-element elementor-element-9de4bc3 elementor-widget elementor-widget-image-box\" data-id=\"9de4bc3\" data-element_type=\"widget\" data-widget_type=\"image-box.default\">\n\t\t\t\t<div class=\"elementor-widget-container\">\n\t\t\t<div class=\"elementor-image-box-wrapper\"><div class=\"elementor-image-box-content\"><h3 class=\"elementor-image-box-title\"><a href=\"http:\/\/www.deq.ufmg.br\/departamento\/infraestrutura\" target=\"_blank\">Laborat\u00f3rios de Processos de Separa\u00e7\u00e3o I e II<\/a><\/h3><\/div><\/div>\t\t<\/div>\n\t\t\t\t<\/div>\n\t\t\t\t\t<\/div>\n\t\t<\/div>\n\t\t\t\t\t\t\t<\/div>\n\t\t<\/section>\n\t\t\t\t<section class=\"elementor-section elementor-inner-section elementor-element elementor-element-9a24e95 elementor-section-boxed elementor-section-height-default elementor-section-height-default\" data-id=\"9a24e95\" data-element_type=\"section\">\n\t\t\t\t\t\t<div class=\"elementor-container elementor-column-gap-extended\">\n\t\t\t\t\t<div class=\"elementor-column elementor-col-20 elementor-inner-column elementor-element elementor-element-2cbe383\" data-id=\"2cbe383\" data-element_type=\"column\">\n\t\t\t<div class=\"elementor-widget-wrap elementor-element-populated\">\n\t\t\t\t\t\t\t\t<div class=\"elementor-element elementor-element-853c2c6 elementor-widget elementor-widget-image-box\" data-id=\"853c2c6\" data-element_type=\"widget\" data-widget_type=\"image-box.default\">\n\t\t\t\t<div class=\"elementor-widget-container\">\n\t\t\t<div class=\"elementor-image-box-wrapper\"><div class=\"elementor-image-box-content\"><h3 class=\"elementor-image-box-title\"><a href=\"https:\/\/www.medicina.ufmg.br\/cpgsaudedoadulto\/atividades-de-pesquisa\/\" target=\"_blank\">Laborat\u00f3rio de Pesquisa Cient\u00edfica (LPC) \u2013 30 (Laborat\u00f3rio Lineu Freire-Maia)<\/a><\/h3><\/div><\/div>\t\t<\/div>\n\t\t\t\t<\/div>\n\t\t\t\t\t<\/div>\n\t\t<\/div>\n\t\t\t\t<div class=\"elementor-column elementor-col-20 elementor-inner-column elementor-element elementor-element-df35579\" data-id=\"df35579\" data-element_type=\"column\">\n\t\t\t<div class=\"elementor-widget-wrap elementor-element-populated\">\n\t\t\t\t\t\t\t\t<div class=\"elementor-element elementor-element-a397220 elementor-widget elementor-widget-image-box\" data-id=\"a397220\" data-element_type=\"widget\" data-widget_type=\"image-box.default\">\n\t\t\t\t<div class=\"elementor-widget-container\">\n\t\t\t<div class=\"elementor-image-box-wrapper\"><div class=\"elementor-image-box-content\"><h3 class=\"elementor-image-box-title\"><a href=\"http:\/\/lbs.dcc.ufmg.br\/\" target=\"_blank\">Laborat\u00f3rio de Bioinform\u00e1tica e Sistemas<\/a><\/h3><\/div><\/div>\t\t<\/div>\n\t\t\t\t<\/div>\n\t\t\t\t\t<\/div>\n\t\t<\/div>\n\t\t\t\t<div class=\"elementor-column elementor-col-20 elementor-inner-column elementor-element elementor-element-b656c5e\" data-id=\"b656c5e\" data-element_type=\"column\">\n\t\t\t<div class=\"elementor-widget-wrap elementor-element-populated\">\n\t\t\t\t\t\t\t\t<div class=\"elementor-element elementor-element-1c5cc89 elementor-widget elementor-widget-image-box\" data-id=\"1c5cc89\" data-element_type=\"widget\" data-widget_type=\"image-box.default\">\n\t\t\t\t<div class=\"elementor-widget-container\">\n\t\t\t<div class=\"elementor-image-box-wrapper\"><\/div>\t\t<\/div>\n\t\t\t\t<\/div>\n\t\t\t\t\t<\/div>\n\t\t<\/div>\n\t\t\t\t<div class=\"elementor-column elementor-col-20 elementor-inner-column elementor-element elementor-element-7cb05bf\" data-id=\"7cb05bf\" data-element_type=\"column\">\n\t\t\t<div class=\"elementor-widget-wrap elementor-element-populated\">\n\t\t\t\t\t\t\t\t<div class=\"elementor-element elementor-element-ef27f81 elementor-widget elementor-widget-image-box\" data-id=\"ef27f81\" data-element_type=\"widget\" data-widget_type=\"image-box.default\">\n\t\t\t\t<div class=\"elementor-widget-container\">\n\t\t\t<div class=\"elementor-image-box-wrapper\"><\/div>\t\t<\/div>\n\t\t\t\t<\/div>\n\t\t\t\t\t<\/div>\n\t\t<\/div>\n\t\t\t\t<div class=\"elementor-column elementor-col-20 elementor-inner-column elementor-element elementor-element-d592ef3\" data-id=\"d592ef3\" data-element_type=\"column\">\n\t\t\t<div class=\"elementor-widget-wrap elementor-element-populated\">\n\t\t\t\t\t\t\t\t<div class=\"elementor-element elementor-element-12f77cc elementor-widget elementor-widget-image-box\" data-id=\"12f77cc\" data-element_type=\"widget\" data-widget_type=\"image-box.default\">\n\t\t\t\t<div class=\"elementor-widget-container\">\n\t\t\t<div class=\"elementor-image-box-wrapper\"><\/div>\t\t<\/div>\n\t\t\t\t<\/div>\n\t\t\t\t\t<\/div>\n\t\t<\/div>\n\t\t\t\t\t\t\t<\/div>\n\t\t<\/section>\n\t\t\t\t\t<\/div>\n\t\t<\/div>\n\t\t\t\t\t\t\t<\/div>\n\t\t<\/section>\n\t\t\t\t\t\t\t<\/div>\n\t\t","protected":false},"excerpt":{"rendered":"<p>Programa Outlab Confira abaixo os laborat\u00f3rios selecionados para a edi\u00e7\u00e3o 2024! CEMTEC &#8211; Centro Multiusu\u00e1rio de Termografia Cient\u00edfica Centro de Estudos de Criminalidade e Seguran\u00e7a P\u00fablica (CRISP) Laborat\u00f3rio de C\u00e9lulas Embrion\u00e1rias e Animais Transg\u00eanicos Operations Research and Complex Systems Laboratory (ORCS Lab.) N\u00facleo de Extens\u00e3o e Presta\u00e7\u00e3o de Servi\u00e7os (NEPS-DQ) RotuLab-UFMG: Consultoria e Cursos em [&hellip;]<\/p>\n","protected":false},"author":6,"featured_media":0,"parent":0,"menu_order":0,"comment_status":"closed","ping_status":"closed","template":"elementor_header_footer","meta":{"footnotes":""},"class_list":["post-6080","page","type-page","status-publish","hentry"],"_links":{"self":[{"href":"https:\/\/www.ufmg.br\/prpq\/outlab\/wp-json\/wp\/v2\/pages\/6080","targetHints":{"allow":["GET"]}}],"collection":[{"href":"https:\/\/www.ufmg.br\/prpq\/outlab\/wp-json\/wp\/v2\/pages"}],"about":[{"href":"https:\/\/www.ufmg.br\/prpq\/outlab\/wp-json\/wp\/v2\/types\/page"}],"author":[{"embeddable":true,"href":"https:\/\/www.ufmg.br\/prpq\/outlab\/wp-json\/wp\/v2\/users\/6"}],"replies":[{"embeddable":true,"href":"https:\/\/www.ufmg.br\/prpq\/outlab\/wp-json\/wp\/v2\/comments?post=6080"}],"version-history":[{"count":7,"href":"https:\/\/www.ufmg.br\/prpq\/outlab\/wp-json\/wp\/v2\/pages\/6080\/revisions"}],"predecessor-version":[{"id":6359,"href":"https:\/\/www.ufmg.br\/prpq\/outlab\/wp-json\/wp\/v2\/pages\/6080\/revisions\/6359"}],"wp:attachment":[{"href":"https:\/\/www.ufmg.br\/prpq\/outlab\/wp-json\/wp\/v2\/media?parent=6080"}],"curies":[{"name":"wp","href":"https:\/\/api.w.org\/{rel}","templated":true}]}}