{"id":16,"date":"2018-08-21T18:13:55","date_gmt":"2018-08-21T18:13:55","guid":{"rendered":"http:\/\/150.164.74.223\/site_em_construcao\/?page_id=16"},"modified":"2018-10-11T15:40:25","modified_gmt":"2018-10-11T15:40:25","slug":"cadastro-autorizacao","status":"publish","type":"page","link":"https:\/\/www.ufmg.br\/prpq\/patgen\/index.php\/cadastro-autorizacao\/","title":{"rendered":"Cadastro \/ Autoriza\u00e7\u00e3o"},"content":{"rendered":"<p>Diferentemente do marco legal anterior, que exigia autoriza\u00e7\u00e3o pr\u00e9via do CGen para a realiza\u00e7\u00e3o do acesso ao patrim\u00f4nio gen\u00e9tico ou ao conhecimento tradicional associado, na nova legisla\u00e7\u00e3o o acesso \u00e9 declarat\u00f3rio e passa a ser feito a partir de um sistema de cadastro.<\/p>\n<p><strong>Est\u00e3o sujeitas \u00e0s exig\u00eancias da Lei, as seguintes atividades (art. 11, Lei 13.123\/2015):<\/strong><\/p>\n<ul>\n<li>acesso ao patrim\u00f4nio gen\u00e9tico ou ao conhecimento tradicional associado;<\/li>\n<li>remessa para o exterior de amostras de patrim\u00f4nio gen\u00e9tico; e<\/li>\n<li>explora\u00e7\u00e3o econ\u00f4mica de produto acabado ou material reprodutivo oriundo de acesso ao patrim\u00f4nio gen\u00e9tico ou ao conhecimento tradicional associado realizado ap\u00f3s a vig\u00eancia desta Lei.<\/li>\n<\/ul>\n<hr \/>\n<p><strong>Dever\u00e3o ser cadastradas as seguintes atividades (art. 12, Lei 13.123\/2015):<\/strong><\/p>\n<ul>\n<li>acesso ao patrim\u00f4nio gen\u00e9tico ou ao conhecimento tradicional associado dentro do Pa\u00eds realizado por pessoa natural ou jur\u00eddica nacional, p\u00fablica ou privada;<\/li>\n<li>acesso ao patrim\u00f4nio gen\u00e9tico ou conhecimento tradicional associado por pessoa jur\u00eddica sediada no exterior associada a institui\u00e7\u00e3o nacional de pesquisa cient\u00edfica e tecnol\u00f3gica, p\u00fablica ou privada;<\/li>\n<li>acesso ao patrim\u00f4nio gen\u00e9tico ou ao conhecimento tradicional associado realizado no exterior por pessoa natural ou jur\u00eddica nacional, p\u00fablica ou privada;<\/li>\n<li>remessa de amostra de patrim\u00f4nio gen\u00e9tico para o exterior com a finalidade de acesso; e<\/li>\n<li>envio de amostra que contenha patrim\u00f4nio gen\u00e9tico por pessoa jur\u00eddica nacional, p\u00fablica ou privada, para presta\u00e7\u00e3o de servi\u00e7os no exterior como parte de pesquisa ou desenvolvimento tecnol\u00f3gico.<\/li>\n<\/ul>\n<hr \/>\n<p><strong>Os cadastros dever\u00e3o ser realizados previamente \u00e0s seguintes atividades (art. 12, \u00a72\u00ba, Lei 13.123\/2015):<\/strong><\/p>\n<ul>\n<li>remessa para o exterior;<\/li>\n<li>requerimento de qualquer direito de propriedade intelectual;<\/li>\n<li>comercializa\u00e7\u00e3o do produto intermedi\u00e1rio;<\/li>\n<li>divulga\u00e7\u00e3o dos resultados, finais ou parciais, em meios cient\u00edficos ou de comunica\u00e7\u00e3o;<\/li>\n<li>notifica\u00e7\u00e3o de produto acabado ou material reprodutivo desenvolvido em decorr\u00eancia do acesso.<\/li>\n<\/ul>\n<p>Dessa forma, o pesquisador pode iniciar as suas pesquisas sem ter que realizar o cadastro, mas precisa faz\u00ea-lo antes de, por exemplo, apresentar resultados em congresso, defender tese ou disserta\u00e7\u00e3o, ou ainda publicar artigo cient\u00edfico.<\/p>\n<hr \/>\n<p><strong>As seguintes atividades s\u00f3 poder\u00e3o ser realizadas mediante autoriza\u00e7\u00e3o pr\u00e9via (art. 13, Lei 13.123\/2015):<\/strong><\/p>\n<ul>\n<li>acesso ao patrim\u00f4nio gen\u00e9tico ou ao conhecimento tradicional associado em \u00e1rea indispens\u00e1vel \u00e0 seguran\u00e7a nacional, que se dar\u00e1 ap\u00f3s anu\u00eancia do Conselho de Defesa Nacional;<\/li>\n<li>acesso ao patrim\u00f4nio gen\u00e9tico ou ao conhecimento tradicional associado em \u00e1guas jurisdicionais brasileiras, na plataforma continental e na zona econ\u00f4mica exclusiva, que se dar\u00e1 ap\u00f3s anu\u00eancia da autoridade mar\u00edtima.<\/li>\n<\/ul>\n","protected":false},"excerpt":{"rendered":"<p>Diferentemente do marco legal anterior, que exigia autoriza\u00e7\u00e3o pr\u00e9via do CGen para a realiza\u00e7\u00e3o do acesso ao patrim\u00f4nio gen\u00e9tico ou ao conhecimento tradicional associado, na nova legisla\u00e7\u00e3o o acesso \u00e9 declarat\u00f3rio e passa a ser feito a partir de um sistema de cadastro. Est\u00e3o sujeitas \u00e0s exig\u00eancias da Lei, as seguintes atividades (art. 11, Lei [&hellip;]<\/p>\n","protected":false},"author":1,"featured_media":0,"parent":0,"menu_order":0,"comment_status":"closed","ping_status":"closed","template":"","meta":{"_bbp_topic_count":0,"_bbp_reply_count":0,"_bbp_total_topic_count":0,"_bbp_total_reply_count":0,"_bbp_voice_count":0,"_bbp_anonymous_reply_count":0,"_bbp_topic_count_hidden":0,"_bbp_reply_count_hidden":0,"_bbp_forum_subforum_count":0},"categories":[],"_links":{"self":[{"href":"https:\/\/www.ufmg.br\/prpq\/patgen\/index.php\/wp-json\/wp\/v2\/pages\/16"}],"collection":[{"href":"https:\/\/www.ufmg.br\/prpq\/patgen\/index.php\/wp-json\/wp\/v2\/pages"}],"about":[{"href":"https:\/\/www.ufmg.br\/prpq\/patgen\/index.php\/wp-json\/wp\/v2\/types\/page"}],"author":[{"embeddable":true,"href":"https:\/\/www.ufmg.br\/prpq\/patgen\/index.php\/wp-json\/wp\/v2\/users\/1"}],"replies":[{"embeddable":true,"href":"https:\/\/www.ufmg.br\/prpq\/patgen\/index.php\/wp-json\/wp\/v2\/comments?post=16"}],"version-history":[{"count":6,"href":"https:\/\/www.ufmg.br\/prpq\/patgen\/index.php\/wp-json\/wp\/v2\/pages\/16\/revisions"}],"predecessor-version":[{"id":208,"href":"https:\/\/www.ufmg.br\/prpq\/patgen\/index.php\/wp-json\/wp\/v2\/pages\/16\/revisions\/208"}],"wp:attachment":[{"href":"https:\/\/www.ufmg.br\/prpq\/patgen\/index.php\/wp-json\/wp\/v2\/media?parent=16"}],"wp:term":[{"taxonomy":"category","embeddable":true,"href":"https:\/\/www.ufmg.br\/prpq\/patgen\/index.php\/wp-json\/wp\/v2\/categories?post=16"}],"curies":[{"name":"wp","href":"https:\/\/api.w.org\/{rel}","templated":true}]}}