{"id":174,"date":"2018-10-05T19:23:24","date_gmt":"2018-10-05T19:23:24","guid":{"rendered":"https:\/\/www.ufmg.br\/prpq\/patgen\/?page_id=174"},"modified":"2020-01-06T10:46:22","modified_gmt":"2020-01-06T13:46:22","slug":"cadastrohabilitacao-de-pesquisador-sisgen","status":"publish","type":"page","link":"https:\/\/www.ufmg.br\/prpq\/patgen\/index.php\/cadastrohabilitacao-de-pesquisador-sisgen\/","title":{"rendered":"Cadastro Pesquisador &#8211; SisGen"},"content":{"rendered":"<p>Para acessar o <a href=\"https:\/\/sisgen.gov.br\/paginas\/login.aspx\" target=\"_blank\" rel=\"noopener noreferrer\">SisGen<\/a> \u00e9 necess\u00e1rio ser um usu\u00e1rio cadastrado e ter instalado o m\u00f3dulo de seguran\u00e7a.<\/p>\n<p>Dever\u00e3o se cadastrar no <a href=\"https:\/\/sisgen.gov.br\/paginas\/login.aspx\" target=\"_blank\" rel=\"noopener noreferrer\">SisGen<\/a> todos os\u00a0servidores (docente e\/ou t\u00e9cnico) permanentes\u00a0da UFMG que participam\/participaram de projetos que realizem\/realizaram acesso ao patrim\u00f4nio gen\u00e9tico e\/ou conhecimento tradicional associado.<\/p>\n<p>O cadastro \u00e9 realizado no <a href=\"https:\/\/sisgen.gov.br\/paginas\/login.aspx\" target=\"_blank\" rel=\"noopener noreferrer\">SisGen<\/a>\u00a0pelo pr\u00f3prio pesquisador, de acordo com o tutorial abaixo.<\/p>\n<p>Obs.: Alunos e ex-alunos dever\u00e3o ser cadastrados na equipe pelo pesquisador\/orientador. \u00c9 responsabilidade do orientador manter o cadastro atualizado quanto \u00e0 composi\u00e7\u00e3o da equipe.<\/p>\n<hr \/>\n<p>1. Acessar\u00a0<a href=\"https:\/\/sisgen.gov.br\" target=\"_blank\" rel=\"noopener noreferrer\">https:\/\/sisgen.gov.br<\/a><\/p>\n<p>2. Caso o m\u00f3dulo de seguran\u00e7a n\u00e3o esteja instalado no computador, o usu\u00e1rio ser\u00e1 redirecionado automaticamente para a p\u00e1gina de instala\u00e7\u00e3o do m\u00f3dulo.<\/p>\n<p>3. Efetue o download do arquivo e siga as instru\u00e7\u00f5es do instalador. O procedimento de instala\u00e7\u00e3o \u00e9 autoexplicativo e levar\u00e1 apenas alguns segundos.<\/p>\n<p>4. Ap\u00f3s a instala\u00e7\u00e3o ser\u00e1 redirecionado para a p\u00e1gina de login do SisGen.<\/p>\n<p><img decoding=\"async\" src=\"https:\/\/www.ufmg.br\/prpq\/patgen\/wp-content\/uploads\/2018\/04\/patgen1.png\" \/><\/p>\n<p>5. Clicar em \u201cCadastre-se\u201d e preencher o formul\u00e1rio de \u201cCadastro de Usu\u00e1rio\u201d.<\/p>\n<p>6. Em \u201cPossui V\u00ednculo com Institui\u00e7\u00e3o Nacional\u201d selecionar SIM.<\/p>\n<p><img decoding=\"async\" src=\"https:\/\/www.ufmg.br\/prpq\/patgen\/wp-content\/uploads\/2018\/04\/patgen2.png\" \/><\/p>\n<p>7. Informar que possui v\u00ednculo com a UFMG, clicando em \u201cAdicionar\u201d e inserindo o CNPJ (<strong>17.217.985\/0001-04<\/strong>). Ap\u00f3s aparecerem os dados da UFMG clique em salvar. (Obs.: \u00e9 poss\u00edvel se vincular a v\u00e1rias institui\u00e7\u00f5es).<\/p>\n<p><img decoding=\"async\" src=\"https:\/\/www.ufmg.br\/prpq\/patgen\/wp-content\/uploads\/2018\/04\/patgen3.png\" \/><\/p>\n<p>8. Depois de salvar aparecer\u00e1 a seguinte tela.<\/p>\n<p><img decoding=\"async\" src=\"https:\/\/www.ufmg.br\/prpq\/patgen\/wp-content\/uploads\/2018\/04\/patgen4.png\" \/><\/p>\n<p>9. Clicar em \u201cEu li e concordo com os termos de uso\u201d e ent\u00e3o em \u201cCadastrar\u201d.<\/p>\n<p><img decoding=\"async\" src=\"https:\/\/www.ufmg.br\/prpq\/patgen\/wp-content\/uploads\/2018\/04\/patgen5.png\" \/><\/p>\n<p>10. O SisGen apresentar\u00e1 mensagem informando que o cadastro foi realizado com sucesso e enviar\u00e1 uma mensagem ao e-mail cadastrado com a senha para acesso ao Sistema.<\/p>\n<p>11. O cadastro ser\u00e1 encaminhado pelo SisGen ao representante legal da UFMG que poder\u00e1 habilitar ou recusar a vincula\u00e7\u00e3o solicitada pelos usu\u00e1rios.<\/p>\n<p>12. T\u00e3o logo o cadastro seja habilitado\/recusado pela UFMG, ser\u00e1 enviado um e-mail ao usu\u00e1rio informando.<\/p>\n<p>13. Devidamente habilitado, o usu\u00e1rio poder\u00e1 efetuar cadastros de acesso, cadastros de remessa, notifica\u00e7\u00f5es e solicita\u00e7\u00f5es de credenciamento, retifica\u00e7\u00e3o e de atestado de regularidade no SisGen.<\/p>\n","protected":false},"excerpt":{"rendered":"<p>Para acessar o SisGen \u00e9 necess\u00e1rio ser um usu\u00e1rio cadastrado e ter instalado o m\u00f3dulo de seguran\u00e7a. Dever\u00e3o se cadastrar no SisGen todos os\u00a0servidores (docente e\/ou t\u00e9cnico) permanentes\u00a0da UFMG que participam\/participaram de projetos que realizem\/realizaram acesso ao patrim\u00f4nio gen\u00e9tico e\/ou conhecimento tradicional associado. O cadastro \u00e9 realizado no SisGen\u00a0pelo pr\u00f3prio pesquisador, de acordo com o [&hellip;]<\/p>\n","protected":false},"author":1,"featured_media":0,"parent":0,"menu_order":0,"comment_status":"closed","ping_status":"closed","template":"","meta":{"_bbp_topic_count":0,"_bbp_reply_count":0,"_bbp_total_topic_count":0,"_bbp_total_reply_count":0,"_bbp_voice_count":0,"_bbp_anonymous_reply_count":0,"_bbp_topic_count_hidden":0,"_bbp_reply_count_hidden":0,"_bbp_forum_subforum_count":0},"categories":[],"_links":{"self":[{"href":"https:\/\/www.ufmg.br\/prpq\/patgen\/index.php\/wp-json\/wp\/v2\/pages\/174"}],"collection":[{"href":"https:\/\/www.ufmg.br\/prpq\/patgen\/index.php\/wp-json\/wp\/v2\/pages"}],"about":[{"href":"https:\/\/www.ufmg.br\/prpq\/patgen\/index.php\/wp-json\/wp\/v2\/types\/page"}],"author":[{"embeddable":true,"href":"https:\/\/www.ufmg.br\/prpq\/patgen\/index.php\/wp-json\/wp\/v2\/users\/1"}],"replies":[{"embeddable":true,"href":"https:\/\/www.ufmg.br\/prpq\/patgen\/index.php\/wp-json\/wp\/v2\/comments?post=174"}],"version-history":[{"count":11,"href":"https:\/\/www.ufmg.br\/prpq\/patgen\/index.php\/wp-json\/wp\/v2\/pages\/174\/revisions"}],"predecessor-version":[{"id":654,"href":"https:\/\/www.ufmg.br\/prpq\/patgen\/index.php\/wp-json\/wp\/v2\/pages\/174\/revisions\/654"}],"wp:attachment":[{"href":"https:\/\/www.ufmg.br\/prpq\/patgen\/index.php\/wp-json\/wp\/v2\/media?parent=174"}],"wp:term":[{"taxonomy":"category","embeddable":true,"href":"https:\/\/www.ufmg.br\/prpq\/patgen\/index.php\/wp-json\/wp\/v2\/categories?post=174"}],"curies":[{"name":"wp","href":"https:\/\/api.w.org\/{rel}","templated":true}]}}