{"id":18,"date":"2018-08-21T18:14:13","date_gmt":"2018-08-21T18:14:13","guid":{"rendered":"http:\/\/150.164.74.223\/site_em_construcao\/?page_id=18"},"modified":"2020-01-06T10:45:13","modified_gmt":"2020-01-06T13:45:13","slug":"adequacao-das-atividades","status":"publish","type":"page","link":"https:\/\/www.ufmg.br\/prpq\/patgen\/index.php\/adequacao-das-atividades\/","title":{"rendered":"Adequa\u00e7\u00e3o \/ Regulariza\u00e7\u00e3o das Atividades"},"content":{"rendered":"<p><strong>Adequa\u00e7\u00e3o das Atividades<\/strong><\/p>\n<p class=\"texto10\" align=\"justify\">As atividades\u00a0em andamento que foram devidamente autorizadas e\/ou que est\u00e3o com os pedidos de autoriza\u00e7\u00e3o ainda em tramita\u00e7\u00e3o de acordo com as normas da <a href=\"http:\/\/www.planalto.gov.br\/ccivil_03\/MPV\/2186-16.htmimpressao.htm\" target=\"_blank\" rel=\"noopener noreferrer\">Medida Provis\u00f3ria no 2.186-16, de 23 de agosto de 2001<\/a>\u00a0 dever\u00e3o ser adequadas pelos respons\u00e1veis de acordo com os novas normas dispostas na <a href=\"http:\/\/www.planalto.gov.br\/ccivil_03\/_Ato2015-2018\/2015\/Lei\/L13123.htm\" target=\"_blank\" rel=\"noopener noreferrer\">Lei n\u00ba 13.123\/2015<\/a>.<\/p>\n<p class=\"texto10\" align=\"justify\">Dever\u00e1 <strong>adequar-se<\/strong>, no prazo de 1 (um) ano, contado da data da disponibiliza\u00e7\u00e3o do cadastro pelo CGen, o usu\u00e1rio que realizou, a partir de 30 de junho de 2000, as seguintes atividades de acordo com a\u00a0<a href=\"http:\/\/www.planalto.gov.br\/ccivil_03\/MPV\/2186-16.htm\" target=\"_blank\" rel=\"noopener noreferrer\">Medida Provis\u00f3ria n\u00ba 2.186-16, de 23 de agosto de 2001<\/a>\u00a0(art. 37, Lei 13.123\/2015):<\/p>\n<ul>\n<li class=\"texto10\">acesso a patrim\u00f4nio gen\u00e9tico ou conhecimento tradicional associado;<\/li>\n<li class=\"texto10\">explora\u00e7\u00e3o econ\u00f4mica de produto acabado ou de material reprodutivo oriundo de acesso a patrim\u00f4nio gen\u00e9tico ou ao conhecimento tradicional associado.<\/li>\n<\/ul>\n<p>Para tanto, o pesquisador dever\u00e1 adotar uma ou mais das seguintes provid\u00eancias, conforme o caso:<\/p>\n<ul>\n<li class=\"texto10\">cadastrar o acesso ao patrim\u00f4nio gen\u00e9tico ou ao conhecimento tradicional associado;<\/li>\n<li class=\"texto10\">notificar o produto acabado ou o material reprodutivo objeto da explora\u00e7\u00e3o econ\u00f4mica, nos termos da Lei 13.123\/2015; e<\/li>\n<li class=\"texto10\">repartir os benef\u00edcios referentes \u00e0 explora\u00e7\u00e3o econ\u00f4mica realizada a partir da data de entrada em vigor da Lei 13.123\/2015, exceto quando o tenha feito na forma da\u00a0<a href=\"http:\/\/www.planalto.gov.br\/ccivil_03\/MPV\/2186-16.htm\" target=\"_blank\" rel=\"noopener noreferrer\">Medida Provis\u00f3ria n\u00ba 2.186-16, de 23 de agosto de 2001<\/a>.<\/li>\n<\/ul>\n<hr \/>\n<h2><strong>Regulariza\u00e7\u00e3o das Atividades<\/strong><\/h2>\n<p class=\"rtejustify\">Dever\u00e1 <strong>regularizar-se<\/strong>, no prazo de 1 (um) ano, contado da data da disponibiliza\u00e7\u00e3o do Cadastro pelo CGen, o usu\u00e1rio que, entre 30 de junho de 2000 e a data de entrada em vigor da <a href=\"http:\/\/www.planalto.gov.br\/ccivil_03\/_Ato2015-2018\/2015\/Lei\/L13123.htm\" target=\"_blank\" rel=\"noopener noreferrer\">Lei n\u00ba 13.123\/2015<\/a>\u00a0(20\/11\/2015), realizou as seguintes atividades em desacordo com a legisla\u00e7\u00e3o em vigor \u00e0 \u00e9poca:<\/p>\n<ul>\n<li class=\"rtejustify\">acesso a patrim\u00f4nio gen\u00e9tico ou a conhecimento tradicional associado;<\/li>\n<li class=\"rtejustify\">acesso e explora\u00e7\u00e3o econ\u00f4mica de produto ou processo oriundo do acesso a patrim\u00f4nio gen\u00e9tico ou a conhecimento tradicional associado, de que trata a <a href=\"http:\/\/www.planalto.gov.br\/ccivil_03\/MPV\/2186-16.htm\" target=\"_blank\" rel=\"noopener noreferrer\">Medida Provis\u00f3ria no 2.186-16, de 23 de agosto de 2001<\/a>;<\/li>\n<li class=\"rtejustify\">remessa ao exterior de amostra de patrim\u00f4nio gen\u00e9tico; ou<\/li>\n<li class=\"rtejustify\">divulga\u00e7\u00e3o, transmiss\u00e3o ou retransmiss\u00e3o de dados ou informa\u00e7\u00f5es que integram ou constituem conhecimento tradicional associado.<\/li>\n<\/ul>\n<p>A referida regulariza\u00e7\u00e3o est\u00e1 condicionada a assinatura de Termo de Compromisso.<\/p>\n<p class=\"texto10\" align=\"justify\">Na hip\u00f3tese de acesso ao patrim\u00f4nio gen\u00e9tico ou ao conhecimento tradicional associado <strong>unicamente para fins de pesquisa cient\u00edfica<\/strong>, o usu\u00e1rio estar\u00e1 <strong>dispensado<\/strong> de firmar o Termo de Compromisso, <strong>regularizando-se por meio de cadastro ou autoriza\u00e7\u00e3o da atividade,<\/strong> conforme o caso.<\/p>\n<p class=\"texto10\" align=\"justify\">O cadastro e a autoriza\u00e7\u00e3o mencionados acima\u00a0<strong>extinguem a exigibilidade das san\u00e7\u00f5es administrativas<\/strong> previstas na\u00a0<a href=\"http:\/\/www.planalto.gov.br\/ccivil_03\/MPV\/2186-16.htm\" target=\"_blank\" rel=\"noopener noreferrer\">Medida Provis\u00f3ria n\u00ba 2.186-16, de 23 de agosto de 2001<\/a>, desde que a infra\u00e7\u00e3o tenha sido cometida at\u00e9 o dia anterior \u00e0 data de entrada em vigor da\u00a0<a href=\"http:\/\/www.planalto.gov.br\/ccivil_03\/_Ato2015-2018\/2015\/Lei\/L13123.htm\" target=\"_blank\" rel=\"noopener noreferrer\">Lei n\u00ba 13.123\/2015<\/a>\u00a0(19\/11\/2015).<\/p>\n<p class=\"texto10\" align=\"justify\">Para fins de regulariza\u00e7\u00e3o no Instituto Nacional de Propriedade Industrial &#8211; INPI dos pedidos de patentes depositados durante a vig\u00eancia da\u00a0<a href=\"http:\/\/www.planalto.gov.br\/ccivil_03\/MPV\/2186-16.htm\" target=\"_blank\" rel=\"noopener noreferrer\">Medida Provis\u00f3ria n\u00ba 2.186-16, de 23 de agosto de 2001<\/a>, o requerente dever\u00e1 apresentar o comprovante de cadastro ou de autoriza\u00e7\u00e3o de que trata este artigo.<\/p>\n<hr \/>\n<h2 class=\"rtejustify\">Termo de Compromisso<\/h2>\n<p class=\"rtejustify\">O Termo de Compromisso \u00e9 o instrumento jur\u00eddico a ser firmado entre a Uni\u00e3o, representada pelo Ministro de Estado do Meio Ambiente, e o usu\u00e1rio que, entre 30 de junho de 2000 e a data de entrada em vigor da <a href=\"http:\/\/www.planalto.gov.br\/ccivil_03\/_Ato2015-2018\/2015\/Lei\/L13123.htm\" target=\"_blank\" rel=\"noopener noreferrer\">Lei n\u00ba 13.123\/2015<\/a>, realizou atividades em desacordo com a legisla\u00e7\u00e3o em vigor \u00e0 \u00e9poca.<\/p>\n<p>A assinatura do Termo de Compromisso \u00e9 condi\u00e7\u00e3o essencial para a efetiva\u00e7\u00e3o da regulariza\u00e7\u00e3o das atividades prevista no art. 38, da Lei 13.123, de 2015.<\/p>\n<p class=\"texto10\" align=\"justify\">\u00a0O Termo de Compromisso dever\u00e1 prever, conforme o caso (art. 40, Lei 13.123\/2015):<\/p>\n<ul>\n<li class=\"texto10\">o cadastro ou a autoriza\u00e7\u00e3o de acesso ou remessa de patrim\u00f4nio gen\u00e9tico ou de conhecimento tradicional associado;<\/li>\n<li class=\"texto10\">a notifica\u00e7\u00e3o de produto ou processo oriundo do acesso a patrim\u00f4nio gen\u00e9tico ou a conhecimento tradicional associado, de que trata a\u00a0<a href=\"http:\/\/www.planalto.gov.br\/ccivil_03\/MPV\/2186-16.htm\" target=\"_blank\" rel=\"noopener noreferrer\">Medida Provis\u00f3ria n\u00ba 2.186-16, de 23 de agosto de 2001<\/a>; e<\/li>\n<li class=\"texto10\">a reparti\u00e7\u00e3o de benef\u00edcios obtidos, referente ao tempo em que o produto desenvolvido ap\u00f3s 30 de junho de 2000 oriundo de acesso a patrim\u00f4nio gen\u00e9tico ou a conhecimento tradicional associado tiver sido disponibilizado no mercado, no limite de at\u00e9 5 (cinco) anos anteriores \u00e0 celebra\u00e7\u00e3o do Termo de Compromisso, subtra\u00eddo o tempo de\u00a0sobrestamento do processo em tramita\u00e7\u00e3o no CGen.<\/li>\n<\/ul>\n<p class=\"texto10\" align=\"justify\">A assinatura do Termo de Compromisso suspender\u00e1, em todos os casos (art. 41, Lei 13.123\/2015):<\/p>\n<ul>\n<li class=\"texto10\">a aplica\u00e7\u00e3o das san\u00e7\u00f5es administrativas previstas na\u00a0<a href=\"http:\/\/www.planalto.gov.br\/ccivil_03\/MPV\/2186-16.htm\" target=\"_blank\" rel=\"noopener noreferrer\">Medida Provis\u00f3ria n\u00ba 2.186-16, de 23 de agosto de 2001<\/a>, e especificadas nos\u00a0<a href=\"http:\/\/www.planalto.gov.br\/ccivil_03\/_Ato2004-2006\/2005\/Decreto\/D5459.htm#art16\" target=\"_blank\" rel=\"noopener noreferrer\">arts. 16 a 19<\/a>\u00a0e\u00a0<a href=\"http:\/\/www.planalto.gov.br\/ccivil_03\/_Ato2004-2006\/2005\/Decreto\/D5459.htm#art21\" target=\"_blank\" rel=\"noopener noreferrer\">21 a 24 do Decreto n\u00ba 5.459, de 7 de junho de 2005<\/a>, desde que a infra\u00e7\u00e3o tenha sido cometida at\u00e9 o dia anterior \u00e0 data da entrada em vigor da\u00a0<a href=\"http:\/\/www.planalto.gov.br\/ccivil_03\/_Ato2015-2018\/2015\/Lei\/L13123.htm\" target=\"_blank\" rel=\"noopener noreferrer\">Lei n\u00ba 13.123\/2015<\/a>; e<\/li>\n<li class=\"texto10\">a exigibilidade das san\u00e7\u00f5es aplicadas com base na\u00a0<a href=\"http:\/\/www.planalto.gov.br\/ccivil_03\/MPV\/2186-16.htm\" target=\"_blank\" rel=\"noopener noreferrer\">Medida Provis\u00f3ria n\u00ba 2.186-16, de 23 de agosto de 2001<\/a>, e nos\u00a0<a href=\"http:\/\/www.planalto.gov.br\/ccivil_03\/_Ato2004-2006\/2005\/Decreto\/D5459.htm#art16\" target=\"_blank\" rel=\"noopener noreferrer\">arts. 16 a 19<\/a>\u00a0e\u00a0<a href=\"http:\/\/www.planalto.gov.br\/ccivil_03\/_Ato2004-2006\/2005\/Decreto\/D5459.htm#art21\" target=\"_blank\" rel=\"noopener noreferrer\">21 a 24 do Decreto n\u00ba 5.459, de 7 de junho de 2005<\/a>.<\/li>\n<\/ul>\n<p class=\"rtejustify\">Mais informa\u00e7\u00f5es sobre o Temo de Compromisso podem ser obtidas clicando <a href=\"http:\/\/www.mma.gov.br\/patrimonio-genetico\/reparticao-de-beneficios-e-regularizacao\/termo-de-compromisso.html\" target=\"_blank\" rel=\"noopener noreferrer\">aqui<\/a>.<\/p>\n","protected":false},"excerpt":{"rendered":"<p>Adequa\u00e7\u00e3o das Atividades As atividades\u00a0em andamento que foram devidamente autorizadas e\/ou que est\u00e3o com os pedidos de autoriza\u00e7\u00e3o ainda em tramita\u00e7\u00e3o de acordo com as normas da Medida Provis\u00f3ria no 2.186-16, de 23 de agosto de 2001\u00a0 dever\u00e3o ser adequadas pelos respons\u00e1veis de acordo com os novas normas dispostas na Lei n\u00ba 13.123\/2015. Dever\u00e1 adequar-se, [&hellip;]<\/p>\n","protected":false},"author":1,"featured_media":0,"parent":0,"menu_order":0,"comment_status":"closed","ping_status":"closed","template":"","meta":{"_bbp_topic_count":0,"_bbp_reply_count":0,"_bbp_total_topic_count":0,"_bbp_total_reply_count":0,"_bbp_voice_count":0,"_bbp_anonymous_reply_count":0,"_bbp_topic_count_hidden":0,"_bbp_reply_count_hidden":0,"_bbp_forum_subforum_count":0},"categories":[],"_links":{"self":[{"href":"https:\/\/www.ufmg.br\/prpq\/patgen\/index.php\/wp-json\/wp\/v2\/pages\/18"}],"collection":[{"href":"https:\/\/www.ufmg.br\/prpq\/patgen\/index.php\/wp-json\/wp\/v2\/pages"}],"about":[{"href":"https:\/\/www.ufmg.br\/prpq\/patgen\/index.php\/wp-json\/wp\/v2\/types\/page"}],"author":[{"embeddable":true,"href":"https:\/\/www.ufmg.br\/prpq\/patgen\/index.php\/wp-json\/wp\/v2\/users\/1"}],"replies":[{"embeddable":true,"href":"https:\/\/www.ufmg.br\/prpq\/patgen\/index.php\/wp-json\/wp\/v2\/comments?post=18"}],"version-history":[{"count":14,"href":"https:\/\/www.ufmg.br\/prpq\/patgen\/index.php\/wp-json\/wp\/v2\/pages\/18\/revisions"}],"predecessor-version":[{"id":653,"href":"https:\/\/www.ufmg.br\/prpq\/patgen\/index.php\/wp-json\/wp\/v2\/pages\/18\/revisions\/653"}],"wp:attachment":[{"href":"https:\/\/www.ufmg.br\/prpq\/patgen\/index.php\/wp-json\/wp\/v2\/media?parent=18"}],"wp:term":[{"taxonomy":"category","embeddable":true,"href":"https:\/\/www.ufmg.br\/prpq\/patgen\/index.php\/wp-json\/wp\/v2\/categories?post=18"}],"curies":[{"name":"wp","href":"https:\/\/api.w.org\/{rel}","templated":true}]}}