{"id":2,"date":"2018-08-21T17:50:53","date_gmt":"2018-08-21T17:50:53","guid":{"rendered":"http:\/\/150.164.74.223\/site_em_construcao\/?page_id=2"},"modified":"2025-07-29T16:49:49","modified_gmt":"2025-07-29T19:49:49","slug":"home","status":"publish","type":"page","link":"https:\/\/www.ufmg.br\/prpq\/patgen\/","title":{"rendered":"Patrim\u00f4nio Gen\u00e9tico e Conhecimento Tradicional Associado"},"content":{"rendered":"<article class=\"intro-post-pages\">\n<table class=\"table table-bordered\">\n<tbody>\n<tr>\n<td style=\"background-color: #c4edd8; border-color: #1e623f;\">\n<p class=\"western\" align=\"justify\"><em><strong>Prezado Pesquisador,<\/strong><\/em><\/p>\n<p><em><strong>Se\u00a0acessa\u00a0Patrim\u00f4nio Gen\u00e9tico e\/ou Conhecimento Tradicional Associado, \u00e9 preciso que regularize suas pesquisas desde o ano 2000 e \u00e9 necess\u00e1rio que as pesquisas atuais sejam cadastradas no <a href=\"https:\/\/sisgen.gov.br\/paginas\/login.aspx\" target=\"_blank\" rel=\"noopener noreferrer\">SisGen<\/a> previamente: \u00e0 divulga\u00e7\u00e3o (publica\u00e7\u00e3o de artigo, apresenta\u00e7\u00e3o em semin\u00e1rios, defesas de disserta\u00e7\u00e3o, tese etc.); \u00e0\u00a0remessa de amostra biol\u00f3gica ao exterior; e ou ao requerimento de patente, conforme determina a Nova Lei da Biodiversidade (Lei N\u00ba. 13.123 de\u00a0 20\/05\/2015) e seu respectivo Decreto (N\u00ba. 8772 de 11\/05\/2016), sob pena de multa, que pode variar de R$ 50.000,00 a R$ 500.000,00 (art. 81, Decreto N\u00ba. 8772 de 11\/05\/2016). \u00a0<\/strong><\/em><\/p>\n<p><em><strong>Neste site h\u00e1 informa\u00e7\u00f5es e um <a href=\"https:\/\/www.ufmg.br\/prpq\/patgen\/index.php\/forum-2\/\" target=\"_blank\" rel=\"noopener noreferrer\">f\u00f3rum<\/a>, no qual d\u00favidas podem ser postadas. Caso sejam necess\u00e1rios maiores esclarecimentos, gentileza entrar em contato pelo e-mail\u00a0<a href=\"mailto:dapg@prpq.ufmg.br\">dapg@prpq.ufmg.br<\/a>.<\/strong><\/em><\/td>\n<\/tr>\n<\/tbody>\n<\/table>\n<article class=\"intro-post-pages\">\n<p class=\"western\" align=\"justify\">\u00a0Em novembro de 2017, o Minist\u00e9rio do Meio Ambiente disponibilizou o Sistema Nacional de Gest\u00e3o do Patrim\u00f4nio Gen\u00e9tico e do Conhecimento Tradicional Associado \u2013 SisGen.<\/p>\n<\/article>\n<p class=\"western\" align=\"justify\">Todos aqueles que pretendem realizar divulga\u00e7\u00e3o de trabalhos (por meio de artigos, eventos etc.), realizar remessa de amostra biol\u00f3gica ao exterior, ou requerer patente que tenham como objeto o Acesso ao Patrim\u00f4nio Gen\u00e9tico (PG) ou ao Conhecimento Tradicional Associado (CTA) devem, obrigatoriamente, realizar o cadastro pr\u00e9vio das respectivas pesquisas no SisGen, no site <u><a href=\"https:\/\/sisgen.gov.br\/\" target=\"_blank\" rel=\"noopener noreferrer\">https:\/\/sisgen.gov.br\/<\/a><\/u>.<\/p>\n<\/article>\n<table class=\"table table-bordered\">\n<tbody>\n<tr>\n<td style=\"background-color: #c4edd8; border-color: #1e623f;\">\n<p class=\"western\" align=\"justify\"><strong>Todas as informa\u00e7\u00f5es contidas neste site s\u00e3o orienta\u00e7\u00f5es\u00a0que n\u00e3o desobrigam o pesquisador\/interessado da leitura atenta e do cumprimento de toda a legisla\u00e7\u00e3o que normatiza o assunto, ficando a cargo deste a responsabilidade por seus atos.<\/strong><\/p>\n<\/td>\n<\/tr>\n<\/tbody>\n<\/table>\n<article class=\"intro-post-pages\">\n<p class=\"western\" align=\"justify\">Com o objetivo de orientar seus pesquisadores sobre o acesso a PG e CTA, a UFMG criou uma Comiss\u00e3o, respons\u00e1vel pela identifica\u00e7\u00e3o, an\u00e1lise e avalia\u00e7\u00e3o de acesso ao patrim\u00f4nio gen\u00e9tico no \u00e2mbito da Universidade, cujos membros est\u00e3o disponibilizados abaixo, e a Divis\u00e3o de assuntos relacionados a Acesso ao Patrim\u00f4nio Gen\u00e9tico (DAPG). A DAPG disponibiliza um canal de comunica\u00e7\u00e3o direta com os pesquisadores, atrav\u00e9s do qual podem ser obtidas quaisquer orienta\u00e7\u00f5es e esclarecimentos sobre o tema:<\/p>\n<p class=\"western\" align=\"justify\">Pr\u00f3-Reitoria de Pesquisa<\/p>\n<p class=\"western\" align=\"justify\">Secretaria de Apoio Administrativo<br \/>\nE-mail: <u><a href=\"mailto:dapg@prpq.ufmg.br\">dapg@prpq.ufmg.br<\/a><\/u><br \/>\nTelefone: 31 3409-3963<\/p>\n<\/article>\n<p class=\"western\" align=\"justify\"><strong>Composi\u00e7\u00e3o atual do Comit\u00ea Gestor do Patrim\u00f4nio Gen\u00e9tico &#8211; COGEN, em ordem alfab\u00e9tica<br \/>\n<\/strong><\/p>\n<ul>\n<li>Sra. Anete Oliveira Carvalho \u2013 Convidada \u2013 Coordenadoria de Transfer\u00eancia e Inova\u00e7\u00e3o Tecnol\u00f3gica<\/li>\n<li>Prof. Brunello Souza Stancioli \u2013 Efetivo \u2013 Faculdade de Direito<\/li>\n<li>Profa. Grasiely Faria de Sousa \u2013 Efetiva \u2013 Instituto de Ci\u00eancias Exatas<\/li>\n<li>Profa. Inayara Cristina Alves Lacerda \u2013 Efetiva \u2013 Faculdade de Farm\u00e1cia<\/li>\n<li>T\u00e9cnica em Meio Ambiente Jomara Gon\u00e7alves Nogueira \u2013 Efetiva \u2013 Departamento de Gest\u00e3o Ambiental \/ Pr\u00f3-Reitoria de Administra\u00e7\u00e3o<\/li>\n<li>Prof. J\u00f4natas Santos Abrah\u00e3o \u2013 Suplente \u2013 Instituto de Ci\u00eancias Biol\u00f3gicas<\/li>\n<li>Prof. Leonardo Alves Corr\u00eaa \u2013 Suplente \u2013 Faculdade de Direito<\/li>\n<li>Profa. Luciana de Oliveira \u2013 Suplente \u2013 Forma\u00e7\u00e3o Transversal em Saberes Tradicionais<\/li>\n<li>Profa. L\u00facia Pinheiro Santos Pimenta \u2013 Suplente \u2013 Instituto de Ci\u00eancias Exatas<\/li>\n<li>Prof. Luiz Henrique Rosa\u00a0 \u2013 Suplente \u2013 Centro de Cole\u00e7\u00f5es Taxon\u00f4micas<\/li>\n<li>Profa. Luzia Valentina Modolo \u2013 Suplente \u2013 Instituto de Ci\u00eancias Biol\u00f3gicas<\/li>\n<li>Profa. Marina de Lima Tavares &#8211; Efetiva &#8211; Forma\u00e7\u00e3o Intercultural para Educadores Ind\u00edgenas<\/li>\n<li>Sr. Mateus Reis Braga \u2013 Convidado \u2013 Coordenadoria de Transfer\u00eancia e Inova\u00e7\u00e3o Tecnol\u00f3gica<\/li>\n<li>Prof. Oliveiro Caetano de Freitas Neto \u2013 Efetivo \u2013 Escola de Veterin\u00e1ria<\/li>\n<li>Profa. Patr\u00edcia Carlos Caldeira \u2013 Suplente \u2013 Faculdade de Odontologia<\/li>\n<li>Profa. Priscilla Rodrigues Valadares Campana \u2013 Suplente \u2013 Faculdade de Farm\u00e1cia<\/li>\n<li>Prof. Rafael Magno Costa Melo &#8211; Efetivo \u2013 Centro de Cole\u00e7\u00f5es Taxon\u00f4micas<\/li>\n<li>Profa. R\u00fabia Santos Fonseca \u2013 Efetiva \u2013 Instituto de Ci\u00eancias Agr\u00e1rias<\/li>\n<li>T\u00e9cnico-Administrativa em Educa\u00e7\u00e3o Tais Lorena Pereira da Silva \u2013 Suplente \u2013 Pr\u00f3-Reitoria de Pesquisa<\/li>\n<li>Profa. Tatiani Uceli Maioli \u2013 Efetiva \u2013 Escola de Enfermagem<\/li>\n<\/ul>\n","protected":false},"excerpt":{"rendered":"<p>Prezado Pesquisador, Se\u00a0acessa\u00a0Patrim\u00f4nio Gen\u00e9tico e\/ou Conhecimento Tradicional Associado, \u00e9 preciso que regularize suas pesquisas desde o ano 2000 e \u00e9 necess\u00e1rio que as pesquisas atuais sejam cadastradas no SisGen previamente: \u00e0 divulga\u00e7\u00e3o (publica\u00e7\u00e3o de artigo, apresenta\u00e7\u00e3o em semin\u00e1rios, defesas de disserta\u00e7\u00e3o, tese etc.); \u00e0\u00a0remessa de amostra biol\u00f3gica ao exterior; e ou ao requerimento de patente, [&hellip;]<\/p>\n","protected":false},"author":1,"featured_media":403,"parent":0,"menu_order":0,"comment_status":"closed","ping_status":"open","template":"page-sanfona.php","meta":{"_bbp_topic_count":0,"_bbp_reply_count":0,"_bbp_total_topic_count":0,"_bbp_total_reply_count":0,"_bbp_voice_count":0,"_bbp_anonymous_reply_count":0,"_bbp_topic_count_hidden":0,"_bbp_reply_count_hidden":0,"_bbp_forum_subforum_count":0},"categories":[3],"_links":{"self":[{"href":"https:\/\/www.ufmg.br\/prpq\/patgen\/index.php\/wp-json\/wp\/v2\/pages\/2"}],"collection":[{"href":"https:\/\/www.ufmg.br\/prpq\/patgen\/index.php\/wp-json\/wp\/v2\/pages"}],"about":[{"href":"https:\/\/www.ufmg.br\/prpq\/patgen\/index.php\/wp-json\/wp\/v2\/types\/page"}],"author":[{"embeddable":true,"href":"https:\/\/www.ufmg.br\/prpq\/patgen\/index.php\/wp-json\/wp\/v2\/users\/1"}],"replies":[{"embeddable":true,"href":"https:\/\/www.ufmg.br\/prpq\/patgen\/index.php\/wp-json\/wp\/v2\/comments?post=2"}],"version-history":[{"count":93,"href":"https:\/\/www.ufmg.br\/prpq\/patgen\/index.php\/wp-json\/wp\/v2\/pages\/2\/revisions"}],"predecessor-version":[{"id":1243,"href":"https:\/\/www.ufmg.br\/prpq\/patgen\/index.php\/wp-json\/wp\/v2\/pages\/2\/revisions\/1243"}],"wp:featuredmedia":[{"embeddable":true,"href":"https:\/\/www.ufmg.br\/prpq\/patgen\/index.php\/wp-json\/wp\/v2\/media\/403"}],"wp:attachment":[{"href":"https:\/\/www.ufmg.br\/prpq\/patgen\/index.php\/wp-json\/wp\/v2\/media?parent=2"}],"wp:term":[{"taxonomy":"category","embeddable":true,"href":"https:\/\/www.ufmg.br\/prpq\/patgen\/index.php\/wp-json\/wp\/v2\/categories?post=2"}],"curies":[{"name":"wp","href":"https:\/\/api.w.org\/{rel}","templated":true}]}}