{"id":203,"date":"2018-10-11T15:10:32","date_gmt":"2018-10-11T15:10:32","guid":{"rendered":"https:\/\/www.ufmg.br\/prpq\/patgen\/?page_id=203"},"modified":"2026-04-01T16:22:15","modified_gmt":"2026-04-01T19:22:15","slug":"cadastro-projetos-sisgen","status":"publish","type":"page","link":"https:\/\/www.ufmg.br\/prpq\/patgen\/index.php\/cadastro-projetos-sisgen\/","title":{"rendered":"Cadastro Projetos &#8211; SisGen"},"content":{"rendered":"<p>De acordo com a \u00a0<a href=\"http:\/\/www.planalto.gov.br\/ccivil_03\/_Ato2015-2018\/2015\/Lei\/L13123.htm\" target=\"_blank\" rel=\"noopener noreferrer\">Lei n\u00ba 13.123\/2015<\/a> (Lei da Biodiversidade), todas as pesquisas com o patrim\u00f4nio gen\u00e9tico brasileiro (plantas, animais e microorganismos) ou com acesso ao conhecimento tradicional associado, assim como o desenvolvimento de produtos com a biodiversidade brasileira, dever\u00e3o ser cadastradas no Sistema Nacional de Gest\u00e3o do Patrim\u00f4nio Gen\u00e9tico \u2013\u00a0<a href=\"http:\/\/sisgen.gov.br\/paginas\/login.aspx\" target=\"_blank\" rel=\"noopener noreferrer\">SisGen.<\/a><\/p>\n<p>Para realizar o cadastro de projeto com v\u00ednculo \u00e0 UFMG no SisGen, \u00e9 necess\u00e1rio que o pesquisador (servidor, geralmente o docente respons\u00e1vel pela pesquisa) seja cadastrado e habilitado no <a href=\"http:\/\/sisgen.gov.br\/paginas\/login.aspx\" target=\"_blank\" rel=\"noopener noreferrer\">SisGen<\/a>, conforme descrito na aba <a href=\"https:\/\/www.ufmg.br\/prpq\/patgen\/index.php\/cadastrohabilitacao-de-pesquisador-sisgen\/\" target=\"_blank\" rel=\"noopener noreferrer\">Cadastro Pesquisador &#8211; SisGen<\/a>.<\/p>\n<p>O cadastro do projeto deve ser feito no <a href=\"http:\/\/sisgen.gov.br\/paginas\/login.aspx\" target=\"_blank\" rel=\"noopener noreferrer\">SisGen<\/a>, preferencialmente, pelo docente respons\u00e1vel (coordenador\/orientador), que dever\u00e1 inserir todos os alunos e demais participantes da equipe.<\/p>\n<p>Importante ressaltar que o cadastro deve ser atualizado sempre que houver modifica\u00e7\u00f5es no projeto (como publica\u00e7\u00e3o de novos resultados, inclus\u00e3o de novo membro na equipe, etc), ficando tais altera\u00e7\u00f5es sob responsabilidade do docente respons\u00e1vel.<\/p>\n<hr \/>\n<p><strong>OBSERVA\u00c7\u00c3O:\u00a0Todas as informa\u00e7\u00f5es prestadas no momento do cadastro s\u00e3o de responsabilidade dos membros da equipe do respectivo projeto. As orienta\u00e7\u00f5es contidas neste site n\u00e3o desobrigam os pesquisadores\/interessados da leitura atenta e do cumprimento de toda a legisla\u00e7\u00e3o que normatiza o assunto, ficando a cargo destes a responsabilidade por seus atos.<\/strong><\/p>\n<hr \/>\n<p>Para saber se \u00e9 necess\u00e1rio realizar o cadastro do projeto de pesquisa no SisGen, \u00e9 preciso verificar se o objeto acessado trata-se de patrim\u00f4nio gen\u00e9tico brasileiro.<\/p>\n<table class=\"table table-bordered\" style=\"height: 277px;\" width=\"1064\">\n<tbody>\n<tr>\n<td style=\"background-color: #c4edd8; border-color: #1e623f;\">\n<p class=\"western\" align=\"justify\"><span style=\"color: #000000;\">Como identificar se trata-se de Patrim\u00f4nio Gen\u00e9tico Brasileiro (listas n\u00e3o oficiais):<\/span><\/p>\n<p class=\"western\" align=\"justify\">\u00a0 \u00a0 \u00a0 \u00a0 \u00a0 &#8211; Esp\u00e9cies que n\u00e3o precisam de cadastros no SisGen:\u00a0<a href=\"https:\/\/www.gov.br\/agricultura\/pt-br\/assuntos\/sustentabilidade\/recursos-geneticos\/lista-de-especies-introduzidas\" target=\"_blank\" rel=\"noopener\">Lista de Esp\u00e9cies Introduzidas<\/a><\/p>\n<p class=\"western\" align=\"justify\"><span style=\"color: #000000;\">\u00a0 \u00a0 \u00a0 \u00a0 \u00a0 &#8211; Instru\u00e7\u00e3o Normativa\u00a0<a href=\"https:\/\/www.gov.br\/agricultura\/pt-br\/assuntos\/sustentabilidade\/recursos-geneticos\/lista-de-especies-introduzidas\/vegetais\" target=\"_blank\" rel=\"noopener noreferrer\">MAPA n\u00ba 14<\/a>, de 08\/10\/2021;<\/span><\/p>\n<p class=\"western\" align=\"justify\"><span style=\"color: #000000;\">\u00a0 \u00a0 \u00a0 \u00a0 \u00a0 &#8211; Lista n\u00e3o oficial da EMBRAPA \u2013 <a style=\"color: #000000;\" href=\"https:\/\/www.ufmg.br\/prpq\/patgen\/wp-content\/uploads\/2018\/10\/Ra\u00e7as-localmente-adaptadas-ou-crioulas-EMBRAPA.pdf\" target=\"_blank\" rel=\"noopener noreferrer\">Ra\u00e7as localmente adaptadas ou crioulas &#8211; EMBRAPA<\/a>;<\/span><\/p>\n<p class=\"western\" align=\"justify\"><span style=\"color: #000000;\">\u00a0 \u00a0 \u00a0 \u00a0 \u00a0 &#8211; Site do Jardim Bot\u00e2nico:<\/span><br \/>\n<span style=\"color: #000000;\">\u00a0 \u00a0 \u00a0 \u00a0 \u00a0 \u00a0 \u00a0 \u00a0 \u00a0 \u00a0 \u00a0 \u00a0 \u00a0 \u00a0 \u00a0 \u00a0 \u00a0 \u00a0 \u00a0 \u00a0 \u00a0 \u00a0 \u00a0 \u00a0 \u00a0 \u00a0 \u00a0 \u00a0 \u00a0Fauna \u2013 Cat\u00e1logo Taxon\u00f4mico da Fauna do Brasil: (<a style=\"color: #000000;\" href=\"http:\/\/fauna.jbrj.gov.br\/fauna\/listaBrasil\/ConsultaPublicaUC\/ConsultaPublicaUC.do\" target=\"_blank\" rel=\"noopener noreferrer\">FaunadoBrasil<\/a>);<\/span><br \/>\n<span style=\"color: #000000;\">\u00a0 \u00a0 \u00a0 \u00a0 \u00a0 \u00a0 \u00a0 \u00a0 \u00a0 \u00a0 \u00a0 \u00a0 \u00a0 \u00a0 \u00a0 \u00a0 \u00a0 \u00a0 \u00a0 \u00a0 \u00a0 \u00a0 \u00a0 \u00a0 \u00a0 \u00a0 \u00a0 \u00a0 Flora \u2013 Reflora: (<a style=\"color: #000000;\" href=\"http:\/\/floradobrasil.jbrj.gov.br\/reflora\/listaBrasil\/PrincipalUC\/PrincipalUC.do;jsessionid=AF2BCBE654C567CC9B937DCF6060B9B2#CondicaoTaxonCP\" target=\"_blank\" rel=\"noopener noreferrer\">FloradoBrasil<\/a>);<\/span><\/p>\n<p class=\"western\" align=\"justify\"><span style=\"color: #000000;\">\u00a0 \u00a0 \u00a0 \u00a0 \u00a0 &#8211; Microorganismos: Lei 13.123\/2015, \u00a7 \u00fanico do art. 2\u00ba: \u201c<em>Considera-se parte do patrim\u00f4nio gen\u00e9tico existente no territ\u00f3rio nacional, para os efeitos desta Lei, o microrganismo que tenha sido isolado a partir de substratos do territ\u00f3rio nacional, do mar territorial, da zona econ\u00f4mica exclusiva ou da plataforma continental.<\/em><strong>\u201d<\/strong><\/span><\/p>\n<\/td>\n<\/tr>\n<\/tbody>\n<\/table>\n","protected":false},"excerpt":{"rendered":"<p>De acordo com a \u00a0Lei n\u00ba 13.123\/2015 (Lei da Biodiversidade), todas as pesquisas com o patrim\u00f4nio gen\u00e9tico brasileiro (plantas, animais e microorganismos) ou com acesso ao conhecimento tradicional associado, assim como o desenvolvimento de produtos com a biodiversidade brasileira, dever\u00e3o ser cadastradas no Sistema Nacional de Gest\u00e3o do Patrim\u00f4nio Gen\u00e9tico \u2013\u00a0SisGen. Para realizar o cadastro [&hellip;]<\/p>\n","protected":false},"author":1,"featured_media":0,"parent":0,"menu_order":0,"comment_status":"closed","ping_status":"closed","template":"","meta":{"_bbp_topic_count":0,"_bbp_reply_count":0,"_bbp_total_topic_count":0,"_bbp_total_reply_count":0,"_bbp_voice_count":0,"_bbp_anonymous_reply_count":0,"_bbp_topic_count_hidden":0,"_bbp_reply_count_hidden":0,"_bbp_forum_subforum_count":0},"categories":[],"_links":{"self":[{"href":"https:\/\/www.ufmg.br\/prpq\/patgen\/index.php\/wp-json\/wp\/v2\/pages\/203"}],"collection":[{"href":"https:\/\/www.ufmg.br\/prpq\/patgen\/index.php\/wp-json\/wp\/v2\/pages"}],"about":[{"href":"https:\/\/www.ufmg.br\/prpq\/patgen\/index.php\/wp-json\/wp\/v2\/types\/page"}],"author":[{"embeddable":true,"href":"https:\/\/www.ufmg.br\/prpq\/patgen\/index.php\/wp-json\/wp\/v2\/users\/1"}],"replies":[{"embeddable":true,"href":"https:\/\/www.ufmg.br\/prpq\/patgen\/index.php\/wp-json\/wp\/v2\/comments?post=203"}],"version-history":[{"count":19,"href":"https:\/\/www.ufmg.br\/prpq\/patgen\/index.php\/wp-json\/wp\/v2\/pages\/203\/revisions"}],"predecessor-version":[{"id":1267,"href":"https:\/\/www.ufmg.br\/prpq\/patgen\/index.php\/wp-json\/wp\/v2\/pages\/203\/revisions\/1267"}],"wp:attachment":[{"href":"https:\/\/www.ufmg.br\/prpq\/patgen\/index.php\/wp-json\/wp\/v2\/media?parent=203"}],"wp:term":[{"taxonomy":"category","embeddable":true,"href":"https:\/\/www.ufmg.br\/prpq\/patgen\/index.php\/wp-json\/wp\/v2\/categories?post=203"}],"curies":[{"name":"wp","href":"https:\/\/api.w.org\/{rel}","templated":true}]}}