{"id":225,"date":"2018-10-15T12:42:22","date_gmt":"2018-10-15T12:42:22","guid":{"rendered":"https:\/\/www.ufmg.br\/prpq\/patgen\/?page_id=225"},"modified":"2026-03-13T17:49:43","modified_gmt":"2026-03-13T20:49:43","slug":"remessa-de-amostra","status":"publish","type":"page","link":"https:\/\/www.ufmg.br\/prpq\/patgen\/index.php\/remessa-de-amostra\/","title":{"rendered":"Remessa de amostra"},"content":{"rendered":"<p>Remessa \u00e9 a transfer\u00eancia de amostra de patrim\u00f4nio gen\u00e9tico para institui\u00e7\u00e3o localizada fora do pa\u00eds com a finalidade de acesso, na qual a responsabilidade sobre a amostra \u00e9 transferida para a destinat\u00e1ria.<\/p>\n<p>Caso deseje realizar uma remessa, ser\u00e1 necess\u00e1rio observar os seguintes passos:<\/p>\n<p>1\u00ba &#8211; Verificar se o objeto da remessa consiste em patrim\u00f4nio gen\u00e9tico brasileiro.<\/p>\n<table class=\"table table-bordered\" style=\"height: 277px;\" width=\"1064\">\n<tbody>\n<tr>\n<td style=\"background-color: #c4edd8; border-color: #1e623f;\">\n<p class=\"western\" align=\"justify\"><span style=\"color: #000000;\">Como identificar se trata-se de Patrim\u00f4nio Gen\u00e9tico Brasileiro (listas n\u00e3o oficiais):<\/span><\/p>\n<p class=\"western\" align=\"justify\">\u00a0 \u00a0 \u00a0 \u00a0 \u00a0 <span style=\"color: #000000;\">&#8211; Instru\u00e7\u00e3o Normativa <a href=\"http:\/\/www.agricultura.gov.br\/assuntos\/sustentabilidade\/tecnologia-agropecuaria\/arquivos-1\/IN23.pdf\" target=\"_blank\" rel=\"noopener noreferrer\">MAPA n\u00ba 23<\/a>, de 14\/06\/2017;<\/span><\/p>\n<p class=\"western\" align=\"justify\"><span style=\"color: #000000;\">\u00a0 \u00a0 \u00a0 \u00a0 \u00a0 &#8211; Lista n\u00e3o oficial da EMBRAPA \u2013 <a style=\"color: #000000;\" href=\"https:\/\/www.ufmg.br\/prpq\/patgen\/wp-content\/uploads\/2018\/10\/Ra\u00e7as-localmente-adaptadas-ou-crioulas-EMBRAPA.pdf\" target=\"_blank\" rel=\"noopener noreferrer\">Ra\u00e7as localmente adaptadas ou crioulas &#8211; EMBRAPA<\/a>;<\/span><\/p>\n<p class=\"western\" align=\"justify\"><span style=\"color: #000000;\">\u00a0 \u00a0 \u00a0 \u00a0 \u00a0 &#8211; Site do Jardim Bot\u00e2nico:<\/span><br \/>\n<span style=\"color: #000000;\">\u00a0 \u00a0 \u00a0 \u00a0 \u00a0 \u00a0 \u00a0 \u00a0 \u00a0 \u00a0 \u00a0 \u00a0 \u00a0 \u00a0 \u00a0 \u00a0 \u00a0 \u00a0 \u00a0 \u00a0 \u00a0 \u00a0 \u00a0 \u00a0 \u00a0 \u00a0 \u00a0 \u00a0 Fauna \u2013 Cat\u00e1logo Taxon\u00f4mico da Fauna do Brasil: (<a href=\"http:\/\/fauna.jbrj.gov.br\/fauna\/listaBrasil\/ConsultaPublicaUC\/ConsultaPublicaUC.do\" target=\"_blank\" rel=\"noopener noreferrer\">FaunadoBrasil<\/a>);<\/span><br \/>\n<span style=\"color: #000000;\">\u00a0 \u00a0 \u00a0 \u00a0 \u00a0 \u00a0 \u00a0 \u00a0 \u00a0 \u00a0 \u00a0 \u00a0 \u00a0 \u00a0 \u00a0 \u00a0 \u00a0 \u00a0 \u00a0 \u00a0 \u00a0 \u00a0 \u00a0 \u00a0 \u00a0 \u00a0 \u00a0 \u00a0 Flora \u2013 Reflora: (<a href=\"http:\/\/floradobrasil.jbrj.gov.br\/reflora\/listaBrasil\/PrincipalUC\/PrincipalUC.do;jsessionid=AF2BCBE654C567CC9B937DCF6060B9B2#CondicaoTaxonCP\" target=\"_blank\" rel=\"noopener noreferrer\">FloradoBrasil<\/a>);<\/span><\/p>\n<p class=\"western\" align=\"justify\"><span style=\"color: #000000;\">\u00a0 \u00a0 \u00a0 \u00a0 \u00a0&#8211; Microorganismos: Lei 13.123\/2015, \u00a7 \u00fanico do art. 2\u00ba: \u201c<em>Considera-se parte do patrim\u00f4nio gen\u00e9tico existente no territ\u00f3rio nacional, para os efeitos desta Lei, o microrganismo que tenha sido isolado a partir de substratos do territ\u00f3rio nacional, do mar territorial, da zona econ\u00f4mica exclusiva ou da plataforma continental<\/em>&#8220;.<\/span><\/p>\n<p class=\"western\" align=\"justify\">\u00a0\u00a0\u00a0\u00a0\u00a0\u00a0\u00a0\u00a0\u00a0 &#8211; Esp\u00e9cies que n\u00e3o precisam de cadastros no SisGen:\u00a0<a href=\"http:\/\/www.agricultura.gov.br\/assuntos\/sustentabilidade\/tecnologia-agropecuaria\/recursos-geneticos-1\/especies-introduzidas\" target=\"_blank\" rel=\"noopener noreferrer\">esp\u00e9cies-introduzidas<\/a><\/p>\n<\/td>\n<\/tr>\n<\/tbody>\n<\/table>\n<p><span style=\"color: #000000;\">2\u00ba &#8211; Realizar o cadastro de acesso (do projeto) ao qual a remessa est\u00e1 vinculada, caso ainda n\u00e3o esteja cadastrado, no <a href=\"https:\/\/www.ufmg.br\/prpq\/patgen\/index.php\/cadastrohabilitacao-de-pesquisador-sisgen\/\" target=\"_blank\" rel=\"noopener noreferrer\">SisGen<\/a> (o cadastro da remessa propriamente dita s\u00f3 poder\u00e1 ser realizado ap\u00f3s o cadastro de acesso no projeto principal).<\/span><\/p>\n<p><span style=\"color: #000000;\">3\u00ba &#8211; Realizar a inscri\u00e7\u00e3o como pessoa f\u00edsica no <a href=\"https:\/\/servicos.ibama.gov.br\/ctf\/cadastroInicialPessoaFisica.php\" target=\"_blank\" rel=\"noopener noreferrer\">Cadastro T\u00e9cnico Federal<\/a> \u2013 item 20.5 \u2013 Uso do Patrim\u00f4nio Gen\u00e9tico Natural &#8211; CTF\/APP. <strong>ATEN\u00c7\u00c3O:<\/strong> O Cadastro T\u00e9cnico Federal implica que a pessoa f\u00edsica cadastrada (docente pesquisador) deve prestar informa\u00e7\u00f5es anualmente, preenchendo, obrigatoriamente, o Relat\u00f3rio de Atividades Potencialmente Poluidoras e Utilizadoras de Recursos Ambientais (RAPP) &#8211; Uso do Patrim\u00f4nio Gen\u00e9tico, sendo de sua responsabilidade providenciar os dados e preencher o relat\u00f3rio adequadamente e dentro do prazo (de 1\u00ba\/02 a 31\/03 do ano seguinte \u00e0 realiza\u00e7\u00e3o da atividade). Uma vez realizado o CTF\/APP, o RAPP deve ser preenchido anualmente, mesmo que n\u00e3o tenha sido realizada atividade. Neste caso, deve-se informar, no campo &#8220;Justificativa&#8221; do RAPP, a op\u00e7\u00e3o, \u201cn\u00e3o desenvolvi a atividade este ano\u201d. Recomenda-se ler sobre o RAPP na se\u00e7\u00e3o <a href=\"https:\/\/www.ufmg.br\/prpq\/patgen\/index.php\/noticia\/sobre-o-relatorio-de-atividades-potencialmente-poluidoras-e-utilizadoras-de-recursos-ambientais-rapp\/\" target=\"_blank\" rel=\"noopener\">Not\u00edcias<\/a>. Mais informa\u00e7\u00f5es no <a href=\"https:\/\/www.gov.br\/ibama\/pt-br\/servicos\/relatorios\/atividades-poluidoras\" target=\"_blank\" rel=\"noopener\">site do IBAMA<\/a>.<\/span><\/p>\n<p><span style=\"color: #000000;\">4\u00ba &#8211; Verificar se a amostra enquadra-se nos casos em que \u00e9 necess\u00e1ria licen\u00e7a\/cadastro no <a href=\"http:\/\/www.ibama.gov.br\/cites-e-comercio-exterior\" target=\"_blank\" rel=\"noopener noreferrer\">CITES<\/a>. Caso positivo, realizar a licen\u00e7a\/cadastro necess\u00e1rio.<br \/>\n<\/span><\/p>\n<p><span style=\"color: #000000;\"> 5\u00ba &#8211; Encaminhar \u00e0 PRPq:<\/span><\/p>\n<ul>\n<li><span style=\"color: #000000;\">Formul\u00e1rio Pr\u00e9-remessa preenchido (<a href=\"https:\/\/www.ufmg.br\/prpq\/patgen\/wp-content\/uploads\/2018\/10\/Formul\u00e1rio-Pr\u00e9-Remessa.docx\" target=\"_blank\" rel=\"noopener noreferrer\">Formul\u00e1rio Pr\u00e9-remessa<\/a>);<\/span><\/li>\n<li><span style=\"color: #000000;\">TTM\u00a0preenchido e assinado pelo representante da institui\u00e7\u00e3o\u00a0destinat\u00e1ria (2 vias) &#8211; <strong>Observa\u00e7\u00e3o:<\/strong> Verificar antes se j\u00e1 h\u00e1 TTM vigente assinado entre a UFMG e a referida institui\u00e7\u00e3o &#8211; <a href=\"https:\/\/www.ufmg.br\/prpq\/patgen\/wp-content\/uploads\/2026\/02\/TTMs-ja-assinados-pela-UFMG-1.pdf\" target=\"_blank\" rel=\"noopener\">TTMs j\u00e1 assinados pela UFMG<\/a>; caso j\u00e1 exista, n\u00e3o ser\u00e1 necess\u00e1rio novo;<\/span><\/li>\n<li><span style=\"color: #000000;\">Comprovante de Inscri\u00e7\u00e3o no <a href=\"https:\/\/www.gov.br\/ibama\/pt-br\/servicos\/cadastros\/ctf\/ctf-app\" target=\"_blank\" rel=\"noopener noreferrer\">Cadastro T\u00e9cnico Federal<\/a> do docente da UFMG respons\u00e1vel pelo projeto\/remessa. <strong>Aten\u00e7\u00e3o<\/strong>: o CTF deve ser emitido na categoria <strong>Uso do Patrim\u00f4nio Gen\u00e9tico Natural ou Introdu\u00e7\u00e3o de Esp\u00e9cies Ex\u00f3ticas ou Geneticamente Modificadas<\/strong>;<\/span><\/li>\n<li><span style=\"color: #000000;\"><a href=\"https:\/\/www.ufmg.br\/prpq\/patgen\/wp-content\/uploads\/2025\/12\/Certificado-de-Regularidade-\u2013-Cadastro-Tecnico-Federal.pdf\" target=\"_blank\" rel=\"noopener\">Certificado de Regularidade Cadastro T\u00e9cnico Federal<\/a> do docente da UFMG respons\u00e1vel pelo projeto\/remessa;<\/span><\/li>\n<li><span style=\"color: #000000;\">Comprovante de cadastro de acesso (projeto) no <a href=\"https:\/\/sisgen.gov.br\/paginas\/login.aspx\" target=\"_blank\" rel=\"noopener noreferrer\">SisGen<\/a>;<\/span><\/li>\n<li><span style=\"color: #000000;\">Certid\u00e3o de cadastro de acesso (projeto) no <a href=\"https:\/\/sisgen.gov.br\/paginas\/login.aspx\" target=\"_blank\" rel=\"noopener noreferrer\">SisGen<\/a>.<\/span><\/li>\n<\/ul>\n<p><span style=\"color: #000000;\">6\u00ba &#8211; De posse de todos esses documentos, e ap\u00f3s confer\u00eancia, a PRPq ir\u00e1 datar, numerar o TTM, coletar a assinatura do Pr\u00f3-Reitor de Pesquisa, manter 1 via e devolver 2 vias do documento ao docente respons\u00e1vel.<\/span><br \/>\n<span style=\"color: #000000;\"> 7\u00ba &#8211; De posse do TTM datado, numerado e assinado, o docente respons\u00e1vel dever\u00e1 fazer o cadastro da remessa no <a href=\"https:\/\/www.ufmg.br\/prpq\/patgen\/index.php\/cadastrohabilitacao-de-pesquisador-sisgen\/\" target=\"_blank\" rel=\"noopener noreferrer\">SisGen<\/a>, podendo contar com consulta da PRPq, se necess\u00e1rio.<\/span><br \/>\n<span style=\"color: #000000;\"> 8\u00ba &#8211; Realizado o cadastro no <a href=\"https:\/\/sisgen.gov.br\/paginas\/login.aspx\" target=\"_blank\" rel=\"noopener noreferrer\">SisGen<\/a>, o docente respons\u00e1vel dever\u00e1:<\/span><\/p>\n<ul>\n<li><span style=\"color: #000000;\">preencher a Guia de Remessa (2 vias). <strong>Observa\u00e7\u00e3o:<\/strong> Caso o docente necessite de uma Guia de Remessa que autorize a institui\u00e7\u00e3o no exterior a realizar o repasse de amostras do patrim\u00f4nio gen\u00e9tico brasileiro a terceiros &#8211; a exemplo de dep\u00f3sito de material biol\u00f3gico em cole\u00e7\u00e3o <em>ex situ<\/em> &#8211; deve solicitar o modelo \u00e0 DAPG\/PRPq pelo e-mail dapg@prpq.ufmg.br. Neste caso, ser\u00e1 necess\u00e1ria a assinatura de novos TTMs entre a UFMG e cada uma das poss\u00edveis institui\u00e7\u00f5es destinat\u00e1rias envolvidas;<\/span><\/li>\n<li><span style=\"color: #000000;\">providenciar a assinatura da Guia de Remessa pelo representante legal da institui\u00e7\u00e3o destinat\u00e1ria;<\/span><\/li>\n<li><span style=\"color: #000000;\">encaminhar a Guia de Remessa \u00e0 PRPq para coleta da assinatura do Pr\u00f3-Reitor de Pesquisa. <strong>Importante: <\/strong>as Guias de Remessa devem ser numeradas sequencialmente, sob controle da Divis\u00e3o de Apoio ao Patrim\u00f4nio Gen\u00e9tico da PRPq.<\/span><\/li>\n<\/ul>\n<p><span style=\"color: #000000;\"> 9\u00ba &#8211; Para serem regularmente remetidas, al\u00e9m de outros poss\u00edveis documentos adicionais (\u00e9 de responsabilidade do docente verificar toda a legisla\u00e7\u00e3o pertinente), as amostras de patrim\u00f4nio gen\u00e9tico dever\u00e3o estar acompanhadas dos seguintes documentos:<\/span><\/p>\n<ul>\n<li><span style=\"color: #000000;\">Comprovante do cadastro de remessa;<\/span><\/li>\n<li><span style=\"color: #000000;\">Certid\u00e3o de cadastro da remessa (se dispon\u00edvel);<\/span><\/li>\n<li><span style=\"color: #000000;\">C\u00f3pia do TTM firmado entre remetente e destinat\u00e1rio;<\/span><\/li>\n<li><span style=\"color: #000000;\">Guia de Remessa;<\/span><\/li>\n<li><span style=\"color: #000000;\">Comprovante de Inscri\u00e7\u00e3o no Cadastro T\u00e9cnico Federal \u2013 UFMG (<a href=\"https:\/\/www.ufmg.br\/prpq\/patgen\/wp-content\/uploads\/2021\/02\/Comprovante-de-Inscri\u00e7\u00e3o-Cadastro-T\u00e9cnico-Federal-UFMG.pdf\" target=\"_blank\" rel=\"noopener noreferrer\">CI.CTF.UFMG<\/a>);<\/span><\/li>\n<li><span style=\"color: #000000;\">Certificado de Regularidade &#8211; Cadastro T\u00e9cnico Federal &#8211; UFMG (<a href=\"https:\/\/www.ufmg.br\/prpq\/patgen\/wp-content\/uploads\/2026\/03\/Certificado-de-Regularidade-\u2013-Cadastro-Tecnico-Federal.pdf\" target=\"_blank\" rel=\"noopener\">CR.CTF.APP.UFMG<\/a>);<\/span><\/li>\n<li><span style=\"color: #000000;\">Comprovante de Inscri\u00e7\u00e3o no Cadastro T\u00e9cnico Federal &#8211; categoria Uso do Patrim\u00f4nio Gen\u00e9tico Natural ou Introdu\u00e7\u00e3o de Esp\u00e9cies Ex\u00f3ticas ou Geneticamente Modificadas, do docente respons\u00e1vel;<\/span><\/li>\n<li><span style=\"color: #000000;\">Certificado de Regularidade Cadastro T\u00e9cnico Federal do docente respons\u00e1vel;<\/span><\/li>\n<li><span style=\"color: #000000;\">Tr\u00eas vias originais do comprovante de licenciamento\/cadastro no Cites (se for o caso);<\/span><\/li>\n<li><span style=\"color: #000000;\">Documento (carta), elaborado pelo docente, explicando, em s\u00edntese, o que est\u00e1 sendo enviado, para quem e com qual objetivo.<\/span><\/li>\n<\/ul>\n<p><span style=\"color: #000000;\"><strong>IMPORTANTE<\/strong><\/span><\/p>\n<table class=\"table table-bordered\" style=\"height: 82px; width: 1056px;\">\n<tbody>\n<tr>\n<td style=\"background-color: #c4edd8; border-color: #1e623f; width: 1046px;\">\n<p class=\"western\" align=\"justify\"><strong><span style=\"color: #000000;\">Antes de preencher o\u00a0TTM, \u00e9 preciso verificar se j\u00e1 existe um\u00a0TTM\u00a0vigente entre a UFMG e a institui\u00e7\u00e3o de destino\u00a0 (<a href=\"https:\/\/www.ufmg.br\/prpq\/patgen\/wp-content\/uploads\/2026\/02\/TTMs-ja-assinados-pela-UFMG-1.pdf\" target=\"_blank\" rel=\"noopener\">TTMs j\u00e1 assinados pela UFMG<\/a>).<\/span><\/strong><\/p>\n<\/td>\n<\/tr>\n<\/tbody>\n<\/table>\n<table class=\"table table-bordered\">\n<tbody>\n<tr>\n<td style=\"background-color: #c4edd8; border-color: #1e623f;\">\n<p class=\"western\" align=\"justify\"><span style=\"color: #000000;\"><strong>O TTM deve ser, obrigatoriamente (<a href=\"http:\/\/www.ibama.gov.br\/component\/legislacao\/?view=legislacao&amp;legislacao=136794\" target=\"_blank\" rel=\"noopener noreferrer\">Resolu\u00e7\u00e3o n\u00ba 1, de 5 de outubro de 2016<\/a>), assinado pelo representante legal da institui\u00e7\u00e3o destinat\u00e1ria, e n\u00e3o pelo(a) pesquisador(a) colaborador(a) estrangeiro(a). O(a) servidor(a), docente ou t\u00e9cnico(a), respons\u00e1vel pela Remessa que motivar a assinatura de um TTM dever\u00e1 apresentar Declara\u00e7\u00e3o, conforme modelo disponibilizado pela DAPG\/PRPq.<br \/>\n<\/strong><\/span><\/p>\n<\/td>\n<\/tr>\n<\/tbody>\n<\/table>\n<table class=\"table table-bordered\">\n<tbody>\n<tr>\n<td style=\"background-color: #c4edd8; border-color: #1e623f;\">\n<p class=\"western\" align=\"justify\"><strong><span style=\"color: #000000;\">Encaminhamento de amostra contendo patrim\u00f4nio gen\u00e9tico <u>para a presta\u00e7\u00e3o de servi\u00e7os no exterior<\/u> como parte de pesquisa ou desenvolvimento tecnol\u00f3gico, no qual <u>a responsabilidade sobre a amostra \u00e9 de quem realiza o acesso no Brasil<\/u>, \u00e9 caracterizado como <a href=\"https:\/\/www.ufmg.br\/prpq\/patgen\/index.php\/envio-de-amostra\/\" target=\"_blank\" rel=\"noopener noreferrer\">ENVIO<\/a>, e n\u00e3o remessa.<\/span><\/strong><\/p>\n<\/td>\n<\/tr>\n<\/tbody>\n<\/table>\n<table class=\"table table-bordered\">\n<tbody>\n<tr>\n<td style=\"background-color: #c4edd8; border-color: #1e623f;\">\n<p class=\"western\" align=\"justify\"><span style=\"color: #000000;\"><strong>Em caso de material infeccioso, h\u00e1 legisla\u00e7\u00e3o espec\u00edfica quanto a transporte, armazenamento etc<\/strong>.<\/span><\/p>\n<\/td>\n<\/tr>\n<\/tbody>\n<\/table>\n<table class=\"table table-bordered\">\n<tbody>\n<tr>\n<td style=\"background-color: #c4edd8; border-color: #1e623f;\">\n<p class=\"western\" align=\"justify\"><span style=\"color: #000000;\"><strong>Todas as informa\u00e7\u00f5es contidas neste site s\u00e3o apenas orienta\u00e7\u00f5es, que n\u00e3o desobrigam o pesquisador\/docente da leitura atenta e do cumprimento de toda a legisla\u00e7\u00e3o que normatiza o tema, ficando a\u00a0 cargo dele a responsabilidade por seus atos.<\/strong><\/span><\/p>\n<\/td>\n<\/tr>\n<\/tbody>\n<\/table>\n<p><span style=\"color: #000000;\"><strong><em>Documentos<\/em><\/strong><\/span><\/p>\n<p><em>Obs: para abrir os documentos no modo edit\u00e1vel, \u00e9 preciso fazer o download para o seu computad<\/em><em>or.<\/em><\/p>\n<ol>\n<li><a href=\"https:\/\/www.ufmg.br\/prpq\/patgen\/wp-content\/uploads\/2026\/02\/TTMs-ja-assinados-pela-UFMG-1.pdf\" target=\"_blank\" rel=\"noopener\">TTMs j\u00e1 assinados pela UFMG<\/a><\/li>\n<li><span style=\"color: #000000;\">TTM &#8211; Termo de Transfer\u00eancia de Material &#8211; solicitar \u00e0 DAPG\/PRPq<\/span><\/li>\n<li>Guia de Remessa &#8211; solicitar \u00e0 DAPG\/PRPq<\/li>\n<li><span style=\"color: #000000;\"><a href=\"https:\/\/www.ufmg.br\/prpq\/patgen\/wp-content\/uploads\/2018\/10\/Formul\u00e1rio-Pr\u00e9-Remessa.docx\" target=\"_blank\" rel=\"noopener noreferrer\">Formul\u00e1rio Pr\u00e9-Remessa<\/a> &#8211; documento interno da UFMG, deve ser enviado \u00e0 DAPG\/PRPq, com assinatura do servidor respons\u00e1vel pela amostra<br \/>\n<\/span><\/li>\n<li><a href=\"https:\/\/www.ufmg.br\/prpq\/patgen\/wp-content\/uploads\/2021\/02\/Comprovante-de-Inscri\u00e7\u00e3o-Cadastro-T\u00e9cnico-Federal-UFMG.pdf\" target=\"_blank\" rel=\"noopener noreferrer\">Comprovante de Inscri\u00e7\u00e3o no Cadastro T\u00e9cnico Federal &#8211; UFMG<\/a><\/li>\n<li><a href=\"https:\/\/www.ufmg.br\/prpq\/patgen\/wp-content\/uploads\/2026\/03\/Certificado-de-Regularidade-\u2013-Cadastro-Tecnico-Federal.pdf\" target=\"_blank\" rel=\"noopener\">Certificado de Regularidade do Cadastro T\u00e9cnico Federal &#8211; UFMG<\/a><\/li>\n<li><span style=\"color: #000000;\"><a style=\"color: #000000;\" href=\"https:\/\/www.ufmg.br\/prpq\/patgen\/wp-content\/uploads\/2025\/02\/Checklist-Remessa-de-Patrimonio-Genetico-1.pdf\" target=\"_blank\" rel=\"noopener noreferrer\">Sugest\u00e3o de Checklist &#8211; Remessa de Patrim\u00f4nio Gen\u00e9tico<\/a><\/span><\/li>\n<\/ol>\n<p><strong><em>\u00a0<\/em><\/strong><\/p>\n<p><span style=\"color: #000000;\"><strong>Legisla\u00e7\u00e3o de refer\u00eancia<\/strong><\/span><br \/>\n<span style=\"color: #000000;\"> <a style=\"color: #000000;\" href=\"http:\/\/www.planalto.gov.br\/ccivil_03\/_Ato2015-2018\/2016\/Decreto\/D8772.htm\" target=\"_blank\" rel=\"noopener noreferrer\">Decreto 8.772, de 11 de maio de 2016 (artigos 25 e 26)<\/a><\/span><br \/>\n<span style=\"color: #000000;\"> <a style=\"color: #000000;\" href=\"http:\/\/www.planalto.gov.br\/ccivil_03\/_Ato2015-2018\/2015\/Lei\/L13123.htm\" target=\"_blank\" rel=\"noopener noreferrer\">Lei 13.123, de 20 de maio de 2015 (Lei da Biodiversidade)<\/a><\/span><\/p>\n<p><span style=\"color: #000000;\"><em>\u00a0<\/em><\/span><br \/>\n<span style=\"color: #000000;\"> Em caso de d\u00favidas, entrar em contato com a Divis\u00e3o de Apoio ao Patrim\u00f4nio Gen\u00e9tico (DAPG) da Pr\u00f3-Reitoria de Pesquisa, preferencialmente, atrav\u00e9s do e-mail <a style=\"color: #000000;\" href=\"mailto:dapg@prpq.ufmg.br\">dapg@prpq.ufmg.br<\/a>, ou pelo telefone 3409-3963.<\/span><\/p>\n","protected":false},"excerpt":{"rendered":"<p>Remessa \u00e9 a transfer\u00eancia de amostra de patrim\u00f4nio gen\u00e9tico para institui\u00e7\u00e3o localizada fora do pa\u00eds com a finalidade de acesso, na qual a responsabilidade sobre a amostra \u00e9 transferida para a destinat\u00e1ria. Caso deseje realizar uma remessa, ser\u00e1 necess\u00e1rio observar os seguintes passos: 1\u00ba &#8211; Verificar se o objeto da remessa consiste em patrim\u00f4nio gen\u00e9tico [&hellip;]<\/p>\n","protected":false},"author":1,"featured_media":0,"parent":0,"menu_order":0,"comment_status":"closed","ping_status":"closed","template":"","meta":{"_bbp_topic_count":0,"_bbp_reply_count":0,"_bbp_total_topic_count":0,"_bbp_total_reply_count":0,"_bbp_voice_count":0,"_bbp_anonymous_reply_count":0,"_bbp_topic_count_hidden":0,"_bbp_reply_count_hidden":0,"_bbp_forum_subforum_count":0},"categories":[],"_links":{"self":[{"href":"https:\/\/www.ufmg.br\/prpq\/patgen\/index.php\/wp-json\/wp\/v2\/pages\/225"}],"collection":[{"href":"https:\/\/www.ufmg.br\/prpq\/patgen\/index.php\/wp-json\/wp\/v2\/pages"}],"about":[{"href":"https:\/\/www.ufmg.br\/prpq\/patgen\/index.php\/wp-json\/wp\/v2\/types\/page"}],"author":[{"embeddable":true,"href":"https:\/\/www.ufmg.br\/prpq\/patgen\/index.php\/wp-json\/wp\/v2\/users\/1"}],"replies":[{"embeddable":true,"href":"https:\/\/www.ufmg.br\/prpq\/patgen\/index.php\/wp-json\/wp\/v2\/comments?post=225"}],"version-history":[{"count":204,"href":"https:\/\/www.ufmg.br\/prpq\/patgen\/index.php\/wp-json\/wp\/v2\/pages\/225\/revisions"}],"predecessor-version":[{"id":1265,"href":"https:\/\/www.ufmg.br\/prpq\/patgen\/index.php\/wp-json\/wp\/v2\/pages\/225\/revisions\/1265"}],"wp:attachment":[{"href":"https:\/\/www.ufmg.br\/prpq\/patgen\/index.php\/wp-json\/wp\/v2\/media?parent=225"}],"wp:term":[{"taxonomy":"category","embeddable":true,"href":"https:\/\/www.ufmg.br\/prpq\/patgen\/index.php\/wp-json\/wp\/v2\/categories?post=225"}],"curies":[{"name":"wp","href":"https:\/\/api.w.org\/{rel}","templated":true}]}}