{"id":227,"date":"2018-10-15T12:42:40","date_gmt":"2018-10-15T12:42:40","guid":{"rendered":"https:\/\/www.ufmg.br\/prpq\/patgen\/?page_id=227"},"modified":"2025-02-12T17:42:31","modified_gmt":"2025-02-12T20:42:31","slug":"envio-de-amostra","status":"publish","type":"page","link":"https:\/\/www.ufmg.br\/prpq\/patgen\/index.php\/envio-de-amostra\/","title":{"rendered":"Envio de amostra ao exterior"},"content":{"rendered":"<p class=\"page-header\"><strong>Envio<\/strong> \u00e9 o encaminhamento de amostra que contenha patrim\u00f4nio gen\u00e9tico para a presta\u00e7\u00e3o de servi\u00e7os no exterior como parte de pesquisa ou desenvolvimento tecnol\u00f3gico, na qual a responsabilidade sobre a amostra permanece em quem realiza o acesso no Brasil.<\/p>\n<div class=\"region region-content\">\n<section id=\"block-system-main\" class=\"block block-system clearfix\">\n<div id=\"node-1321\" class=\"node node-page clearfix\">\n<div class=\"content\">\n<div class=\"field field-name-body field-type-text-with-summary field-label-hidden\">\n<div class=\"field-items\">\n<div class=\"field-item even\">\n<p class=\"rtejustify\">Se voc\u00ea deseja transferir amostra de patrim\u00f4nio gen\u00e9tico para institui\u00e7\u00e3o localizada fora do pa\u00eds com a finalidade de acesso, na qual a responsabilidade sobre a amostra \u00e9 transferida para o destinat\u00e1rio, isso se caracteriza como <strong>Remessa<\/strong>, e n\u00e3o como <strong>Envio<\/strong>. Para orienta\u00e7\u00f5es sobre Remessa, consulte <a href=\"https:\/\/www.ufmg.br\/prpq\/patgen\/index.php\/remessa-de-amostra\/\">Remessa de amostra\u00a0ao exterior<\/a>.<\/p>\n<\/div>\n<p class=\"rtejustify\">Entende-se pela Lei que o Envio s\u00f3 deveria ocorrer nos casos de presta\u00e7\u00e3o de servi\u00e7os. As demais hip\u00f3teses seriam consideradas <a href=\"https:\/\/www.ufmg.br\/prpq\/patgen\/index.php\/remessa-de-amostra\/\">Remessa<\/a>.<\/p>\n<p><strong>IMPORTANTE:<\/strong> se o prestador de servi\u00e7o no exterior realizar n\u00e3o apenas o sequenciamento gen\u00e9tico mas tamb\u00e9m qualquer tipo de an\u00e1lise das sequ\u00eancias obtidas (incluindo montagem, predi\u00e7\u00e3o g\u00eanica, anota\u00e7\u00e3o, filogenia, identifica\u00e7\u00e3o de organismos etc.), configura-se n\u00e3o mais ENVIO, e sim Remessa, e portanto a documenta\u00e7\u00e3o referente a <a href=\"https:\/\/www.ufmg.br\/prpq\/patgen\/index.php\/remessa-de-amostra\/\" target=\"_blank\" rel=\"noopener\">Remessa<\/a> deve ser providenciada para a transfer\u00eancia da amostra ao exterior.<\/p>\n<table class=\"table table-bordered\">\n<tbody>\n<tr>\n<td style=\"background-color: #c4edd8; border-color: #1e623f;\">\n<p class=\"western\" align=\"justify\"><strong>Como identificar se trata-se de Patrim\u00f4nio Gen\u00e9tico Brasileiro (listas n\u00e3o oficiais):<\/strong><\/p>\n<p class=\"western\" align=\"justify\"><strong>&#8211; Instru\u00e7\u00e3o Normativa MAPA n\u00ba 23, de 14\/06\/2017 (<a href=\"https:\/\/www.lex.com.br\/legis_27444767_INSTRUCAO_NORMATIVA_N_23_DE_14_DE_JUNHO_DE_2017.aspx\" target=\"_blank\" rel=\"noopener noreferrer\">Instru\u00e7\u00e3oNormativano.23<\/a>)<br \/>\n&#8211; Lista n\u00e3o oficial da EMBRAPA &#8211; \u201cra\u00e7as localmente adaptadas ou crioulas\u201d<br \/>\n&#8211; Site do Jardim Bot\u00e2nico<br \/>\n&#8211; Fauna \u2013 Cat\u00e1logo Taxon\u00f4mico da Fauna do Brasil: (<a href=\"http:\/\/fauna.jbrj.gov.br\/fauna\/listaBrasil\/ConsultaPublicaUC\/ConsultaPublicaUC.do\" target=\"_blank\" rel=\"noopener noreferrer\">FaunadoBrasil<\/a>)<br \/>\n&#8211; Flora &#8211; Reflora: (<a href=\"http:\/\/floradobrasil.jbrj.gov.br\/reflora\/listaBrasil\/PrincipalUC\/PrincipalUC.do;jsessionid=AF2BCBE654C567CC9B937DCF6060B9B2#CondicaoTaxonCP\" target=\"_blank\" rel=\"noopener noreferrer\">FloradoBrasil<\/a>)<br \/>\n&#8211; Microorganismos: Lei 13.123\/2015, \u00a7 \u00fanico do art. 2\u00ba: \u201c<em>Considera-se parte do patrim\u00f4nio gen\u00e9tico existente no territ\u00f3rio nacional, para os efeitos desta Lei, o microrganismo que tenha sido isolado a partir de substratos do territ\u00f3rio nacional, do mar territorial, da zona econ\u00f4mica exclusiva ou da plataforma continental.<\/em>\u201d<\/strong><\/p>\n<p class=\"western\" align=\"justify\"><strong>&#8211; Esp\u00e9cies que n\u00e3o precisam de cadastros no SisGen:\u00a0<a href=\"http:\/\/www.agricultura.gov.br\/assuntos\/sustentabilidade\/tecnologia-agropecuaria\/recursos-geneticos-1\/especies-introduzidas\">especies-introduzidas<\/a><\/strong><\/p>\n<\/td>\n<\/tr>\n<\/tbody>\n<\/table>\n<div class=\"field-item even\">\n<p class=\"rtejustify\">Antes do cadastro do projeto no\u00a0<a href=\"http:\/\/sisgen.gov.br\/paginas\/login.aspx\" target=\"_blank\" rel=\"noopener noreferrer\">SisGen<\/a>, previamente ao envio do material ao prestador do servi\u00e7o, dever\u00e3o ser cumpridos os seguintes procedimentos:<\/p>\n<p>1- Realizar a inscri\u00e7\u00e3o como pessoa f\u00edsica no <strong>Cadastro T\u00e9cnico Federal de Atividades Potencialmente Poluidoras e\/ou Utilizadoras de Recursos Ambientais (CTF\/APP)<\/strong>, na categoria 20.5 \u2013 Uso do Patrim\u00f4nio Gen\u00e9tico Natural ou Introdu\u00e7\u00e3o de Esp\u00e9cies Ex\u00f3ticas ou Geneticamente Modificadas, no <a href=\"https:\/\/www.gov.br\/ibama\/pt-br\/servicos\/cadastros\/ctf\/ctf-app\/ctf-app\" target=\"_blank\" rel=\"noopener\">site do IBAMA<\/a>.<\/p>\n<ul>\n<li><strong>ATEN\u00c7\u00c3O<\/strong>: O CTF\/APP implica que a pessoa f\u00edsica cadastrada (docente pesquisador) deve prestar informa\u00e7\u00f5es anualmente, preenchendo, obrigatoriamente, o Relat\u00f3rio de Atividades Potencialmente Poluidoras e Utilizadoras de Recursos Ambientais (RAPP) \u2013 Uso do Patrim\u00f4nio Gen\u00e9tico, sendo de sua responsabilidade: a) providenciar os dados e preencher o relat\u00f3rio adequadamente e dentro do prazo (de 1\u00ba\/02 a 31\/03 do ano seguinte \u00e0 realiza\u00e7\u00e3o da atividade); b) informar os dados \u00e0 DAPG\/PRPq, em tempo h\u00e1bil, para preenchimento do RAPP da UFMG. <strong>OBSERVA\u00c7\u00c3O:<\/strong> Uma vez inscrita no CTF\/APP, a pessoa f\u00edsica (docente pesquisador) deve preencher o RAPP <em>anualmente<\/em>, mesmo que n\u00e3o tenha sido realizada atividade. Neste caso, deve-se informar, no campo \u201cJustificativa\u201d do RAPP, a op\u00e7\u00e3o, \u201cn\u00e3o desenvolvi a atividade este ano\u201d. Recomenda-se ler sobre o RAPP na se\u00e7\u00e3o <a href=\"https:\/\/www.ufmg.br\/prpq\/patgen\/index.php\/noticia\/sobre-o-relatorio-de-atividades-potencialmente-poluidoras-e-utilizadoras-de-recursos-ambientais-rapp\/\" target=\"_blank\" rel=\"noopener\">Not\u00edcias<\/a>. Mais informa\u00e7\u00f5es no <a href=\"https:\/\/www.gov.br\/ibama\/pt-br\/servicos\/cadastros\/ctf\/ctf-app\" target=\"_blank\" rel=\"noopener\">site do Ibama<\/a>.<\/li>\n<\/ul>\n<p>2- Verificar se a amostra enquadra-se nos casos em que \u00e9 necess\u00e1ria <strong>licen\u00e7a\/cadastro no CITES<\/strong>. Caso positivo, realizar a licen\u00e7a\/cadastro necess\u00e1rio.<\/p>\n<p>3- Preencher o <a href=\"https:\/\/www.ufmg.br\/prpq\/patgen\/wp-content\/uploads\/2018\/10\/Instrumento-de-Envio.pdf\">Instrumento de Envio<\/a> e coletar as assinaturas do representante legal da institui\u00e7\u00e3o de destino e, depois, do Pr\u00f3-Reitor de Pesquisa da UFMG. De posse do Instrumento de Envio, devidamente preenchido e assinado, o docente respons\u00e1vel poder\u00e1 fazer o envio da amostra e, posteriormente, fazer o cadastro do projeto no SisGen.<\/p>\n<ul>\n<li class=\"rtejustify\">O <a href=\"https:\/\/www.ufmg.br\/prpq\/patgen\/wp-content\/uploads\/2018\/10\/Instrumento-de-Envio.pdf\" target=\"_blank\" rel=\"noopener\">Instrumento de Envio &#8211; Modelo UFMG<\/a> n\u00e3o ser\u00e1 obrigat\u00f3rio nos casos de envio de amostra para sequenciamento gen\u00e9tico. No entanto, o prestador do servi\u00e7o dever\u00e1 ser formalmente notificado que dever\u00e1 devolver ou destruir as amostras enviadas e que <strong>n\u00e3o dever\u00e1<\/strong>: a) repassar a amostra do patrim\u00f4nio gen\u00e9tico ou a informa\u00e7\u00e3o de origem gen\u00e9tica da esp\u00e9cie objeto do envio, incluindo subst\u00e2ncias oriundas do metabolismo destes seres para terceiros; b) utilizar a amostra do patrim\u00f4nio gen\u00e9tico ou a informa\u00e7\u00e3o de origem gen\u00e9tica da esp\u00e9cie objeto do envio para quaisquer outras finalidades al\u00e9m das previstas; c) explorar economicamente produto intermedi\u00e1rio ou acabado ou material reprodutivo decorrente do acesso; e d) requerer qualquer tipo de direito de propriedade intelectual.<\/li>\n<li class=\"rtejustify\">O\u00a0<a href=\"https:\/\/www.ufmg.br\/prpq\/patgen\/wp-content\/uploads\/2018\/10\/Instrumento-de-Envio.pdf\" target=\"_blank\" rel=\"noopener\">Instrumento de Envio<\/a> poder\u00e1 ser substitu\u00eddo por contratos, termos de parceria etc., dos quais conste o conte\u00fado m\u00ednimo previsto no\u00a0<a href=\"http:\/\/www.planalto.gov.br\/ccivil_03\/_Ato2015-2018\/2016\/Decreto\/D8772.htm\" target=\"_blank\" rel=\"noopener noreferrer\">\u00a7 6\u00ba do art. 24 do Decreto n\u00ba 8.772, de 2016<\/a>.<\/li>\n<li class=\"rtejustify\">Para o Envio, a amostra dever\u00e1 estar devidamente acondicionada, com r\u00f3tulo de identifica\u00e7\u00e3o e acompanhada do <a href=\"https:\/\/www.ufmg.br\/prpq\/patgen\/wp-content\/uploads\/2018\/10\/Instrumento-de-Envio.pdf\" target=\"_blank\" rel=\"noopener\">Instrumento de Envio<\/a>. <strong><em>OBSERVA\u00c7\u00c3O: <\/em><\/strong><em>para abrir o documento no modo edit\u00e1vel, \u00e9 preciso fazer o download para o seu computador.<\/em><\/li>\n<\/ul>\n<p><strong>IMPORTANTE:<\/strong> Enviar \u00e0 PRPq, pelo e-mail dapg@prpq.ufmg.br:<\/p>\n<p>1- Comprovante de Inscri\u00e7\u00e3o no Cadastro T\u00e9cnico Federal de Atividades Potencialmente Poluidoras e\/ou Utilizadoras de Recursos Ambientais (CTF\/APP) do docente da UFMG respons\u00e1vel pelo projeto\/envio. <strong>ATEN\u00c7\u00c3O<\/strong>: o CTF\/APP deve ser emitido na categoria 20.5 &#8211; Uso do Patrim\u00f4nio Gen\u00e9tico Natural ou Introdu\u00e7\u00e3o de Esp\u00e9cies Ex\u00f3ticas ou Geneticamente Modificadas;<br \/>\n2- Certificado de Regularidade do Cadastro T\u00e9cnico Federal do docente da UFMG respons\u00e1vel pelo projeto\/envio;<\/p>\n<div>\n<table class=\"table table-bordered\">\n<tbody>\n<tr>\n<td>\n<p class=\"rtejustify\"><strong>IMPORTANTE: necessidade de documenta\u00e7\u00e3o adicional<\/strong><\/p>\n<p class=\"rtejustify\">Cabe destacar que o envio para o exterior para fins cient\u00edficos de material biol\u00f3gico animal ou vegetal de esp\u00e9cies protegidas pela\u00a0<a href=\"http:\/\/www.ibama.gov.br\/cites-e-comercio-exterior\" target=\"_blank\" rel=\"noopener noreferrer\">Conven\u00e7\u00e3o sobre o Com\u00e9rcio Internacional das Esp\u00e9cies da Flora e da Fauna Selvagens em Perigo de Extin\u00e7\u00e3o (Cites)<\/a>, bem como de material biol\u00f3gico de esp\u00e9cies de fauna selvagem (exceto recursos pesqueiros) n\u00e3o protegida pela Cites, pode depender de obten\u00e7\u00e3o de licen\u00e7a de exporta\u00e7\u00e3o junto ao Ibama.<\/p>\n<p class=\"rtejustify\">Consulte informa\u00e7\u00f5es sobre\u00a0<a href=\"http:\/\/www.ibama.gov.br\/cites-e-comercio-exterior\/licenca-cites\/licenca-de-importacao-exportacao-especimes-da-fauna\" target=\"_blank\" rel=\"noopener noreferrer\">licen\u00e7a de importa\u00e7\u00e3o\/exporta\u00e7\u00e3o de fauna<\/a><\/p>\n<p class=\"rtejustify\">Fonte: IBAMA<\/p>\n<\/td>\n<\/tr>\n<\/tbody>\n<\/table>\n<table class=\"table table-bordered\">\n<tbody>\n<tr>\n<td style=\"background-color: #c4edd8; border-color: #1e623f;\">\n<p class=\"western\" align=\"justify\"><strong><span style=\"color: #000000;\">Em caso de material infeccioso, h\u00e1 legisla\u00e7\u00e3o espec\u00edfica quanto a transporte, armazenamento etc.<\/span><\/strong><\/p>\n<\/td>\n<\/tr>\n<\/tbody>\n<\/table>\n<table class=\"table table-bordered\">\n<tbody>\n<tr>\n<td style=\"background-color: #c4edd8; border-color: #1e623f;\">\n<p class=\"western\" align=\"justify\"><span style=\"color: #000000;\"><strong>\u00c9 importante que o(a) pesquisador(a) selecione de forma criteriosa os prestadores de servi\u00e7o no exterior. No caso de escapes, acidentes, alergias, contamina\u00e7\u00e3o de outros materiais ou repasse indevido de amostras, o(a) pesquisador(a) brasileiro(a) respons\u00e1vel pelo Envio poder\u00e1 ser acionado(a) e responsabilizado(a).<\/strong><\/span><\/p>\n<\/td>\n<\/tr>\n<\/tbody>\n<\/table>\n<table class=\"table table-bordered\">\n<tbody>\n<tr>\n<td style=\"background-color: #c4edd8; border-color: #1e623f;\">\n<p class=\"western\" align=\"justify\"><span style=\"color: #000000;\"><strong>Todas as informa\u00e7\u00f5es contidas neste site s\u00e3o apenas orienta\u00e7\u00f5es que n\u00e3o desobrigam o(a) pesquisador(a) da leitura atenta e do cumprimento de toda a legisla\u00e7\u00e3o que normatiza o tema, ficando a cargo dele a responsabilidade por seus atos.<\/strong><\/span><\/p>\n<\/td>\n<\/tr>\n<\/tbody>\n<\/table>\n<p><span style=\"color: #000000;\"><strong>Documento<\/strong><\/span><\/p>\n<ul>\n<li><a href=\"https:\/\/www.ufmg.br\/prpq\/patgen\/wp-content\/uploads\/2018\/10\/Instrumento-de-Envio.pdf\" target=\"_blank\" rel=\"noopener\">Instrumento de Envio<\/a> &#8211; Modelo UFMG.\u00a0 <em><strong>OBSERVA\u00c7\u00c3O<\/strong>: para abrir o documento no modo edit\u00e1vel, \u00e9 preciso fazer o download para o seu computador.<\/em><\/li>\n<\/ul>\n<\/div>\n<div><em>\u00a0<\/em><\/div>\n<p class=\"rtejustify\"><strong>Legisla\u00e7\u00e3o refer\u00eancia<\/strong><br \/>\n<a href=\"http:\/\/www.planalto.gov.br\/ccivil_03\/_Ato2015-2018\/2016\/Decreto\/D8772.htm\" target=\"_blank\" rel=\"noopener noreferrer\">Decreto 8.772, de 11 de maio de 2016 (artigos 24)<\/a><br \/>\n<a href=\"http:\/\/www.planalto.gov.br\/ccivil_03\/_Ato2015-2018\/2015\/Lei\/L13123.htm\" target=\"_blank\" rel=\"noopener noreferrer\">Lei 13.123, de 20 de maio de 2015 (Lei da Biodiversidade)<\/a><\/p>\n<\/div>\n<\/div>\n<\/div>\n<\/div>\n<\/div>\n<\/section>\n<\/div>\n","protected":false},"excerpt":{"rendered":"<p>Envio \u00e9 o encaminhamento de amostra que contenha patrim\u00f4nio gen\u00e9tico para a presta\u00e7\u00e3o de servi\u00e7os no exterior como parte de pesquisa ou desenvolvimento tecnol\u00f3gico, na qual a responsabilidade sobre a amostra permanece em quem realiza o acesso no Brasil. Se voc\u00ea deseja transferir amostra de patrim\u00f4nio gen\u00e9tico para institui\u00e7\u00e3o localizada fora do pa\u00eds com a [&hellip;]<\/p>\n","protected":false},"author":1,"featured_media":0,"parent":0,"menu_order":0,"comment_status":"closed","ping_status":"closed","template":"","meta":{"_bbp_topic_count":0,"_bbp_reply_count":0,"_bbp_total_topic_count":0,"_bbp_total_reply_count":0,"_bbp_voice_count":0,"_bbp_anonymous_reply_count":0,"_bbp_topic_count_hidden":0,"_bbp_reply_count_hidden":0,"_bbp_forum_subforum_count":0},"categories":[],"_links":{"self":[{"href":"https:\/\/www.ufmg.br\/prpq\/patgen\/index.php\/wp-json\/wp\/v2\/pages\/227"}],"collection":[{"href":"https:\/\/www.ufmg.br\/prpq\/patgen\/index.php\/wp-json\/wp\/v2\/pages"}],"about":[{"href":"https:\/\/www.ufmg.br\/prpq\/patgen\/index.php\/wp-json\/wp\/v2\/types\/page"}],"author":[{"embeddable":true,"href":"https:\/\/www.ufmg.br\/prpq\/patgen\/index.php\/wp-json\/wp\/v2\/users\/1"}],"replies":[{"embeddable":true,"href":"https:\/\/www.ufmg.br\/prpq\/patgen\/index.php\/wp-json\/wp\/v2\/comments?post=227"}],"version-history":[{"count":34,"href":"https:\/\/www.ufmg.br\/prpq\/patgen\/index.php\/wp-json\/wp\/v2\/pages\/227\/revisions"}],"predecessor-version":[{"id":1226,"href":"https:\/\/www.ufmg.br\/prpq\/patgen\/index.php\/wp-json\/wp\/v2\/pages\/227\/revisions\/1226"}],"wp:attachment":[{"href":"https:\/\/www.ufmg.br\/prpq\/patgen\/index.php\/wp-json\/wp\/v2\/media?parent=227"}],"wp:term":[{"taxonomy":"category","embeddable":true,"href":"https:\/\/www.ufmg.br\/prpq\/patgen\/index.php\/wp-json\/wp\/v2\/categories?post=227"}],"curies":[{"name":"wp","href":"https:\/\/api.w.org\/{rel}","templated":true}]}}