{"id":28,"date":"2018-08-21T18:15:40","date_gmt":"2018-08-21T18:15:40","guid":{"rendered":"http:\/\/150.164.74.223\/site_em_construcao\/?page_id=28"},"modified":"2023-05-04T15:46:22","modified_gmt":"2023-05-04T18:46:22","slug":"normatizacoes","status":"publish","type":"page","link":"https:\/\/www.ufmg.br\/prpq\/patgen\/index.php\/normatizacoes\/","title":{"rendered":"Legisla\u00e7\u00e3o"},"content":{"rendered":"\n<p><strong>LEGISLA\u00c7\u00c3O NACIONAL<\/strong><\/p>\n\n\n\n<p><a href=\"http:\/\/www.planalto.gov.br\/ccivil_03\/_Ato2015-2018\/2015\/Lei\/L13123.htm\" target=\"_blank\" rel=\"noopener noreferrer\">Lei n\u00ba 13.123, de 20 de maio de 2015<\/a><\/p>\n\n\n\n<p>Disp\u00f5e sobre o acesso ao patrim\u00f4nio gen\u00e9tico, sobre a prote\u00e7\u00e3o e o acesso ao conhecimento tradicional associado e sobre a reparti\u00e7\u00e3o de benef\u00edcios para conserva\u00e7\u00e3o e uso sustent\u00e1vel da biodiversidade.<\/p>\n\n\n\n<p><a href=\"https:\/\/www.in.gov.br\/en\/web\/dou\/-\/decreto-n-10.844-de-25-de-outubro-de-2021-354622936\">Decreto n\u00ba 10.844, de 25 de outubro de 2021<\/a><\/p>\n\n\n\n<p>Altera o Decreto n\u00ba 8.772, de 11\/05\/2016, que disp\u00f5e sobre o acesso ao patrim\u00f4nio gen\u00e9tico, sobre a prote\u00e7\u00e3o e o acesso ao conhecimento tradicional associado e sobre a reparti\u00e7\u00e3o de benef\u00edcios para conserva\u00e7\u00e3o e uso sustent\u00e1vel da biodiversidade. O novo decreto prev\u00ea a cria\u00e7\u00e3o de um cadastro espec\u00edfico para as atividades de pesquisa sem explora\u00e7\u00e3o econ\u00f4mica. At\u00e9 o momento, o m\u00f3dulo de pesquisa do CNPq ainda n\u00e3o est\u00e1 dispon\u00edvel.<\/p>\n\n\n\n<p><a href=\"http:\/\/www.planalto.gov.br\/ccivil_03\/_Ato2015-2018\/2016\/Decreto\/D8772.htm\" target=\"_blank\" rel=\"noopener noreferrer\">Decreto n\u00ba 8.772, de 11 de maio de 2016<\/a><\/p>\n\n\n\n<p>Regulamenta a Lei n\u00ba 13.123, de 20 de maio de 2015, que disp\u00f5e sobre o acesso ao patrim\u00f4nio gen\u00e9tico, sobre a prote\u00e7\u00e3o e o acesso ao conhecimento tradicional associado e sobre a reparti\u00e7\u00e3o de benef\u00edcios para conserva\u00e7\u00e3o e uso sustent\u00e1vel da biodiversidade.<\/p>\n\n\n\n<p><a href=\"http:\/\/www.planalto.gov.br\/ccivil_03\/MPV\/2186-16.htmimpressao.htm\" target=\"_blank\" rel=\"noopener noreferrer\">Medida Provis\u00f3ria n\u00ba 2.186-16, de 23 de agosto de 2001<\/a><\/p>\n\n\n\n<p>Disp\u00f5e sobre o acesso ao patrim\u00f4nio gen\u00e9tico, a prote\u00e7\u00e3o e o acesso ao conhecimento tradicional associado, a reparti\u00e7\u00e3o de benef\u00edcios e o acesso \u00e0 tecnologia e transfer\u00eancia de tecnologia para sua conserva\u00e7\u00e3o e utiliza\u00e7\u00e3o, e d\u00e1 outras provid\u00eancias.<\/p>\n\n\n\n<p><a rel=\"noopener noreferrer\" href=\"http:\/\/www.mma.gov.br\/patrimonio-genetico\/conselho-de-gestao-do-patrimonio-genetico\/nrmas-do-cgen.html\" target=\"_blank\">Normas do Conselho de Gest\u00e3o do Patrim\u00f4nio Gen\u00e9tico &#8211; CGen<\/a><\/p>\n\n\n\n<p><a href=\"https:\/\/www.ufmg.br\/prpq\/patgen\/wp-content\/uploads\/2023\/05\/Resoluc\u0327a\u0303o-21-do-MMA.pdf\">Resolu\u00e7\u00e3o n\u00ba 21, de 31 de agosto de 2006<\/a><\/p>\n\n\n\n<p>Estabelece quais pesquisas e atividades cient\u00edficas n\u00e3o se enquadram sob o conceito de acesso ao patrim\u00f4nio gen\u00e9tico para as finalidades da Medida Provis\u00f3ria 2.186-16, de 2001.<\/p>\n\n\n\n<p><a rel=\"noopener noreferrer\" href=\"http:\/\/www.planalto.gov.br\/ccivil_03\/Leis\/L6938.htm\" target=\"_blank\">Lei n\u00ba 6.938, de 31 de agosto de 1981<\/a><\/p>\n\n\n\n<p>Disp\u00f5e sobre a Pol\u00edtica Nacional do Meio Ambiente, seus fins e mecanismos de formula\u00e7\u00e3o e aplica\u00e7\u00e3o, e d\u00e1 outras provid\u00eancias.<\/p>\n\n\n\n<p><a href=\"http:\/\/www.planalto.gov.br\/ccivil_03\/_Ato2007-2010\/2008\/Decreto\/D6514.htm\" target=\"_blank\" rel=\"noopener noreferrer\">Decreto n\u00ba 6.514, de 22 de julho de 2008<\/a><\/p>\n\n\n\n<p>Disp\u00f5e sobre as infra\u00e7\u00f5es e san\u00e7\u00f5es administrativas ao meio ambiente, estabelece o processo administrativo federal para apura\u00e7\u00e3o destas infra\u00e7\u00f5es, e d\u00e1 outras provid\u00eancias.<\/p>\n\n\n\n<p><\/p>\n\n\n\n<hr class=\"wp-block-separator has-alpha-channel-opacity\"\/>\n\n\n\n<p><strong>LEGISLA\u00c7\u00c3O INTERNACIONAL<\/strong><\/p>\n\n\n\n<p><a href=\"http:\/\/www.planalto.gov.br\/ccivil_03\/decreto\/1998\/anexos\/and2519-98.pdf\" target=\"_blank\" rel=\"noopener noreferrer\">Conven\u00e7\u00e3o sobre Diversidade Biol\u00f3gica (CDB)<\/a>&nbsp;&#8211; promulgada pelo&nbsp;<a href=\"http:\/\/www.planalto.gov.br\/ccivil_03\/decreto\/D2519.htm\" target=\"_blank\" rel=\"noopener noreferrer\">Decreto n\u00ba 2.519, de 16 de mar\u00e7o de 1998<\/a><\/p>\n\n\n\n<p><a href=\"http:\/\/www.planalto.gov.br\/ccivil_03\/_Ato2007-2010\/2008\/Decreto\/D6476.htm\" target=\"_blank\" rel=\"noopener noreferrer\">Tratado Internacional sobre Recursos Fitogen\u00e9ticos para a Alimenta\u00e7\u00e3o e a Agricultura (TIRFAA)<\/a> \u2013 promulgado pelo<strong>&nbsp;<\/strong><a href=\"http:\/\/www.planalto.gov.br\/ccivil_03\/_Ato2007-2010\/2008\/Decreto\/D6476.htm\" target=\"_blank\" rel=\"noopener noreferrer\">Decreto n\u00ba 6.476, de 5 de junho de 2008<\/a><\/p>\n\n\n\n<p><a href=\"http:\/\/www.mma.gov.br\/images\/arquivos\/patrimonio_genetico\/nagoya_protocol_portuguese_version%20(1).pdf\" target=\"_blank\" rel=\"noopener noreferrer\">Protocolo de Nagoia sobre Acesso a Recursos Gen\u00e9ticos e Reparti\u00e7\u00e3o Justa e Equitativa dos Benef\u00edcios Derivados de sua Utiliza\u00e7\u00e3o \u00e0 Conven\u00e7\u00e3o sobre Diversidade Biol\u00f3gica<\/a><\/p>\n","protected":false},"excerpt":{"rendered":"<p>LEGISLA\u00c7\u00c3O NACIONAL Lei n\u00ba 13.123, de 20 de maio de 2015 Disp\u00f5e sobre o acesso ao patrim\u00f4nio gen\u00e9tico, sobre a prote\u00e7\u00e3o e o acesso ao conhecimento tradicional associado e sobre a reparti\u00e7\u00e3o de benef\u00edcios para conserva\u00e7\u00e3o e uso sustent\u00e1vel da biodiversidade. Decreto n\u00ba 10.844, de 25 de outubro de 2021 Altera o Decreto n\u00ba 8.772, [&hellip;]<\/p>\n","protected":false},"author":1,"featured_media":0,"parent":0,"menu_order":0,"comment_status":"closed","ping_status":"closed","template":"","meta":{"_bbp_topic_count":0,"_bbp_reply_count":0,"_bbp_total_topic_count":0,"_bbp_total_reply_count":0,"_bbp_voice_count":0,"_bbp_anonymous_reply_count":0,"_bbp_topic_count_hidden":0,"_bbp_reply_count_hidden":0,"_bbp_forum_subforum_count":0},"categories":[],"_links":{"self":[{"href":"https:\/\/www.ufmg.br\/prpq\/patgen\/index.php\/wp-json\/wp\/v2\/pages\/28"}],"collection":[{"href":"https:\/\/www.ufmg.br\/prpq\/patgen\/index.php\/wp-json\/wp\/v2\/pages"}],"about":[{"href":"https:\/\/www.ufmg.br\/prpq\/patgen\/index.php\/wp-json\/wp\/v2\/types\/page"}],"author":[{"embeddable":true,"href":"https:\/\/www.ufmg.br\/prpq\/patgen\/index.php\/wp-json\/wp\/v2\/users\/1"}],"replies":[{"embeddable":true,"href":"https:\/\/www.ufmg.br\/prpq\/patgen\/index.php\/wp-json\/wp\/v2\/comments?post=28"}],"version-history":[{"count":11,"href":"https:\/\/www.ufmg.br\/prpq\/patgen\/index.php\/wp-json\/wp\/v2\/pages\/28\/revisions"}],"predecessor-version":[{"id":959,"href":"https:\/\/www.ufmg.br\/prpq\/patgen\/index.php\/wp-json\/wp\/v2\/pages\/28\/revisions\/959"}],"wp:attachment":[{"href":"https:\/\/www.ufmg.br\/prpq\/patgen\/index.php\/wp-json\/wp\/v2\/media?parent=28"}],"wp:term":[{"taxonomy":"category","embeddable":true,"href":"https:\/\/www.ufmg.br\/prpq\/patgen\/index.php\/wp-json\/wp\/v2\/categories?post=28"}],"curies":[{"name":"wp","href":"https:\/\/api.w.org\/{rel}","templated":true}]}}