{"id":30,"date":"2018-08-21T18:15:57","date_gmt":"2018-08-21T18:15:57","guid":{"rendered":"http:\/\/150.164.74.223\/site_em_construcao\/?page_id=30"},"modified":"2020-01-06T10:55:09","modified_gmt":"2020-01-06T13:55:09","slug":"transferencia-de-material","status":"publish","type":"page","link":"https:\/\/www.ufmg.br\/prpq\/patgen\/index.php\/transferencia-de-material\/","title":{"rendered":"Transfer\u00eancia de Material"},"content":{"rendered":"<p>No que e refere \u00e0 transfer\u00eancia de material \u00e9 importante salientar que a\u00a0<a href=\"http:\/\/www.planalto.gov.br\/ccivil_03\/_Ato2015-2018\/2015\/Lei\/L13123.htm\" target=\"_blank\" rel=\"noopener noreferrer\">Lei n\u00ba 13.123\/2015<\/a>\u00a0estabelece diretrizes sobre a\u00a0<strong>sa\u00edda da amostra de patrim\u00f4nio gen\u00e9tico do pa\u00eds<\/strong>, atrav\u00e9s da <strong>&#8220;REMESSA&#8221;<\/strong> ou do <strong>&#8220;ENVIO\u00a0DE AMOSTRA&#8221;<\/strong> para a presta\u00e7\u00e3o de servi\u00e7os no exterior. A\u00a0Lei <strong>n\u00e3o<\/strong> estabelece nenhuma exig\u00eancia para o interc\u00e2mbio de amostras de patrim\u00f4nio gen\u00e9tico entre <strong>institui\u00e7\u00f5es nacionais<\/strong>.<\/p>\n<p>A \u201cREMESSA\u201d \u00e9 definida como \u201c<em>transfer\u00eancia de amostra de patrim\u00f4nio gen\u00e9tico para institui\u00e7\u00e3o localizada fora do Pa\u00eds com a finalidade de acesso, na qual a responsabilidade sobre a amostra \u00e9 transferida para a destinat\u00e1ria<\/em>\u201d.<\/p>\n<p>O \u201cENVIO\u201d, \u00e9 definido como \u201c<em>envio de amostra que contenha patrim\u00f4nio gen\u00e9tico para a presta\u00e7\u00e3o de servi\u00e7os no exterior como parte de pesquisa ou desenvolvimento tecnol\u00f3gico na qual a responsabilidade sobre a amostra \u00e9 de quem realiza o acesso no Brasil<\/em>\u201d.<\/p>\n<p>Considera-se \u201cpresta\u00e7\u00e3o de servi\u00e7os no exterior\u201d,\u00a0 \u201ca execu\u00e7\u00e3o de testes ou atividades t\u00e9cnicas especializadas executadas pela institui\u00e7\u00e3o parceira da institui\u00e7\u00e3o nacional respons\u00e1vel pelo acesso ou por ela contratada, mediante retribui\u00e7\u00e3o ou contrapartida\u201d.<\/p>\n<p>Os conceitos evidenciam as principais diferen\u00e7as entre estes instrumentos. Dentre essas diferen\u00e7as, destaca-se que a \u201cREMESSA\u201d \u00e9 independente de qualquer atividade de acesso que seja realizada no Brasil, enquanto o \u201cENVIO\u201d sempre ser\u00e1 parte de atividade de acesso que esteja sendo realizada no Brasil.<\/p>\n<p>Outra diferen\u00e7a \u00e9 quanto a responsabilidade sobre a amostra de patrim\u00f4nio gen\u00e9tico que deixa o territ\u00f3rio nacional. Quando acontece a \u201cREMESSA\u201d, a responsabilidade \u00e9 transferida para a institui\u00e7\u00e3o destinat\u00e1ria; j\u00e1 nos casos de \u201cENVIO\u201d, a responsabilidade \u00e9 de quem realiza o acesso no Brasil.<\/p>\n<p>Os requisitos normativos da &#8220;REMESSA&#8221; e do \u201cENVIO\u201d s\u00e3o bastante diferentes. Para efetuar a &#8220;REMESSA&#8221;, ser\u00e1 necess\u00e1rio o cadastro pr\u00e9vio e a pr\u00e9via assinatura de Termo de Transfer\u00eancia de Material &#8211; TTM &#8211; com a institui\u00e7\u00e3o destinat\u00e1ria. Para efetuar o &#8220;ENVIO&#8221;, n\u00e3o \u00e9 necess\u00e1rio o cadastro pr\u00e9vio, bem como n\u00e3o \u00e9 necess\u00e1ria a assinatura de Termo de Transfer\u00eancia de Material &#8211; TTM. Contudo, as amostras a serem enviadas dever\u00e3o estar acompanhadas do instrumento jur\u00eddico (contrato, termo de parceria, ou outro documento com validade legal), contendo, no m\u00ednimo, as informa\u00e7\u00f5es descritas no \u00a7 6\u00ba do art. 24 do <a href=\"http:\/\/www.planalto.gov.br\/ccivil_03\/_Ato2015-2018\/2016\/Decreto\/D8772.htm\" target=\"_blank\" rel=\"noopener noreferrer\">Decreto n\u00ba 8.772\/2016<\/a>, destacando-se, dentre estas, a\u00a0<strong>obriga\u00e7\u00e3o<\/strong>\u00a0de<strong>\u00a0devolver ou destruir as amostras<\/strong>\u00a0utilizadas.<\/p>\n<p>Quando a presta\u00e7\u00e3o de servi\u00e7os a ser realizada mediante o \u201cENVIO\u201d for o <strong>sequenciamento gen\u00e9tico<\/strong>, o documento n\u00e3o ser\u00e1 obrigat\u00f3rio. Entretanto, o usu\u00e1rio dever\u00e1 comunicar formalmente ao prestador de servi\u00e7os a obriga\u00e7\u00e3o de devolver ou destruir as amostras que n\u00e3o tenham sido utilizadas, bem como as proibi\u00e7\u00f5es listadas na norma.<\/p>\n<p>Tanto a \u201cREMESSA\u201d quanto o \u201cENVIO\u201d dever\u00e3o ser cadastrados, entretanto, o momento em que o cadastro \u00e9 exigido \u00e9 diferente. Em qualquer caso, a &#8220;REMESSA&#8221; somente poder\u00e1 ser efetuada ap\u00f3s o cadastramento, enquanto que o\u00a0cadastro do &#8220;ENVIO&#8221; dever\u00e1 ser realizado junto com o cadastro da atividade de acesso.<\/p>\n<table class=\"table table-bordered\">\n<tbody>\n<tr>\n<td style=\"background-color: #c4edd8; border-color: #1e623f;\">\n<p class=\"rtejustify\"><strong>Sugere-se, ainda, que entre em contato diretamente com outros \u00f3rg\u00e3os da Administra\u00e7\u00e3o P\u00fablica, como o Instituto Brasileiro do Meio Ambiente e dos Recursos Naturais Renov\u00e1veis &#8211; Ibama e o Minist\u00e9rio da Agricultura, Pecu\u00e1ria e Abastecimento, para se informar de outras regras espec\u00edficas que possam ser aplicadas ao caso, visto que o cumprimento das exig\u00eancias da <a href=\"http:\/\/www.planalto.gov.br\/ccivil_03\/_Ato2015-2018\/2015\/Lei\/L13123.htm\" target=\"_blank\" rel=\"noopener noreferrer\">Lei n\u00ba 13.123\/2015<\/a> n\u00e3o exime da necessidade de cumprimento de outras legisla\u00e7\u00f5es correlatas.<\/strong><\/p>\n<p class=\"rtejustify\"><strong>Quanto \u00e0 sa\u00edda de material biol\u00f3gico do pa\u00eds, importante destacar que a <a href=\"http:\/\/www.planalto.gov.br\/ccivil_03\/_Ato2015-2018\/2015\/Lei\/L13123.htm\" target=\"_blank\" rel=\"noopener noreferrer\">Lei n\u00ba 13.123\/2015<\/a>, n\u00e3o regula atividades de exporta\u00e7\u00e3o.<\/strong><\/p>\n<\/td>\n<\/tr>\n<\/tbody>\n<\/table>\n<p>A quadro abaixo traz uma s\u00edntese das principais diferen\u00e7as entre a \u201cREMESSA\u201d e o \u201cENVIO\u201d:<\/p>\n<div align=\"center\">\n<table border=\"1\" cellspacing=\"0\" cellpadding=\"0\">\n<tbody>\n<tr>\n<td><strong>\u00a0<\/strong><\/td>\n<td><strong>REMESSA<\/strong><\/td>\n<td><strong>ENVIO<\/strong><\/td>\n<\/tr>\n<tr>\n<td><strong>Finalidade<\/strong>:<\/td>\n<td>Acesso ao Patrim\u00f4nio Gen\u00e9tico<\/td>\n<td>Presta\u00e7\u00e3o de servi\u00e7os no exterior<\/td>\n<\/tr>\n<tr>\n<td><strong>Responsabilidade\u00a0<\/strong>sobre a amostra:<\/td>\n<td>Transferida para a destinat\u00e1ria<\/td>\n<td>\u00c9 de quem realiza o acesso no Brasil<\/td>\n<\/tr>\n<tr>\n<td><strong>Disponibilidade <\/strong>do patrim\u00f4nio gen\u00e9tico:<\/td>\n<td>Dispon\u00edvel para acesso futuro, independentemente de participa\u00e7\u00e3o do remetente<br \/>\nMaterial permanece com a destinat\u00e1ria<\/td>\n<td>Indispon\u00edvel para quaisquer outras atividades diversas das previstas no instrumento jur\u00eddico que formalize o envio de amostra.<\/p>\n<p>Material destru\u00eddo ou devolvido ao final da presta\u00e7\u00e3o do servi\u00e7o<\/td>\n<\/tr>\n<tr>\n<td><strong>Rela\u00e7\u00e3o com\u00a0<\/strong>atividades de\u00a0<strong>acesso<\/strong>:<\/td>\n<td>Independente de acesso ao patrim\u00f4nio gen\u00e9tico (pesquisa ou desenvolvimento tecnol\u00f3gico) realizado no Brasil<\/td>\n<td>Somente como parte de acesso ao patrim\u00f4nio gen\u00e9tico (pesquisa ou desenvolvimento tecnol\u00f3gico) realizado no Brasil, incluindo os casos de parceria, conforme o conceito de presta\u00e7\u00e3o de servi\u00e7os no exterior (\u00a7 4\u00ba, art. 24, Decreto n\u00ba 8.772, de 2016).<\/td>\n<\/tr>\n<tr>\n<td><strong>Cadastramento<\/strong>:<\/td>\n<td><strong>Sempre<\/strong>\u00a0<strong>pr\u00e9vio<\/strong>\u00a0a sa\u00edda do material do Brasil<\/td>\n<td>Segue os mesmos prazos estabelecidos para o cadastramento do acesso, (\u00a7 2\u00ba, art. 12, Lei n\u00ba 13.123, de 2015).<\/td>\n<\/tr>\n<tr>\n<td><strong>Documenta\u00e7\u00e3o\u00a0<\/strong>exigida:<\/td>\n<td>Comprovante de cadastro<br \/>\n<strong>E<\/strong><br \/>\nTermo de Transfer\u00eancia de Material \u2013\u00a0<strong>TTM<\/strong><\/td>\n<td>Instrumento jur\u00eddico (conte\u00fado m\u00ednimo: \u00a7 6\u00ba, art. 24, Decreto n\u00ba 8.772, de 2016)<br \/>\n<strong>OU<\/strong><br \/>\nComunica\u00e7\u00e3o formal (\u00a7 8\u00ba, art. 24, Decreto n\u00ba 8.772, de 2016) \u00e0 institui\u00e7\u00e3o destinat\u00e1ria das obriga\u00e7\u00f5es de devolver ou destruir as amostras e das proibi\u00e7\u00f5es (inciso VI, \u00a7 6\u00ba, art. 24, Decreto n\u00ba 8.772, de 2016), no caso de envio de amostra\u00a0<strong>exclusivamente<\/strong>\u00a0para sequenciamento gen\u00e9tico<\/td>\n<\/tr>\n<\/tbody>\n<\/table>\n<\/div>\n","protected":false},"excerpt":{"rendered":"<p>No que e refere \u00e0 transfer\u00eancia de material \u00e9 importante salientar que a\u00a0Lei n\u00ba 13.123\/2015\u00a0estabelece diretrizes sobre a\u00a0sa\u00edda da amostra de patrim\u00f4nio gen\u00e9tico do pa\u00eds, atrav\u00e9s da &#8220;REMESSA&#8221; ou do &#8220;ENVIO\u00a0DE AMOSTRA&#8221; para a presta\u00e7\u00e3o de servi\u00e7os no exterior. A\u00a0Lei n\u00e3o estabelece nenhuma exig\u00eancia para o interc\u00e2mbio de amostras de patrim\u00f4nio gen\u00e9tico entre institui\u00e7\u00f5es nacionais. [&hellip;]<\/p>\n","protected":false},"author":1,"featured_media":0,"parent":0,"menu_order":0,"comment_status":"closed","ping_status":"closed","template":"","meta":{"_bbp_topic_count":0,"_bbp_reply_count":0,"_bbp_total_topic_count":0,"_bbp_total_reply_count":0,"_bbp_voice_count":0,"_bbp_anonymous_reply_count":0,"_bbp_topic_count_hidden":0,"_bbp_reply_count_hidden":0,"_bbp_forum_subforum_count":0},"categories":[],"_links":{"self":[{"href":"https:\/\/www.ufmg.br\/prpq\/patgen\/index.php\/wp-json\/wp\/v2\/pages\/30"}],"collection":[{"href":"https:\/\/www.ufmg.br\/prpq\/patgen\/index.php\/wp-json\/wp\/v2\/pages"}],"about":[{"href":"https:\/\/www.ufmg.br\/prpq\/patgen\/index.php\/wp-json\/wp\/v2\/types\/page"}],"author":[{"embeddable":true,"href":"https:\/\/www.ufmg.br\/prpq\/patgen\/index.php\/wp-json\/wp\/v2\/users\/1"}],"replies":[{"embeddable":true,"href":"https:\/\/www.ufmg.br\/prpq\/patgen\/index.php\/wp-json\/wp\/v2\/comments?post=30"}],"version-history":[{"count":4,"href":"https:\/\/www.ufmg.br\/prpq\/patgen\/index.php\/wp-json\/wp\/v2\/pages\/30\/revisions"}],"predecessor-version":[{"id":659,"href":"https:\/\/www.ufmg.br\/prpq\/patgen\/index.php\/wp-json\/wp\/v2\/pages\/30\/revisions\/659"}],"wp:attachment":[{"href":"https:\/\/www.ufmg.br\/prpq\/patgen\/index.php\/wp-json\/wp\/v2\/media?parent=30"}],"wp:term":[{"taxonomy":"category","embeddable":true,"href":"https:\/\/www.ufmg.br\/prpq\/patgen\/index.php\/wp-json\/wp\/v2\/categories?post=30"}],"curies":[{"name":"wp","href":"https:\/\/api.w.org\/{rel}","templated":true}]}}