{"id":36,"date":"2018-08-21T18:16:45","date_gmt":"2018-08-21T18:16:45","guid":{"rendered":"http:\/\/150.164.74.223\/site_em_construcao\/?page_id=36"},"modified":"2019-01-18T15:03:38","modified_gmt":"2019-01-18T15:03:38","slug":"links","status":"publish","type":"page","link":"https:\/\/www.ufmg.br\/prpq\/patgen\/index.php\/links\/","title":{"rendered":"Links"},"content":{"rendered":"<ul>\n<li><a href=\"http:\/\/www.ibama.gov.br\/biodiversidade-aquatica\" target=\"_blank\"> Biodiversidade Aqu\u00e1tica &#8211; IBAMA<\/a><\/li>\n<li><a href=\"http:\/\/www.ibama.gov.br\/cadastro-tecnico-federal-ctf\" target=\"_blank\"> Cadastro T\u00e9cnico Federal &#8211; IBAMA<\/a><\/li>\n<li><a href=\"http:\/\/www.mma.gov.br\/patrimonio-genetico\/conselho-de-gestao-do-patrimonio-genetico\/camaras-tematicas\/c%C3%A2mara-setorial-da-academia.html\" target=\"_blank\"> C\u00e2mara Setorial da Academia &#8211; CGEN &#8211; MMA<\/a><\/li>\n<li><a href=\"http:\/\/ibama.gov.br\/cites-e-comercio-exterior\" target=\"_blank\"> Cites e Com\u00e9rcio Exterior &#8211; IBAMA<\/a><\/li>\n<li><a href=\"http:\/\/www.mma.gov.br\/patrimonio-genetico\/conselho-de-gestao-do-patrimonio-genetico.html\" target=\"_blank\"> Conselho de Gest\u00e3o do Patrim\u00f4nio Gen\u00e9tico &#8211; CGEN &#8211; MMA<\/a><\/li>\n<li><a href=\"http:\/\/www.ibama.gov.br\/fauna-silvestre\" target=\"_blank\"> Fauna Silvestre &#8211; IBAMA<\/a><\/li>\n<li><a href=\"http:\/\/www.ibama.gov.br\/flora-e-madeira\" target=\"_blank\"> Flora e Madeira &#8211; IBAMA<\/a><\/li>\n<li><a href=\"http:\/\/www.ibama.gov.br\/licencas-servicos\" target=\"_blank\"> Licen\u00e7as &#8211; IBAMA<\/a><\/li>\n<li><a href=\"http:\/\/www.ibama.gov.br\/sistemas\" target=\"_blank\"> Sistemas &#8211; IBAMA<\/a><\/li>\n<\/ul>\n","protected":false},"excerpt":{"rendered":"<p>Biodiversidade Aqu\u00e1tica &#8211; IBAMA Cadastro T\u00e9cnico Federal &#8211; IBAMA C\u00e2mara Setorial da Academia &#8211; CGEN &#8211; MMA Cites e Com\u00e9rcio Exterior &#8211; IBAMA Conselho de Gest\u00e3o do Patrim\u00f4nio Gen\u00e9tico &#8211; CGEN &#8211; MMA Fauna Silvestre &#8211; IBAMA Flora e Madeira &#8211; IBAMA Licen\u00e7as &#8211; IBAMA Sistemas &#8211; IBAMA<\/p>\n","protected":false},"author":1,"featured_media":0,"parent":0,"menu_order":0,"comment_status":"closed","ping_status":"closed","template":"","meta":{"_bbp_topic_count":0,"_bbp_reply_count":0,"_bbp_total_topic_count":0,"_bbp_total_reply_count":0,"_bbp_voice_count":0,"_bbp_anonymous_reply_count":0,"_bbp_topic_count_hidden":0,"_bbp_reply_count_hidden":0,"_bbp_forum_subforum_count":0},"categories":[],"_links":{"self":[{"href":"https:\/\/www.ufmg.br\/prpq\/patgen\/index.php\/wp-json\/wp\/v2\/pages\/36"}],"collection":[{"href":"https:\/\/www.ufmg.br\/prpq\/patgen\/index.php\/wp-json\/wp\/v2\/pages"}],"about":[{"href":"https:\/\/www.ufmg.br\/prpq\/patgen\/index.php\/wp-json\/wp\/v2\/types\/page"}],"author":[{"embeddable":true,"href":"https:\/\/www.ufmg.br\/prpq\/patgen\/index.php\/wp-json\/wp\/v2\/users\/1"}],"replies":[{"embeddable":true,"href":"https:\/\/www.ufmg.br\/prpq\/patgen\/index.php\/wp-json\/wp\/v2\/comments?post=36"}],"version-history":[{"count":7,"href":"https:\/\/www.ufmg.br\/prpq\/patgen\/index.php\/wp-json\/wp\/v2\/pages\/36\/revisions"}],"predecessor-version":[{"id":263,"href":"https:\/\/www.ufmg.br\/prpq\/patgen\/index.php\/wp-json\/wp\/v2\/pages\/36\/revisions\/263"}],"wp:attachment":[{"href":"https:\/\/www.ufmg.br\/prpq\/patgen\/index.php\/wp-json\/wp\/v2\/media?parent=36"}],"wp:term":[{"taxonomy":"category","embeddable":true,"href":"https:\/\/www.ufmg.br\/prpq\/patgen\/index.php\/wp-json\/wp\/v2\/categories?post=36"}],"curies":[{"name":"wp","href":"https:\/\/api.w.org\/{rel}","templated":true}]}}