{"id":747,"date":"2021-08-18T08:36:49","date_gmt":"2021-08-18T11:36:49","guid":{"rendered":"https:\/\/www.ufmg.br\/prpq\/patgen\/?page_id=747"},"modified":"2021-10-18T11:20:56","modified_gmt":"2021-10-18T14:20:56","slug":"duvidas","status":"publish","type":"page","link":"https:\/\/www.ufmg.br\/prpq\/patgen\/index.php\/duvidas\/","title":{"rendered":"D\u00favidas"},"content":{"rendered":"<p class=\"western\" align=\"center\"><span style=\"color: #000000;\"><span style=\"font-family: Calibri, serif;\"><b>Formul\u00e1rio para consulta de d\u00favidas relativas ao acesso ao Patrim\u00f4nio Gen\u00e9tico e\/ou Conhecimento Tradicional Associado (PGCTA)<\/b><\/span><\/span><\/p>\n<p class=\"western\" align=\"justify\"><span style=\"color: #000000;\"><span style=\"font-family: Calibri, serif;\">Todos os pesquisadores cujas atividades profissionais envolvam o acesso ao PGCTA devem ter plena ci\u00eancia da legisla\u00e7\u00e3o que regulamenta a mat\u00e9ria (Lei n\u00ba 13.123, de 20 de maio de 2015, e resolu\u00e7\u00f5es posteriores). O descumprimento da regulamenta\u00e7\u00e3o \u00e9 pass\u00edvel de puni\u00e7\u00f5es ao pesquisador e \u00e0 institui\u00e7\u00e3o, detalhadas na lei supracitada.<\/span><\/span><\/p>\n<p class=\"western\" align=\"justify\"><span style=\"color: #000000;\"><span style=\"font-family: Calibri, serif;\">Antes de encaminhar o formul\u00e1rio de consulta, acesse o site da UFMG que cont\u00e9m informa\u00e7\u00f5es sobre o Patrim\u00f4nio Gen\u00e9tico ( https:\/\/www.ufmg.br\/prpq\/patgen\/) e respostas \u00e0s Perguntas Frequentes.<\/span><\/span><\/p>\n\n<div class=\"wpcf7 no-js\" id=\"wpcf7-f746-o1\" lang=\"pt-BR\" dir=\"ltr\">\n<div class=\"screen-reader-response\"><p role=\"status\" aria-live=\"polite\" aria-atomic=\"true\"><\/p> <ul><\/ul><\/div>\n<form action=\"\/prpq\/patgen\/index.php\/wp-json\/wp\/v2\/pages\/747#wpcf7-f746-o1\" method=\"post\" class=\"wpcf7-form init\" aria-label=\"Formul\u00e1rios de contato\" novalidate=\"novalidate\" data-status=\"init\">\n<div style=\"display: none;\">\n<input type=\"hidden\" name=\"_wpcf7\" value=\"746\" \/>\n<input type=\"hidden\" name=\"_wpcf7_version\" value=\"5.7.3\" \/>\n<input type=\"hidden\" name=\"_wpcf7_locale\" value=\"pt_BR\" \/>\n<input type=\"hidden\" name=\"_wpcf7_unit_tag\" value=\"wpcf7-f746-o1\" \/>\n<input type=\"hidden\" name=\"_wpcf7_container_post\" value=\"0\" \/>\n<input type=\"hidden\" name=\"_wpcf7_posted_data_hash\" value=\"\" \/>\n<input type=\"hidden\" name=\"_wpcf7cf_hidden_group_fields\" value=\"[]\" \/>\n<input type=\"hidden\" name=\"_wpcf7cf_hidden_groups\" value=\"[]\" \/>\n<input type=\"hidden\" name=\"_wpcf7cf_visible_groups\" value=\"[]\" \/>\n<input type=\"hidden\" name=\"_wpcf7cf_repeaters\" value=\"[]\" \/>\n<input type=\"hidden\" name=\"_wpcf7cf_steps\" value=\"{}\" \/>\n<input type=\"hidden\" name=\"_wpcf7cf_options\" value=\"{&quot;form_id&quot;:746,&quot;conditions&quot;:[{&quot;if_field&quot;:&quot;duvida&quot;,&quot;operator&quot;:&quot;equals&quot;,&quot;if_value&quot;:&quot;Outro&quot;,&quot;then_field&quot;:&quot;identificar&quot;},{&quot;if_field&quot;:&quot;duvida&quot;,&quot;operator&quot;:&quot;equals&quot;,&quot;if_value&quot;:&quot;Resolu\\u00e7\\u00e3o&quot;,&quot;then_field&quot;:&quot;identificar&quot;},{&quot;if_field&quot;:&quot;vinculo&quot;,&quot;operator&quot;:&quot;equals&quot;,&quot;if_value&quot;:&quot;Outro&quot;,&quot;then_field&quot;:&quot;discriminar&quot;}],&quot;settings&quot;:{&quot;animation&quot;:&quot;yes&quot;,&quot;animation_intime&quot;:200,&quot;animation_outtime&quot;:200,&quot;conditions_ui&quot;:&quot;normal&quot;,&quot;notice_dismissed&quot;:false}}\" \/>\n<\/div>\n<p><label>Nome<\/label><br \/>\n<span class=\"wpcf7-form-control-wrap\" data-name=\"nome\"><input size=\"40\" class=\"wpcf7-form-control wpcf7-text\" aria-invalid=\"false\" value=\"\" type=\"text\" name=\"nome\" \/><\/span>\n<\/p>\n<p><label>E-mail<\/label><br \/>\n<span class=\"wpcf7-form-control-wrap\" data-name=\"email\"><input size=\"40\" class=\"wpcf7-form-control wpcf7-text wpcf7-email wpcf7-validates-as-required wpcf7-validates-as-email\" aria-required=\"true\" aria-invalid=\"false\" value=\"\" type=\"email\" name=\"email\" \/><\/span>\n<\/p>\n<p><label>V\u00ednculo \u00e0 UFMG<\/label><br \/>\n<span class=\"wpcf7-form-control-wrap\" data-name=\"vinculo\"><span class=\"wpcf7-form-control wpcf7-checkbox wpcf7-validates-as-required wpcf7-exclusive-checkbox\"><span class=\"wpcf7-list-item first\"><label><span class=\"wpcf7-list-item-label\">Professor<\/span><input type=\"checkbox\" name=\"vinculo\" value=\"Professor\" tabindex=\"\" \/><\/label><\/span><span class=\"wpcf7-list-item\"><label><span class=\"wpcf7-list-item-label\">TAE&nbsp;<\/span><input type=\"checkbox\" name=\"vinculo\" value=\"TAE&nbsp;\" tabindex=\"\" \/><\/label><\/span><span class=\"wpcf7-list-item\"><label><span class=\"wpcf7-list-item-label\">P\u00f3s-Doutorando<\/span><input type=\"checkbox\" name=\"vinculo\" value=\"P\u00f3s-Doutorando\" tabindex=\"\" \/><\/label><\/span><span class=\"wpcf7-list-item\"><label><span class=\"wpcf7-list-item-label\">P\u00f3s-Graduando<\/span><input type=\"checkbox\" name=\"vinculo\" value=\"P\u00f3s-Graduando\" tabindex=\"\" \/><\/label><\/span><span class=\"wpcf7-list-item\"><label><span class=\"wpcf7-list-item-label\">Graduando<\/span><input type=\"checkbox\" name=\"vinculo\" value=\"Graduando\" tabindex=\"\" \/><\/label><\/span><span class=\"wpcf7-list-item last\"><label><span class=\"wpcf7-list-item-label\">Outro<\/span><input type=\"checkbox\" name=\"vinculo\" value=\"Outro\" tabindex=\"\" \/><\/label><\/span><\/span><\/span>\n<\/p>\n<div data-id=\"discriminar\" data-orig_data_id=\"discriminar\"  data-class=\"wpcf7cf_group\">\n\t<p><label> Discriminar <\/label><br \/>\n<span class=\"wpcf7-form-control-wrap\" data-name=\"outro\"><input size=\"40\" class=\"wpcf7-form-control wpcf7-text wpcf7-validates-as-required\" aria-required=\"true\" aria-invalid=\"false\" value=\"\" type=\"text\" name=\"outro\" \/><\/span>\n\t<\/p>\n<\/div>\n<p><label> N\u00famero de registro ou matr\u00edcula na UFMG <\/label><br \/>\n<span class=\"wpcf7-form-control-wrap\" data-name=\"registro\"><input size=\"40\" class=\"wpcf7-form-control wpcf7-text wpcf7-validates-as-required\" aria-required=\"true\" aria-invalid=\"false\" value=\"\" type=\"text\" name=\"registro\" \/><\/span>\n<\/p>\n<p><label> Foi feita consulta pr\u00e9via ao site <a href=\"..\/\" target=\"_blank\"> https:\/\/www.ufmg.br\/prpq\/patgen <\/a> para esclarecer a d\u00favida? <\/label><br \/>\n<span class=\"wpcf7-form-control-wrap\" data-name=\"consulta\"><span class=\"wpcf7-form-control wpcf7-checkbox wpcf7-validates-as-required wpcf7-exclusive-checkbox\"><span class=\"wpcf7-list-item first\"><label><span class=\"wpcf7-list-item-label\">Sim&nbsp;<\/span><input type=\"checkbox\" name=\"consulta\" value=\"Sim&nbsp;\" tabindex=\"\" \/><\/label><\/span><span class=\"wpcf7-list-item last\"><label><span class=\"wpcf7-list-item-label\">N\u00e3o&nbsp;<\/span><input type=\"checkbox\" name=\"consulta\" value=\"N\u00e3o&nbsp;\" tabindex=\"\" \/><\/label><\/span><\/span><\/span>\n<\/p>\n<p><label> A d\u00favida refere-se \u00e0:<\/label><br \/>\n<span class=\"wpcf7-form-control-wrap\" data-name=\"duvida\"><span class=\"wpcf7-form-control wpcf7-checkbox wpcf7-validates-as-required wpcf7-exclusive-checkbox\"><span class=\"wpcf7-list-item first\"><label><span class=\"wpcf7-list-item-label\">Lei n\u00ba 13.123\/2015<\/span><input type=\"checkbox\" name=\"duvida\" value=\"Lei n\u00ba 13.123\/2015\" tabindex=\"\" \/><\/label><\/span><span class=\"wpcf7-list-item\"><label><span class=\"wpcf7-list-item-label\">Resolu\u00e7\u00e3o<\/span><input type=\"checkbox\" name=\"duvida\" value=\"Resolu\u00e7\u00e3o\" tabindex=\"\" \/><\/label><\/span><span class=\"wpcf7-list-item\"><label><span class=\"wpcf7-list-item-label\">Termo de Transfer\u00eancia de Material - TTM<\/span><input type=\"checkbox\" name=\"duvida\" value=\"Termo de Transfer\u00eancia de Material - TTM\" tabindex=\"\" \/><\/label><\/span><span class=\"wpcf7-list-item last\"><label><span class=\"wpcf7-list-item-label\">Outro<\/span><input type=\"checkbox\" name=\"duvida\" value=\"Outro\" tabindex=\"\" \/><\/label><\/span><\/span><\/span>\n<\/p>\n<div data-id=\"identificar\" data-orig_data_id=\"identificar\"  data-class=\"wpcf7cf_group\">\n\t<p><label> Identificar <\/label><br \/>\n<span class=\"wpcf7-form-control-wrap\" data-name=\"outro_identificar\"><input size=\"40\" class=\"wpcf7-form-control wpcf7-text wpcf7-validates-as-required\" aria-required=\"true\" aria-invalid=\"false\" value=\"\" type=\"text\" name=\"outro_identificar\" \/><\/span>\n\t<\/p>\n<\/div>\n<p><label> N\u00famero do artigo e par\u00e1grafo ao qual se refere a d\u00favida <\/label><br \/>\n<span class=\"wpcf7-form-control-wrap\" data-name=\"numero\"><input size=\"40\" class=\"wpcf7-form-control wpcf7-text wpcf7-validates-as-required\" aria-required=\"true\" aria-invalid=\"false\" placeholder=\"Escreva &#039;N\u00e3o se aplica&#039; quando necess\u00e1rio\" value=\"\" type=\"text\" name=\"numero\" \/><\/span>\n<\/p>\n<p><label>Detalhamento da d\u00favida (no m\u00e1ximo 2000 caracteres com espa\u00e7os)<\/label><br \/>\n<span class=\"wpcf7-form-control-wrap\" data-name=\"detalhamento\"><textarea cols=\"40\" rows=\"10\" maxlength=\"2000\" class=\"wpcf7-form-control wpcf7-textarea wpcf7-validates-as-required\" aria-required=\"true\" aria-invalid=\"false\" name=\"detalhamento\"><\/textarea><\/span><br \/>\nN\u00famero de caracteres <span class=\"wpcf7-character-count up\" data-target-name=\"detalhamento\" data-starting-value=\"0\" data-current-value=\"0\" data-maximum-value=\"2000\">0<\/span>\/2000\n<\/p>\n<p><input class=\"wpcf7-form-control has-spinner wpcf7-submit\" type=\"submit\" value=\"Enviar\" \/>\n<\/p><div class=\"wpcf7-response-output\" aria-hidden=\"true\"><\/div>\n<\/form>\n<\/div>\n\n","protected":false},"excerpt":{"rendered":"<p>Formul\u00e1rio para consulta de d\u00favidas relativas ao acesso ao Patrim\u00f4nio Gen\u00e9tico e\/ou Conhecimento Tradicional Associado (PGCTA) Todos os pesquisadores cujas atividades profissionais envolvam o acesso ao PGCTA devem ter plena ci\u00eancia da legisla\u00e7\u00e3o que regulamenta a mat\u00e9ria (Lei n\u00ba 13.123, de 20 de maio de 2015, e resolu\u00e7\u00f5es posteriores). O descumprimento da regulamenta\u00e7\u00e3o \u00e9 pass\u00edvel [&hellip;]<\/p>\n","protected":false},"author":2,"featured_media":0,"parent":0,"menu_order":0,"comment_status":"closed","ping_status":"closed","template":"","meta":{"_bbp_topic_count":0,"_bbp_reply_count":0,"_bbp_total_topic_count":0,"_bbp_total_reply_count":0,"_bbp_voice_count":0,"_bbp_anonymous_reply_count":0,"_bbp_topic_count_hidden":0,"_bbp_reply_count_hidden":0,"_bbp_forum_subforum_count":0},"categories":[],"_links":{"self":[{"href":"https:\/\/www.ufmg.br\/prpq\/patgen\/index.php\/wp-json\/wp\/v2\/pages\/747"}],"collection":[{"href":"https:\/\/www.ufmg.br\/prpq\/patgen\/index.php\/wp-json\/wp\/v2\/pages"}],"about":[{"href":"https:\/\/www.ufmg.br\/prpq\/patgen\/index.php\/wp-json\/wp\/v2\/types\/page"}],"author":[{"embeddable":true,"href":"https:\/\/www.ufmg.br\/prpq\/patgen\/index.php\/wp-json\/wp\/v2\/users\/2"}],"replies":[{"embeddable":true,"href":"https:\/\/www.ufmg.br\/prpq\/patgen\/index.php\/wp-json\/wp\/v2\/comments?post=747"}],"version-history":[{"count":3,"href":"https:\/\/www.ufmg.br\/prpq\/patgen\/index.php\/wp-json\/wp\/v2\/pages\/747\/revisions"}],"predecessor-version":[{"id":765,"href":"https:\/\/www.ufmg.br\/prpq\/patgen\/index.php\/wp-json\/wp\/v2\/pages\/747\/revisions\/765"}],"wp:attachment":[{"href":"https:\/\/www.ufmg.br\/prpq\/patgen\/index.php\/wp-json\/wp\/v2\/media?parent=747"}],"wp:term":[{"taxonomy":"category","embeddable":true,"href":"https:\/\/www.ufmg.br\/prpq\/patgen\/index.php\/wp-json\/wp\/v2\/categories?post=747"}],"curies":[{"name":"wp","href":"https:\/\/api.w.org\/{rel}","templated":true}]}}