{"id":81,"date":"2018-08-22T14:27:51","date_gmt":"2018-08-22T14:27:51","guid":{"rendered":"http:\/\/150.164.74.223\/site_em_construcao\/?page_id=81"},"modified":"2025-01-20T15:11:22","modified_gmt":"2025-01-20T18:11:22","slug":"noticias","status":"publish","type":"page","link":"https:\/\/www.ufmg.br\/prpq\/patgen\/index.php\/noticias\/","title":{"rendered":"Not\u00edcias"},"content":{"rendered":"\n\n\n<h2>Workshop \u201cA Academia e o Marco Legal da Biodiversidade\u201d \u2013 Assista na \u00edntegra<\/h2>\n\n\n\n<p>A grava\u00e7\u00e3o do <strong>Workshop \u201cA Academia e o Marco Legal da Biodiversidade\u201d<\/strong>, realizado em 11 de dezembro de 2024, encontra-se dispon\u00edvel, na \u00edntegra, no <a href=\"https:\/\/www.youtube.com\/ProReitoriadePesquisaUFMG\" data-type=\"URL\" data-id=\"https:\/\/www.youtube.com\/ProReitoriadePesquisaUFMG\" target=\"_blank\" rel=\"noreferrer noopener\">canal no YouTube<\/a> da Pr\u00f3-Reitoria de Pesquisa da Universidade Federal de Minas Gerais \u2013 PRPq\/UFMG.<\/p>\n","protected":false},"excerpt":{"rendered":"<p>Workshop \u201cA Academia e o Marco Legal da Biodiversidade\u201d \u2013 Assista na \u00edntegra A grava\u00e7\u00e3o do Workshop \u201cA Academia e o Marco Legal da Biodiversidade\u201d, realizado em 11 de dezembro de 2024, encontra-se dispon\u00edvel, na \u00edntegra, no canal no YouTube da Pr\u00f3-Reitoria de Pesquisa da Universidade Federal de Minas Gerais \u2013 PRPq\/UFMG.<\/p>\n","protected":false},"author":1,"featured_media":0,"parent":0,"menu_order":0,"comment_status":"closed","ping_status":"closed","template":"page-news.php","meta":{"_bbp_topic_count":0,"_bbp_reply_count":0,"_bbp_total_topic_count":0,"_bbp_total_reply_count":0,"_bbp_voice_count":0,"_bbp_anonymous_reply_count":0,"_bbp_topic_count_hidden":0,"_bbp_reply_count_hidden":0,"_bbp_forum_subforum_count":0},"categories":[],"_links":{"self":[{"href":"https:\/\/www.ufmg.br\/prpq\/patgen\/index.php\/wp-json\/wp\/v2\/pages\/81"}],"collection":[{"href":"https:\/\/www.ufmg.br\/prpq\/patgen\/index.php\/wp-json\/wp\/v2\/pages"}],"about":[{"href":"https:\/\/www.ufmg.br\/prpq\/patgen\/index.php\/wp-json\/wp\/v2\/types\/page"}],"author":[{"embeddable":true,"href":"https:\/\/www.ufmg.br\/prpq\/patgen\/index.php\/wp-json\/wp\/v2\/users\/1"}],"replies":[{"embeddable":true,"href":"https:\/\/www.ufmg.br\/prpq\/patgen\/index.php\/wp-json\/wp\/v2\/comments?post=81"}],"version-history":[{"count":8,"href":"https:\/\/www.ufmg.br\/prpq\/patgen\/index.php\/wp-json\/wp\/v2\/pages\/81\/revisions"}],"predecessor-version":[{"id":1153,"href":"https:\/\/www.ufmg.br\/prpq\/patgen\/index.php\/wp-json\/wp\/v2\/pages\/81\/revisions\/1153"}],"wp:attachment":[{"href":"https:\/\/www.ufmg.br\/prpq\/patgen\/index.php\/wp-json\/wp\/v2\/media?parent=81"}],"wp:term":[{"taxonomy":"category","embeddable":true,"href":"https:\/\/www.ufmg.br\/prpq\/patgen\/index.php\/wp-json\/wp\/v2\/categories?post=81"}],"curies":[{"name":"wp","href":"https:\/\/api.w.org\/{rel}","templated":true}]}}