{"id":1095,"date":"2022-02-21T04:34:46","date_gmt":"2022-02-21T07:34:46","guid":{"rendered":"https:\/\/www.ufmg.br\/prpq\/?page_id=1095"},"modified":"2026-04-08T12:59:33","modified_gmt":"2026-04-08T15:59:33","slug":"equipe-2","status":"publish","type":"page","link":"https:\/\/www.ufmg.br\/prpq\/equipe-2\/","title":{"rendered":"Equipe"},"content":{"rendered":"<p><strong>Pr\u00f3-Reitoria de Pesquisa &#8211; PRPq UFMG<\/strong><br \/>\nAv. Ant\u00f4nio Carlos, 6627 \u2013 Campus da Pampulha<br \/>\nPr\u00e9dio da Reitoria \u2013 7\u00ba andar<br \/>\nBelo Horizonte \u2013 MG \u2013 31270-010<\/p>\n<p>&nbsp;<\/p>\n<hr \/>\n<p><strong>Prof. Fernando Marcos dos Reis<\/strong><br \/>\nPr\u00f3-Reitor de Pesquisa<\/p>\n<p><strong>Prof\u00aa. Jacqueline Aparecida Takahashi<\/strong><br \/>\nPr\u00f3-Reitora Adjunta de Pesquisa<\/p>\n<p><strong>Diretoria de Fomento \u00e0 Pesquisa<br \/>\n<\/strong>Prof\u00aa. Karina Braga Gomes (Diretora)<br \/>\nWildiner Bruno Pereira Gon\u00e7alves<br \/>\nRegina Luiza Saldanha<br \/>\nCleber dos Santos Martins<br \/>\n(31) 3409-4037<br \/>\nfomento@prpq.ufmg.br<br \/>\nbic@prpq.ufmg.br<\/p>\n<p><strong>Diretoria de Produ\u00e7\u00e3o Cient\u00edfica<br \/>\n<\/strong>Prof. Fl\u00e1vio Guimar\u00e3es da Fonseca (Diretor)<br \/>\nBruno Fernandes Magalh\u00e3es de Oliveira<br \/>\nCamila Braga Abrantes<br \/>\nPaula Cristina Batista Ribeiro<br \/>\n(31) 3409-4540<br \/>\n(31) 3409-4594<br \/>\nprc@prpq.ufmg.br<\/p>\n<p><strong>Biot\u00e9rio Central<\/strong><br \/>\nProf\u00aa Daniele da Gl\u00f3ria de Souza (Coordenadora)<br \/>\nAna Fl\u00e1via Assump\u00e7\u00e3o D&#8217;Ur\u00e7o<br \/>\n(31) 3409-3865<br \/>\nbioteriocentral@prpq.ufmg.br<\/p>\n<p><strong>Secretaria do Gabinete<br \/>\n<\/strong>Cristiane Carla Braga Mafra<br \/>\n(31) 3409-4031<br \/>\ninfo@prpq.ufmg.br<\/p>\n<p><strong>Secretaria Administrativa<\/strong><br \/>\nRafaela Reis Silva Sol<br \/>\nTais Lorena Pereira da Silva<br \/>\n(31) 3409-4030<br \/>\nsadm@prpq.ufmg.br<\/p>\n<p><strong>Secretaria de Apoio Administrativo<\/strong><br \/>\nD\u00e9bora Augusta Rossi Fantini<br \/>\n(31) 3409-3963<br \/>\ndapg@prpq.ufmg.br<br \/>\nsec-conselho-ct@prpq.ufmg.br<br \/>\nsec-camara-ctit@prpq.ufmg.br<\/p>\n<p><strong>Divis\u00e3o de Apoio Financeiro<\/strong><br \/>\nDeliane Maria Lopes Macedo<br \/>\nFilippe Estevan Barbosa<br \/>\n(31) 3409-4035<br \/>\ndaf@prpq.ufmg.br<\/p>\n<p><strong>Setor de Compras e Patrim\u00f4nio<\/strong><br \/>\nB\u00e1rbara Laiz Pereira Paulino<br \/>\n(31) 3409-4034<br \/>\nscompras@prpq.ufmg.br<\/p>\n<p><strong>Comiss\u00e3o de \u00c9tica no Uso de Animais (CEUA)<\/strong><br \/>\nProfa Gleide Fernandes de Avelar (Coordenadora)<br \/>\nProfa Francine Benetti (Sub-Coordenadora)<br \/>\nFrancisnete Martins<br \/>\nErika Fernanda Ara\u00fajo<br \/>\n(31) 3409-4516<br \/>\nceua@prpq.ufmg.br<\/p>\n<p><strong>Comit\u00ea de \u00c9tica em Pesquisa (CEP)<\/strong><br \/>\nProfa. Cr\u00edssia Carem Paiva Fontainha (Coordenadora)<br \/>\nProfa. Corinne Davis Rodrigues (Sub-Coordenadora)<br \/>\nAnderson Nunes Rocha<br \/>\n(31) 3409-4592<br \/>\ncoep@prpq.ufmg.br<\/p>\n","protected":false},"excerpt":{"rendered":"<p>Pr\u00f3-Reitoria de Pesquisa &#8211; PRPq UFMG Av. Ant\u00f4nio Carlos, 6627 [&hellip;]<\/p>\n","protected":false},"author":2,"featured_media":0,"parent":0,"menu_order":0,"comment_status":"closed","ping_status":"closed","template":"","meta":{"_acf_changed":false,"footnotes":""},"tags":[],"class_list":["post-1095","page","type-page","status-publish","hentry"],"acf":[],"_links":{"self":[{"href":"https:\/\/www.ufmg.br\/prpq\/wp-json\/wp\/v2\/pages\/1095","targetHints":{"allow":["GET"]}}],"collection":[{"href":"https:\/\/www.ufmg.br\/prpq\/wp-json\/wp\/v2\/pages"}],"about":[{"href":"https:\/\/www.ufmg.br\/prpq\/wp-json\/wp\/v2\/types\/page"}],"author":[{"embeddable":true,"href":"https:\/\/www.ufmg.br\/prpq\/wp-json\/wp\/v2\/users\/2"}],"replies":[{"embeddable":true,"href":"https:\/\/www.ufmg.br\/prpq\/wp-json\/wp\/v2\/comments?post=1095"}],"version-history":[{"count":43,"href":"https:\/\/www.ufmg.br\/prpq\/wp-json\/wp\/v2\/pages\/1095\/revisions"}],"predecessor-version":[{"id":3822,"href":"https:\/\/www.ufmg.br\/prpq\/wp-json\/wp\/v2\/pages\/1095\/revisions\/3822"}],"wp:attachment":[{"href":"https:\/\/www.ufmg.br\/prpq\/wp-json\/wp\/v2\/media?parent=1095"}],"wp:term":[{"taxonomy":"post_tag","embeddable":true,"href":"https:\/\/www.ufmg.br\/prpq\/wp-json\/wp\/v2\/tags?post=1095"}],"curies":[{"name":"wp","href":"https:\/\/api.w.org\/{rel}","templated":true}]}}