{"id":1162,"date":"2022-03-14T15:26:57","date_gmt":"2022-03-14T18:26:57","guid":{"rendered":"https:\/\/www.ufmg.br\/prpq\/?page_id=1162"},"modified":"2025-04-01T13:22:29","modified_gmt":"2025-04-01T16:22:29","slug":"cts","status":"publish","type":"page","link":"https:\/\/www.ufmg.br\/prpq\/cts\/","title":{"rendered":"Centros Institucionais de Tecnologia e Inovac\u0327a\u0303o (CTs)"},"content":{"rendered":"<p style=\"text-align: justify;\">Os Centros Institucionais de Tecnologia e Inovac\u0327a\u0303o (CTs) atuam para promover\u00a0inovac\u0327a\u0303o e agregar capital intelectual e infraestrutura em a\u0301reas tecnolo\u0301gicas da UFMG. Eles t\u00eam como missa\u0303o realizar atividades de pesquisa, desenvolvimento e extensa\u0303o, aliando tecnologia e inovac\u0327a\u0303o e promovendo\u00a0a transfere\u0302ncia dos resultados das pesquisas para a sociedade, em consona\u0302ncia com a Poli\u0301tica de Inovac\u0327a\u0303o Nacional. Conhe\u00e7a os seis CTs em funcionamento na UFMG.<\/p>\n<p style=\"text-align: justify;\"><strong><em>CT Nanobiomateriais<\/em><\/strong><br \/>\nEste CT desenvolve tecnologias com base nos sistemas de libera\u00e7\u00e3o controlada de f\u00e1rmacos e materiais inteligentes, por meio da forma\u00e7\u00e3o de uma rede de dois grupos de pesquisa do Departamento de Qu\u00edmica. O CT trabalha para criar tecnologias de alto valor agregado que possam ser transferidas para empresas e atua para a melhoria da intera\u00e7\u00e3o da Universidade com o setor produtivo privado e para a forma\u00e7\u00e3o de recursos humanos de alto n\u00edvel.<\/p>\n<p style=\"text-align: justify;\"><strong><em class=\"redactor-inline-converted\">CT Vacinas<\/em><\/strong><br \/>\nO\u00a0<a href=\"http:\/\/www.ctvacinas.ufmg.br\/\" target=\"_blank\" rel=\"noopener\">CT\u00a0Vacinas<\/a>\u00a0\u00e9 um centro de pesquisas em biotecnologia, resultado de parceria estabelecida entre a UFMG, o Instituto Ren\u00e9 Rachou da Funda\u00e7\u00e3o Oswaldo Cruz (Fiocruz-Minas) e o Parque Tecnol\u00f3gico de Belo Horizonte (BH-TEC). O Centro, que\u00a0desenvolve\u00a0novas tecnologias ligadas \u00e0 produ\u00e7\u00e3o de kits de diagn\u00f3stico e vacinas contra doen\u00e7as humanas e veterin\u00e1rias, re\u00fane pesquisadores da UFMG e da\u00a0Fiocruz-Minas.<\/p>\n<p style=\"text-align: justify;\"><strong><em class=\"redactor-inline-converted\">CT Medicina Molecular\u00a0<\/em><\/strong><br \/>\nInaugurado em\u00a02011 para\u00a0consolidar\u00a0em Minas Gerais\u00a0um polo de desenvolvimento da tecnologia de PET\/CT, o\u00a0<a href=\"https:\/\/ctmm.medicina.ufmg.br\/\" target=\"_blank\" rel=\"noopener\">CT Medicina Molecular<\/a>\u00a0atua em colabora\u00e7\u00e3o com o Centro de Desenvolvimento da Tecnologia Nuclear (CDTN). Considerado um centro de excel\u00eancia em pesquisa na \u00e1rea de imagem molecular, este CT realiza pesquisas e exames em campos diversos como a oncologia, a cardiologia, a psiquiatria e a neurologia.<\/p>\n<p style=\"text-align: justify;\"><strong><em class=\"redactor-inline-converted\">CT Terapias Avan\u00e7adas e Inovadoras<\/em><\/strong><br \/>\nSegundo o Minist\u00e9rio da Sa\u00fade, entende-se por terapias avan\u00e7adas os produtos biol\u00f3gicos obtidos de\u00a0c\u00e9lulas e tecidos humanos que foram submetidos a um processo de fabrica\u00e7\u00e3o e os\u00a0produtos de terapia g\u00eanica. Assim, este CT busca gerar\u00a0novas terapias baseadas em mecanismos de a\u00e7\u00e3o inovadores, novas plataformas qu\u00edmicas ou nanoestruturas. A inten\u00e7\u00e3o \u00e9 criar solu\u00e7\u00f5es para doen\u00e7as antigas e novas.<\/p>\n<p style=\"text-align: justify;\"><strong><em class=\"redactor-inline-converted\">CT Nano<\/em><\/strong><br \/>\nLocalizado no Parque Tecnol\u00f3gico de Belo Horizonte (BHTec), o\u00a0<a href=\"https:\/\/ctnano.org\/\" target=\"_blank\" rel=\"noopener\">CT Nano<\/a>\u00a0desenvolve\u00a0pesquisas aplicadas com nanomateriais,\u00a0cer\u00e2micos nanoestruturados, nanocomp\u00f3sitos polim\u00e9ricos, materiais met\u00e1licos e tamb\u00e9m\u00a0nas \u00e1reas de\u00a0caracteriza\u00e7\u00e3o e metrologia e\u00a0sa\u00fade, meio ambiente e seguran\u00e7a.<\/p>\n<p style=\"text-align: justify;\"><strong><em class=\"redactor-inline-converted\">CT IA-<\/em><em class=\"redactor-inline-converted\">Sa\u00fade<br \/>\n<\/em><\/strong>O\u00a0<a href=\"https:\/\/ciia-saude.dcc.ufmg.br\/\" target=\"_blank\" rel=\"noopener\">CT IA-Sa\u00fade<\/a>\u00a0pesquisa e desenvolve\u00a0t\u00e9cnicas e solu\u00e7\u00f5es de intelig\u00eancia artificial. Ele auxilia os indiv\u00edduos e pacientes no autocuidado, os m\u00e9dicos e profissionais de sa\u00fade no diagn\u00f3stico e tratamento das doen\u00e7as e os gestores de sa\u00fade na programa\u00e7\u00e3o de a\u00e7\u00f5es de preven\u00e7\u00e3o e organiza\u00e7\u00e3o da assist\u00eancia \u00e0 sa\u00fade. A atua\u00e7\u00e3o na \u00e1rea de sa\u00fade do Centro est\u00e1 estruturada em cinco eixos fundamentais: preven\u00e7\u00e3o e qualidade de vida;\u00a0diagn\u00f3stico, progn\u00f3stico e rastreamento; medicina terap\u00eautica e personalizada; sistemas de sa\u00fade e gest\u00e3o;\u00a0epidemias e desastres.<\/p>\n<p style=\"text-align: justify;\"><strong><em class=\"redactor-inline-converted\">CT Modelagem Ambiental\u00a0<\/em><\/strong><br \/>\nO CT Modelagem Ambiental desenvolve solu\u00e7\u00f5es tecnol\u00f3gicas para a gest\u00e3o ambiental no setor p\u00fablico a partir da intersec\u00e7\u00e3o entre as geoci\u00eancias, engenharia de produ\u00e7\u00e3o e ci\u00eancias da computa\u00e7\u00e3o. O CT se destaca pelo desenvolvimento do SeloVerde e CAR 2.0 em parceria com o Centro de Intelig\u00eancia Territorial, apoiando estados e o governo federal na implementa\u00e7\u00e3o de pol\u00edticas de conserva\u00e7\u00e3o da vegeta\u00e7\u00e3o nativa, mitiga\u00e7\u00e3o das mudan\u00e7as clim\u00e1ticas e desenvolvimento sustent\u00e1vel das cadeias agropecu\u00e1rias e da sociobiodiversidade. Est\u00e3o vinculados ao CT o Centro de Sensoriamento\u00a0Remoto, o Laborat\u00f3rio de Gest\u00e3o de Servi\u00e7os Ambientais e o\u00a0Laborat\u00f3rio de Apoio \u00e0 Decis\u00e3o e Confiabilidade.<\/p>\n<p style=\"text-align: justify;\"><strong>Unidade Embrapii-UFMG Inova\u00e7\u00e3o em F\u00e1rmacos e Vacinas<\/strong><br \/>\nEm dezembro de 2021, quatro CTs uniram-se para criar a Unidade Embrapii-UFMG Inova\u00e7\u00e3o em F\u00e1rmacos e Vacinas. <a href=\"https:\/\/ufmg.br\/comunicacao\/noticias\/ufmg-e-embrapii-celebram-novos-acordos-para-transferencia-de-conhecimento-para-empresas\" target=\"_blank\" rel=\"noopener\">O acordo foi assinado em janeiro de 2022<\/a>. Os estudos ter\u00e3o foco em novas mol\u00e9culas e seus mecanismos de a\u00e7\u00e3o, veicula\u00e7\u00e3o de f\u00e1rmacos, \u00e1cidos nucleicos e vacinas, ensaios pr\u00e9-cl\u00ednicos e cl\u00ednicos iniciais em condi\u00e7\u00f5es de boas pr\u00e1ticas de laborat\u00f3rio e pesquisa cl\u00ednica.<\/p>\n<p style=\"text-align: justify;\">As unidades que participam da nova estrutura s\u00e3o o CT Vacinas, o CT Medicina Molecular, o CT Terapias Avan\u00e7adas e Inovadoras e o CT Nanobiomateriais.<\/p>\n<p style=\"text-align: justify;\"><strong>Assista aos workshops especiais pesquisa@UFMG sobre os CTs<\/strong><\/p>\n<p style=\"text-align: justify;\"><style>#sp-ea-1163 .spcollapsing { height: 0; overflow: hidden; transition-property: height;transition-duration: 300ms;}#sp-ea-1163.sp-easy-accordion>.sp-ea-single {margin-bottom: 10px; border: 1px solid #e2e2e2; }#sp-ea-1163.sp-easy-accordion>.sp-ea-single>.ea-header a {color: #444;}#sp-ea-1163.sp-easy-accordion>.sp-ea-single>.sp-collapse>.ea-body {background: #fff; color: #444;}#sp-ea-1163.sp-easy-accordion>.sp-ea-single {background: #eee;}#sp-ea-1163.sp-easy-accordion>.sp-ea-single>.ea-header a .ea-expand-icon { float: left; color: #444;font-size: 16px;}<\/style><div id=\"sp_easy_accordion-1775932021\">\n<div id=\"sp-ea-1163\" class=\"sp-ea-one sp-easy-accordion\" data-ea-active=\"ea-click\" data-ea-mode=\"vertical\" data-preloader=\"\" data-scroll-active-item=\"\" data-offset-to-scroll=\"0\">\n\n<!-- Start accordion card div. -->\n<div class=\"ea-card ea-expand sp-ea-single\">\n\t<!-- Start accordion header. -->\n\t<h3 class=\"ea-header\">\n\t\t<!-- Add anchor tag for header. -->\n\t\t<a class=\"collapsed\" id=\"ea-header-11630\" role=\"button\" data-sptoggle=\"spcollapse\" data-sptarget=\"#collapse11630\" aria-controls=\"collapse11630\" href=\"#\"  aria-expanded=\"true\" tabindex=\"0\">\n\t\t<i aria-hidden=\"true\" role=\"presentation\" class=\"ea-expand-icon eap-icon-ea-expand-minus\"><\/i> pesquisa@UFMG | CT Nanobiomateriais &amp; CT Vacinas\t\t<\/a> <!-- Close anchor tag for header. -->\n\t<\/h3>\t<!-- Close header tag. -->\n\t<!-- Start collapsible content div. -->\n\t<div class=\"sp-collapse spcollapse collapsed show\" id=\"collapse11630\" data-parent=\"#sp-ea-1163\" role=\"region\" aria-labelledby=\"ea-header-11630\">  <!-- Content div. -->\n\t\t<div class=\"ea-body\">\n\t\t<p>A Pr\u00f3-reitoria de Pesquisa da UFMG promoveu em 2022 uma s\u00e9rie especial dos workshops pesquisa@UFMG para divulgar os estudos desenvolvidos pelos Centros Institucionais de Tecnologia e Inova\u00e7\u00e3o (CTs) e mostrar como o conhecimento gerado na Universidade chega \u00e0 sociedade na forma de novos produtos e tecnologias.<\/p>\n<p>Os convidados da primeira edi\u00e7\u00e3o foram os professores Ruben Sinisterra, coordenador do CT Nanobiomateriais, e Ricardo Gazzinelli, coordenador do CT Vacinas.<\/p>\n<p><strong class=\"redactor-inline-converted\">CT Nanobiomateriais<br \/>\n<\/strong>O Centro\u00a0desenvolve\u00a0tecnologias com base nos sistemas de libera\u00e7\u00e3o controlada de f\u00e1rmacos e materiais inteligentes, por meio de uma rede de dois grupos de pesquisa do Departamento de Qu\u00edmica. O CT cria\u00a0tecnologias de alto valor agregado que possam ser transferidas para empresas,\u00a0atua\u00a0na intera\u00e7\u00e3o da Universidade com\u00a0o setor produtivo privado e na forma\u00e7\u00e3o de recursos humanos de alto n\u00edvel.<\/p>\n<p><strong>CT Vacinas<\/strong><br \/>\nCentro de pesquisas em biotecnologia \u2013 resultado de parceria da UFMG com o Instituto Ren\u00e9 Rachou da Funda\u00e7\u00e3o Oswaldo Cruz (Fiocruz-Minas) e o Parque Tecnol\u00f3gico de Belo Horizonte (BH-TEC) \u2013, o CT Vacinas re\u00fane pesquisadores da UFMG e da Fiocruz que desenvolvem novas tecnologias associadas \u00e0 produ\u00e7\u00e3o de kits de diagn\u00f3stico e vacinas contra doen\u00e7as humanas e veterin\u00e1rias.<\/p>\n<p><iframe loading=\"lazy\" title=\"YouTube video player\" src=\"https:\/\/www.youtube.com\/embed\/kFu3qQfrp9Y\" width=\"560\" height=\"315\" frameborder=\"0\" allowfullscreen=\"allowfullscreen\"><\/iframe><\/p>\n\t\t<\/div> <!-- Close content div. -->\n\t<\/div> <!-- Close collapse div. -->\n<\/div> <!-- Close card div. -->\n<!-- Start accordion card div. -->\n<div class=\"ea-card  sp-ea-single\">\n\t<!-- Start accordion header. -->\n\t<h3 class=\"ea-header\">\n\t\t<!-- Add anchor tag for header. -->\n\t\t<a class=\"collapsed\" id=\"ea-header-11631\" role=\"button\" data-sptoggle=\"spcollapse\" data-sptarget=\"#collapse11631\" aria-controls=\"collapse11631\" href=\"#\"  aria-expanded=\"false\" tabindex=\"0\">\n\t\t<i aria-hidden=\"true\" role=\"presentation\" class=\"ea-expand-icon eap-icon-ea-expand-plus\"><\/i> pesquisa@UFMG| CT Medicina Molecular &amp; CT Terapias\t\t<\/a> <!-- Close anchor tag for header. -->\n\t<\/h3>\t<!-- Close header tag. -->\n\t<!-- Start collapsible content div. -->\n\t<div class=\"sp-collapse spcollapse \" id=\"collapse11631\" data-parent=\"#sp-ea-1163\" role=\"region\" aria-labelledby=\"ea-header-11631\">  <!-- Content div. -->\n\t\t<div class=\"ea-body\">\n\t\t<p>Os convidados da segunda edi\u00e7\u00e3o foram os professores Marco Romano-Silva, coordenador do CT Medicina Molecular, e Mauro Teixeira, que est\u00e1 \u00e1 frente do CT Terapias Avan\u00e7adas e Inovadoras.<\/p>\n<p><strong>CT Medicina Molecular<\/strong><br \/>\nInaugurado em 2011 para consolidar em Minas Gerais um polo de desenvolvimento da tecnologia de PET\/CT, o CT Medicina Molecular atua em colabora\u00e7\u00e3o com o Centro de Desenvolvimento da Tecnologia Nuclear (CDTN). Considerado um n\u00facleo\u00a0de excel\u00eancia em pesquisa na \u00e1rea de imagem molecular, o\u00a0CT desenvolve estudos\u00a0e exames em campos diversos como a oncologia, a cardiologia, a psiquiatria e a neurologia.<\/p>\n<p><strong>CT Terapias Avan\u00e7adas e Inovadoras<br \/>\n<\/strong>De acordo com o\u00a0Minist\u00e9rio da Sa\u00fade, entende-se por terapias avan\u00e7adas os produtos biol\u00f3gicos obtidos de c\u00e9lulas e tecidos humanos submetidos a um processo de fabrica\u00e7\u00e3o e os produtos de terapia g\u00eanica. Com base nessa diretriz, o\u00a0CT Terapias Avan\u00e7adas e Inovadoras desenvolve\u00a0terapias baseadas em mecanismos de a\u00e7\u00e3o in\u00e9ditos, novas plataformas qu\u00edmicas ou nanoestruturas. A inten\u00e7\u00e3o \u00e9 propor tratamentos\u00a0para doen\u00e7as antigas e novas.<\/p>\n<p><iframe loading=\"lazy\" title=\"YouTube video player\" src=\"https:\/\/www.youtube.com\/embed\/Wz-NglUjb30\" width=\"560\" height=\"315\" frameborder=\"0\" allowfullscreen=\"allowfullscreen\"><\/iframe><\/p>\n\t\t<\/div> <!-- Close content div. -->\n\t<\/div> <!-- Close collapse div. -->\n<\/div> <!-- Close card div. -->\n<!-- Start accordion card div. -->\n<div class=\"ea-card  sp-ea-single\">\n\t<!-- Start accordion header. -->\n\t<h3 class=\"ea-header\">\n\t\t<!-- Add anchor tag for header. -->\n\t\t<a class=\"collapsed\" id=\"ea-header-11632\" role=\"button\" data-sptoggle=\"spcollapse\" data-sptarget=\"#collapse11632\" aria-controls=\"collapse11632\" href=\"#\"  aria-expanded=\"false\" tabindex=\"0\">\n\t\t<i aria-hidden=\"true\" role=\"presentation\" class=\"ea-expand-icon eap-icon-ea-expand-plus\"><\/i> pesquisa@UFMG | CT Nano &amp; CT IA-Sa\u00fade\t\t<\/a> <!-- Close anchor tag for header. -->\n\t<\/h3>\t<!-- Close header tag. -->\n\t<!-- Start collapsible content div. -->\n\t<div class=\"sp-collapse spcollapse \" id=\"collapse11632\" data-parent=\"#sp-ea-1163\" role=\"region\" aria-labelledby=\"ea-header-11632\">  <!-- Content div. -->\n\t\t<div class=\"ea-body\">\n\t\t<p>Os convidados da terceira edi\u00e7\u00e3o foram a professora Glaura Goulart, coordenadora do CT Nano, e o professor Wagner Meira, que lidera o CT IA-Sa\u00fade.<\/p>\n<p><strong>CT Nano<\/strong><br \/>\nLocalizado no Parque Tecnol\u00f3gico de Belo Horizonte (BHTec), o CT Nano desenvolve pesquisas aplicadas com nanomateriais, cer\u00e2micos nanoestruturados, nanocomp\u00f3sitos polim\u00e9ricos, materiais met\u00e1licos e tamb\u00e9m nas \u00e1reas de caracteriza\u00e7\u00e3o e metrologia e sa\u00fade, meio ambiente e seguran\u00e7a.<\/p>\n<p><strong>CT IA-Sa\u00fade<\/strong><br \/>\nO CT IA-Sa\u00fade pesquisa e desenvolve\u00a0t\u00e9cnicas e solu\u00e7\u00f5es de intelig\u00eancia artificial. Ele auxilia indiv\u00edduos e pacientes no autocuidado, os m\u00e9dicos e profissionais de sa\u00fade no diagn\u00f3stico e tratamento das doen\u00e7as e os gestores de sa\u00fade na programa\u00e7\u00e3o de a\u00e7\u00f5es de preven\u00e7\u00e3o e organiza\u00e7\u00e3o da assist\u00eancia. A atua\u00e7\u00e3o do Centro est\u00e1 estruturada em cinco eixos: preven\u00e7\u00e3o e qualidade de vida,\u00a0diagn\u00f3stico, progn\u00f3stico e rastreamento,\u00a0medicina terap\u00eautica e personalizada,\u00a0sistemas de sa\u00fade e gest\u00e3o e\u00a0epidemias e desastres.<\/p>\n<p><iframe loading=\"lazy\" title=\"YouTube video player\" src=\"https:\/\/www.youtube.com\/embed\/G0pIj-_Kyx8\" width=\"560\" height=\"315\" frameborder=\"0\" allowfullscreen=\"allowfullscreen\"><\/iframe><\/p>\n\t\t<\/div> <!-- Close content div. -->\n\t<\/div> <!-- Close collapse div. -->\n<\/div> <!-- Close card div. -->\n<\/div>\n<\/div>\n<\/p>\n<p style=\"text-align: justify;\"><span style=\"font-weight: 400;\">\u00a0<\/span><\/p>\n","protected":false},"excerpt":{"rendered":"<p>Os Centros Institucionais de Tecnologia e Inovac\u0327a\u0303o (CTs) atuam para [&hellip;]<\/p>\n","protected":false},"author":2,"featured_media":0,"parent":0,"menu_order":0,"comment_status":"closed","ping_status":"closed","template":"","meta":{"_acf_changed":false,"footnotes":""},"tags":[],"class_list":["post-1162","page","type-page","status-publish","hentry"],"acf":[],"_links":{"self":[{"href":"https:\/\/www.ufmg.br\/prpq\/wp-json\/wp\/v2\/pages\/1162","targetHints":{"allow":["GET"]}}],"collection":[{"href":"https:\/\/www.ufmg.br\/prpq\/wp-json\/wp\/v2\/pages"}],"about":[{"href":"https:\/\/www.ufmg.br\/prpq\/wp-json\/wp\/v2\/types\/page"}],"author":[{"embeddable":true,"href":"https:\/\/www.ufmg.br\/prpq\/wp-json\/wp\/v2\/users\/2"}],"replies":[{"embeddable":true,"href":"https:\/\/www.ufmg.br\/prpq\/wp-json\/wp\/v2\/comments?post=1162"}],"version-history":[{"count":12,"href":"https:\/\/www.ufmg.br\/prpq\/wp-json\/wp\/v2\/pages\/1162\/revisions"}],"predecessor-version":[{"id":3442,"href":"https:\/\/www.ufmg.br\/prpq\/wp-json\/wp\/v2\/pages\/1162\/revisions\/3442"}],"wp:attachment":[{"href":"https:\/\/www.ufmg.br\/prpq\/wp-json\/wp\/v2\/media?parent=1162"}],"wp:term":[{"taxonomy":"post_tag","embeddable":true,"href":"https:\/\/www.ufmg.br\/prpq\/wp-json\/wp\/v2\/tags?post=1162"}],"curies":[{"name":"wp","href":"https:\/\/api.w.org\/{rel}","templated":true}]}}